{"id":316,"date":"2023-06-26T15:37:53","date_gmt":"2023-06-26T15:37:53","guid":{"rendered":"https:\/\/www.vanguardlifesciences.co.uk\/?page_id=316"},"modified":"2024-04-09T10:54:17","modified_gmt":"2024-04-09T10:54:17","slug":"partner-programme","status":"publish","type":"page","link":"https:\/\/www.vanguardlifesciences.co.uk\/tr_tr\/partner-programme\/","title":{"rendered":"Ortak program\u0131"},"content":{"rendered":"<section id=\"section-319-315\" class=\"ct-section\" >\n<div class=\"ct-section-inner-wrap\">\n<div id=\"new_columns-320-315\" class=\"ct-new-columns\" >\n<div id=\"div_block-321-315\" class=\"ct-div-block\" >\n<h2 id=\"headline-322-315\" class=\"ct-headline\">\u00d6zenle se\u00e7ilmi\u015f ortaklar\u0131m\u0131z hizmetimize de\u011fer kat\u0131yor<\/h2>\n<div id=\"_rich_text-323-315\" class=\"oxy-rich-text\" >\n<p>Ortak program\u0131, i\u015fbirlik\u00e7i ve yenilik\u00e7i bir yakla\u015f\u0131ma kendini adam\u0131\u015f ileri g\u00f6r\u00fc\u015fl\u00fc ortaklardan olu\u015fan bir ekosistemi kolayla\u015ft\u0131rmak i\u00e7in esnek Sa\u011fl\u0131k Hizmeti Alanlar\u0131 ve \u00e7\u00f6z\u00fcmleri sa\u011flama konusundaki uzmanl\u0131\u011f\u0131m\u0131z\u0131 di\u011fer \u00f6nemli sa\u011fl\u0131k hizmeti sa\u011flay\u0131c\u0131lar\u0131yla bir araya getirir.<\/p>\n<p>Bu yeni tesisleri planlamak, donatmak, personel olu\u015fturmak ve sunmak i\u00e7in di\u011fer sa\u011flay\u0131c\u0131larla a\u00e7\u0131k ve yap\u0131c\u0131 bir \u015fekilde \u00e7al\u0131\u015fmak, yeni klinik ortam\u0131n kalitesini art\u0131r\u0131r, u\u00e7tan uca bir yakla\u015f\u0131m sunar ve ortak m\u00fc\u015fterilerimize de\u011fer sa\u011flar.<\/p>\n<\/div>\n<\/div>\n<div id=\"div_block-324-315\" class=\"ct-div-block\" ><img decoding=\"async\"  id=\"image-325-315\" alt=\"\" src=\"https:\/\/www.vanguardlifesciences.co.uk\/wp-content\/uploads\/sites\/9\/2023\/06\/partners-info.png\" class=\"ct-image\"\/><\/div>\n<\/div>\n<\/div>\n<\/section>\n<section id=\"section-332-315\" class=\"ct-section\" >\n<div class=\"ct-section-inner-wrap\">\n<h3 id=\"headline-339-315\" class=\"ct-headline\">Genellikle birlikte \u00e7al\u0131\u015ft\u0131\u011f\u0131m\u0131z d\u00f6rt temel i\u015f orta\u011f\u0131 t\u00fcr\u00fc vard\u0131r:<\/h3>\n<div id=\"new_columns-333-315\" class=\"ct-new-columns\" >\n<div id=\"div_block-334-315\" class=\"ct-div-block\" >\n<div id=\"div_block-345-315\" class=\"ct-div-block box-shadow\" >\n<div id=\"_rich_text-346-315\" class=\"oxy-rich-text\" >\n<p><strong>Yap\u0131<\/strong><br \/>Bak\u0131m\u0131n s\u00fcreklili\u011fini korumak ve geli\u015ftirmek i\u00e7in hastanenin yeni in\u015faat\u0131 ve yenileme projelerinin in\u015faat\u0131 s\u0131ras\u0131nda uzman sa\u011fl\u0131k hizmetleri mod\u00fcler ve mobil \u00e7\u00f6z\u00fcmlerini sorunsuz bir \u015fekilde sunun.\u00a0<\/p>\n<\/div>\n<\/div>\n<\/div>\n<div id=\"div_block-335-315\" class=\"ct-div-block\" >\n<div id=\"div_block-342-315\" class=\"ct-div-block box-shadow\" >\n<div id=\"_rich_text-337-315\" class=\"oxy-rich-text\" >\n<p><strong>Ekipman \u00fcreticileri<\/strong><br \/>Bu ortakl\u0131k hastanelere u\u00e7tan uca bir \u00e7\u00f6z\u00fcm sunuyor. Mod\u00fcler ve mobil tesisler, t\u0131bbi ekipmanlardaki en son yeniliklerle birlikte eksiksiz olarak teslim edilir ve her zaman Sa\u011fl\u0131k Alanlar\u0131m\u0131z\u0131 kullanan klinisyenlerin ihtiya\u00e7lar\u0131n\u0131 kar\u015f\u0131layacak \u015fekilde tasarlanm\u0131\u015ft\u0131r.<\/p>\n<\/div>\n<\/div>\n<\/div>\n<\/div>\n<div id=\"new_columns-350-315\" class=\"ct-new-columns\" >\n<div id=\"div_block-351-315\" class=\"ct-div-block\" >\n<div id=\"div_block-354-315\" class=\"ct-div-block box-shadow\" >\n<div id=\"_rich_text-355-315\" class=\"oxy-rich-text\" >\n<p><strong>Dan\u0131\u015fma<\/strong><br \/>Modern \u0130n\u015faat Y\u00f6ntemlerini (MMC) hastane binas\u0131 ve yenileme programlar\u0131na dahil etmek i\u00e7in mimarlar ve tasar\u0131mc\u0131larla yak\u0131n i\u015fbirli\u011fi i\u00e7inde \u00e7al\u0131\u015fmak. Sonu\u00e7ta s\u00fcrd\u00fcr\u00fclebilir, \u00fcretken ve uygun maliyetli bir \u00e7al\u0131\u015fma ortam\u0131 ortaya \u00e7\u0131kar.\u00a0<\/p>\n<\/div>\n<\/div>\n<\/div>\n<div id=\"div_block-356-315\" class=\"ct-div-block\" >\n<div id=\"div_block-359-315\" class=\"ct-div-block box-shadow\" >\n<div id=\"_rich_text-360-315\" class=\"oxy-rich-text\" >\n<p><strong>Klinik hizmet operat\u00f6rleri<\/strong><br \/>Y\u00fcksek kaliteli Sa\u011fl\u0131k Alanlar\u0131m\u0131z, tamamen u\u00e7tan uca y\u00f6netilen bir hizmet sunmak ve hastanelerin hizmet seviyelerini ve \u00fcretkenli\u011fini korumas\u0131na yard\u0131mc\u0131 olmak i\u00e7in uzman personel \u00e7\u00f6z\u00fcmleriyle tamamlanmaktad\u0131r.\u00a0<\/p>\n<\/div>\n<\/div>\n<\/div>\n<\/div>\n<\/div>\n<\/section>","protected":false},"excerpt":{"rendered":"","protected":false},"author":2,"featured_media":0,"parent":0,"menu_order":0,"comment_status":"closed","ping_status":"closed","template":"","meta":{"_acf_changed":false,"footnotes":""},"class_list":["post-316","page","type-page","status-publish","format-standard","hentry"],"acf":[],"yoast_head":"<!-- This site is optimized with the Yoast SEO plugin v27.3 - https:\/\/yoast.com\/product\/yoast-seo-wordpress\/ -->\n<title>Partner programme - Vanguard Life Sciences<\/title>\n<meta name=\"robots\" content=\"index, follow, max-snippet:-1, max-image-preview:large, max-video-preview:-1\" \/>\n<link rel=\"canonical\" href=\"https:\/\/www.vanguardlifesciences.co.uk\/tr_tr\/partner-programme\/\" \/>\n<meta property=\"og:locale\" content=\"tr_TR\" \/>\n<meta property=\"og:type\" content=\"article\" \/>\n<meta property=\"og:title\" content=\"Partner programme - Vanguard Life Sciences\" \/>\n<meta property=\"og:url\" content=\"https:\/\/www.vanguardlifesciences.co.uk\/tr_tr\/partner-programme\/\" \/>\n<meta property=\"og:site_name\" content=\"Vanguard Life Sciences\" \/>\n<meta property=\"article:modified_time\" content=\"2024-04-09T10:54:17+00:00\" \/>\n<meta name=\"twitter:card\" content=\"summary_large_image\" \/>\n<meta name=\"twitter:label1\" content=\"Tahmini okuma s\u00fcresi\" \/>\n\t<meta name=\"twitter:data1\" content=\"1 dakika\" \/>\n<script type=\"application\/ld+json\" class=\"yoast-schema-graph\">{\"@context\":\"https:\\\/\\\/schema.org\",\"@graph\":[{\"@type\":\"WebPage\",\"@id\":\"https:\\\/\\\/www.vanguardlifesciences.co.uk\\\/partner-programme\\\/\",\"url\":\"https:\\\/\\\/www.vanguardlifesciences.co.uk\\\/partner-programme\\\/\",\"name\":\"Partner programme - Vanguard Life Sciences\",\"isPartOf\":{\"@id\":\"https:\\\/\\\/www.vanguardlifesciences.co.uk\\\/#website\"},\"datePublished\":\"2023-06-26T15:37:53+00:00\",\"dateModified\":\"2024-04-09T10:54:17+00:00\",\"breadcrumb\":{\"@id\":\"https:\\\/\\\/www.vanguardlifesciences.co.uk\\\/partner-programme\\\/#breadcrumb\"},\"inLanguage\":\"tr\",\"potentialAction\":[{\"@type\":\"ReadAction\",\"target\":[\"https:\\\/\\\/www.vanguardlifesciences.co.uk\\\/partner-programme\\\/\"]}]},{\"@type\":\"BreadcrumbList\",\"@id\":\"https:\\\/\\\/www.vanguardlifesciences.co.uk\\\/partner-programme\\\/#breadcrumb\",\"itemListElement\":[{\"@type\":\"ListItem\",\"position\":1,\"name\":\"Home\",\"item\":\"https:\\\/\\\/www.vanguardlifesciences.co.uk\\\/\"},{\"@type\":\"ListItem\",\"position\":2,\"name\":\"Partner programme\"}]},{\"@type\":\"WebSite\",\"@id\":\"https:\\\/\\\/www.vanguardlifesciences.co.uk\\\/#website\",\"url\":\"https:\\\/\\\/www.vanguardlifesciences.co.uk\\\/\",\"name\":\"Vanguard Life Sciences\",\"description\":\"\",\"potentialAction\":[{\"@type\":\"SearchAction\",\"target\":{\"@type\":\"EntryPoint\",\"urlTemplate\":\"https:\\\/\\\/www.vanguardlifesciences.co.uk\\\/?s={search_term_string}\"},\"query-input\":{\"@type\":\"PropertyValueSpecification\",\"valueRequired\":true,\"valueName\":\"search_term_string\"}}],\"inLanguage\":\"tr\"}]}<\/script>\n<!-- \/ Yoast SEO plugin. -->","yoast_head_json":{"title":"Partner programme - Vanguard Life Sciences","robots":{"index":"index","follow":"follow","max-snippet":"max-snippet:-1","max-image-preview":"max-image-preview:large","max-video-preview":"max-video-preview:-1"},"canonical":"https:\/\/www.vanguardlifesciences.co.uk\/tr_tr\/partner-programme\/","og_locale":"tr_TR","og_type":"article","og_title":"Partner programme - Vanguard Life Sciences","og_url":"https:\/\/www.vanguardlifesciences.co.uk\/tr_tr\/partner-programme\/","og_site_name":"Vanguard Life Sciences","article_modified_time":"2024-04-09T10:54:17+00:00","twitter_card":"summary_large_image","twitter_misc":{"Tahmini okuma s\u00fcresi":"1 dakika"},"schema":{"@context":"https:\/\/schema.org","@graph":[{"@type":"WebPage","@id":"https:\/\/www.vanguardlifesciences.co.uk\/partner-programme\/","url":"https:\/\/www.vanguardlifesciences.co.uk\/partner-programme\/","name":"Partner programme - Vanguard Life Sciences","isPartOf":{"@id":"https:\/\/www.vanguardlifesciences.co.uk\/#website"},"datePublished":"2023-06-26T15:37:53+00:00","dateModified":"2024-04-09T10:54:17+00:00","breadcrumb":{"@id":"https:\/\/www.vanguardlifesciences.co.uk\/partner-programme\/#breadcrumb"},"inLanguage":"tr","potentialAction":[{"@type":"ReadAction","target":["https:\/\/www.vanguardlifesciences.co.uk\/partner-programme\/"]}]},{"@type":"BreadcrumbList","@id":"https:\/\/www.vanguardlifesciences.co.uk\/partner-programme\/#breadcrumb","itemListElement":[{"@type":"ListItem","position":1,"name":"Home","item":"https:\/\/www.vanguardlifesciences.co.uk\/"},{"@type":"ListItem","position":2,"name":"Partner programme"}]},{"@type":"WebSite","@id":"https:\/\/www.vanguardlifesciences.co.uk\/#website","url":"https:\/\/www.vanguardlifesciences.co.uk\/","name":"Vanguard Life Sciences","description":"","potentialAction":[{"@type":"SearchAction","target":{"@type":"EntryPoint","urlTemplate":"https:\/\/www.vanguardlifesciences.co.uk\/?s={search_term_string}"},"query-input":{"@type":"PropertyValueSpecification","valueRequired":true,"valueName":"search_term_string"}}],"inLanguage":"tr"}]}},"_links":{"self":[{"href":"https:\/\/www.vanguardlifesciences.co.uk\/tr_tr\/wp-json\/wp\/v2\/pages\/316","targetHints":{"allow":["GET"]}}],"collection":[{"href":"https:\/\/www.vanguardlifesciences.co.uk\/tr_tr\/wp-json\/wp\/v2\/pages"}],"about":[{"href":"https:\/\/www.vanguardlifesciences.co.uk\/tr_tr\/wp-json\/wp\/v2\/types\/page"}],"author":[{"embeddable":true,"href":"https:\/\/www.vanguardlifesciences.co.uk\/tr_tr\/wp-json\/wp\/v2\/users\/2"}],"replies":[{"embeddable":true,"href":"https:\/\/www.vanguardlifesciences.co.uk\/tr_tr\/wp-json\/wp\/v2\/comments?post=316"}],"version-history":[{"count":0,"href":"https:\/\/www.vanguardlifesciences.co.uk\/tr_tr\/wp-json\/wp\/v2\/pages\/316\/revisions"}],"wp:attachment":[{"href":"https:\/\/www.vanguardlifesciences.co.uk\/tr_tr\/wp-json\/wp\/v2\/media?parent=316"}],"curies":[{"name":"wp","href":"https:\/\/api.w.org\/{rel}","templated":true}]}}