{"id":367,"date":"2023-06-28T13:15:49","date_gmt":"2023-06-28T13:15:49","guid":{"rendered":"https:\/\/www.vanguardlifesciences.co.uk\/?page_id=367"},"modified":"2023-08-24T10:07:33","modified_gmt":"2023-08-24T10:07:33","slug":"accessibility","status":"publish","type":"page","link":"https:\/\/www.vanguardlifesciences.co.uk\/sv_se\/accessibility\/","title":{"rendered":"Tillg\u00e4nglighet"},"content":{"rendered":"<p>Vi har anstr\u00e4ngt oss f\u00f6r att g\u00f6ra denna sida tillg\u00e4nglig och enkel att anv\u00e4nda f\u00f6r alla.<\/p>\n<\/p>\n<h4 class=\"wp-block-heading\">Landm\u00e4rke roller<\/h4>\n<p>Efter v\u00e4gledning fr\u00e5n Web Accessibility Initiative (WAI) och Accessible Rich Internet Applications Suite (ARIA), tillhandah\u00e5lls landm\u00e4rken roller f\u00f6r att g\u00f6ra webbplatsen mer tillg\u00e4nglig. Roller som anv\u00e4nds f\u00f6r att identifiera specifikt inneh\u00e5ll eller navigeringsomr\u00e5den f\u00f6r maskinl\u00e4sare och hj\u00e4lpmedel som sk\u00e4rml\u00e4sare.<\/p>\n<p>Landm\u00e4rken har anv\u00e4nts f\u00f6r att identifiera webbplatsens huvudsektioner, och ARIA-attribut matchar deras roller.<\/p>\n<\/p>\n<h4 class=\"wp-block-heading\">Webbl\u00e4sare och enhetsst\u00f6d<\/h4>\n<p>Webbplatsen \u00e4r byggd p\u00e5 ett flexibelt s\u00e4tt och \u00e4r fullt lyh\u00f6rd f\u00f6r att s\u00e4kerst\u00e4lla b\u00e4sta m\u00f6jliga anv\u00e4ndarupplevelse p\u00e5 station\u00e4ra, mobila och surfplattor.<\/p>\n<p>Webbplatsen st\u00f6ds fullt ut (vilket inneb\u00e4r den optimala upplevelsen d\u00e4r allt inneh\u00e5ll levereras och tillg\u00e4ngligt som avsett) f\u00f6r den senaste versionen av Chrome, Firefox, Safari och Edge p\u00e5 skrivbordet, samt den senaste versionen av Chrome p\u00e5 Android och Safari p\u00e5 iOS.<\/p>\n<p>St\u00f6d f\u00f6r de tidigare tv\u00e5 versionerna av webbl\u00e4sarna som anges ovan \u00e4r f\u00f6r\u00e5ldrat (vilket inneb\u00e4r att allt inneh\u00e5ll \u00e4r tillg\u00e4ngligt men anv\u00e4ndarupplevelsen kan f\u00f6rs\u00e4mras. HTML, Javascript och CSS-presentation kommer att f\u00f6rs\u00e4mras p\u00e5 ett elegant s\u00e4tt (dvs. inte kasta fel) om webbl\u00e4saren inte kan leverera funktionalitet).<\/p>\n<p>\u00c4ldre webbl\u00e4sare eller webbl\u00e4sare som inte \u00e4r listade ovan st\u00f6ds inte (vilket betyder att webbl\u00e4saren inte \u00e4r testad och d\u00e4rf\u00f6r kan visst inneh\u00e5ll vara otillg\u00e4ngligt och upplevelsen kan p\u00e5verkas allvarligt).<\/p>\n<\/p>\n<h4 class=\"wp-block-heading\">Semantik<\/h4>\n<p>HTML5-markering anv\u00e4nds f\u00f6r att strukturera webbplatsen med l\u00e4mpliga element som anv\u00e4nds f\u00f6r att identifiera inneh\u00e5ll tydligt och logiskt f\u00f6r s\u00f6kmotorer eller sk\u00e4rml\u00e4sare.<\/p>\n<\/p>\n<h4 class=\"wp-block-heading\">JavaScript<\/h4>\n<p>Anv\u00e4ndningen av JavaScript kommer att ge anv\u00e4ndaren f\u00f6rb\u00e4ttrade funktioner p\u00e5 webbplatsen. Om det inte \u00e4r tillg\u00e4ngligt \u00e4r alla sidor och process fortfarande tillg\u00e4ngliga.<\/p>\n<\/p>\n<h4 class=\"wp-block-heading\">Blanketter<\/h4>\n<p>Alla formul\u00e4rf\u00e4lt f\u00f6ljer en logisk fliksekvens f\u00f6r att s\u00e4kerst\u00e4lla enkel navigering. Formul\u00e4rf\u00e4lt har ocks\u00e5 attributen &quot;label&quot; och &quot;id&quot; f\u00f6r att associera formul\u00e4rf\u00e4ltet med dess etikett f\u00f6r att m\u00f6jligg\u00f6ra enkel inmatning av data.<\/p>\n<\/p>\n<h4 class=\"wp-block-heading\">L\u00e4nkar<\/h4>\n<p>Alla l\u00e4nkar har skrivits f\u00f6r att vara meningsfulla n\u00e4r de tas ur sitt sammanhang. D\u00e4r det \u00e4r l\u00e4mpligt har vi \u00e4ven lagt till l\u00e4nktitelattribut f\u00f6r att beskriva l\u00e4nken mer detaljerat.<\/p>\n<\/p>\n<h4 class=\"wp-block-heading\">Textstorlek<\/h4>\n<p>Teckenstorlekarna som anv\u00e4nds p\u00e5 webbplatsen \u00e4r helt flexibla. Du kan \u00e4ndra teckenstorleken f\u00f6r att g\u00f6ra den antingen st\u00f6rre eller mindre via webbl\u00e4sarinst\u00e4llningarna.<\/p>\n<\/p>\n<h4 class=\"wp-block-heading\">F\u00e4rger<\/h4>\n<p>Vi har sett till att webbplatsens f\u00e4rgkombinationer och kontrast \u00e4r effektiva f\u00f6r att s\u00e4kerst\u00e4lla att informationen fortfarande \u00e4r tydlig n\u00e4r den ses av alla genom att ha ett minsta kontrastf\u00f6rh\u00e5llande p\u00e5 3 \u00f6ver hela webbplatsen.<\/p>\n<\/p>\n<h4 class=\"wp-block-heading\">Nedladdningar<\/h4>\n<p>Vi anv\u00e4nder Adobe PDF-filer f\u00f6r ytterligare information och nedladdningar. Adobe PDF Reader \u00e4r fritt tillg\u00e4nglig f\u00f6r anv\u00e4ndning p\u00e5 alla datorer och kan laddas ner <a href=\"https:\/\/get.adobe.com\/uk\/reader\/\" target=\"_blank\" rel=\"noreferrer noopener\">h\u00e4r<\/a>.<\/p>","protected":false},"excerpt":{"rendered":"<p>We have made every effort to make this site accessible and easy to use for everyone. Landmark roles Following guidance set by the Web Accessibility Initiative (WAI) and the Accessible Rich Internet Applications Suite (ARIA), landmark roles are provided to make the site more accessible. Roles used to identify specific content or navigation areas for [&hellip;]<\/p>\n","protected":false},"author":2,"featured_media":0,"parent":0,"menu_order":0,"comment_status":"closed","ping_status":"closed","template":"","meta":{"_acf_changed":false,"footnotes":""},"class_list":["post-367","page","type-page","status-publish","format-standard","hentry"],"acf":[],"yoast_head":"<!-- This site is optimized with the Yoast SEO plugin v27.3 - https:\/\/yoast.com\/product\/yoast-seo-wordpress\/ -->\n<title>Accessibility - Vanguard Life Sciences<\/title>\n<meta name=\"robots\" content=\"index, follow, max-snippet:-1, max-image-preview:large, max-video-preview:-1\" \/>\n<link rel=\"canonical\" href=\"https:\/\/www.vanguardlifesciences.co.uk\/sv_se\/accessibility\/\" \/>\n<meta property=\"og:locale\" content=\"sv_SE\" \/>\n<meta property=\"og:type\" content=\"article\" \/>\n<meta property=\"og:title\" content=\"Accessibility - Vanguard Life Sciences\" \/>\n<meta property=\"og:description\" content=\"We have made every effort to make this site accessible and easy to use for everyone. Landmark roles Following guidance set by the Web Accessibility Initiative (WAI) and the Accessible Rich Internet Applications Suite (ARIA), landmark roles are provided to make the site more accessible. Roles used to identify specific content or navigation areas for [&hellip;]\" \/>\n<meta property=\"og:url\" content=\"https:\/\/www.vanguardlifesciences.co.uk\/sv_se\/accessibility\/\" \/>\n<meta property=\"og:site_name\" content=\"Vanguard Life Sciences\" \/>\n<meta property=\"article:modified_time\" content=\"2023-08-24T10:07:33+00:00\" \/>\n<meta name=\"twitter:card\" content=\"summary_large_image\" \/>\n<meta name=\"twitter:label1\" content=\"Ber\u00e4knad l\u00e4stid\" \/>\n\t<meta name=\"twitter:data1\" content=\"2 minuter\" \/>\n<script type=\"application\/ld+json\" class=\"yoast-schema-graph\">{\"@context\":\"https:\\\/\\\/schema.org\",\"@graph\":[{\"@type\":\"WebPage\",\"@id\":\"https:\\\/\\\/www.vanguardlifesciences.co.uk\\\/accessibility\\\/\",\"url\":\"https:\\\/\\\/www.vanguardlifesciences.co.uk\\\/accessibility\\\/\",\"name\":\"Accessibility - Vanguard Life Sciences\",\"isPartOf\":{\"@id\":\"https:\\\/\\\/www.vanguardlifesciences.co.uk\\\/#website\"},\"datePublished\":\"2023-06-28T13:15:49+00:00\",\"dateModified\":\"2023-08-24T10:07:33+00:00\",\"breadcrumb\":{\"@id\":\"https:\\\/\\\/www.vanguardlifesciences.co.uk\\\/accessibility\\\/#breadcrumb\"},\"inLanguage\":\"sv-SE\",\"potentialAction\":[{\"@type\":\"ReadAction\",\"target\":[\"https:\\\/\\\/www.vanguardlifesciences.co.uk\\\/accessibility\\\/\"]}]},{\"@type\":\"BreadcrumbList\",\"@id\":\"https:\\\/\\\/www.vanguardlifesciences.co.uk\\\/accessibility\\\/#breadcrumb\",\"itemListElement\":[{\"@type\":\"ListItem\",\"position\":1,\"name\":\"Home\",\"item\":\"https:\\\/\\\/www.vanguardlifesciences.co.uk\\\/\"},{\"@type\":\"ListItem\",\"position\":2,\"name\":\"Accessibility\"}]},{\"@type\":\"WebSite\",\"@id\":\"https:\\\/\\\/www.vanguardlifesciences.co.uk\\\/#website\",\"url\":\"https:\\\/\\\/www.vanguardlifesciences.co.uk\\\/\",\"name\":\"Vanguard Life Sciences\",\"description\":\"\",\"potentialAction\":[{\"@type\":\"SearchAction\",\"target\":{\"@type\":\"EntryPoint\",\"urlTemplate\":\"https:\\\/\\\/www.vanguardlifesciences.co.uk\\\/?s={search_term_string}\"},\"query-input\":{\"@type\":\"PropertyValueSpecification\",\"valueRequired\":true,\"valueName\":\"search_term_string\"}}],\"inLanguage\":\"sv-SE\"}]}<\/script>\n<!-- \/ Yoast SEO plugin. -->","yoast_head_json":{"title":"Accessibility - Vanguard Life Sciences","robots":{"index":"index","follow":"follow","max-snippet":"max-snippet:-1","max-image-preview":"max-image-preview:large","max-video-preview":"max-video-preview:-1"},"canonical":"https:\/\/www.vanguardlifesciences.co.uk\/sv_se\/accessibility\/","og_locale":"sv_SE","og_type":"article","og_title":"Accessibility - Vanguard Life Sciences","og_description":"We have made every effort to make this site accessible and easy to use for everyone. Landmark roles Following guidance set by the Web Accessibility Initiative (WAI) and the Accessible Rich Internet Applications Suite (ARIA), landmark roles are provided to make the site more accessible. Roles used to identify specific content or navigation areas for [&hellip;]","og_url":"https:\/\/www.vanguardlifesciences.co.uk\/sv_se\/accessibility\/","og_site_name":"Vanguard Life Sciences","article_modified_time":"2023-08-24T10:07:33+00:00","twitter_card":"summary_large_image","twitter_misc":{"Ber\u00e4knad l\u00e4stid":"2 minuter"},"schema":{"@context":"https:\/\/schema.org","@graph":[{"@type":"WebPage","@id":"https:\/\/www.vanguardlifesciences.co.uk\/accessibility\/","url":"https:\/\/www.vanguardlifesciences.co.uk\/accessibility\/","name":"Accessibility - Vanguard Life Sciences","isPartOf":{"@id":"https:\/\/www.vanguardlifesciences.co.uk\/#website"},"datePublished":"2023-06-28T13:15:49+00:00","dateModified":"2023-08-24T10:07:33+00:00","breadcrumb":{"@id":"https:\/\/www.vanguardlifesciences.co.uk\/accessibility\/#breadcrumb"},"inLanguage":"sv-SE","potentialAction":[{"@type":"ReadAction","target":["https:\/\/www.vanguardlifesciences.co.uk\/accessibility\/"]}]},{"@type":"BreadcrumbList","@id":"https:\/\/www.vanguardlifesciences.co.uk\/accessibility\/#breadcrumb","itemListElement":[{"@type":"ListItem","position":1,"name":"Home","item":"https:\/\/www.vanguardlifesciences.co.uk\/"},{"@type":"ListItem","position":2,"name":"Accessibility"}]},{"@type":"WebSite","@id":"https:\/\/www.vanguardlifesciences.co.uk\/#website","url":"https:\/\/www.vanguardlifesciences.co.uk\/","name":"Vanguard Life Sciences","description":"","potentialAction":[{"@type":"SearchAction","target":{"@type":"EntryPoint","urlTemplate":"https:\/\/www.vanguardlifesciences.co.uk\/?s={search_term_string}"},"query-input":{"@type":"PropertyValueSpecification","valueRequired":true,"valueName":"search_term_string"}}],"inLanguage":"sv-SE"}]}},"_links":{"self":[{"href":"https:\/\/www.vanguardlifesciences.co.uk\/sv_se\/wp-json\/wp\/v2\/pages\/367","targetHints":{"allow":["GET"]}}],"collection":[{"href":"https:\/\/www.vanguardlifesciences.co.uk\/sv_se\/wp-json\/wp\/v2\/pages"}],"about":[{"href":"https:\/\/www.vanguardlifesciences.co.uk\/sv_se\/wp-json\/wp\/v2\/types\/page"}],"author":[{"embeddable":true,"href":"https:\/\/www.vanguardlifesciences.co.uk\/sv_se\/wp-json\/wp\/v2\/users\/2"}],"replies":[{"embeddable":true,"href":"https:\/\/www.vanguardlifesciences.co.uk\/sv_se\/wp-json\/wp\/v2\/comments?post=367"}],"version-history":[{"count":0,"href":"https:\/\/www.vanguardlifesciences.co.uk\/sv_se\/wp-json\/wp\/v2\/pages\/367\/revisions"}],"wp:attachment":[{"href":"https:\/\/www.vanguardlifesciences.co.uk\/sv_se\/wp-json\/wp\/v2\/media?parent=367"}],"curies":[{"name":"wp","href":"https:\/\/api.w.org\/{rel}","templated":true}]}}