{"id":164,"date":"2023-06-13T09:58:11","date_gmt":"2023-06-13T09:58:11","guid":{"rendered":"https:\/\/www.vanguardlifesciences.co.uk\/?page_id=164"},"modified":"2026-04-02T16:18:20","modified_gmt":"2026-04-02T16:18:20","slug":"where-you-work","status":"publish","type":"page","link":"https:\/\/www.vanguardlifesciences.co.uk\/sv_se\/where-you-work\/","title":{"rendered":"Our Services"},"content":{"rendered":"<section id=\"section-2-59\" class=\"ct-section\" style=\"background-image:url(https:\/\/www.vanguardlifesciences.co.uk\/wp-content\/uploads\/sites\/9\/2023\/05\/boulders-right.png);background-size: auto;\" >\n<div class=\"ct-section-inner-wrap\">\n<div id=\"div_block-8-59\" class=\"ct-div-block\" ><a id=\"link_text-6-59\" class=\"ct-link-text\" href=\"\/sv_se\/\" target=\"_self\"  >Hem<\/a><\/p>\n<h1 id=\"headline-3-59\" class=\"ct-headline\"><span id=\"span-4-59\" class=\"ct-span\" >Our Services<\/span><\/h1>\n<\/div>\n<\/div>\n<\/section>\n<section id=\"section-13-59\" class=\"ct-section\" >\n<div class=\"ct-section-inner-wrap\">\n<div id=\"_dynamic_list-16-59\" class=\"oxy-dynamic-list\">\n<div id=\"div_block-17-59-1\" class=\"ct-div-block\" data-id=\"div_block-17-59\"><a id=\"link-141-59-1\" class=\"ct-link\" href=\"https:\/\/www.vanguardlifesciences.co.uk\/sv_se\/facilities\/cleanrooms-laboratories-and-containment-facilities\/\" data-id=\"link-141-59\"><img decoding=\"async\" id=\"image-25-59-1\" alt=\"\" src=\"https:\/\/www.vanguardlifesciences.co.uk\/wp-content\/uploads\/sites\/9\/2026\/02\/10-1.png\" class=\"ct-image\" data-id=\"image-25-59\"><\/a><\/p>\n<div id=\"div_block-49-59-1\" class=\"ct-div-block\" data-id=\"div_block-49-59\">\n<h3 id=\"headline-34-59-1\" class=\"ct-headline\" data-id=\"headline-34-59\"><span id=\"span-42-59\" class=\"ct-span\" ><a href='https:\/\/www.vanguardlifesciences.co.uk\/sv_se\/facilities\/cleanrooms-laboratories-and-containment-facilities\/'>Cleanroom Testing and Validation<\/a><\/span><\/h3>\n<p><a id=\"link_button-73-167-1\" class=\"ct-link-button button-pink\" href=\"https:\/\/www.vanguardlifesciences.co.uk\/sv_se\/facilities\/cleanrooms-laboratories-and-containment-facilities\/\" target=\"_self\" data-id=\"link_button-73-167\">L\u00e4s mer<\/a><\/div>\n<\/div>\n<div id=\"div_block-17-59-2\" class=\"ct-div-block\" data-id=\"div_block-17-59\"><a id=\"link-141-59-2\" class=\"ct-link\" href=\"https:\/\/www.vanguardlifesciences.co.uk\/sv_se\/facilities\/cleanroom-service-and-maintenance\/\" data-id=\"link-141-59\"><img decoding=\"async\" id=\"image-25-59-2\" alt=\"\" src=\"https:\/\/www.vanguardlifesciences.co.uk\/wp-content\/uploads\/sites\/9\/2026\/02\/4-11.png\" class=\"ct-image\" data-id=\"image-25-59\"><\/a><\/p>\n<div id=\"div_block-49-59-2\" class=\"ct-div-block\" data-id=\"div_block-49-59\">\n<h3 id=\"headline-34-59-2\" class=\"ct-headline\" data-id=\"headline-34-59\"><span id=\"span-42-59\" class=\"ct-span\" ><a href='https:\/\/www.vanguardlifesciences.co.uk\/sv_se\/facilities\/cleanroom-service-and-maintenance\/'>Cleanroom Service and Maintenance<\/a><\/span><\/h3>\n<p><a id=\"link_button-73-167-2\" class=\"ct-link-button button-pink\" href=\"https:\/\/www.vanguardlifesciences.co.uk\/sv_se\/facilities\/cleanroom-service-and-maintenance\/\" target=\"_self\" data-id=\"link_button-73-167\">L\u00e4s mer<\/a><\/div>\n<\/div>\n<div id=\"div_block-17-59-3\" class=\"ct-div-block\" data-id=\"div_block-17-59\"><a id=\"link-141-59-3\" class=\"ct-link\" href=\"https:\/\/www.vanguardlifesciences.co.uk\/sv_se\/facilities\/regulatory-compliance-documentation-and-validation-protocols\/\" data-id=\"link-141-59\"><img decoding=\"async\" id=\"image-25-59-3\" alt=\"\" src=\"https:\/\/www.vanguardlifesciences.co.uk\/wp-content\/uploads\/sites\/9\/2026\/02\/2-15.png\" class=\"ct-image\" data-id=\"image-25-59\"><\/a><\/p>\n<div id=\"div_block-49-59-3\" class=\"ct-div-block\" data-id=\"div_block-49-59\">\n<h3 id=\"headline-34-59-3\" class=\"ct-headline\" data-id=\"headline-34-59\"><span id=\"span-42-59\" class=\"ct-span\" ><a href='https:\/\/www.vanguardlifesciences.co.uk\/sv_se\/facilities\/regulatory-compliance-documentation-and-validation-protocols\/'>Regulatory Compliance, Documentation and Validation Protocols<\/a><\/span><\/h3>\n<p><a id=\"link_button-73-167-3\" class=\"ct-link-button button-pink\" href=\"https:\/\/www.vanguardlifesciences.co.uk\/sv_se\/facilities\/regulatory-compliance-documentation-and-validation-protocols\/\" target=\"_self\" data-id=\"link_button-73-167\">L\u00e4s mer<\/a><\/div>\n<\/div>\n<div id=\"div_block-17-59-4\" class=\"ct-div-block\" data-id=\"div_block-17-59\"><a id=\"link-141-59-4\" class=\"ct-link\" href=\"https:\/\/www.vanguardlifesciences.co.uk\/sv_se\/facilities\/enbloc\/\" data-id=\"link-141-59\"><img decoding=\"async\" id=\"image-25-59-4\" alt=\"\" src=\"https:\/\/www.vanguardlifesciences.co.uk\/wp-content\/uploads\/sites\/9\/2026\/02\/2-14.png\" class=\"ct-image\" data-id=\"image-25-59\"><\/a><\/p>\n<div id=\"div_block-49-59-4\" class=\"ct-div-block\" data-id=\"div_block-49-59\">\n<h3 id=\"headline-34-59-4\" class=\"ct-headline\" data-id=\"headline-34-59\"><span id=\"span-42-59\" class=\"ct-span\" ><a href='https:\/\/www.vanguardlifesciences.co.uk\/sv_se\/facilities\/enbloc\/'>Enbloc<\/a><\/span><\/h3>\n<p><a id=\"link_button-73-167-4\" class=\"ct-link-button button-pink\" href=\"https:\/\/www.vanguardlifesciences.co.uk\/sv_se\/facilities\/enbloc\/\" target=\"_self\" data-id=\"link_button-73-167\">L\u00e4s mer<\/a><\/div>\n<\/div><\/div>\n<\/div>\n<\/section>\n<section id=\"section-2-254\" class=\"ct-section\" >\n<div class=\"ct-section-inner-wrap\">\n<div id=\"fancy_icon-5-254\" class=\"ct-fancy-icon\" ><svg id=\"svg-fancy_icon-5-254\"><use xlink:href=\"#FontAwesomeicon-quote-left\"><\/use><\/svg><\/div>\n<div id=\"text_block-3-254\" class=\"ct-text-block\" >&quot;De \u00e4r en h\u00f6gkvalitativ l\u00f6sning; den \u00e4r h\u00e4rlig och den g\u00f6r vad det st\u00e5r p\u00e5 pl\u00e5ten och har de faciliteter jag beh\u00f6ver.&quot;<\/div>\n<div id=\"text_block-4-254\" class=\"ct-text-block\" >Drift, Endoskopi renovering<\/div>\n<\/div>\n<\/section>","protected":false},"excerpt":{"rendered":"","protected":false},"author":2,"featured_media":0,"parent":0,"menu_order":0,"comment_status":"closed","ping_status":"closed","template":"","meta":{"_acf_changed":false,"footnotes":""},"class_list":["post-164","page","type-page","status-publish","format-standard","hentry"],"acf":[],"yoast_head":"<!-- This site is optimized with the Yoast SEO plugin v27.3 - https:\/\/yoast.com\/product\/yoast-seo-wordpress\/ -->\n<title>Our Services - Vanguard Life Sciences<\/title>\n<meta name=\"robots\" content=\"index, follow, max-snippet:-1, max-image-preview:large, max-video-preview:-1\" \/>\n<link rel=\"canonical\" href=\"https:\/\/www.vanguardlifesciences.co.uk\/sv_se\/where-you-work\/\" \/>\n<meta property=\"og:locale\" content=\"sv_SE\" \/>\n<meta property=\"og:type\" content=\"article\" \/>\n<meta property=\"og:title\" content=\"Our Services - Vanguard Life Sciences\" \/>\n<meta property=\"og:url\" content=\"https:\/\/www.vanguardlifesciences.co.uk\/sv_se\/where-you-work\/\" \/>\n<meta property=\"og:site_name\" content=\"Vanguard Life Sciences\" \/>\n<meta property=\"article:modified_time\" content=\"2026-04-02T16:18:20+00:00\" \/>\n<meta name=\"twitter:card\" content=\"summary_large_image\" \/>\n<meta name=\"twitter:label1\" content=\"Ber\u00e4knad l\u00e4stid\" \/>\n\t<meta name=\"twitter:data1\" content=\"1 minut\" \/>\n<script type=\"application\/ld+json\" class=\"yoast-schema-graph\">{\"@context\":\"https:\\\/\\\/schema.org\",\"@graph\":[{\"@type\":\"WebPage\",\"@id\":\"https:\\\/\\\/www.vanguardlifesciences.co.uk\\\/where-you-work\\\/\",\"url\":\"https:\\\/\\\/www.vanguardlifesciences.co.uk\\\/where-you-work\\\/\",\"name\":\"Our Services - Vanguard Life Sciences\",\"isPartOf\":{\"@id\":\"https:\\\/\\\/www.vanguardlifesciences.co.uk\\\/#website\"},\"datePublished\":\"2023-06-13T09:58:11+00:00\",\"dateModified\":\"2026-04-02T16:18:20+00:00\",\"breadcrumb\":{\"@id\":\"https:\\\/\\\/www.vanguardlifesciences.co.uk\\\/where-you-work\\\/#breadcrumb\"},\"inLanguage\":\"sv-SE\",\"potentialAction\":[{\"@type\":\"ReadAction\",\"target\":[\"https:\\\/\\\/www.vanguardlifesciences.co.uk\\\/where-you-work\\\/\"]}]},{\"@type\":\"BreadcrumbList\",\"@id\":\"https:\\\/\\\/www.vanguardlifesciences.co.uk\\\/where-you-work\\\/#breadcrumb\",\"itemListElement\":[{\"@type\":\"ListItem\",\"position\":1,\"name\":\"Home\",\"item\":\"https:\\\/\\\/www.vanguardlifesciences.co.uk\\\/\"},{\"@type\":\"ListItem\",\"position\":2,\"name\":\"Our Services\"}]},{\"@type\":\"WebSite\",\"@id\":\"https:\\\/\\\/www.vanguardlifesciences.co.uk\\\/#website\",\"url\":\"https:\\\/\\\/www.vanguardlifesciences.co.uk\\\/\",\"name\":\"Vanguard Life Sciences\",\"description\":\"\",\"potentialAction\":[{\"@type\":\"SearchAction\",\"target\":{\"@type\":\"EntryPoint\",\"urlTemplate\":\"https:\\\/\\\/www.vanguardlifesciences.co.uk\\\/?s={search_term_string}\"},\"query-input\":{\"@type\":\"PropertyValueSpecification\",\"valueRequired\":true,\"valueName\":\"search_term_string\"}}],\"inLanguage\":\"sv-SE\"}]}<\/script>\n<!-- \/ Yoast SEO plugin. -->","yoast_head_json":{"title":"Our Services - Vanguard Life Sciences","robots":{"index":"index","follow":"follow","max-snippet":"max-snippet:-1","max-image-preview":"max-image-preview:large","max-video-preview":"max-video-preview:-1"},"canonical":"https:\/\/www.vanguardlifesciences.co.uk\/sv_se\/where-you-work\/","og_locale":"sv_SE","og_type":"article","og_title":"Our Services - Vanguard Life Sciences","og_url":"https:\/\/www.vanguardlifesciences.co.uk\/sv_se\/where-you-work\/","og_site_name":"Vanguard Life Sciences","article_modified_time":"2026-04-02T16:18:20+00:00","twitter_card":"summary_large_image","twitter_misc":{"Ber\u00e4knad l\u00e4stid":"1 minut"},"schema":{"@context":"https:\/\/schema.org","@graph":[{"@type":"WebPage","@id":"https:\/\/www.vanguardlifesciences.co.uk\/where-you-work\/","url":"https:\/\/www.vanguardlifesciences.co.uk\/where-you-work\/","name":"Our Services - Vanguard Life Sciences","isPartOf":{"@id":"https:\/\/www.vanguardlifesciences.co.uk\/#website"},"datePublished":"2023-06-13T09:58:11+00:00","dateModified":"2026-04-02T16:18:20+00:00","breadcrumb":{"@id":"https:\/\/www.vanguardlifesciences.co.uk\/where-you-work\/#breadcrumb"},"inLanguage":"sv-SE","potentialAction":[{"@type":"ReadAction","target":["https:\/\/www.vanguardlifesciences.co.uk\/where-you-work\/"]}]},{"@type":"BreadcrumbList","@id":"https:\/\/www.vanguardlifesciences.co.uk\/where-you-work\/#breadcrumb","itemListElement":[{"@type":"ListItem","position":1,"name":"Home","item":"https:\/\/www.vanguardlifesciences.co.uk\/"},{"@type":"ListItem","position":2,"name":"Our Services"}]},{"@type":"WebSite","@id":"https:\/\/www.vanguardlifesciences.co.uk\/#website","url":"https:\/\/www.vanguardlifesciences.co.uk\/","name":"Vanguard Life Sciences","description":"","potentialAction":[{"@type":"SearchAction","target":{"@type":"EntryPoint","urlTemplate":"https:\/\/www.vanguardlifesciences.co.uk\/?s={search_term_string}"},"query-input":{"@type":"PropertyValueSpecification","valueRequired":true,"valueName":"search_term_string"}}],"inLanguage":"sv-SE"}]}},"_links":{"self":[{"href":"https:\/\/www.vanguardlifesciences.co.uk\/sv_se\/wp-json\/wp\/v2\/pages\/164","targetHints":{"allow":["GET"]}}],"collection":[{"href":"https:\/\/www.vanguardlifesciences.co.uk\/sv_se\/wp-json\/wp\/v2\/pages"}],"about":[{"href":"https:\/\/www.vanguardlifesciences.co.uk\/sv_se\/wp-json\/wp\/v2\/types\/page"}],"author":[{"embeddable":true,"href":"https:\/\/www.vanguardlifesciences.co.uk\/sv_se\/wp-json\/wp\/v2\/users\/2"}],"replies":[{"embeddable":true,"href":"https:\/\/www.vanguardlifesciences.co.uk\/sv_se\/wp-json\/wp\/v2\/comments?post=164"}],"version-history":[{"count":0,"href":"https:\/\/www.vanguardlifesciences.co.uk\/sv_se\/wp-json\/wp\/v2\/pages\/164\/revisions"}],"wp:attachment":[{"href":"https:\/\/www.vanguardlifesciences.co.uk\/sv_se\/wp-json\/wp\/v2\/media?parent=164"}],"curies":[{"name":"wp","href":"https:\/\/api.w.org\/{rel}","templated":true}]}}