{"id":143,"date":"2023-06-05T15:04:05","date_gmt":"2023-06-05T15:04:05","guid":{"rendered":"https:\/\/www.vanguardlifesciences.co.uk\/?page_id=143"},"modified":"2026-01-13T09:27:17","modified_gmt":"2026-01-13T09:27:17","slug":"careers","status":"publish","type":"page","link":"https:\/\/www.vanguardlifesciences.co.uk\/sv_se\/careers\/","title":{"rendered":"Karri\u00e4rer"},"content":{"rendered":"<section id=\"section-2-14\" class=\"ct-section\" >\n<div class=\"ct-section-inner-wrap\">\n<div id=\"new_columns-3-14\" class=\"ct-new-columns\" >\n<div id=\"div_block-4-14\" class=\"ct-div-block\" >\n<div id=\"div_block-21-223\" class=\"ct-div-block\" ><a id=\"link_text-13-223\" class=\"ct-link-text\" href=\"\/sv_se\/\" target=\"_self\"  >Hem<\/a><a id=\"link_text-25-223\" class=\"ct-link-text\" href=\"http:\/\/\" target=\"_self\"  >&gt;<\/a><\/p>\n<div id=\"text_block-26-223\" class=\"ct-text-block\" ><span id=\"span-27-223\" class=\"ct-span\" >Karri\u00e4rer<\/span><\/div>\n<\/div>\n<div id=\"div_block-17-223\" class=\"ct-div-block\" >\n<h1 id=\"headline-5-14\" class=\"ct-headline\">Bli en del av ett v\u00e4xande team i Storbritannien<\/h1>\n<\/div>\n<\/div>\n<div id=\"div_block-9-14\" class=\"ct-div-block\" ><link rel='stylesheet' id='oxygen-unslider-css'  href='https:\/\/www.vanguardlifesciences.co.uk\/wp-content\/plugins\/oxygen\/component-framework\/vendor\/unslider\/unslider.css' type='text\/css' media='all'\/>\n<div id=\"slider-88-14\" class=\"ct-slider ct_unique_slider_2701\" >\n<div class=\"oxygen-unslider-container\">\n<ul>\n<li>\n<div id=\"slide-89-14\" class=\"ct-slide\" ><img decoding=\"async\"  id=\"image-96-14\" alt=\"\" src=\"https:\/\/www.vanguardlifesciences.co.uk\/wp-content\/uploads\/sites\/9\/2025\/11\/Image-62.jpg\" class=\"ct-image\"\/><\/div>\n<\/li>\n<li>\n<div id=\"slide-101-14\" class=\"ct-slide\" ><img decoding=\"async\"  id=\"image-102-14\" alt=\"\" src=\"https:\/\/www.vanguardlifesciences.co.uk\/wp-content\/uploads\/sites\/9\/2025\/11\/Vanguard-Commercial-Photography-202.jpg\" class=\"ct-image\"\/><\/div>\n<\/li>\n<\/ul>\n<\/div>\n<\/div>\n<p><script class=\"ct-slider-script\">jQuery(document).ready(function($){$('#slider-88-14.ct_unique_slider_2701 .oxygen-unslider-container:not(.unslider-horizontal,.unslider-fade)').unslider({autoplay: true, delay: 3000, animation: 'horizontal', speed : 750, arrows: true, nav: false, infinite: true})});<\/script><\/div>\n<\/div>\n<\/div>\n<\/section>\n<section id=\"section-68-14-text-left-white\" class=\"ct-section\" >\n<div class=\"ct-section-inner-wrap\">\n<div id=\"new_columns-69-14text-left-white\" class=\"ct-new-columns\" >\n<div id=\"div_block-70-14\" class=\"ct-div-block\" >\n<h2 id=\"headline-71-14\" class=\"ct-headline\">Hur det \u00e4r att jobba f\u00f6r oss<\/h2>\n<div id=\"_rich_text-72-14\" class=\"oxy-rich-text\" >\n<p dir=\"ltr\">Vi v\u00e4rdes\u00e4tter v\u00e5ra medarbetare och tillhandah\u00e5ller en st\u00f6djande milj\u00f6 f\u00f6r dem att blomstra.&nbsp;<\/p>\n<p dir=\"ltr\">Vi har fortsatt att arbeta flexibelt sedan pandemin och inser den positiva balansen av hybridarbete f\u00f6r m\u00e5nga av v\u00e5ra traditionella kontorsbaserade supportroller.<\/p>\n<p dir=\"ltr\">Vi \u00e4r ett st\u00f6djande och omt\u00e4nksamt team och har utbildat f\u00f6rstahj\u00e4lpare f\u00f6r mental h\u00e4lsa i hela v\u00e5r personalgrupp och en rad f\u00f6rm\u00e5ner som st\u00f6der v\u00e5rt v\u00e4lbefinnande.<\/p>\n<p dir=\"ltr\">Vi \u00e4lskar att l\u00e4ra oss och st\u00f6dja utveckling i hela verksamheten. Vi ger ers\u00e4ttning f\u00f6r professionella medlemskap varje \u00e5r och st\u00f6djer m\u00e5nga av v\u00e5ra teammedlemmar med professionella studier som en del av deras karri\u00e4rutveckling.&nbsp;<\/p>\n<p dir=\"ltr\">Med ett snabbt v\u00e4xande team p\u00e5 \u00f6ver 150 kollegor internationellt, definierar v\u00e5ra v\u00e4rderingar hur vi g\u00f6r aff\u00e4rer med v\u00e5ra kunder, internt och externt: Patientfokuserat; Innovativ; Mottaglig; Passionerad; Lagarbete.<\/p>\n<p dir=\"ltr\">Resultaten fr\u00e5n v\u00e5r enk\u00e4tunders\u00f6kning f\u00f6r 2023 visar v\u00e5rt engagemang f\u00f6r v\u00e5ra medarbetare, med <strong>82% positivt engagemang<\/strong> \u00f6ver hela verksamheten.<\/p>\n<p dir=\"ltr\">\u00d6ver <strong>90%<\/strong> av v\u00e5r brittiska anst\u00e4lld befolkning sa <em>\u201cJag skulle rekommendera att jobba h\u00e4r till v\u00e4nner och familj\u201d<\/em> och <strong>98%<\/strong> av v\u00e5r kliniska befolkning s\u00e4ger <em>&quot;Jag vill jobba h\u00e4r om 12 m\u00e5nader&quot;<\/em>.<\/p>\n<\/div>\n<\/div>\n<div id=\"div_block-74-14\" class=\"ct-div-block\" ><img decoding=\"async\"  id=\"image-75-14\" alt=\"\" src=\"https:\/\/www.vanguardlifesciences.co.uk\/wp-content\/uploads\/sites\/9\/2026\/01\/Manria-Brar.jpg\" class=\"ct-image\"\/><\/div>\n<\/div>\n<\/div>\n<\/section>\n<section id=\"section-2-802\" class=\"ct-section\" style=\"background-image:linear-gradient(rgba(0,73,131,0.73), rgba(0,73,131,0.73)), url(https:\/\/www.vanguardlifesciences.co.uk\/wp-content\/uploads\/sites\/9\/2023\/05\/boulders-right.png);background-size:auto,  auto;\" >\n<div class=\"ct-section-inner-wrap\">\n<div id=\"div_block-3-802\" class=\"ct-div-block\" >\n<div id=\"text_block-5-802\" class=\"ct-text-block\" >V\u00e5r personalvision \u00e4r:<\/div>\n<div id=\"_rich_text-4-802\" class=\"oxy-rich-text\" >\n<p>F\u00f6r att g\u00f6ra det m\u00f6jligt f\u00f6r v\u00e5ra medarbetare att uppn\u00e5 exceptionella resultat. Vi g\u00f6r detta genom att skapa bemyndigade och smidiga team, med st\u00f6d av autentiskt och medk\u00e4nnande ledarskap och tillhandah\u00e5lla en inkluderande milj\u00f6 f\u00f6r tillv\u00e4xt.<\/p>\n<\/div>\n<\/div>\n<\/div>\n<\/section>\n<section id=\"text-left-blue\" class=\"ct-section\" >\n<div class=\"ct-section-inner-wrap\">\n<div id=\"new_columns-107-34-blue\" class=\"ct-new-columns\" >\n<div id=\"div_block-108-34\" class=\"ct-div-block\" >\n<h2 id=\"headline-109-34\" class=\"ct-headline\">V\u00e5ra f\u00f6rdelar<\/h2>\n<div id=\"_rich_text-110-34\" class=\"oxy-rich-text\" >\n<p>Vi erbjuder konkurrenskraftiga l\u00f6nepaket och alla v\u00e5ra roller kommer med f\u00f6ljande f\u00f6rm\u00e5ner:<\/p>\n<p dir=\"ltr\"><strong>Livsstil&nbsp;<\/strong><\/p>\n<ul>\n<li dir=\"ltr\">\n<p dir=\"ltr\" role=\"presentation\">5 veckors \u00e5rlig semester (ut\u00f6ver helgdagar i Storbritannien)<\/p>\n<\/li>\n<li dir=\"ltr\">\n<p dir=\"ltr\" role=\"presentation\">En option att k\u00f6pa\/s\u00e4lja ytterligare 1 veckas \u00e5rlig semester<\/p>\n<\/li>\n<li dir=\"ltr\">\n<p dir=\"ltr\" role=\"presentation\">Personalrabattsystem \u2013 onlinerabattsystem f\u00f6r detaljhandel, h\u00e4lsa, fritid och livsstilsleverant\u00f6rer<\/p>\n<\/li>\n<li dir=\"ltr\">\n<p dir=\"ltr\" role=\"presentation\">F\u00f6retagspension (5% f\u00f6retagsavgift och 5% personalavgift, som kan h\u00f6jas n\u00e4r som helst)<\/p>\n<\/li>\n<\/ul>\n<\/div>\n<\/div>\n<div id=\"div_block-112-34\" class=\"ct-div-block\" ><img decoding=\"async\"  id=\"image-113-34\" alt=\"\" src=\"https:\/\/www.vanguardlifesciences.co.uk\/wp-content\/uploads\/sites\/9\/2023\/07\/team-7-1.jpg\" class=\"ct-image\"\/><\/div>\n<\/div>\n<\/div>\n<\/section>\n<section id=\"section-88-34-blue2\" class=\"ct-section\" >\n<div class=\"ct-section-inner-wrap\">\n<div id=\"new_columns-13-665\" class=\"ct-new-columns\" >\n<div id=\"div_block-14-665\" class=\"ct-div-block\" >\n<div id=\"_rich_text-18-665\" class=\"oxy-rich-text\" >\n<p dir=\"ltr\"><strong>V\u00e4lbefinnande<\/strong><\/p>\n<ul>\n<li dir=\"ltr\">\n<p dir=\"ltr\" role=\"presentation\">F\u00f6rb\u00e4ttrad sjukl\u00f6n f\u00f6r f\u00f6retaget&nbsp;<\/p>\n<\/li>\n<li dir=\"ltr\">F\u00f6rb\u00e4ttrad ers\u00e4ttning f\u00f6r f\u00f6r\u00e4ldraledighet, faderskapsledighet, adoptionsledighet och delad f\u00f6r\u00e4ldraledighet<\/li>\n<li dir=\"ltr\">\n<p dir=\"ltr\" role=\"presentation\">Ers\u00e4ttning f\u00f6r influensajab&nbsp;<\/p>\n<\/li>\n<li dir=\"ltr\">\n<p dir=\"ltr\" role=\"presentation\">Sjukv\u00e5rdens kontantplan genom Paycare, inklusive cashback f\u00f6r medicinska utgifter, h\u00e4lsounders\u00f6kningar och alternativa terapier<\/p>\n<\/li>\n<li dir=\"ltr\">\n<p dir=\"ltr\" role=\"presentation\">24\/7 tillg\u00e5ng till GP med v\u00e4rldsomsp\u00e4nnande t\u00e4ckning och privat receptservice<\/p>\n<\/li>\n<li dir=\"ltr\">\n<p dir=\"ltr\" role=\"presentation\">Employee Assistance Program, inklusive konfidentiell r\u00e5dgivning och hj\u00e4lplinjeservice<\/p>\n<\/li>\n<li dir=\"ltr\">\n<p dir=\"ltr\" role=\"presentation\">Livf\u00f6rs\u00e4kring (motsvarande 4 x \u00e5rsl\u00f6n)&nbsp;<\/p>\n<\/li>\n<li dir=\"ltr\">\n<p dir=\"ltr\" role=\"presentation\">Cykla till jobbet<\/p>\n<\/li>\n<li dir=\"ltr\">Tusker Car Scheme \u2013 en l\u00f6nef\u00f6rm\u00e5n f\u00f6r anst\u00e4llda att k\u00f6ra en helt ny, fullf\u00f6rs\u00e4krad och underh\u00e5llen bil till en fast m\u00e5nadskostnad som dras av fr\u00e5n deras l\u00f6n.<\/li>\n<li dir=\"ltr\">YellowNest \u2013 en l\u00f6nef\u00f6rm\u00e5n utformad f\u00f6r att spara pengar till f\u00f6r\u00e4ldrar p\u00e5 deras barnomsorgsavgifter<\/li>\n<li dir=\"ltr\">\n<p dir=\"ltr\" role=\"presentation\">F\u00f6retagsh\u00e4lsov\u00e5rd<\/p>\n<\/li>\n<li dir=\"ltr\">\n<p dir=\"ltr\" role=\"presentation\">Mental Health First Aider genom utbildade Mental Health First Aiders i hela organisationen<\/p>\n<\/li>\n<\/ul>\n<p dir=\"ltr\"><strong>Utveckling<\/strong><\/p>\n<ul>\n<li dir=\"ltr\">\n<p dir=\"ltr\" role=\"presentation\">Ers\u00e4ttning f\u00f6r de \u00e5rliga yrkesmedlemskapen<\/p>\n<\/li>\n<li dir=\"ltr\">\n<p dir=\"ltr\" role=\"presentation\">Professionellt studiest\u00f6d som en del av karri\u00e4rutveckling<\/p>\n<\/li>\n<\/ul>\n<p>&nbsp;<\/p>\n<p>Om du g\u00e5r med i v\u00e5r Vanguard Modular-verksamhet kommer ditt f\u00f6rm\u00e5nspaket att diskuteras vid intervjun.<\/p>\n<\/div>\n<\/div>\n<div id=\"div_block-16-665\" class=\"ct-div-block\" >\n<div id=\"_rich_text-19-665\" class=\"oxy-rich-text\" >\n<p dir=\"ltr\"><strong>Erk\u00e4nnande av anst\u00e4llda<\/strong><\/p>\n<p dir=\"ltr\">Vi k\u00e4nner regelbundet igen v\u00e5ra medarbetare genom f\u00f6ljande erk\u00e4nnandeaktiviteter:<\/p>\n<ul>\n<li dir=\"ltr\">\n<p dir=\"ltr\" role=\"presentation\">L\u00e5ngt serviceerk\u00e4nnande<\/p>\n<\/li>\n<li dir=\"ltr\">\n<p dir=\"ltr\" role=\"presentation\">Vanguard v\u00e4rderar utm\u00e4rkelser<\/p>\n<\/li>\n<li dir=\"ltr\">\n<p dir=\"ltr\" role=\"presentation\">Anst\u00e4llda firande evenemang<\/p>\n<\/li>\n<\/ul>\n<p dir=\"ltr\"><strong>Milj\u00f6, social och styrning<\/strong><\/p>\n<ul>\n<li dir=\"ltr\">\n<p dir=\"ltr\" role=\"presentation\">Vi erbjuder m\u00f6jligheter f\u00f6r teammedlemmar att engagera sig i aktiviteter och initiativ inklusive volont\u00e4rdagar (1 \u2013 3 dagar betalda) som st\u00f6djer v\u00e5r ESG och v\u00e5ra \u00e5taganden<\/p>\n<\/li>\n<\/ul>\n<p dir=\"ltr\"><strong>F\u00f6ljande f\u00f6rm\u00e5ner \u00e4r rollberoende:<\/strong><\/p>\n<ul>\n<li dir=\"ltr\">\n<p dir=\"ltr\" role=\"presentation\">Tj\u00e4nstebil eller bilst\u00f6d<\/p>\n<\/li>\n<li dir=\"ltr\">\n<p dir=\"ltr\" role=\"presentation\">Hybrid fungerar&nbsp;<\/p>\n<\/li>\n<li dir=\"ltr\">\n<p dir=\"ltr\" role=\"presentation\">Gratis parkering \u2013 parkering p\u00e5 plats inklusive laddstationer f\u00f6r elbilar<\/p>\n<\/li>\n<li dir=\"ltr\">\n<p dir=\"ltr\" role=\"presentation\">Kostnader f\u00f6r resor och logi<\/p>\n<\/li>\n<\/ul>\n<\/div>\n<\/div>\n<\/div>\n<\/div>\n<\/section>\n<section id=\"section-68-14-text-left-white\" class=\"ct-section\" >\n<div class=\"ct-section-inner-wrap\">\n<div id=\"new_columns-69-14text-left-white\" class=\"ct-new-columns\" >\n<div id=\"div_block-70-14\" class=\"ct-div-block\" >\n<h2 id=\"headline-71-14\" class=\"ct-headline\">V\u00e5ra v\u00e4rderingar<\/h2>\n<div id=\"_rich_text-72-14\" class=\"oxy-rich-text\" >\n<p dir=\"ltr\">Utvalda av v\u00e5ra anst\u00e4llda, v\u00e5ra v\u00e4rderingar ligger till grund f\u00f6r allt vi g\u00f6r.<\/p>\n<p dir=\"ltr\">Vi levererar klinisk infrastruktur och kunskap med den hastighet som kr\u00e4vs f\u00f6r att ut\u00f6ka kapaciteten, kontrollera den kliniska v\u00e4gen och tillhandah\u00e5lla oavbruten patientfokuserad v\u00e5rd.<\/p>\n<p dir=\"ltr\">The Vanguard Life Sciences values were decided through a consultative engagement programme that included participation by our entire team. We are committed to representing these values through its processes, products, services and interactions with both internal and external customers.<\/p>\n<p dir=\"ltr\">Nedanst\u00e5ende v\u00e4rden valdes av konsensus. De formulerar b\u00e4st de s\u00e4tt p\u00e5 vilka vi s\u00e4kerst\u00e4ller tillhandah\u00e5llande av kvalitet och v\u00e4rde till externa intressenter och till det bredare patientsamh\u00e4lle som vi betj\u00e4nar.<\/p>\n<\/div>\n<\/div>\n<div id=\"div_block-74-14\" class=\"ct-div-block\" ><img decoding=\"async\"  id=\"image-75-14\" alt=\"\" src=\"https:\/\/www.vanguardlifesciences.co.uk\/wp-content\/uploads\/sites\/9\/2023\/07\/nhs-75-2.jpg\" class=\"ct-image\"\/><\/div>\n<\/div>\n<\/div>\n<\/section>\n<section id=\"section-2-149\" class=\"ct-section\" >\n<div class=\"ct-section-inner-wrap\">\n<div id=\"div_block-5-149\" class=\"ct-div-block\" >\n<div id=\"div_block-10-149\" class=\"ct-div-block\" ><img decoding=\"async\"  id=\"image-11-149\" alt=\"Passionate\" src=\"https:\/\/www.vanguardlifesciences.co.uk\/wp-content\/uploads\/sites\/9\/2023\/06\/passionate.png\" class=\"ct-image\"\/><\/p>\n<div id=\"text_block-12-149\" class=\"ct-text-block\" >Passionerad<\/div>\n<\/div>\n<\/div>\n<div id=\"div_block-6-149\" class=\"ct-div-block\" >\n<div id=\"div_block-13-149\" class=\"ct-div-block\" ><img decoding=\"async\"  id=\"image-14-149\" alt=\"Patient focussed\" src=\"https:\/\/www.vanguardlifesciences.co.uk\/wp-content\/uploads\/sites\/9\/2023\/06\/patient-focussed.png\" class=\"ct-image\"\/><\/p>\n<div id=\"text_block-15-149\" class=\"ct-text-block\" >Patientfokuserad<\/div>\n<\/div>\n<\/div>\n<div id=\"div_block-7-149\" class=\"ct-div-block\" >\n<div id=\"div_block-17-149\" class=\"ct-div-block\" ><img decoding=\"async\"  id=\"image-18-149\" alt=\"Responsive\" src=\"https:\/\/www.vanguardlifesciences.co.uk\/wp-content\/uploads\/sites\/9\/2023\/06\/responsive.png\" class=\"ct-image\"\/><\/p>\n<div id=\"text_block-19-149\" class=\"ct-text-block\" >Mottaglig<\/div>\n<\/div>\n<\/div>\n<div id=\"div_block-8-149\" class=\"ct-div-block\" >\n<div id=\"div_block-21-149\" class=\"ct-div-block\" ><img decoding=\"async\"  id=\"image-22-149\" alt=\"Teamwork\" src=\"https:\/\/www.vanguardlifesciences.co.uk\/wp-content\/uploads\/sites\/9\/2023\/06\/teamwork.png\" class=\"ct-image\"\/><\/p>\n<div id=\"text_block-23-149\" class=\"ct-text-block\" >Lagarbete<\/div>\n<\/div>\n<\/div>\n<div id=\"div_block-9-149\" class=\"ct-div-block\" >\n<div id=\"div_block-25-149\" class=\"ct-div-block\" ><img decoding=\"async\"  id=\"image-26-149\" alt=\"Innovative\" src=\"https:\/\/www.vanguardlifesciences.co.uk\/wp-content\/uploads\/sites\/9\/2023\/06\/innovative.png\" class=\"ct-image\"\/><\/p>\n<div id=\"text_block-27-149\" class=\"ct-text-block\" >Innovativ<\/div>\n<\/div>\n<\/div>\n<\/div>\n<\/section>\n<section id=\"section-132-34\" class=\"ct-section\" >\n<div class=\"ct-section-inner-wrap\">\n<div id=\"new_columns-133-34\" class=\"ct-new-columns\" >\n<div id=\"div_block-138-34\" class=\"ct-div-block\" ><img decoding=\"async\"  id=\"image-139-34\" alt=\"\" src=\"https:\/\/www.vanguardlifesciences.co.uk\/wp-content\/uploads\/sites\/9\/2023\/07\/nhs-75-5.jpg\" class=\"ct-image\"\/><\/div>\n<div id=\"div_block-134-34\" class=\"ct-div-block\" >\n<h2 id=\"headline-135-34\" class=\"ct-headline\">Hitta din karri\u00e4rv\u00e4g<\/h2>\n<div id=\"_rich_text-136-34\" class=\"oxy-rich-text\" >\n<p dir=\"ltr\">Oavsett om du tycker om en roll som \u00e4r t\u00e5lmodig eller en roll som st\u00f6djer v\u00e5r v\u00e4xande verksamhet, har vi en rad m\u00f6jligheter att f\u00f6lja med oss p\u00e5 v\u00e5r sp\u00e4nnande resa n\u00e4r vi g\u00e5r in i n\u00e4sta fas av v\u00e5r framtid f\u00f6r att leverera v\u00e5r tillv\u00e4xtambition.&nbsp;<\/p>\n<p dir=\"ltr\">Vi uppn\u00e5r v\u00e5ra m\u00e5l genom att arbeta tillsammans som ett team anpassat till v\u00e5ra v\u00e4rderingar.<\/p>\n<p dir=\"ltr\">Vi str\u00e4var efter att ha en m\u00e5ngsidig och inkluderande arbetsplats och uppmuntrar starkt l\u00e4mpligt kvalificerade s\u00f6kande fr\u00e5n ett brett spektrum av bakgrunder att ans\u00f6ka om att ansluta sig till v\u00e5rt team.<\/p>\n<\/div>\n<\/div>\n<\/div>\n<\/div>\n<\/section>","protected":false},"excerpt":{"rendered":"","protected":false},"author":2,"featured_media":0,"parent":0,"menu_order":0,"comment_status":"closed","ping_status":"closed","template":"","meta":{"_acf_changed":false,"footnotes":""},"class_list":["post-143","page","type-page","status-publish","format-standard","hentry"],"acf":[],"yoast_head":"<!-- This site is optimized with the Yoast SEO plugin v27.3 - https:\/\/yoast.com\/product\/yoast-seo-wordpress\/ -->\n<title>Careers - Vanguard Life Sciences<\/title>\n<meta name=\"robots\" content=\"index, follow, max-snippet:-1, max-image-preview:large, max-video-preview:-1\" \/>\n<link rel=\"canonical\" href=\"https:\/\/www.vanguardlifesciences.co.uk\/sv_se\/careers\/\" \/>\n<meta property=\"og:locale\" content=\"sv_SE\" \/>\n<meta property=\"og:type\" content=\"article\" \/>\n<meta property=\"og:title\" content=\"Careers - Vanguard Life Sciences\" \/>\n<meta property=\"og:url\" content=\"https:\/\/www.vanguardlifesciences.co.uk\/sv_se\/careers\/\" \/>\n<meta property=\"og:site_name\" content=\"Vanguard Life Sciences\" \/>\n<meta property=\"article:modified_time\" content=\"2026-01-13T09:27:17+00:00\" \/>\n<meta name=\"twitter:card\" content=\"summary_large_image\" \/>\n<meta name=\"twitter:label1\" content=\"Ber\u00e4knad l\u00e4stid\" \/>\n\t<meta name=\"twitter:data1\" content=\"1 minut\" \/>\n<script type=\"application\/ld+json\" class=\"yoast-schema-graph\">{\"@context\":\"https:\\\/\\\/schema.org\",\"@graph\":[{\"@type\":\"WebPage\",\"@id\":\"https:\\\/\\\/www.vanguardlifesciences.co.uk\\\/careers\\\/\",\"url\":\"https:\\\/\\\/www.vanguardlifesciences.co.uk\\\/careers\\\/\",\"name\":\"Careers - Vanguard Life Sciences\",\"isPartOf\":{\"@id\":\"https:\\\/\\\/www.vanguardlifesciences.co.uk\\\/#website\"},\"datePublished\":\"2023-06-05T15:04:05+00:00\",\"dateModified\":\"2026-01-13T09:27:17+00:00\",\"breadcrumb\":{\"@id\":\"https:\\\/\\\/www.vanguardlifesciences.co.uk\\\/careers\\\/#breadcrumb\"},\"inLanguage\":\"sv-SE\",\"potentialAction\":[{\"@type\":\"ReadAction\",\"target\":[\"https:\\\/\\\/www.vanguardlifesciences.co.uk\\\/careers\\\/\"]}]},{\"@type\":\"BreadcrumbList\",\"@id\":\"https:\\\/\\\/www.vanguardlifesciences.co.uk\\\/careers\\\/#breadcrumb\",\"itemListElement\":[{\"@type\":\"ListItem\",\"position\":1,\"name\":\"Home\",\"item\":\"https:\\\/\\\/www.vanguardlifesciences.co.uk\\\/\"},{\"@type\":\"ListItem\",\"position\":2,\"name\":\"Careers\"}]},{\"@type\":\"WebSite\",\"@id\":\"https:\\\/\\\/www.vanguardlifesciences.co.uk\\\/#website\",\"url\":\"https:\\\/\\\/www.vanguardlifesciences.co.uk\\\/\",\"name\":\"Vanguard Life Sciences\",\"description\":\"\",\"potentialAction\":[{\"@type\":\"SearchAction\",\"target\":{\"@type\":\"EntryPoint\",\"urlTemplate\":\"https:\\\/\\\/www.vanguardlifesciences.co.uk\\\/?s={search_term_string}\"},\"query-input\":{\"@type\":\"PropertyValueSpecification\",\"valueRequired\":true,\"valueName\":\"search_term_string\"}}],\"inLanguage\":\"sv-SE\"}]}<\/script>\n<!-- \/ Yoast SEO plugin. -->","yoast_head_json":{"title":"Careers - Vanguard Life Sciences","robots":{"index":"index","follow":"follow","max-snippet":"max-snippet:-1","max-image-preview":"max-image-preview:large","max-video-preview":"max-video-preview:-1"},"canonical":"https:\/\/www.vanguardlifesciences.co.uk\/sv_se\/careers\/","og_locale":"sv_SE","og_type":"article","og_title":"Careers - Vanguard Life Sciences","og_url":"https:\/\/www.vanguardlifesciences.co.uk\/sv_se\/careers\/","og_site_name":"Vanguard Life Sciences","article_modified_time":"2026-01-13T09:27:17+00:00","twitter_card":"summary_large_image","twitter_misc":{"Ber\u00e4knad l\u00e4stid":"1 minut"},"schema":{"@context":"https:\/\/schema.org","@graph":[{"@type":"WebPage","@id":"https:\/\/www.vanguardlifesciences.co.uk\/careers\/","url":"https:\/\/www.vanguardlifesciences.co.uk\/careers\/","name":"Careers - Vanguard Life Sciences","isPartOf":{"@id":"https:\/\/www.vanguardlifesciences.co.uk\/#website"},"datePublished":"2023-06-05T15:04:05+00:00","dateModified":"2026-01-13T09:27:17+00:00","breadcrumb":{"@id":"https:\/\/www.vanguardlifesciences.co.uk\/careers\/#breadcrumb"},"inLanguage":"sv-SE","potentialAction":[{"@type":"ReadAction","target":["https:\/\/www.vanguardlifesciences.co.uk\/careers\/"]}]},{"@type":"BreadcrumbList","@id":"https:\/\/www.vanguardlifesciences.co.uk\/careers\/#breadcrumb","itemListElement":[{"@type":"ListItem","position":1,"name":"Home","item":"https:\/\/www.vanguardlifesciences.co.uk\/"},{"@type":"ListItem","position":2,"name":"Careers"}]},{"@type":"WebSite","@id":"https:\/\/www.vanguardlifesciences.co.uk\/#website","url":"https:\/\/www.vanguardlifesciences.co.uk\/","name":"Vanguard Life Sciences","description":"","potentialAction":[{"@type":"SearchAction","target":{"@type":"EntryPoint","urlTemplate":"https:\/\/www.vanguardlifesciences.co.uk\/?s={search_term_string}"},"query-input":{"@type":"PropertyValueSpecification","valueRequired":true,"valueName":"search_term_string"}}],"inLanguage":"sv-SE"}]}},"_links":{"self":[{"href":"https:\/\/www.vanguardlifesciences.co.uk\/sv_se\/wp-json\/wp\/v2\/pages\/143","targetHints":{"allow":["GET"]}}],"collection":[{"href":"https:\/\/www.vanguardlifesciences.co.uk\/sv_se\/wp-json\/wp\/v2\/pages"}],"about":[{"href":"https:\/\/www.vanguardlifesciences.co.uk\/sv_se\/wp-json\/wp\/v2\/types\/page"}],"author":[{"embeddable":true,"href":"https:\/\/www.vanguardlifesciences.co.uk\/sv_se\/wp-json\/wp\/v2\/users\/2"}],"replies":[{"embeddable":true,"href":"https:\/\/www.vanguardlifesciences.co.uk\/sv_se\/wp-json\/wp\/v2\/comments?post=143"}],"version-history":[{"count":0,"href":"https:\/\/www.vanguardlifesciences.co.uk\/sv_se\/wp-json\/wp\/v2\/pages\/143\/revisions"}],"wp:attachment":[{"href":"https:\/\/www.vanguardlifesciences.co.uk\/sv_se\/wp-json\/wp\/v2\/media?parent=143"}],"curies":[{"name":"wp","href":"https:\/\/api.w.org\/{rel}","templated":true}]}}