{"id":367,"date":"2023-06-28T13:15:49","date_gmt":"2023-06-28T13:15:49","guid":{"rendered":"https:\/\/www.vanguardlifesciences.co.uk\/?page_id=367"},"modified":"2023-08-24T10:07:33","modified_gmt":"2023-08-24T10:07:33","slug":"accessibility","status":"publish","type":"page","link":"https:\/\/www.vanguardlifesciences.co.uk\/sq_al\/accessibility\/","title":{"rendered":"Aksesueshm\u00ebria"},"content":{"rendered":"<p>Ne kemi b\u00ebr\u00eb \u00e7do p\u00ebrpjekje p\u00ebr ta b\u00ebr\u00eb k\u00ebt\u00eb faqe t\u00eb aksesueshme dhe t\u00eb leht\u00eb p\u00ebr t&#039;u p\u00ebrdorur p\u00ebr t\u00eb gjith\u00eb.<\/p>\n<\/p>\n<h4 class=\"wp-block-heading\">Role t\u00eb r\u00ebnd\u00ebsishme<\/h4>\n<p>Pas udh\u00ebzimeve t\u00eb p\u00ebrcaktuara nga Iniciativa p\u00ebr Aksesueshm\u00ebrin\u00eb e Uebit (WAI) dhe Paketa e Aplikacioneve t\u00eb Internetit t\u00eb pasura me akses t\u00eb aksesuesh\u00ebm (ARIA), ofrohen role t\u00eb r\u00ebnd\u00ebsishme p\u00ebr ta b\u00ebr\u00eb sajtin m\u00eb t\u00eb aksesuesh\u00ebm. Rolet e p\u00ebrdorura p\u00ebr t\u00eb identifikuar p\u00ebrmbajtje specifike ose zona navigimi p\u00ebr lexuesit e makinerive dhe pajisjet ndihm\u00ebse si lexuesit e ekranit.<\/p>\n<p>Pikat e referimit jan\u00eb p\u00ebrdorur p\u00ebr t\u00eb identifikuar seksionet kryesore t\u00eb sajtit dhe atributet ARIA p\u00ebrputhen me rolet e tyre.<\/p>\n<\/p>\n<h4 class=\"wp-block-heading\">Mb\u00ebshtetje p\u00ebr shfletuesin dhe pajisjen<\/h4>\n<p>Faqja \u00ebsht\u00eb nd\u00ebrtuar n\u00eb nj\u00eb m\u00ebnyr\u00eb fleksib\u00ebl dhe \u00ebsht\u00eb plot\u00ebsisht e p\u00ebrgjegjshme p\u00ebr t\u00eb siguruar p\u00ebrvoj\u00ebn m\u00eb t\u00eb mir\u00eb t\u00eb mundshme t\u00eb p\u00ebrdoruesit n\u00eb pajisjet desktop, celular dhe tablet.<\/p>\n<p>Sajti mb\u00ebshtetet plot\u00ebsisht (q\u00eb do t\u00eb thot\u00eb p\u00ebrvoj\u00ebn optimale ku e gjith\u00eb p\u00ebrmbajtja shp\u00ebrndahet dhe aksesohet si\u00e7 synohet) p\u00ebr versionin m\u00eb t\u00eb fundit t\u00eb Chrome, Firefox, Safari dhe Edge n\u00eb desktop, si dhe versionin m\u00eb t\u00eb fundit t\u00eb Chrome n\u00eb Android dhe Safari n\u00eb iOS.<\/p>\n<p>Mb\u00ebshtetja p\u00ebr dy versionet e m\u00ebparshme t\u00eb shfletuesve t\u00eb listuar m\u00eb sip\u00ebr \u00ebsht\u00eb zhvler\u00ebsuar (q\u00eb do t\u00eb thot\u00eb se e gjith\u00eb p\u00ebrmbajtja \u00ebsht\u00eb e aksesueshme, por p\u00ebrvoja e p\u00ebrdoruesit mund t\u00eb pak\u00ebsohet. Prezantimi i HTML, Javascript dhe CSS do t\u00eb degradoj\u00eb n\u00eb m\u00ebnyr\u00eb t\u00eb k\u00ebndshme (dmth. nuk hedh gabime) n\u00ebse shfletuesi nuk \u00ebsht\u00eb n\u00eb gjendje t\u00eb jap\u00eb funksionaliteti).<\/p>\n<p>Shfletuesit e vjet\u00ebr ose shfletuesit q\u00eb nuk jan\u00eb renditur m\u00eb sip\u00ebr nuk mb\u00ebshteten (q\u00eb do t\u00eb thot\u00eb se shfletuesi nuk \u00ebsht\u00eb i testuar dhe p\u00ebr k\u00ebt\u00eb arsye disa p\u00ebrmbajtje mund t\u00eb jen\u00eb t\u00eb paarritshme dhe p\u00ebrvoja mund t\u00eb ndikohet seriozisht).<\/p>\n<\/p>\n<h4 class=\"wp-block-heading\">Semantika<\/h4>\n<p>Sh\u00ebnimi HTML5 p\u00ebrdoret p\u00ebr t\u00eb strukturuar sitin me element\u00eb t\u00eb p\u00ebrshtatsh\u00ebm t\u00eb p\u00ebrdorur p\u00ebr t\u00eb identifikuar p\u00ebrmbajtjen n\u00eb m\u00ebnyr\u00eb t\u00eb qart\u00eb dhe logjike p\u00ebr motor\u00ebt e k\u00ebrkimit ose lexuesit e ekranit.<\/p>\n<\/p>\n<h4 class=\"wp-block-heading\">JavaScript<\/h4>\n<p>P\u00ebrdorimi i JavaScript do t&#039;i jap\u00eb p\u00ebrdoruesit karakteristika t\u00eb zgjeruara t\u00eb faqes. Aty ku nuk \u00ebsht\u00eb i disponuesh\u00ebm, at\u00ebher\u00eb t\u00eb gjitha faqet dhe procesi jan\u00eb ende t\u00eb aksesueshme.<\/p>\n<\/p>\n<h4 class=\"wp-block-heading\">Format<\/h4>\n<p>T\u00eb gjitha fushat e formular\u00ebve ndjekin nj\u00eb sekuenc\u00eb logjike t\u00eb skedave p\u00ebr t\u00eb siguruar navigim t\u00eb leht\u00eb. Fushat e formularit kan\u00eb gjithashtu atribute &#039;etiket\u00eb&#039; dhe &#039;id&#039; p\u00ebr t\u00eb lidhur fush\u00ebn e formularit me etiket\u00ebn e saj p\u00ebr t\u00eb lejuar futjen e leht\u00eb t\u00eb t\u00eb dh\u00ebnave.<\/p>\n<\/p>\n<h4 class=\"wp-block-heading\">Lidhjet<\/h4>\n<p>T\u00eb gjitha lidhjet jan\u00eb shkruar q\u00eb t\u00eb ken\u00eb kuptim kur merren jasht\u00eb kontekstit. Aty ku \u00ebsht\u00eb e p\u00ebrshtatshme, ne kemi shtuar gjithashtu atributet e titullit t\u00eb lidhjes p\u00ebr t\u00eb p\u00ebrshkruar lidhjen n\u00eb detaje.<\/p>\n<\/p>\n<h4 class=\"wp-block-heading\">P\u00ebrmasa e germave<\/h4>\n<p>Madh\u00ebsit\u00eb e shkronjave t\u00eb p\u00ebrdorura n\u00eb faqen e internetit jan\u00eb plot\u00ebsisht fleksib\u00ebl. Ju mund t\u00eb ndryshoni madh\u00ebsin\u00eb e shkronjave p\u00ebr ta b\u00ebr\u00eb at\u00eb m\u00eb t\u00eb madh ose m\u00eb t\u00eb vog\u00ebl n\u00ebp\u00ebrmjet cil\u00ebsimeve t\u00eb shfletuesit tuaj.<\/p>\n<\/p>\n<h4 class=\"wp-block-heading\">Ngjyrat<\/h4>\n<p>Ne jemi kujdesur t\u00eb sigurojm\u00eb q\u00eb kombinimet e ngjyrave dhe kontrasti i sajtit t\u00eb jen\u00eb efektive p\u00ebr t\u00eb siguruar q\u00eb informacioni t\u00eb jet\u00eb ende i qart\u00eb kur shikohet nga t\u00eb gjith\u00eb, duke pasur nj\u00eb raport minimal kontrasti prej 3 n\u00eb t\u00eb gjith\u00eb sitin.<\/p>\n<\/p>\n<h4 class=\"wp-block-heading\">Shkarkimet<\/h4>\n<p>Ne p\u00ebrdorim Adobe PDF p\u00ebr informacione dhe shkarkime shtes\u00eb. Adobe PDF Reader disponohet lirisht p\u00ebr p\u00ebrdorim n\u00eb \u00e7do kompjuter dhe mund t\u00eb shkarkohet <a href=\"https:\/\/get.adobe.com\/uk\/reader\/\" target=\"_blank\" rel=\"noreferrer noopener\">k\u00ebtu<\/a>.<\/p>","protected":false},"excerpt":{"rendered":"<p>We have made every effort to make this site accessible and easy to use for everyone. Landmark roles Following guidance set by the Web Accessibility Initiative (WAI) and the Accessible Rich Internet Applications Suite (ARIA), landmark roles are provided to make the site more accessible. Roles used to identify specific content or navigation areas for [&hellip;]<\/p>\n","protected":false},"author":2,"featured_media":0,"parent":0,"menu_order":0,"comment_status":"closed","ping_status":"closed","template":"","meta":{"_acf_changed":false,"footnotes":""},"class_list":["post-367","page","type-page","status-publish","format-standard","hentry"],"acf":[],"yoast_head":"<!-- This site is optimized with the Yoast SEO plugin v27.3 - https:\/\/yoast.com\/product\/yoast-seo-wordpress\/ -->\n<title>Accessibility - Vanguard Life Sciences<\/title>\n<meta name=\"robots\" content=\"index, follow, max-snippet:-1, max-image-preview:large, max-video-preview:-1\" \/>\n<link rel=\"canonical\" href=\"https:\/\/www.vanguardlifesciences.co.uk\/sq_al\/accessibility\/\" \/>\n<meta property=\"og:locale\" content=\"sq_AL\" \/>\n<meta property=\"og:type\" content=\"article\" \/>\n<meta property=\"og:title\" content=\"Accessibility - Vanguard Life Sciences\" \/>\n<meta property=\"og:description\" content=\"We have made every effort to make this site accessible and easy to use for everyone. Landmark roles Following guidance set by the Web Accessibility Initiative (WAI) and the Accessible Rich Internet Applications Suite (ARIA), landmark roles are provided to make the site more accessible. Roles used to identify specific content or navigation areas for [&hellip;]\" \/>\n<meta property=\"og:url\" content=\"https:\/\/www.vanguardlifesciences.co.uk\/sq_al\/accessibility\/\" \/>\n<meta property=\"og:site_name\" content=\"Vanguard Life Sciences\" \/>\n<meta property=\"article:modified_time\" content=\"2023-08-24T10:07:33+00:00\" \/>\n<meta name=\"twitter:card\" content=\"summary_large_image\" \/>\n<meta name=\"twitter:label1\" content=\"Est. reading time\" \/>\n\t<meta name=\"twitter:data1\" content=\"2 minuta\" \/>\n<script type=\"application\/ld+json\" class=\"yoast-schema-graph\">{\"@context\":\"https:\\\/\\\/schema.org\",\"@graph\":[{\"@type\":\"WebPage\",\"@id\":\"https:\\\/\\\/www.vanguardlifesciences.co.uk\\\/accessibility\\\/\",\"url\":\"https:\\\/\\\/www.vanguardlifesciences.co.uk\\\/accessibility\\\/\",\"name\":\"Accessibility - Vanguard Life Sciences\",\"isPartOf\":{\"@id\":\"https:\\\/\\\/www.vanguardlifesciences.co.uk\\\/#website\"},\"datePublished\":\"2023-06-28T13:15:49+00:00\",\"dateModified\":\"2023-08-24T10:07:33+00:00\",\"breadcrumb\":{\"@id\":\"https:\\\/\\\/www.vanguardlifesciences.co.uk\\\/accessibility\\\/#breadcrumb\"},\"inLanguage\":\"sq\",\"potentialAction\":[{\"@type\":\"ReadAction\",\"target\":[\"https:\\\/\\\/www.vanguardlifesciences.co.uk\\\/accessibility\\\/\"]}]},{\"@type\":\"BreadcrumbList\",\"@id\":\"https:\\\/\\\/www.vanguardlifesciences.co.uk\\\/accessibility\\\/#breadcrumb\",\"itemListElement\":[{\"@type\":\"ListItem\",\"position\":1,\"name\":\"Home\",\"item\":\"https:\\\/\\\/www.vanguardlifesciences.co.uk\\\/\"},{\"@type\":\"ListItem\",\"position\":2,\"name\":\"Accessibility\"}]},{\"@type\":\"WebSite\",\"@id\":\"https:\\\/\\\/www.vanguardlifesciences.co.uk\\\/#website\",\"url\":\"https:\\\/\\\/www.vanguardlifesciences.co.uk\\\/\",\"name\":\"Vanguard Life Sciences\",\"description\":\"\",\"potentialAction\":[{\"@type\":\"SearchAction\",\"target\":{\"@type\":\"EntryPoint\",\"urlTemplate\":\"https:\\\/\\\/www.vanguardlifesciences.co.uk\\\/?s={search_term_string}\"},\"query-input\":{\"@type\":\"PropertyValueSpecification\",\"valueRequired\":true,\"valueName\":\"search_term_string\"}}],\"inLanguage\":\"sq\"}]}<\/script>\n<!-- \/ Yoast SEO plugin. -->","yoast_head_json":{"title":"Accessibility - Vanguard Life Sciences","robots":{"index":"index","follow":"follow","max-snippet":"max-snippet:-1","max-image-preview":"max-image-preview:large","max-video-preview":"max-video-preview:-1"},"canonical":"https:\/\/www.vanguardlifesciences.co.uk\/sq_al\/accessibility\/","og_locale":"sq_AL","og_type":"article","og_title":"Accessibility - Vanguard Life Sciences","og_description":"We have made every effort to make this site accessible and easy to use for everyone. Landmark roles Following guidance set by the Web Accessibility Initiative (WAI) and the Accessible Rich Internet Applications Suite (ARIA), landmark roles are provided to make the site more accessible. Roles used to identify specific content or navigation areas for [&hellip;]","og_url":"https:\/\/www.vanguardlifesciences.co.uk\/sq_al\/accessibility\/","og_site_name":"Vanguard Life Sciences","article_modified_time":"2023-08-24T10:07:33+00:00","twitter_card":"summary_large_image","twitter_misc":{"Est. reading time":"2 minuta"},"schema":{"@context":"https:\/\/schema.org","@graph":[{"@type":"WebPage","@id":"https:\/\/www.vanguardlifesciences.co.uk\/accessibility\/","url":"https:\/\/www.vanguardlifesciences.co.uk\/accessibility\/","name":"Accessibility - Vanguard Life Sciences","isPartOf":{"@id":"https:\/\/www.vanguardlifesciences.co.uk\/#website"},"datePublished":"2023-06-28T13:15:49+00:00","dateModified":"2023-08-24T10:07:33+00:00","breadcrumb":{"@id":"https:\/\/www.vanguardlifesciences.co.uk\/accessibility\/#breadcrumb"},"inLanguage":"sq","potentialAction":[{"@type":"ReadAction","target":["https:\/\/www.vanguardlifesciences.co.uk\/accessibility\/"]}]},{"@type":"BreadcrumbList","@id":"https:\/\/www.vanguardlifesciences.co.uk\/accessibility\/#breadcrumb","itemListElement":[{"@type":"ListItem","position":1,"name":"Home","item":"https:\/\/www.vanguardlifesciences.co.uk\/"},{"@type":"ListItem","position":2,"name":"Accessibility"}]},{"@type":"WebSite","@id":"https:\/\/www.vanguardlifesciences.co.uk\/#website","url":"https:\/\/www.vanguardlifesciences.co.uk\/","name":"Vanguard Life Sciences","description":"","potentialAction":[{"@type":"SearchAction","target":{"@type":"EntryPoint","urlTemplate":"https:\/\/www.vanguardlifesciences.co.uk\/?s={search_term_string}"},"query-input":{"@type":"PropertyValueSpecification","valueRequired":true,"valueName":"search_term_string"}}],"inLanguage":"sq"}]}},"_links":{"self":[{"href":"https:\/\/www.vanguardlifesciences.co.uk\/sq_al\/wp-json\/wp\/v2\/pages\/367","targetHints":{"allow":["GET"]}}],"collection":[{"href":"https:\/\/www.vanguardlifesciences.co.uk\/sq_al\/wp-json\/wp\/v2\/pages"}],"about":[{"href":"https:\/\/www.vanguardlifesciences.co.uk\/sq_al\/wp-json\/wp\/v2\/types\/page"}],"author":[{"embeddable":true,"href":"https:\/\/www.vanguardlifesciences.co.uk\/sq_al\/wp-json\/wp\/v2\/users\/2"}],"replies":[{"embeddable":true,"href":"https:\/\/www.vanguardlifesciences.co.uk\/sq_al\/wp-json\/wp\/v2\/comments?post=367"}],"version-history":[{"count":0,"href":"https:\/\/www.vanguardlifesciences.co.uk\/sq_al\/wp-json\/wp\/v2\/pages\/367\/revisions"}],"wp:attachment":[{"href":"https:\/\/www.vanguardlifesciences.co.uk\/sq_al\/wp-json\/wp\/v2\/media?parent=367"}],"curies":[{"name":"wp","href":"https:\/\/api.w.org\/{rel}","templated":true}]}}