{"id":366,"date":"2023-06-28T13:13:23","date_gmt":"2023-06-28T13:13:23","guid":{"rendered":"https:\/\/www.vanguardlifesciences.co.uk\/?page_id=366"},"modified":"2025-06-18T10:27:52","modified_gmt":"2025-06-18T10:27:52","slug":"modern-slavery-and-human-trafficking-statement","status":"publish","type":"page","link":"https:\/\/www.vanguardlifesciences.co.uk\/sq_al\/modern-slavery-and-human-trafficking-statement\/","title":{"rendered":"Deklarat\u00eb p\u00ebr skllav\u00ebrin\u00eb moderne dhe trafikimin e qenieve njer\u00ebzore"},"content":{"rendered":"<h3 class=\"wp-block-heading\">Politika<\/h3>\n<p>Skllav\u00ebria moderne \u00ebsht\u00eb nj\u00eb krim dhe nj\u00eb shkelje e t\u00eb drejtave themelore t\u00eb njeriut. Ajo merr forma t\u00eb ndryshme, si skllav\u00ebria, rob\u00ebria, puna e detyruar dhe e detyrueshme dhe trafikimi i qenieve njer\u00ebzore, t\u00eb cilat t\u00eb gjitha kan\u00eb t\u00eb p\u00ebrbashk\u00ebt heqjen e liris\u00eb s\u00eb nj\u00eb personi nga nj\u00eb tjet\u00ebr p\u00ebr t&#039;i shfryt\u00ebzuar p\u00ebr p\u00ebrfitime personale ose tregtare. Grupi ka nj\u00eb qasje t\u00eb toleranc\u00ebs zero ndaj skllav\u00ebris\u00eb moderne. Ne do t\u00eb veprojm\u00eb n\u00eb m\u00ebnyr\u00eb etike dhe me integritet n\u00eb t\u00eb gjitha marr\u00ebdh\u00ebniet dhe marr\u00ebdh\u00ebniet tona t\u00eb biznesit, duke zbatuar dhe zbatuar sisteme dhe kontrolle efektive p\u00ebr t\u00eb siguruar q\u00eb skllav\u00ebria moderne t\u00eb mos ndodh\u00eb askund n\u00eb Grupin ton\u00eb ose n\u00eb zinxhir\u00ebt tan\u00eb t\u00eb furnizimit. Ne e kuptojm\u00eb se skllav\u00ebria dhe trafikimi i qenieve njer\u00ebzore shpesh p\u00ebrdoren kolektivisht.<\/p>\n<p>Ne jemi t\u00eb p\u00ebrkushtuar t\u00eb sigurojm\u00eb transparenc\u00eb n\u00eb Grupin ton\u00eb, operacionet e biznesit dhe n\u00eb qasjen ton\u00eb p\u00ebr t\u00eb trajtuar skllav\u00ebrin\u00eb moderne n\u00eb t\u00eb gjith\u00eb zinxhir\u00ebt tan\u00eb t\u00eb furnizimit. Kjo \u00ebsht\u00eb n\u00eb p\u00ebrputhje me detyrimet tona t\u00eb zbulimit sipas Aktit t\u00eb Skllav\u00ebris\u00eb Moderne 2015.<\/p>\n<h4 class=\"wp-block-heading\">Zinxhiri yn\u00eb i furnizimit dhe njer\u00ebzit<\/h4>\n<p>Ne presim t\u00eb nj\u00ebjtat standarde t\u00eb larta etike nga t\u00eb gjith\u00eb kontraktor\u00ebt, furnitor\u00ebt dhe partner\u00ebt e tjer\u00eb t\u00eb biznesit. Si pjes\u00eb e procesit ton\u00eb t\u00eb kontraktimit, k\u00ebto standarde dhe k\u00ebrkesa jan\u00eb pjes\u00eb e marr\u00ebveshjes son\u00eb me n\u00ebnkontraktor\u00ebt tan\u00eb.<\/p>\n<p>Kjo deklarat\u00eb vlen p\u00ebr t\u00eb gjith\u00eb personat q\u00eb punojn\u00eb p\u00ebr ne n\u00eb zinxhirin ton\u00eb t\u00eb furnizimit, n\u00eb emrin ton\u00eb n\u00eb \u00e7do cil\u00ebsi. Kjo p\u00ebrfshin punonj\u00ebsit n\u00eb t\u00eb gjitha nivelet, drejtor\u00ebt, oficer\u00ebt, punonj\u00ebsit e agjencis\u00eb, pun\u00ebtor\u00ebt e d\u00ebrguar, vullnetar\u00ebt, agjent\u00ebt, kontraktor\u00ebt, konsulent\u00ebt e jasht\u00ebm, p\u00ebrfaq\u00ebsuesit e pal\u00ebve t\u00eb treta dhe partner\u00ebt e biznesit.<\/p>\n<p>Ne punojm\u00eb ngusht\u00eb n\u00eb partneritet me furnizuesit tan\u00eb, gj\u00eb q\u00eb na lejon t\u00eb identifikojm\u00eb \u00e7do rrezik t\u00eb mundsh\u00ebm t\u00eb mosp\u00ebrputhshm\u00ebris\u00eb.<\/p>\n<h4 class=\"wp-block-heading\">Qeverisja<\/h4>\n<p>Ne zhvillojm\u00eb vazhdimisht qeverisjen ton\u00eb dhe kontrollet e brendshme p\u00ebr t\u00eb identifikuar shqet\u00ebsimet ose rreziqet n\u00eb lidhje me p\u00ebrdorimin e pun\u00ebs s\u00eb detyruar, t\u00eb detyrueshme ose t\u00eb trafikuar, ose t\u00eb kujtdo q\u00eb mbahet n\u00eb skllav\u00ebri ose skllav\u00ebri, qofshin t\u00eb rritur apo f\u00ebmij\u00eb. Ne kemi vendosur kontrolle p\u00ebr t\u00eb mbajtur zinxhirin e furnizimit me t\u00eb nj\u00ebjtat standarde t\u00eb larta. Ne jemi t\u00eb vet\u00ebdijsh\u00ebm p\u00ebr rreziqet dhe kemi kontrolle p\u00ebr t&#039;i menaxhuar ato dhe siguria ofrohet p\u00ebrmes struktur\u00ebs son\u00eb t\u00eb qeverisjes.<\/p>\n<\/p>\n<h3 class=\"wp-block-heading\">deklarat\u00eb<\/h3>\n<ol class=\"wp-block-list\">\n<li><strong>Prezantimi<\/strong><br \/>Kjo deklarat\u00eb b\u00ebhet n\u00eb p\u00ebrputhje me Nenin 54(6) t\u00eb Aktit t\u00eb Skllav\u00ebris\u00eb Moderne t\u00eb vitit 2015 dhe p\u00ebrcakton veprimet tona p\u00ebr t\u00eb kuptuar t\u00eb gjitha rreziqet e mundshme t\u00eb skllav\u00ebris\u00eb moderne q\u00eb lidhen me bizneset tona dhe p\u00ebr t\u00eb vendosur kontrolle q\u00eb synojn\u00eb t\u00eb sigurojn\u00eb q\u00eb nuk ka skllav\u00ebri ose trafikim njer\u00ebzor brenda bizneseve dhe zinxhir\u00ebve tan\u00eb t\u00eb furnizimit. Kjo deklarat\u00eb lidhet me veprimet dhe aktivitetet gjat\u00eb vitit financiar q\u00eb p\u00ebrfundoi m\u00eb 31 dhjetor 2024.<\/li>\n<\/ol>\n<ol class=\"wp-block-list\"><\/ol>\n<p>2. <strong>Biznesi<\/strong><br \/>Kjo deklarat\u00eb mbulon aktivitetet e subjekteve t\u00eb m\u00ebposhtme n\u00eb Mbret\u00ebrin\u00eb e Bashkuar n\u00eb Grupin Vanguard (&quot;Grupi&quot;):<\/p>\n<ul class=\"wp-block-list\">\n<li>Vanguard Healthcare Solutions Limited<\/li>\n<li>Armada Topco Limited <\/li>\n<li>Armada Midco Limited<\/li>\n<li>Armada Bidco Limited <\/li>\n<li>Projekti Darwin Bidco Limited<\/li>\n<li>Vanguard Healthcare Solutions (Modular) Limited<\/li>\n<\/ul>\n<p>Grupi ka ofruar infrastruktur\u00eb klinike fleksibile p\u00ebr m\u00eb shum\u00eb se 25 vjet, duke p\u00ebrfshir\u00eb pajisje, staf dhe sh\u00ebrbime ndihm\u00ebse si p\u00ebr sektorin publik ashtu edhe p\u00ebr at\u00eb privat t\u00eb kujdesit sh\u00ebndet\u00ebsor n\u00eb Mbret\u00ebrin\u00eb e Bashkuar dhe jasht\u00eb saj. Grupi ka lokacione n\u00eb Mbret\u00ebrin\u00eb e Bashkuar dhe Australi. P\u00ebr vitin 2024 kishim mesatarisht 153 punonj\u00ebs, por, si organizat\u00eb, ne mb\u00ebshtetemi te punonj\u00ebsit e agjencive dhe kontraktor\u00ebt.<\/p>\n<p>3. <strong>Zinxhiri i furnizimit dhe njer\u00ebzit tan\u00eb<\/strong><br \/>Zinxhiri i furnizimit i p\u00ebrfshir\u00eb n\u00eb funksionimin dhe projektimin, prodhimin dhe instalimin e struktur\u00ebs son\u00eb klinike fleksib\u00ebl, dhe sigurimin e m\u00ebpassh\u00ebm t\u00eb personelit dhe pajisjeve \u00ebsht\u00eb kompleks. Ai p\u00ebrfshin nivele t\u00eb shumta dhe organizata me madh\u00ebsi t\u00eb ndryshme. T\u00eb gjith\u00eb furnizuesit tan\u00eb jan\u00eb t\u00eb bazuar n\u00eb MB, Evrop\u00eb ose Australi. Ne do t\u00eb p\u00ebrdorim furnizuesit tan\u00eb t\u00eb drejtp\u00ebrdrejt\u00eb p\u00ebr t\u00eb menaxhuar rreziqet e skllav\u00ebris\u00eb moderne dhe trafikimit t\u00eb qenieve njer\u00ebzore n\u00eb t\u00eb gjith\u00eb zinxhirin e furnizimit. Ne kemi komunikuar pritshm\u00ebrit\u00eb dhe k\u00ebrkesat tona p\u00ebr standardet p\u00ebr t&#039;u b\u00ebr\u00eb nj\u00eb nga furnizuesit tan\u00eb t\u00eb miratuar p\u00ebr Grupin ton\u00eb, duke e p\u00ebrcjell\u00eb k\u00ebt\u00eb p\u00ebrmes zinxhirit t\u00eb furnizimit.<\/p>\n<p>Ne operojm\u00eb politika dhe procedura pun\u00ebsimi q\u00eb jan\u00eb krijuar p\u00ebr t&#039;i trajtuar me dinjitet dhe respekt t\u00eb gjith\u00eb individ\u00ebt q\u00eb punojn\u00eb n\u00eb biznesin ton\u00eb. Ne i shp\u00ebrblejm\u00eb me drejt\u00ebsi p\u00ebr pun\u00ebn e tyre dhe nuk i shfryt\u00ebzojm\u00eb. Kjo vlen p\u00ebr angazhimet me punonj\u00ebsit e agjencis\u00eb dhe kontraktor\u00ebt. Rishikimet vjetore nd\u00ebrmerren p\u00ebr t\u00eb vler\u00ebsuar se nivelet e pagave mbeten mjaftuesh\u00ebm mbi pag\u00ebn komb\u00ebtare t\u00eb jetes\u00ebs. Ne kryejm\u00eb kontrollet e duhura para pun\u00ebsimit p\u00ebr t\u00eb gjith\u00eb punonj\u00ebsit tan\u00eb. Ne k\u00ebrkojm\u00eb q\u00eb t\u00eb gjitha agjencit\u00eb e pun\u00ebsimit t\u00eb b\u00ebjn\u00eb t\u00eb nj\u00ebjt\u00ebn gj\u00eb dhe ekipi yn\u00eb i Njer\u00ebzve k\u00ebrkon nj\u00eb siguri se kjo \u00ebsht\u00eb nd\u00ebrmarr\u00eb. Ne respektojm\u00eb kodet profesionale t\u00eb sjelljes p\u00ebr t\u00eb gjith\u00eb punonj\u00ebsit dhe pun\u00ebtor\u00ebt tan\u00eb t\u00eb kualifikuar.<\/p>\n<p>Nd\u00ebrsa zhvillojm\u00eb, duam t\u00eb sigurojm\u00eb se ruajm\u00eb kultur\u00ebn e duhur n\u00eb t\u00eb gjith\u00eb Grupin. Punonj\u00ebsit dhe pun\u00ebtor\u00ebt inkurajohen t\u00eb raportojn\u00eb \u00e7do shqet\u00ebsim n\u00eb p\u00ebrputhje me politik\u00ebn ton\u00eb t\u00eb Liris\u00eb p\u00ebr t\u00eb folur: Rritja e shqet\u00ebsimeve (bilbilfryrjes). Ne kemi nd\u00ebrmarr\u00eb trajnime p\u00ebr Faktor\u00ebt Njer\u00ebzor n\u00eb t\u00eb gjith\u00eb Grupin. Ne vazhdojm\u00eb t\u00eb nd\u00ebrtojm\u00eb ton\u00ebn <em>Vet\u00ebm kultur\u00eb<\/em>, duke siguruar nj\u00eb mjedis t\u00eb sigurt ku individ\u00ebt besojn\u00eb se mund dhe duhet t\u00eb raportojn\u00eb shqet\u00ebsimet pa faj. Ne kemi nj\u00eb Menaxher t\u00eb Sh\u00ebndetit, Siguris\u00eb dhe Mjedisit p\u00ebr Grupin ton\u00eb, i cili \u00ebsht\u00eb p\u00ebrgjegj\u00ebs p\u00ebr t\u00eb siguruar q\u00eb t\u00eb ruhet kultura e duhur e pun\u00ebs. Struktura jon\u00eb e qeverisjes do t\u00eb thot\u00eb q\u00eb m\u00ebsimet e nxjerra ose gabimet raportohen n\u00eb m\u00ebnyr\u00eb organizative dhe ndiqen, duke informuar p\u00ebrmir\u00ebsimin ton\u00eb t\u00eb vazhduesh\u00ebm dhe ISO9001.<\/p>\n<p>Ne kemi nj\u00eb proces parakualifikimi p\u00ebr zinxhirin ton\u00eb t\u00eb furnizimit i cili vler\u00ebson zinxhir\u00ebt tan\u00eb t\u00eb furnizimit dhe rreziqet e mundshme p\u00ebr skllav\u00ebrin\u00eb, pun\u00ebn e f\u00ebmij\u00ebve dhe trafikimin e qenieve njer\u00ebzore. Meqen\u00ebse shumica e furnizuesve tan\u00eb jan\u00eb t\u00eb vendosur n\u00eb Mbret\u00ebrin\u00eb e Bashkuar dhe Australi, dhe shum\u00eb prej tyre operojn\u00eb n\u00eb industri t\u00eb specializuara dhe jo n\u00eb industri me aft\u00ebsi t\u00eb ul\u00ebta, zinxhir\u00ebt tan\u00eb t\u00eb furnizimit jan\u00eb vler\u00ebsuar n\u00eb p\u00ebrgjith\u00ebsi si t\u00eb till\u00eb q\u00eb paraqesin nj\u00eb rrezik t\u00eb ul\u00ebt n\u00eb aspektin e mosrespektimit t\u00eb Aktit. Megjithat\u00eb, rreziqet p\u00ebr zinxhirin ton\u00eb t\u00eb furnizimit monitorohen dhe ne e p\u00ebrdit\u00ebsojm\u00eb procesin ton\u00eb t\u00eb parakualifikimit sipas nevoj\u00ebs.<\/p>\n<p>Ne do t\u00eb punojm\u00eb vet\u00ebm me organizata n\u00eb zinxhirin ton\u00eb t\u00eb furnizimit q\u00eb kan\u00eb angazhime n\u00eb p\u00ebrputhje me Grupin dhe mund t\u00eb ofrojn\u00eb siguri se nuk jan\u00eb t\u00eb p\u00ebrfshir\u00eb n\u00eb skllav\u00ebrin\u00eb moderne ose trafikimin e qenieve njer\u00ebzore. Nd\u00ebrsa \u00ebsht\u00eb detyrimi i k\u00ebtyre organizatave q\u00eb t\u00eb operojn\u00eb politikat dhe procedurat e tyre p\u00ebr t\u00eb arritur k\u00ebt\u00eb objektiv, ne monitorojm\u00eb p\u00ebrmes procesit ton\u00eb t\u00eb parakualifikimit, menaxhimit t\u00eb kontratave dhe praktikave tona ekzistuese p\u00ebr t&#039;u siguruar q\u00eb marrim t\u00eb gjitha hapat e arsyesh\u00ebm p\u00ebr t\u00eb verifikuar pajtueshm\u00ebrin\u00eb me Aktin.<\/p>\n<p>4. <strong>Veprimet e nd\u00ebrmarra n\u00eb 12 muajt e fundit<\/strong><\/p>\n<p>Ne kemi:<\/p>\n<ul class=\"wp-block-list\">\n<li>Rishikuam dhe p\u00ebrmir\u00ebsuam rreziqet dhe masat zbut\u00ebse q\u00eb lidhen me zinxhirin ton\u00eb t\u00eb furnizimit.<\/li>\n<li>Nd\u00ebrmor\u00ebm nj\u00eb rishikim t\u00eb Zinxhirit ton\u00eb t\u00eb Furnizimit p\u00ebr t\u00eb siguruar p\u00ebrputhjen me Aktin.<\/li>\n<li>Standardet e shqyrtuara t\u00eb furnizuesve tan\u00eb po operohen p\u00ebrmes zinxhirit ton\u00eb t\u00eb furnizimit, p\u00ebr furnizuesit ekzistues dhe furnizuesit e rinj.<\/li>\n<li>Vazhdimisht t\u00eb vler\u00ebsohet efektiviteti i struktur\u00ebs son\u00eb t\u00eb qeverisjes dhe t\u00eb b\u00ebra ndryshime p\u00ebr t\u00eb siguruar q\u00eb kontrollet jan\u00eb t\u00eb vendosura n\u00eb p\u00ebrputhje me ligjin.<\/li>\n<li>Vazhduam t\u00eb rrisim nd\u00ebrgjegj\u00ebsimin p\u00ebr Ligjin dhe rreziqet e lidhura me to, si pjes\u00eb e procesit ton\u00eb t\u00eb hyrjes.<\/li>\n<\/ul>\n<p>5. <strong>Planet e p\u00ebrmir\u00ebsimit<\/strong><\/p>\n<p>Ne do t\u00eb jemi:<\/p>\n<ul class=\"wp-block-list\">\n<li>Monitorimi i progresit t\u00eb ndryshimit t\u00eb mundsh\u00ebm t\u00eb Aktit p\u00ebr Skllav\u00ebrin\u00eb Moderne dhe shqyrtimi i vazhduesh\u00ebm i dispozitave t\u00eb Aktit sipas zbatimit t\u00eb aktiviteteve tona t\u00eb biznesit.<\/li>\n<li>P\u00ebrparimi i angazhimit ton\u00eb t\u00eb korporat\u00ebs Mjedisore, Sociale dhe Qeverisjes (ESG) n\u00eb t\u00eb gjith\u00eb Grupin ton\u00eb.<\/li>\n<li>P\u00ebrdit\u00ebsimi i qeverisjes son\u00eb p\u00ebr t\u00eb siguruar q\u00eb objektivat ESG t\u00eb arrihen dhe monitorohen.<\/li>\n<li>Rishikimi i zinxhirit ton\u00eb t\u00eb furnizimit t\u00eb pakt\u00ebn nj\u00eb her\u00eb n\u00eb vit, ose kur identifikohet rreziku si pjes\u00eb e menaxhimit t\u00eb zinxhirit ton\u00eb t\u00eb furnizimit.<\/li>\n<li>Nd\u00ebrmerrni nj\u00eb vler\u00ebsim modern t\u00eb rrezikut t\u00eb skllav\u00ebris\u00eb me agjencit\u00eb tona dhe furnitor\u00ebt kritik\u00eb.<\/li>\n<li>Mbani standardin ton\u00eb t\u00eb furnizuesit p\u00ebr t&#039;u siguruar q\u00eb ai p\u00ebrmbush ambiciet tona ESG dhe Vlera Sociale.<\/li>\n<li>Monitorimi i k\u00ebrkesave t\u00eb k\u00ebrkesave standarde t\u00eb furnizuesit t\u00eb NHS n\u00eb m\u00ebnyr\u00eb q\u00eb t&#039;i p\u00ebrmbushim ato, por ambicia jon\u00eb vazhdon t\u00eb jet\u00eb t&#039;i tejkalojm\u00eb ato.<\/li>\n<li>Mund\u00ebsimi i struktur\u00ebs son\u00eb t\u00eb qeverisjes n\u00eb m\u00ebnyr\u00eb q\u00eb t\u00eb mb\u00ebshtes\u00eb p\u00ebrmir\u00ebsimin e vazhduesh\u00ebm p\u00ebr t\u00eb zbutur rreziqet q\u00eb lidhen me mosp\u00ebrputhjen me Ligjin ose praktik\u00ebn e dob\u00ebt n\u00eb zinxhirin ton\u00eb t\u00eb furnizimit.<\/li>\n<li>P\u00ebrmir\u00ebsimi i nd\u00ebrgjegj\u00ebsimit t\u00eb Grupit p\u00ebr respektimin e ligjit, duke p\u00ebrfshir\u00eb ryshfetin dhe korrupsionin dhe pun\u00ebn e f\u00ebmij\u00ebve.<\/li>\n<li>Vendosja e kontrolleve dhe nj\u00eb kulture p\u00ebr t\u00eb inkurajuar veprime p\u00ebr t\u00eb zbutur rreziqet e mosp\u00ebrputhjes me Aktin n\u00eb t\u00eb gjith\u00eb Grupin ton\u00eb.<\/li>\n<\/ul>\n<p>Kjo deklarat\u00eb \u00ebsht\u00eb miratuar nga Bordi i Drejtor\u00ebve m\u00eb 6 qershor 2025, i cili do ta shqyrtoj\u00eb dhe p\u00ebrdit\u00ebsoj\u00eb at\u00eb \u00e7do vit.<\/p>\n<p><strong>Chris Blackwell-Frost<br \/>CEO<br \/>6 qershor 2025<\/strong><\/p>","protected":false},"excerpt":{"rendered":"<p>Policy Modern slavery is a crime and a violation of fundamental human rights. It takes various forms, such as slavery, servitude, forced and compulsory labour and human trafficking, all of which have in common the deprivation of a person\u2019s liberty by another in order to exploit them for personal or commercial gain. The Group has [&hellip;]<\/p>\n","protected":false},"author":2,"featured_media":0,"parent":0,"menu_order":0,"comment_status":"closed","ping_status":"closed","template":"","meta":{"_acf_changed":false,"footnotes":""},"class_list":["post-366","page","type-page","status-publish","format-standard","hentry"],"acf":[],"yoast_head":"<!-- This site is optimized with the Yoast SEO plugin v27.3 - https:\/\/yoast.com\/product\/yoast-seo-wordpress\/ -->\n<title>Modern slavery and human trafficking statement - Vanguard Life Sciences<\/title>\n<meta name=\"robots\" content=\"index, follow, max-snippet:-1, max-image-preview:large, max-video-preview:-1\" \/>\n<link rel=\"canonical\" href=\"https:\/\/www.vanguardlifesciences.co.uk\/sq_al\/modern-slavery-and-human-trafficking-statement\/\" \/>\n<meta property=\"og:locale\" content=\"sq_AL\" \/>\n<meta property=\"og:type\" content=\"article\" \/>\n<meta property=\"og:title\" content=\"Modern slavery and human trafficking statement - Vanguard Life Sciences\" \/>\n<meta property=\"og:description\" content=\"Policy Modern slavery is a crime and a violation of fundamental human rights. It takes various forms, such as slavery, servitude, forced and compulsory labour and human trafficking, all of which have in common the deprivation of a person\u2019s liberty by another in order to exploit them for personal or commercial gain. The Group has [&hellip;]\" \/>\n<meta property=\"og:url\" content=\"https:\/\/www.vanguardlifesciences.co.uk\/sq_al\/modern-slavery-and-human-trafficking-statement\/\" \/>\n<meta property=\"og:site_name\" content=\"Vanguard Life Sciences\" \/>\n<meta property=\"article:modified_time\" content=\"2025-06-18T10:27:52+00:00\" \/>\n<meta name=\"twitter:card\" content=\"summary_large_image\" \/>\n<meta name=\"twitter:label1\" content=\"Est. reading time\" \/>\n\t<meta name=\"twitter:data1\" content=\"6 minuta\" \/>\n<script type=\"application\/ld+json\" class=\"yoast-schema-graph\">{\"@context\":\"https:\\\/\\\/schema.org\",\"@graph\":[{\"@type\":\"WebPage\",\"@id\":\"https:\\\/\\\/www.vanguardlifesciences.co.uk\\\/modern-slavery-and-human-trafficking-statement\\\/\",\"url\":\"https:\\\/\\\/www.vanguardlifesciences.co.uk\\\/modern-slavery-and-human-trafficking-statement\\\/\",\"name\":\"Modern slavery and human trafficking statement - Vanguard Life Sciences\",\"isPartOf\":{\"@id\":\"https:\\\/\\\/www.vanguardlifesciences.co.uk\\\/#website\"},\"datePublished\":\"2023-06-28T13:13:23+00:00\",\"dateModified\":\"2025-06-18T10:27:52+00:00\",\"breadcrumb\":{\"@id\":\"https:\\\/\\\/www.vanguardlifesciences.co.uk\\\/modern-slavery-and-human-trafficking-statement\\\/#breadcrumb\"},\"inLanguage\":\"sq\",\"potentialAction\":[{\"@type\":\"ReadAction\",\"target\":[\"https:\\\/\\\/www.vanguardlifesciences.co.uk\\\/modern-slavery-and-human-trafficking-statement\\\/\"]}]},{\"@type\":\"BreadcrumbList\",\"@id\":\"https:\\\/\\\/www.vanguardlifesciences.co.uk\\\/modern-slavery-and-human-trafficking-statement\\\/#breadcrumb\",\"itemListElement\":[{\"@type\":\"ListItem\",\"position\":1,\"name\":\"Home\",\"item\":\"https:\\\/\\\/www.vanguardlifesciences.co.uk\\\/\"},{\"@type\":\"ListItem\",\"position\":2,\"name\":\"Modern slavery and human trafficking statement\"}]},{\"@type\":\"WebSite\",\"@id\":\"https:\\\/\\\/www.vanguardlifesciences.co.uk\\\/#website\",\"url\":\"https:\\\/\\\/www.vanguardlifesciences.co.uk\\\/\",\"name\":\"Vanguard Life Sciences\",\"description\":\"\",\"potentialAction\":[{\"@type\":\"SearchAction\",\"target\":{\"@type\":\"EntryPoint\",\"urlTemplate\":\"https:\\\/\\\/www.vanguardlifesciences.co.uk\\\/?s={search_term_string}\"},\"query-input\":{\"@type\":\"PropertyValueSpecification\",\"valueRequired\":true,\"valueName\":\"search_term_string\"}}],\"inLanguage\":\"sq\"}]}<\/script>\n<!-- \/ Yoast SEO plugin. -->","yoast_head_json":{"title":"Modern slavery and human trafficking statement - Vanguard Life Sciences","robots":{"index":"index","follow":"follow","max-snippet":"max-snippet:-1","max-image-preview":"max-image-preview:large","max-video-preview":"max-video-preview:-1"},"canonical":"https:\/\/www.vanguardlifesciences.co.uk\/sq_al\/modern-slavery-and-human-trafficking-statement\/","og_locale":"sq_AL","og_type":"article","og_title":"Modern slavery and human trafficking statement - Vanguard Life Sciences","og_description":"Policy Modern slavery is a crime and a violation of fundamental human rights. It takes various forms, such as slavery, servitude, forced and compulsory labour and human trafficking, all of which have in common the deprivation of a person\u2019s liberty by another in order to exploit them for personal or commercial gain. The Group has [&hellip;]","og_url":"https:\/\/www.vanguardlifesciences.co.uk\/sq_al\/modern-slavery-and-human-trafficking-statement\/","og_site_name":"Vanguard Life Sciences","article_modified_time":"2025-06-18T10:27:52+00:00","twitter_card":"summary_large_image","twitter_misc":{"Est. reading time":"6 minuta"},"schema":{"@context":"https:\/\/schema.org","@graph":[{"@type":"WebPage","@id":"https:\/\/www.vanguardlifesciences.co.uk\/modern-slavery-and-human-trafficking-statement\/","url":"https:\/\/www.vanguardlifesciences.co.uk\/modern-slavery-and-human-trafficking-statement\/","name":"Modern slavery and human trafficking statement - Vanguard Life Sciences","isPartOf":{"@id":"https:\/\/www.vanguardlifesciences.co.uk\/#website"},"datePublished":"2023-06-28T13:13:23+00:00","dateModified":"2025-06-18T10:27:52+00:00","breadcrumb":{"@id":"https:\/\/www.vanguardlifesciences.co.uk\/modern-slavery-and-human-trafficking-statement\/#breadcrumb"},"inLanguage":"sq","potentialAction":[{"@type":"ReadAction","target":["https:\/\/www.vanguardlifesciences.co.uk\/modern-slavery-and-human-trafficking-statement\/"]}]},{"@type":"BreadcrumbList","@id":"https:\/\/www.vanguardlifesciences.co.uk\/modern-slavery-and-human-trafficking-statement\/#breadcrumb","itemListElement":[{"@type":"ListItem","position":1,"name":"Home","item":"https:\/\/www.vanguardlifesciences.co.uk\/"},{"@type":"ListItem","position":2,"name":"Modern slavery and human trafficking statement"}]},{"@type":"WebSite","@id":"https:\/\/www.vanguardlifesciences.co.uk\/#website","url":"https:\/\/www.vanguardlifesciences.co.uk\/","name":"Vanguard Life Sciences","description":"","potentialAction":[{"@type":"SearchAction","target":{"@type":"EntryPoint","urlTemplate":"https:\/\/www.vanguardlifesciences.co.uk\/?s={search_term_string}"},"query-input":{"@type":"PropertyValueSpecification","valueRequired":true,"valueName":"search_term_string"}}],"inLanguage":"sq"}]}},"_links":{"self":[{"href":"https:\/\/www.vanguardlifesciences.co.uk\/sq_al\/wp-json\/wp\/v2\/pages\/366","targetHints":{"allow":["GET"]}}],"collection":[{"href":"https:\/\/www.vanguardlifesciences.co.uk\/sq_al\/wp-json\/wp\/v2\/pages"}],"about":[{"href":"https:\/\/www.vanguardlifesciences.co.uk\/sq_al\/wp-json\/wp\/v2\/types\/page"}],"author":[{"embeddable":true,"href":"https:\/\/www.vanguardlifesciences.co.uk\/sq_al\/wp-json\/wp\/v2\/users\/2"}],"replies":[{"embeddable":true,"href":"https:\/\/www.vanguardlifesciences.co.uk\/sq_al\/wp-json\/wp\/v2\/comments?post=366"}],"version-history":[{"count":0,"href":"https:\/\/www.vanguardlifesciences.co.uk\/sq_al\/wp-json\/wp\/v2\/pages\/366\/revisions"}],"wp:attachment":[{"href":"https:\/\/www.vanguardlifesciences.co.uk\/sq_al\/wp-json\/wp\/v2\/media?parent=366"}],"curies":[{"name":"wp","href":"https:\/\/api.w.org\/{rel}","templated":true}]}}