{"id":316,"date":"2023-06-26T15:37:53","date_gmt":"2023-06-26T15:37:53","guid":{"rendered":"https:\/\/www.vanguardlifesciences.co.uk\/?page_id=316"},"modified":"2024-04-09T10:54:17","modified_gmt":"2024-04-09T10:54:17","slug":"partner-programme","status":"publish","type":"page","link":"https:\/\/www.vanguardlifesciences.co.uk\/sq_al\/partner-programme\/","title":{"rendered":"program partner"},"content":{"rendered":"<section id=\"section-319-315\" class=\"ct-section\" >\n<div class=\"ct-section-inner-wrap\">\n<div id=\"new_columns-320-315\" class=\"ct-new-columns\" >\n<div id=\"div_block-321-315\" class=\"ct-div-block\" >\n<h2 id=\"headline-322-315\" class=\"ct-headline\">Partner\u00ebt tan\u00eb t\u00eb zgjedhur me kujdes i shtojn\u00eb vler\u00eb sh\u00ebrbimit ton\u00eb<\/h2>\n<div id=\"_rich_text-323-315\" class=\"oxy-rich-text\" >\n<p>Programi Partner bashkon ekspertiz\u00ebn ton\u00eb n\u00eb ofrimin e hap\u00ebsirave fleksib\u00ebl t\u00eb kujdesit sh\u00ebndet\u00ebsor dhe zgjidhjeve me ofrues t\u00eb tjer\u00eb kryesor\u00eb t\u00eb kujdesit sh\u00ebndet\u00ebsor p\u00ebr t\u00eb leht\u00ebsuar nj\u00eb ekosistem partner\u00ebsh q\u00eb mendojn\u00eb p\u00ebrpara, t\u00eb cil\u00ebt jan\u00eb t\u00eb p\u00ebrkushtuar ndaj nj\u00eb qasjeje bashk\u00ebpunuese dhe inovative.<\/p>\n<p>Puna e hapur dhe konstruktive me ofruesit e tjer\u00eb p\u00ebr t\u00eb planifikuar, pajisur, stafin dhe ofruar k\u00ebto leht\u00ebsira t\u00eb reja rrit cil\u00ebsin\u00eb e mjedisit t\u00eb ri klinik, ofron nj\u00eb qasje nga fundi n\u00eb fund dhe siguron vler\u00eb p\u00ebr klient\u00ebt tan\u00eb t\u00eb p\u00ebrbashk\u00ebt.<\/p>\n<\/div>\n<\/div>\n<div id=\"div_block-324-315\" class=\"ct-div-block\" ><img decoding=\"async\"  id=\"image-325-315\" alt=\"\" src=\"https:\/\/www.vanguardlifesciences.co.uk\/wp-content\/uploads\/sites\/9\/2023\/06\/partners-info.png\" class=\"ct-image\"\/><\/div>\n<\/div>\n<\/div>\n<\/section>\n<section id=\"section-332-315\" class=\"ct-section\" >\n<div class=\"ct-section-inner-wrap\">\n<h3 id=\"headline-339-315\" class=\"ct-headline\">Ekzistojn\u00eb kat\u00ebr lloje kryesore t\u00eb partner\u00ebve me t\u00eb cil\u00ebt zakonisht punojm\u00eb:<\/h3>\n<div id=\"new_columns-333-315\" class=\"ct-new-columns\" >\n<div id=\"div_block-334-315\" class=\"ct-div-block\" >\n<div id=\"div_block-345-315\" class=\"ct-div-block box-shadow\" >\n<div id=\"_rich_text-346-315\" class=\"oxy-rich-text\" >\n<p><strong>Nd\u00ebrtimi<\/strong><br \/>Ofroni pa probleme zgjidhje modulare dhe mobile t\u00eb specializuara t\u00eb kujdesit sh\u00ebndet\u00ebsor gjat\u00eb nd\u00ebrtimit t\u00eb projekteve t\u00eb reja t\u00eb nd\u00ebrtimit dhe rinovimit t\u00eb spitalit p\u00ebr t\u00eb ruajtur dhe p\u00ebrmir\u00ebsuar vazhdim\u00ebsin\u00eb e kujdesit.\u00a0<\/p>\n<\/div>\n<\/div>\n<\/div>\n<div id=\"div_block-335-315\" class=\"ct-div-block\" >\n<div id=\"div_block-342-315\" class=\"ct-div-block box-shadow\" >\n<div id=\"_rich_text-337-315\" class=\"oxy-rich-text\" >\n<p><strong>Prodhuesit e pajisjeve<\/strong><br \/>Ky partneritet u ofron spitaleve nj\u00eb zgjidhje nga fundi n\u00eb fund. Objektet modulare dhe t\u00eb l\u00ebvizshme ofrohen t\u00eb kompletuara me risit\u00eb m\u00eb t\u00eb fundit n\u00eb pajisjet mjek\u00ebsore, t\u00eb krijuara gjithmon\u00eb p\u00ebr t\u00eb p\u00ebrmbushur nevojat e klinicist\u00ebve q\u00eb p\u00ebrdorin hap\u00ebsirat tona t\u00eb kujdesit sh\u00ebndet\u00ebsor.<\/p>\n<\/div>\n<\/div>\n<\/div>\n<\/div>\n<div id=\"new_columns-350-315\" class=\"ct-new-columns\" >\n<div id=\"div_block-351-315\" class=\"ct-div-block\" >\n<div id=\"div_block-354-315\" class=\"ct-div-block box-shadow\" >\n<div id=\"_rich_text-355-315\" class=\"oxy-rich-text\" >\n<p><strong>K\u00ebshillimore<\/strong><br \/>Duke punuar ngusht\u00eb me arkitekt\u00eb dhe projektues p\u00ebr t\u00eb inkorporuar Metodat Moderne t\u00eb Nd\u00ebrtimit (MMC) n\u00eb programet e nd\u00ebrtimit dhe rinovimit t\u00eb spitaleve. Rezultati p\u00ebrfundimtar \u00ebsht\u00eb nj\u00eb mjedis pune i q\u00ebndruesh\u00ebm, produktiv dhe me kosto efektive.\u00a0<\/p>\n<\/div>\n<\/div>\n<\/div>\n<div id=\"div_block-356-315\" class=\"ct-div-block\" >\n<div id=\"div_block-359-315\" class=\"ct-div-block box-shadow\" >\n<div id=\"_rich_text-360-315\" class=\"oxy-rich-text\" >\n<p><strong>Operator\u00ebt e sh\u00ebrbimit klinik<\/strong><br \/>Hap\u00ebsirat tona t\u00eb kujdesit sh\u00ebndet\u00ebsor me cil\u00ebsi t\u00eb lart\u00eb plot\u00ebsohen nga zgjidhje t\u00eb personelit ekspert\u00eb p\u00ebr t\u00eb ofruar nj\u00eb sh\u00ebrbim t\u00eb menaxhuar plot\u00ebsisht nga fundi n\u00eb fund, duke ndihmuar spitalet t\u00eb ruajn\u00eb nivelet e sh\u00ebrbimit dhe produktivitetin.\u00a0<\/p>\n<\/div>\n<\/div>\n<\/div>\n<\/div>\n<\/div>\n<\/section>","protected":false},"excerpt":{"rendered":"","protected":false},"author":2,"featured_media":0,"parent":0,"menu_order":0,"comment_status":"closed","ping_status":"closed","template":"","meta":{"_acf_changed":false,"footnotes":""},"class_list":["post-316","page","type-page","status-publish","format-standard","hentry"],"acf":[],"yoast_head":"<!-- This site is optimized with the Yoast SEO plugin v27.3 - https:\/\/yoast.com\/product\/yoast-seo-wordpress\/ -->\n<title>Partner programme - Vanguard Life Sciences<\/title>\n<meta name=\"robots\" content=\"index, follow, max-snippet:-1, max-image-preview:large, max-video-preview:-1\" \/>\n<link rel=\"canonical\" href=\"https:\/\/www.vanguardlifesciences.co.uk\/sq_al\/partner-programme\/\" \/>\n<meta property=\"og:locale\" content=\"sq_AL\" \/>\n<meta property=\"og:type\" content=\"article\" \/>\n<meta property=\"og:title\" content=\"Partner programme - Vanguard Life Sciences\" \/>\n<meta property=\"og:url\" content=\"https:\/\/www.vanguardlifesciences.co.uk\/sq_al\/partner-programme\/\" \/>\n<meta property=\"og:site_name\" content=\"Vanguard Life Sciences\" \/>\n<meta property=\"article:modified_time\" content=\"2024-04-09T10:54:17+00:00\" \/>\n<meta name=\"twitter:card\" content=\"summary_large_image\" \/>\n<meta name=\"twitter:label1\" content=\"Est. reading time\" \/>\n\t<meta name=\"twitter:data1\" content=\"1 minut\u00eb\" \/>\n<script type=\"application\/ld+json\" class=\"yoast-schema-graph\">{\"@context\":\"https:\\\/\\\/schema.org\",\"@graph\":[{\"@type\":\"WebPage\",\"@id\":\"https:\\\/\\\/www.vanguardlifesciences.co.uk\\\/partner-programme\\\/\",\"url\":\"https:\\\/\\\/www.vanguardlifesciences.co.uk\\\/partner-programme\\\/\",\"name\":\"Partner programme - Vanguard Life Sciences\",\"isPartOf\":{\"@id\":\"https:\\\/\\\/www.vanguardlifesciences.co.uk\\\/#website\"},\"datePublished\":\"2023-06-26T15:37:53+00:00\",\"dateModified\":\"2024-04-09T10:54:17+00:00\",\"breadcrumb\":{\"@id\":\"https:\\\/\\\/www.vanguardlifesciences.co.uk\\\/partner-programme\\\/#breadcrumb\"},\"inLanguage\":\"sq\",\"potentialAction\":[{\"@type\":\"ReadAction\",\"target\":[\"https:\\\/\\\/www.vanguardlifesciences.co.uk\\\/partner-programme\\\/\"]}]},{\"@type\":\"BreadcrumbList\",\"@id\":\"https:\\\/\\\/www.vanguardlifesciences.co.uk\\\/partner-programme\\\/#breadcrumb\",\"itemListElement\":[{\"@type\":\"ListItem\",\"position\":1,\"name\":\"Home\",\"item\":\"https:\\\/\\\/www.vanguardlifesciences.co.uk\\\/\"},{\"@type\":\"ListItem\",\"position\":2,\"name\":\"Partner programme\"}]},{\"@type\":\"WebSite\",\"@id\":\"https:\\\/\\\/www.vanguardlifesciences.co.uk\\\/#website\",\"url\":\"https:\\\/\\\/www.vanguardlifesciences.co.uk\\\/\",\"name\":\"Vanguard Life Sciences\",\"description\":\"\",\"potentialAction\":[{\"@type\":\"SearchAction\",\"target\":{\"@type\":\"EntryPoint\",\"urlTemplate\":\"https:\\\/\\\/www.vanguardlifesciences.co.uk\\\/?s={search_term_string}\"},\"query-input\":{\"@type\":\"PropertyValueSpecification\",\"valueRequired\":true,\"valueName\":\"search_term_string\"}}],\"inLanguage\":\"sq\"}]}<\/script>\n<!-- \/ Yoast SEO plugin. -->","yoast_head_json":{"title":"Partner programme - Vanguard Life Sciences","robots":{"index":"index","follow":"follow","max-snippet":"max-snippet:-1","max-image-preview":"max-image-preview:large","max-video-preview":"max-video-preview:-1"},"canonical":"https:\/\/www.vanguardlifesciences.co.uk\/sq_al\/partner-programme\/","og_locale":"sq_AL","og_type":"article","og_title":"Partner programme - Vanguard Life Sciences","og_url":"https:\/\/www.vanguardlifesciences.co.uk\/sq_al\/partner-programme\/","og_site_name":"Vanguard Life Sciences","article_modified_time":"2024-04-09T10:54:17+00:00","twitter_card":"summary_large_image","twitter_misc":{"Est. reading time":"1 minut\u00eb"},"schema":{"@context":"https:\/\/schema.org","@graph":[{"@type":"WebPage","@id":"https:\/\/www.vanguardlifesciences.co.uk\/partner-programme\/","url":"https:\/\/www.vanguardlifesciences.co.uk\/partner-programme\/","name":"Partner programme - Vanguard Life Sciences","isPartOf":{"@id":"https:\/\/www.vanguardlifesciences.co.uk\/#website"},"datePublished":"2023-06-26T15:37:53+00:00","dateModified":"2024-04-09T10:54:17+00:00","breadcrumb":{"@id":"https:\/\/www.vanguardlifesciences.co.uk\/partner-programme\/#breadcrumb"},"inLanguage":"sq","potentialAction":[{"@type":"ReadAction","target":["https:\/\/www.vanguardlifesciences.co.uk\/partner-programme\/"]}]},{"@type":"BreadcrumbList","@id":"https:\/\/www.vanguardlifesciences.co.uk\/partner-programme\/#breadcrumb","itemListElement":[{"@type":"ListItem","position":1,"name":"Home","item":"https:\/\/www.vanguardlifesciences.co.uk\/"},{"@type":"ListItem","position":2,"name":"Partner programme"}]},{"@type":"WebSite","@id":"https:\/\/www.vanguardlifesciences.co.uk\/#website","url":"https:\/\/www.vanguardlifesciences.co.uk\/","name":"Vanguard Life Sciences","description":"","potentialAction":[{"@type":"SearchAction","target":{"@type":"EntryPoint","urlTemplate":"https:\/\/www.vanguardlifesciences.co.uk\/?s={search_term_string}"},"query-input":{"@type":"PropertyValueSpecification","valueRequired":true,"valueName":"search_term_string"}}],"inLanguage":"sq"}]}},"_links":{"self":[{"href":"https:\/\/www.vanguardlifesciences.co.uk\/sq_al\/wp-json\/wp\/v2\/pages\/316","targetHints":{"allow":["GET"]}}],"collection":[{"href":"https:\/\/www.vanguardlifesciences.co.uk\/sq_al\/wp-json\/wp\/v2\/pages"}],"about":[{"href":"https:\/\/www.vanguardlifesciences.co.uk\/sq_al\/wp-json\/wp\/v2\/types\/page"}],"author":[{"embeddable":true,"href":"https:\/\/www.vanguardlifesciences.co.uk\/sq_al\/wp-json\/wp\/v2\/users\/2"}],"replies":[{"embeddable":true,"href":"https:\/\/www.vanguardlifesciences.co.uk\/sq_al\/wp-json\/wp\/v2\/comments?post=316"}],"version-history":[{"count":0,"href":"https:\/\/www.vanguardlifesciences.co.uk\/sq_al\/wp-json\/wp\/v2\/pages\/316\/revisions"}],"wp:attachment":[{"href":"https:\/\/www.vanguardlifesciences.co.uk\/sq_al\/wp-json\/wp\/v2\/media?parent=316"}],"curies":[{"name":"wp","href":"https:\/\/api.w.org\/{rel}","templated":true}]}}