{"id":143,"date":"2023-06-05T15:04:05","date_gmt":"2023-06-05T15:04:05","guid":{"rendered":"https:\/\/www.vanguardlifesciences.co.uk\/?page_id=143"},"modified":"2026-01-13T09:27:17","modified_gmt":"2026-01-13T09:27:17","slug":"careers","status":"publish","type":"page","link":"https:\/\/www.vanguardlifesciences.co.uk\/sq_al\/careers\/","title":{"rendered":"Karriera"},"content":{"rendered":"<section id=\"section-2-14\" class=\"ct-section\" >\n<div class=\"ct-section-inner-wrap\">\n<div id=\"new_columns-3-14\" class=\"ct-new-columns\" >\n<div id=\"div_block-4-14\" class=\"ct-div-block\" >\n<div id=\"div_block-21-223\" class=\"ct-div-block\" ><a id=\"link_text-13-223\" class=\"ct-link-text\" href=\"\/sq_al\/\" target=\"_self\"  >Sht\u00ebpi<\/a><a id=\"link_text-25-223\" class=\"ct-link-text\" href=\"http:\/\/\" target=\"_self\"  >&gt;<\/a><\/p>\n<div id=\"text_block-26-223\" class=\"ct-text-block\" ><span id=\"span-27-223\" class=\"ct-span\" >Karriera<\/span><\/div>\n<\/div>\n<div id=\"div_block-17-223\" class=\"ct-div-block\" >\n<h1 id=\"headline-5-14\" class=\"ct-headline\">B\u00ebhuni pjes\u00eb e nj\u00eb ekipi n\u00eb zgjerim brenda MB<\/h1>\n<\/div>\n<\/div>\n<div id=\"div_block-9-14\" class=\"ct-div-block\" ><link rel='stylesheet' id='oxygen-unslider-css'  href='https:\/\/www.vanguardlifesciences.co.uk\/wp-content\/plugins\/oxygen\/component-framework\/vendor\/unslider\/unslider.css' type='text\/css' media='all'\/>\n<div id=\"slider-88-14\" class=\"ct-slider ct_unique_slider_7544\" >\n<div class=\"oxygen-unslider-container\">\n<ul>\n<li>\n<div id=\"slide-89-14\" class=\"ct-slide\" ><img decoding=\"async\"  id=\"image-96-14\" alt=\"\" src=\"https:\/\/www.vanguardlifesciences.co.uk\/wp-content\/uploads\/sites\/9\/2025\/11\/Image-62.jpg\" class=\"ct-image\"\/><\/div>\n<\/li>\n<li>\n<div id=\"slide-101-14\" class=\"ct-slide\" ><img decoding=\"async\"  id=\"image-102-14\" alt=\"\" src=\"https:\/\/www.vanguardlifesciences.co.uk\/wp-content\/uploads\/sites\/9\/2025\/11\/Vanguard-Commercial-Photography-202.jpg\" class=\"ct-image\"\/><\/div>\n<\/li>\n<\/ul>\n<\/div>\n<\/div>\n<p><script class=\"ct-slider-script\">jQuery(document).ready(function($){$('#slider-88-14.ct_unique_slider_7544 .oxygen-unslider-container:not(.unslider-horizontal,.unslider-fade)').unslider({autoplay: true, delay: 3000, animation: 'horizontal', speed : 750, arrows: true, nav: false, infinite: true})});<\/script><\/div>\n<\/div>\n<\/div>\n<\/section>\n<section id=\"section-68-14-text-left-white\" class=\"ct-section\" >\n<div class=\"ct-section-inner-wrap\">\n<div id=\"new_columns-69-14text-left-white\" class=\"ct-new-columns\" >\n<div id=\"div_block-70-14\" class=\"ct-div-block\" >\n<h2 id=\"headline-71-14\" class=\"ct-headline\">Si \u00ebsht\u00eb t\u00eb punosh p\u00ebr ne<\/h2>\n<div id=\"_rich_text-72-14\" class=\"oxy-rich-text\" >\n<p dir=\"ltr\">Ne i vler\u00ebsojm\u00eb njer\u00ebzit tan\u00eb dhe ofrojm\u00eb nj\u00eb mjedis mb\u00ebshtet\u00ebs q\u00eb ata t\u00eb lul\u00ebzojn\u00eb.&nbsp;<\/p>\n<p dir=\"ltr\">Ne kemi vazhduar t\u00eb punojm\u00eb n\u00eb m\u00ebnyr\u00eb fleksib\u00ebl q\u00eb nga pandemia dhe njohim bilancin pozitiv t\u00eb pun\u00ebs hibride p\u00ebr shum\u00eb nga rolet tona mb\u00ebshtet\u00ebse tradicionale t\u00eb bazuara n\u00eb zyr\u00eb.<\/p>\n<p dir=\"ltr\">Ne jemi nj\u00eb ekip mb\u00ebshtet\u00ebs dhe i kujdessh\u00ebm dhe kemi trajnuar ndihm\u00ebs t\u00eb par\u00eb t\u00eb sh\u00ebndetit mendor n\u00eb t\u00eb gjith\u00eb popullsin\u00eb ton\u00eb t\u00eb punonj\u00ebsve dhe nj\u00eb s\u00ebr\u00eb p\u00ebrfitimesh q\u00eb mb\u00ebshtesin mir\u00ebqenien ton\u00eb.<\/p>\n<p dir=\"ltr\">Na p\u00eblqen t\u00eb m\u00ebsojm\u00eb dhe t\u00eb mb\u00ebshtesim zhvillimin n\u00eb t\u00eb gjith\u00eb biznesin. Ne ofrojm\u00eb rimbursim p\u00ebr an\u00ebtar\u00ebsimet profesionale \u00e7do vit dhe mb\u00ebshtesim shum\u00eb nga an\u00ebtar\u00ebt e ekipit ton\u00eb me studime profesionale si pjes\u00eb e zhvillimit t\u00eb tyre t\u00eb karrier\u00ebs.&nbsp;<\/p>\n<p dir=\"ltr\">Me nj\u00eb ekip n\u00eb rritje t\u00eb shpejt\u00eb prej mbi 150 koleg\u00ebsh nd\u00ebrkomb\u00ebtarisht, vlerat tona p\u00ebrcaktojn\u00eb m\u00ebnyr\u00ebn se si ne b\u00ebjm\u00eb biznes me klient\u00ebt tan\u00eb, brenda dhe jasht\u00eb: t\u00eb fokusuar te pacient\u00ebt; Inovative; T\u00eb p\u00ebrgjegjshme; I pasionuar; Puna ekipore.<\/p>\n<p dir=\"ltr\">Rezultatet e anket\u00ebs son\u00eb t\u00eb angazhimit t\u00eb vitit 2023 tregojn\u00eb p\u00ebrkushtimin ton\u00eb ndaj njer\u00ebzve tan\u00eb, me <strong>82% angazhim pozitiv<\/strong> n\u00eb t\u00eb gjith\u00eb biznesin.<\/p>\n<p dir=\"ltr\">Mbi <strong>90%<\/strong> tha nga popullsia jon\u00eb e punonj\u00ebsve n\u00eb Mbret\u00ebrin\u00eb e Bashkuar <em>\u201cUn\u00eb do t\u00eb rekomandoja t\u00eb punoni k\u00ebtu p\u00ebr miqt\u00eb dhe familjen\u201d<\/em> dhe <strong>98%<\/strong> t\u00eb popullat\u00ebs son\u00eb klinike thon\u00eb <em>\u201cDua t\u00eb punoj k\u00ebtu pas 12 muajsh\u201d<\/em>.<\/p>\n<\/div>\n<\/div>\n<div id=\"div_block-74-14\" class=\"ct-div-block\" ><img decoding=\"async\"  id=\"image-75-14\" alt=\"\" src=\"https:\/\/www.vanguardlifesciences.co.uk\/wp-content\/uploads\/sites\/9\/2026\/01\/Manria-Brar.jpg\" class=\"ct-image\"\/><\/div>\n<\/div>\n<\/div>\n<\/section>\n<section id=\"section-2-802\" class=\"ct-section\" style=\"background-image:linear-gradient(rgba(0,73,131,0.73), rgba(0,73,131,0.73)), url(https:\/\/www.vanguardlifesciences.co.uk\/wp-content\/uploads\/sites\/9\/2023\/05\/boulders-right.png);background-size:auto,  auto;\" >\n<div class=\"ct-section-inner-wrap\">\n<div id=\"div_block-3-802\" class=\"ct-div-block\" >\n<div id=\"text_block-5-802\" class=\"ct-text-block\" >Vizioni yn\u00eb i njer\u00ebzve \u00ebsht\u00eb:<\/div>\n<div id=\"_rich_text-4-802\" class=\"oxy-rich-text\" >\n<p>P\u00ebr t&#039;i mund\u00ebsuar popullit ton\u00eb t\u00eb arrij\u00eb rezultate t\u00eb jasht\u00ebzakonshme. Ne e b\u00ebjm\u00eb k\u00ebt\u00eb duke krijuar ekipe t\u00eb fuqizuara dhe t\u00eb shkath\u00ebta, t\u00eb mb\u00ebshtetura nga udh\u00ebheqja autentike dhe e dhembshur dhe duke ofruar nj\u00eb mjedis gjith\u00ebp\u00ebrfshir\u00ebs p\u00ebr rritje.<\/p>\n<\/div>\n<\/div>\n<\/div>\n<\/section>\n<section id=\"text-left-blue\" class=\"ct-section\" >\n<div class=\"ct-section-inner-wrap\">\n<div id=\"new_columns-107-34-blue\" class=\"ct-new-columns\" >\n<div id=\"div_block-108-34\" class=\"ct-div-block\" >\n<h2 id=\"headline-109-34\" class=\"ct-headline\">P\u00ebrfitimet tona<\/h2>\n<div id=\"_rich_text-110-34\" class=\"oxy-rich-text\" >\n<p>Ne ofrojm\u00eb pako konkurruese pagash dhe t\u00eb gjitha rolet tona vijn\u00eb me p\u00ebrfitimet e m\u00ebposhtme:<\/p>\n<p dir=\"ltr\"><strong>M\u00ebnyra e jetes\u00ebs&nbsp;<\/strong><\/p>\n<ul>\n<li dir=\"ltr\">\n<p dir=\"ltr\" role=\"presentation\">5 jav\u00eb pushim vjetor (p\u00ebrve\u00e7 pushimeve bankare n\u00eb Mbret\u00ebrin\u00eb e Bashkuar)<\/p>\n<\/li>\n<li dir=\"ltr\">\n<p dir=\"ltr\" role=\"presentation\">Nj\u00eb opsion p\u00ebr t\u00eb bler\u00eb \/ shitur nj\u00eb shtes\u00eb 1 jav\u00eb pushim vjetor<\/p>\n<\/li>\n<li dir=\"ltr\">\n<p dir=\"ltr\" role=\"presentation\">Skema e zbritjeve t\u00eb punonj\u00ebsve \u2013 skema e zbritjeve n\u00eb internet p\u00ebr ofruesit e shitjeve me pakic\u00eb, sh\u00ebndetit, koh\u00ebs s\u00eb lir\u00eb dhe stilit t\u00eb jetes\u00ebs<\/p>\n<\/li>\n<li dir=\"ltr\">\n<p dir=\"ltr\" role=\"presentation\">Pensioni i kompanis\u00eb (5% kontributi i shoq\u00ebris\u00eb dhe 5% kontributi i punonj\u00ebsve, i cili mund t\u00eb rritet n\u00eb \u00e7do koh\u00eb)<\/p>\n<\/li>\n<\/ul>\n<\/div>\n<\/div>\n<div id=\"div_block-112-34\" class=\"ct-div-block\" ><img decoding=\"async\"  id=\"image-113-34\" alt=\"\" src=\"https:\/\/www.vanguardlifesciences.co.uk\/wp-content\/uploads\/sites\/9\/2023\/07\/team-7-1.jpg\" class=\"ct-image\"\/><\/div>\n<\/div>\n<\/div>\n<\/section>\n<section id=\"section-88-34-blue2\" class=\"ct-section\" >\n<div class=\"ct-section-inner-wrap\">\n<div id=\"new_columns-13-665\" class=\"ct-new-columns\" >\n<div id=\"div_block-14-665\" class=\"ct-div-block\" >\n<div id=\"_rich_text-18-665\" class=\"oxy-rich-text\" >\n<p dir=\"ltr\"><strong>Mir\u00ebqenia<\/strong><\/p>\n<ul>\n<li dir=\"ltr\">\n<p dir=\"ltr\" role=\"presentation\">Pages\u00eb e rritur e s\u00ebmundjes nga kompania&nbsp;<\/p>\n<\/li>\n<li dir=\"ltr\">Pages\u00eb e zgjeruar p\u00ebr leje lindjeje, at\u00ebsie, bir\u00ebsimi dhe leje t\u00eb p\u00ebrbashk\u00ebt prind\u00ebrore<\/li>\n<li dir=\"ltr\">\n<p dir=\"ltr\" role=\"presentation\">Rimbursimi i vaksin\u00ebs kund\u00ebr gripit&nbsp;<\/p>\n<\/li>\n<li dir=\"ltr\">\n<p dir=\"ltr\" role=\"presentation\">Plani i parave t\u00eb kujdesit sh\u00ebndet\u00ebsor p\u00ebrmes Paycare, duke p\u00ebrfshir\u00eb kthimin e parave p\u00ebr shpenzimet mjek\u00ebsore, ekzaminimin sh\u00ebndet\u00ebsor dhe terapit\u00eb alternative<\/p>\n<\/li>\n<li dir=\"ltr\">\n<p dir=\"ltr\" role=\"presentation\">Qasje 24\/7 te mjeku i p\u00ebrgjithsh\u00ebm me mbulim mbar\u00ebbot\u00ebror dhe sh\u00ebrbim privat me recet\u00eb<\/p>\n<\/li>\n<li dir=\"ltr\">\n<p dir=\"ltr\" role=\"presentation\">Programi i Asistenc\u00ebs s\u00eb Punonj\u00ebsve, duke p\u00ebrfshir\u00eb k\u00ebshillimin konfidencial dhe sh\u00ebrbimin e linj\u00ebs s\u00eb ndihm\u00ebs<\/p>\n<\/li>\n<li dir=\"ltr\">\n<p dir=\"ltr\" role=\"presentation\">Sigurimi i jet\u00ebs (ekuivalente me 4 x pag\u00eb vjetore)&nbsp;<\/p>\n<\/li>\n<li dir=\"ltr\">\n<p dir=\"ltr\" role=\"presentation\">Skema nga cikli n\u00eb pun\u00eb<\/p>\n<\/li>\n<li dir=\"ltr\">Skema Tusker Car - nj\u00eb p\u00ebrfitim sakrifice nga paga p\u00ebr punonj\u00ebsit q\u00eb t\u00eb drejtojn\u00eb nj\u00eb makin\u00eb t\u00eb re, t\u00eb siguruar plot\u00ebsisht dhe t\u00eb mir\u00ebmbajtur p\u00ebr nj\u00eb kosto fikse mujore t\u00eb zbritur nga paga e tyre.<\/li>\n<li dir=\"ltr\">YellowNest - nj\u00eb p\u00ebrfitim i sakrific\u00ebs s\u00eb pag\u00ebs i projektuar p\u00ebr t\u00eb kursyer para prind\u00ebrve n\u00eb tarifat e kujdesit p\u00ebr f\u00ebmij\u00ebt.<\/li>\n<li dir=\"ltr\">\n<p dir=\"ltr\" role=\"presentation\">Sh\u00ebrbimi i Sh\u00ebndetit n\u00eb Pun\u00eb<\/p>\n<\/li>\n<li dir=\"ltr\">\n<p dir=\"ltr\" role=\"presentation\">Ndihma e Par\u00eb e Sh\u00ebndetit Mendor p\u00ebrmes ndihm\u00ebsve t\u00eb trajnuar t\u00eb sh\u00ebndetit mendor n\u00eb t\u00eb gjith\u00eb organizat\u00ebn<\/p>\n<\/li>\n<\/ul>\n<p dir=\"ltr\"><strong>Zhvillimi<\/strong><\/p>\n<ul>\n<li dir=\"ltr\">\n<p dir=\"ltr\" role=\"presentation\">Rimbursimi p\u00ebr an\u00ebtar\u00ebsimet profesionale vjetore<\/p>\n<\/li>\n<li dir=\"ltr\">\n<p dir=\"ltr\" role=\"presentation\">Mb\u00ebshtetje p\u00ebr Studime Profesionale si pjes\u00eb e zhvillimit t\u00eb karrier\u00ebs<\/p>\n<\/li>\n<\/ul>\n<p>&nbsp;<\/p>\n<p>N\u00ebse po i bashkoheni biznesit ton\u00eb Vanguard Modular, paketa juaj e p\u00ebrfitimeve do t\u00eb diskutohet n\u00eb intervist\u00eb.<\/p>\n<\/div>\n<\/div>\n<div id=\"div_block-16-665\" class=\"ct-div-block\" >\n<div id=\"_rich_text-19-665\" class=\"oxy-rich-text\" >\n<p dir=\"ltr\"><strong>Njohja e punonj\u00ebsve<\/strong><\/p>\n<p dir=\"ltr\">Ne i njohim rregullisht njer\u00ebzit tan\u00eb p\u00ebrmes aktiviteteve t\u00eb m\u00ebposhtme t\u00eb njohjes:<\/p>\n<ul>\n<li dir=\"ltr\">\n<p dir=\"ltr\" role=\"presentation\">Njohja e sh\u00ebrbimit t\u00eb gjat\u00eb<\/p>\n<\/li>\n<li dir=\"ltr\">\n<p dir=\"ltr\" role=\"presentation\">Vanguard vler\u00ebson \u00e7mimet<\/p>\n<\/li>\n<li dir=\"ltr\">\n<p dir=\"ltr\" role=\"presentation\">Ngjarjet e festimeve t\u00eb punonj\u00ebsve<\/p>\n<\/li>\n<\/ul>\n<p dir=\"ltr\"><strong>Mjedisore, Sociale dhe Qeverisje<\/strong><\/p>\n<ul>\n<li dir=\"ltr\">\n<p dir=\"ltr\" role=\"presentation\">Ne ofrojm\u00eb mund\u00ebsi q\u00eb an\u00ebtar\u00ebt e ekipit t\u00eb p\u00ebrfshihen n\u00eb aktivitete dhe iniciativa duke p\u00ebrfshir\u00eb dit\u00ebt e vullnetarizmit (1 \u2013 3 dit\u00eb me pages\u00eb) q\u00eb mb\u00ebshtesin ESG dhe angazhimet tona<\/p>\n<\/li>\n<\/ul>\n<p dir=\"ltr\"><strong>P\u00ebrfitimet e m\u00ebposhtme varen nga roli:<\/strong><\/p>\n<ul>\n<li dir=\"ltr\">\n<p dir=\"ltr\" role=\"presentation\">Makina e kompanis\u00eb ose kompensimi i makin\u00ebs<\/p>\n<\/li>\n<li dir=\"ltr\">\n<p dir=\"ltr\" role=\"presentation\">Puna hibride&nbsp;<\/p>\n<\/li>\n<li dir=\"ltr\">\n<p dir=\"ltr\" role=\"presentation\">Parkim falas i makinave \u2013 parkim makinash n\u00eb vend, duke p\u00ebrfshir\u00eb pikat e karikimit t\u00eb makinave elektrike<\/p>\n<\/li>\n<li dir=\"ltr\">\n<p dir=\"ltr\" role=\"presentation\">Shpenzimet e udh\u00ebtimit dhe akomodimit<\/p>\n<\/li>\n<\/ul>\n<\/div>\n<\/div>\n<\/div>\n<\/div>\n<\/section>\n<section id=\"section-68-14-text-left-white\" class=\"ct-section\" >\n<div class=\"ct-section-inner-wrap\">\n<div id=\"new_columns-69-14text-left-white\" class=\"ct-new-columns\" >\n<div id=\"div_block-70-14\" class=\"ct-div-block\" >\n<h2 id=\"headline-71-14\" class=\"ct-headline\">Vlerat tona<\/h2>\n<div id=\"_rich_text-72-14\" class=\"oxy-rich-text\" >\n<p dir=\"ltr\">T\u00eb zgjedhura nga punonj\u00ebsit tan\u00eb, vlerat tona mb\u00ebshtesin gjith\u00e7ka q\u00eb b\u00ebjm\u00eb.<\/p>\n<p dir=\"ltr\">Ne ofrojm\u00eb infrastruktur\u00eb dhe njohuri klinike me shpejt\u00ebsin\u00eb e nevojshme p\u00ebr t\u00eb zgjeruar kapacitetin, p\u00ebr t\u00eb kontrolluar rrug\u00ebn klinike dhe p\u00ebr t\u00eb ofruar kujdes t\u00eb pand\u00ebrprer\u00eb t\u00eb fokusuar te pacienti.<\/p>\n<p dir=\"ltr\">The Vanguard Life Sciences values were decided through a consultative engagement programme that included participation by our entire team. We are committed to representing these values through its processes, products, services and interactions with both internal and external customers.<\/p>\n<p dir=\"ltr\">Vlerat e m\u00ebposhtme jan\u00eb zgjedhur me konsensus. Ato artikulojn\u00eb m\u00eb s\u00eb miri m\u00ebnyrat n\u00eb t\u00eb cilat ne sigurojm\u00eb sigurimin e cil\u00ebsis\u00eb dhe vler\u00ebs p\u00ebr pal\u00ebt e jashtme t\u00eb interesuara dhe p\u00ebr komunitetin m\u00eb t\u00eb gjer\u00eb t\u00eb pacient\u00ebve t\u00eb cilit i sh\u00ebrbejm\u00eb.<\/p>\n<\/div>\n<\/div>\n<div id=\"div_block-74-14\" class=\"ct-div-block\" ><img decoding=\"async\"  id=\"image-75-14\" alt=\"\" src=\"https:\/\/www.vanguardlifesciences.co.uk\/wp-content\/uploads\/sites\/9\/2023\/07\/nhs-75-2.jpg\" class=\"ct-image\"\/><\/div>\n<\/div>\n<\/div>\n<\/section>\n<section id=\"section-2-149\" class=\"ct-section\" >\n<div class=\"ct-section-inner-wrap\">\n<div id=\"div_block-5-149\" class=\"ct-div-block\" >\n<div id=\"div_block-10-149\" class=\"ct-div-block\" ><img decoding=\"async\"  id=\"image-11-149\" alt=\"Passionate\" src=\"https:\/\/www.vanguardlifesciences.co.uk\/wp-content\/uploads\/sites\/9\/2023\/06\/passionate.png\" class=\"ct-image\"\/><\/p>\n<div id=\"text_block-12-149\" class=\"ct-text-block\" >I pasionuar<\/div>\n<\/div>\n<\/div>\n<div id=\"div_block-6-149\" class=\"ct-div-block\" >\n<div id=\"div_block-13-149\" class=\"ct-div-block\" ><img decoding=\"async\"  id=\"image-14-149\" alt=\"Patient focussed\" src=\"https:\/\/www.vanguardlifesciences.co.uk\/wp-content\/uploads\/sites\/9\/2023\/06\/patient-focussed.png\" class=\"ct-image\"\/><\/p>\n<div id=\"text_block-15-149\" class=\"ct-text-block\" >I fokusuar tek pacienti<\/div>\n<\/div>\n<\/div>\n<div id=\"div_block-7-149\" class=\"ct-div-block\" >\n<div id=\"div_block-17-149\" class=\"ct-div-block\" ><img decoding=\"async\"  id=\"image-18-149\" alt=\"Responsive\" src=\"https:\/\/www.vanguardlifesciences.co.uk\/wp-content\/uploads\/sites\/9\/2023\/06\/responsive.png\" class=\"ct-image\"\/><\/p>\n<div id=\"text_block-19-149\" class=\"ct-text-block\" >T\u00eb p\u00ebrgjegjshme<\/div>\n<\/div>\n<\/div>\n<div id=\"div_block-8-149\" class=\"ct-div-block\" >\n<div id=\"div_block-21-149\" class=\"ct-div-block\" ><img decoding=\"async\"  id=\"image-22-149\" alt=\"Teamwork\" src=\"https:\/\/www.vanguardlifesciences.co.uk\/wp-content\/uploads\/sites\/9\/2023\/06\/teamwork.png\" class=\"ct-image\"\/><\/p>\n<div id=\"text_block-23-149\" class=\"ct-text-block\" >Puna ekipore<\/div>\n<\/div>\n<\/div>\n<div id=\"div_block-9-149\" class=\"ct-div-block\" >\n<div id=\"div_block-25-149\" class=\"ct-div-block\" ><img decoding=\"async\"  id=\"image-26-149\" alt=\"Innovative\" src=\"https:\/\/www.vanguardlifesciences.co.uk\/wp-content\/uploads\/sites\/9\/2023\/06\/innovative.png\" class=\"ct-image\"\/><\/p>\n<div id=\"text_block-27-149\" class=\"ct-text-block\" >Inovative<\/div>\n<\/div>\n<\/div>\n<\/div>\n<\/section>\n<section id=\"section-132-34\" class=\"ct-section\" >\n<div class=\"ct-section-inner-wrap\">\n<div id=\"new_columns-133-34\" class=\"ct-new-columns\" >\n<div id=\"div_block-138-34\" class=\"ct-div-block\" ><img decoding=\"async\"  id=\"image-139-34\" alt=\"\" src=\"https:\/\/www.vanguardlifesciences.co.uk\/wp-content\/uploads\/sites\/9\/2023\/07\/nhs-75-5.jpg\" class=\"ct-image\"\/><\/div>\n<div id=\"div_block-134-34\" class=\"ct-div-block\" >\n<h2 id=\"headline-135-34\" class=\"ct-headline\">Gjeni rrug\u00ebn tuaj t\u00eb karrier\u00ebs<\/h2>\n<div id=\"_rich_text-136-34\" class=\"oxy-rich-text\" >\n<p dir=\"ltr\">Pavar\u00ebsisht n\u00ebse ju p\u00eblqen nj\u00eb rol q\u00eb p\u00ebrballet me durim, ose nj\u00eb rol q\u00eb mb\u00ebshtet biznesin ton\u00eb n\u00eb rritje, ne kemi nj\u00eb s\u00ebr\u00eb mund\u00ebsish p\u00ebr t&#039;u bashkuar me ne n\u00eb udh\u00ebtimin ton\u00eb emocionues nd\u00ebrsa kalojm\u00eb n\u00eb faz\u00ebn tjet\u00ebr t\u00eb s\u00eb ardhmes son\u00eb p\u00ebr t\u00eb ofruar ambicien ton\u00eb t\u00eb rritjes.&nbsp;<\/p>\n<p dir=\"ltr\">Ne i arrijm\u00eb q\u00ebllimet tona duke punuar s\u00eb bashku si nj\u00eb ekip n\u00eb p\u00ebrputhje me vlerat tona.<\/p>\n<p dir=\"ltr\">Ne aspirojm\u00eb t\u00eb kemi nj\u00eb vend pune t\u00eb larmish\u00ebm dhe gjith\u00ebp\u00ebrfshir\u00ebs dhe inkurajojm\u00eb fuqimisht aplikant\u00ebt e kualifikuar nga nj\u00eb gam\u00eb e gjer\u00eb prejardhjesh q\u00eb t\u00eb aplikojn\u00eb p\u00ebr t&#039;u bashkuar me ekipin ton\u00eb.<\/p>\n<\/div>\n<\/div>\n<\/div>\n<\/div>\n<\/section>","protected":false},"excerpt":{"rendered":"","protected":false},"author":2,"featured_media":0,"parent":0,"menu_order":0,"comment_status":"closed","ping_status":"closed","template":"","meta":{"_acf_changed":false,"footnotes":""},"class_list":["post-143","page","type-page","status-publish","format-standard","hentry"],"acf":[],"yoast_head":"<!-- This site is optimized with the Yoast SEO plugin v27.3 - https:\/\/yoast.com\/product\/yoast-seo-wordpress\/ -->\n<title>Careers - Vanguard Life Sciences<\/title>\n<meta name=\"robots\" content=\"index, follow, max-snippet:-1, max-image-preview:large, max-video-preview:-1\" \/>\n<link rel=\"canonical\" href=\"https:\/\/www.vanguardlifesciences.co.uk\/sq_al\/careers\/\" \/>\n<meta property=\"og:locale\" content=\"sq_AL\" \/>\n<meta property=\"og:type\" content=\"article\" \/>\n<meta property=\"og:title\" content=\"Careers - Vanguard Life Sciences\" \/>\n<meta property=\"og:url\" content=\"https:\/\/www.vanguardlifesciences.co.uk\/sq_al\/careers\/\" \/>\n<meta property=\"og:site_name\" content=\"Vanguard Life Sciences\" \/>\n<meta property=\"article:modified_time\" content=\"2026-01-13T09:27:17+00:00\" \/>\n<meta name=\"twitter:card\" content=\"summary_large_image\" \/>\n<meta name=\"twitter:label1\" content=\"Est. reading time\" \/>\n\t<meta name=\"twitter:data1\" content=\"1 minut\u00eb\" \/>\n<script type=\"application\/ld+json\" class=\"yoast-schema-graph\">{\"@context\":\"https:\\\/\\\/schema.org\",\"@graph\":[{\"@type\":\"WebPage\",\"@id\":\"https:\\\/\\\/www.vanguardlifesciences.co.uk\\\/careers\\\/\",\"url\":\"https:\\\/\\\/www.vanguardlifesciences.co.uk\\\/careers\\\/\",\"name\":\"Careers - Vanguard Life Sciences\",\"isPartOf\":{\"@id\":\"https:\\\/\\\/www.vanguardlifesciences.co.uk\\\/#website\"},\"datePublished\":\"2023-06-05T15:04:05+00:00\",\"dateModified\":\"2026-01-13T09:27:17+00:00\",\"breadcrumb\":{\"@id\":\"https:\\\/\\\/www.vanguardlifesciences.co.uk\\\/careers\\\/#breadcrumb\"},\"inLanguage\":\"sq\",\"potentialAction\":[{\"@type\":\"ReadAction\",\"target\":[\"https:\\\/\\\/www.vanguardlifesciences.co.uk\\\/careers\\\/\"]}]},{\"@type\":\"BreadcrumbList\",\"@id\":\"https:\\\/\\\/www.vanguardlifesciences.co.uk\\\/careers\\\/#breadcrumb\",\"itemListElement\":[{\"@type\":\"ListItem\",\"position\":1,\"name\":\"Home\",\"item\":\"https:\\\/\\\/www.vanguardlifesciences.co.uk\\\/\"},{\"@type\":\"ListItem\",\"position\":2,\"name\":\"Careers\"}]},{\"@type\":\"WebSite\",\"@id\":\"https:\\\/\\\/www.vanguardlifesciences.co.uk\\\/#website\",\"url\":\"https:\\\/\\\/www.vanguardlifesciences.co.uk\\\/\",\"name\":\"Vanguard Life Sciences\",\"description\":\"\",\"potentialAction\":[{\"@type\":\"SearchAction\",\"target\":{\"@type\":\"EntryPoint\",\"urlTemplate\":\"https:\\\/\\\/www.vanguardlifesciences.co.uk\\\/?s={search_term_string}\"},\"query-input\":{\"@type\":\"PropertyValueSpecification\",\"valueRequired\":true,\"valueName\":\"search_term_string\"}}],\"inLanguage\":\"sq\"}]}<\/script>\n<!-- \/ Yoast SEO plugin. -->","yoast_head_json":{"title":"Careers - Vanguard Life Sciences","robots":{"index":"index","follow":"follow","max-snippet":"max-snippet:-1","max-image-preview":"max-image-preview:large","max-video-preview":"max-video-preview:-1"},"canonical":"https:\/\/www.vanguardlifesciences.co.uk\/sq_al\/careers\/","og_locale":"sq_AL","og_type":"article","og_title":"Careers - Vanguard Life Sciences","og_url":"https:\/\/www.vanguardlifesciences.co.uk\/sq_al\/careers\/","og_site_name":"Vanguard Life Sciences","article_modified_time":"2026-01-13T09:27:17+00:00","twitter_card":"summary_large_image","twitter_misc":{"Est. reading time":"1 minut\u00eb"},"schema":{"@context":"https:\/\/schema.org","@graph":[{"@type":"WebPage","@id":"https:\/\/www.vanguardlifesciences.co.uk\/careers\/","url":"https:\/\/www.vanguardlifesciences.co.uk\/careers\/","name":"Careers - Vanguard Life Sciences","isPartOf":{"@id":"https:\/\/www.vanguardlifesciences.co.uk\/#website"},"datePublished":"2023-06-05T15:04:05+00:00","dateModified":"2026-01-13T09:27:17+00:00","breadcrumb":{"@id":"https:\/\/www.vanguardlifesciences.co.uk\/careers\/#breadcrumb"},"inLanguage":"sq","potentialAction":[{"@type":"ReadAction","target":["https:\/\/www.vanguardlifesciences.co.uk\/careers\/"]}]},{"@type":"BreadcrumbList","@id":"https:\/\/www.vanguardlifesciences.co.uk\/careers\/#breadcrumb","itemListElement":[{"@type":"ListItem","position":1,"name":"Home","item":"https:\/\/www.vanguardlifesciences.co.uk\/"},{"@type":"ListItem","position":2,"name":"Careers"}]},{"@type":"WebSite","@id":"https:\/\/www.vanguardlifesciences.co.uk\/#website","url":"https:\/\/www.vanguardlifesciences.co.uk\/","name":"Vanguard Life Sciences","description":"","potentialAction":[{"@type":"SearchAction","target":{"@type":"EntryPoint","urlTemplate":"https:\/\/www.vanguardlifesciences.co.uk\/?s={search_term_string}"},"query-input":{"@type":"PropertyValueSpecification","valueRequired":true,"valueName":"search_term_string"}}],"inLanguage":"sq"}]}},"_links":{"self":[{"href":"https:\/\/www.vanguardlifesciences.co.uk\/sq_al\/wp-json\/wp\/v2\/pages\/143","targetHints":{"allow":["GET"]}}],"collection":[{"href":"https:\/\/www.vanguardlifesciences.co.uk\/sq_al\/wp-json\/wp\/v2\/pages"}],"about":[{"href":"https:\/\/www.vanguardlifesciences.co.uk\/sq_al\/wp-json\/wp\/v2\/types\/page"}],"author":[{"embeddable":true,"href":"https:\/\/www.vanguardlifesciences.co.uk\/sq_al\/wp-json\/wp\/v2\/users\/2"}],"replies":[{"embeddable":true,"href":"https:\/\/www.vanguardlifesciences.co.uk\/sq_al\/wp-json\/wp\/v2\/comments?post=143"}],"version-history":[{"count":0,"href":"https:\/\/www.vanguardlifesciences.co.uk\/sq_al\/wp-json\/wp\/v2\/pages\/143\/revisions"}],"wp:attachment":[{"href":"https:\/\/www.vanguardlifesciences.co.uk\/sq_al\/wp-json\/wp\/v2\/media?parent=143"}],"curies":[{"name":"wp","href":"https:\/\/api.w.org\/{rel}","templated":true}]}}