{"id":367,"date":"2023-06-28T13:15:49","date_gmt":"2023-06-28T13:15:49","guid":{"rendered":"https:\/\/www.vanguardlifesciences.co.uk\/?page_id=367"},"modified":"2023-08-24T10:07:33","modified_gmt":"2023-08-24T10:07:33","slug":"accessibility","status":"publish","type":"page","link":"https:\/\/www.vanguardlifesciences.co.uk\/ro_ro\/accessibility\/","title":{"rendered":"Accesibilitate"},"content":{"rendered":"<p>Am depus toate eforturile pentru a face acest site accesibil \u0219i u\u0219or de utilizat pentru toat\u0103 lumea.<\/p>\n<\/p>\n<h4 class=\"wp-block-heading\">Roluri de reper<\/h4>\n<p>Urm\u00e2nd \u00eendrum\u0103rile stabilite de Web Accessibility Initiative (WAI) \u0219i Accessible Rich Internet Applications Suite (ARIA), sunt oferite roluri de reper pentru a face site-ul mai accesibil. Roluri utilizate pentru a identifica con\u021binut specific sau zone de navigare pentru cititoarele automate \u0219i dispozitivele de asisten\u021b\u0103, cum ar fi cititoarele de ecran.<\/p>\n<p>Repere au fost folosite pentru a identifica sec\u021biunile principale ale site-ului, iar atributele ARIA se potrivesc cu rolurile lor.<\/p>\n<\/p>\n<h4 class=\"wp-block-heading\">Suport pentru browser \u0219i dispozitiv<\/h4>\n<p>Site-ul este construit \u00eentr-o manier\u0103 flexibil\u0103 \u0219i este pe deplin receptiv pentru a asigura cea mai bun\u0103 experien\u021b\u0103 posibil\u0103 de utilizator pe dispozitive desktop, mobile \u0219i tablete.<\/p>\n<p>Site-ul este pe deplin acceptat (adic\u0103 experien\u021ba optim\u0103 \u00een care tot con\u021binutul este livrat \u0219i accesibil conform inten\u021biei) pentru cea mai recent\u0103 versiune de Chrome, Firefox, Safari \u0219i Edge pe desktop, precum \u0219i cea mai recent\u0103 versiune de Chrome pe Android \u0219i Safari pe iOS.<\/p>\n<p>Suportul pentru cele dou\u0103 versiuni anterioare ale browserelor enumerate mai sus este \u00eenvechit (\u00eenseamn\u0103 c\u0103 tot con\u021binutul este accesibil, dar experien\u021ba utilizatorului poate fi diminuat\u0103. Prezentarea HTML, Javascript \u0219i CSS se vor degrada \u00een mod gra\u021bios (adic\u0103 nu vor genera erori) dac\u0103 browserul nu este capabil s\u0103 livreze func\u021bionalitate).<\/p>\n<p>Browserele mai vechi sau browserele care nu sunt enumerate mai sus nu sunt acceptate (\u00eenseamn\u0103 c\u0103 browserul nu este testat \u0219i, prin urmare, un anumit con\u021binut poate fi inaccesibil \u0219i experien\u021ba poate fi grav afectat\u0103).<\/p>\n<\/p>\n<h4 class=\"wp-block-heading\">Semantic\u0103<\/h4>\n<p>Marcajul HTML5 este folosit pentru a structura site-ul cu elemente adecvate utilizate pentru a identifica con\u021binutul \u00een mod clar \u0219i logic pentru motoarele de c\u0103utare sau cititoarele de ecran.<\/p>\n<\/p>\n<h4 class=\"wp-block-heading\">JavaScript<\/h4>\n<p>Utilizarea JavaScript va oferi utilizatorului caracteristici \u00eembun\u0103t\u0103\u021bite ale site-ului. Acolo unde nu este disponibil, toate paginile \u0219i procesele sunt \u00eenc\u0103 accesibile.<\/p>\n<\/p>\n<h4 class=\"wp-block-heading\">Forme<\/h4>\n<p>Toate c\u00e2mpurile formularelor urmeaz\u0103 o secven\u021b\u0103 logic\u0103 de file pentru a asigura o navigare u\u0219oar\u0103. C\u00e2mpurile de formular au, de asemenea, atribute \u201elabel\u201d \u0219i \u201eid\u201d pentru a asocia c\u00e2mpul formular cu eticheta acestuia pentru a permite introducerea u\u0219oar\u0103 a datelor.<\/p>\n<\/p>\n<h4 class=\"wp-block-heading\">Leg\u0103turi<\/h4>\n<p>Toate linkurile au fost scrise pentru a avea sens atunci c\u00e2nd sunt scoase din context. Unde este cazul, am ad\u0103ugat, de asemenea, atribute pentru titlul linkului pentru a descrie linkul mai detaliat.<\/p>\n<\/p>\n<h4 class=\"wp-block-heading\">Marimea fontului<\/h4>\n<p>Dimensiunile fonturilor utilizate pe site sunt complet flexibile. Pute\u021bi modifica dimensiunea fontului pentru a-l m\u0103ri sau mai mic prin set\u0103rile browserului.<\/p>\n<\/p>\n<h4 class=\"wp-block-heading\">Culori<\/h4>\n<p>Am avut grij\u0103 s\u0103 ne asigur\u0103m c\u0103 combina\u021biile de culori \u0219i contrastul site-ului sunt eficiente pentru a ne asigura c\u0103 informa\u021biile sunt \u00eenc\u0103 clare atunci c\u00e2nd sunt vizualizate de to\u021bi, av\u00e2nd un raport de contrast minim de 3 pe site.<\/p>\n<\/p>\n<h4 class=\"wp-block-heading\">Desc\u0103rc\u0103ri<\/h4>\n<p>Folosim PDF-uri Adobe pentru informa\u021bii suplimentare \u0219i desc\u0103rc\u0103ri. Adobe PDF Reader este disponibil gratuit pentru utilizare pe orice computer \u0219i poate fi desc\u0103rcat <a href=\"https:\/\/get.adobe.com\/uk\/reader\/\" target=\"_blank\" rel=\"noreferrer noopener\">Aici<\/a>.<\/p>","protected":false},"excerpt":{"rendered":"<p>We have made every effort to make this site accessible and easy to use for everyone. Landmark roles Following guidance set by the Web Accessibility Initiative (WAI) and the Accessible Rich Internet Applications Suite (ARIA), landmark roles are provided to make the site more accessible. Roles used to identify specific content or navigation areas for [&hellip;]<\/p>\n","protected":false},"author":2,"featured_media":0,"parent":0,"menu_order":0,"comment_status":"closed","ping_status":"closed","template":"","meta":{"_acf_changed":false,"footnotes":""},"class_list":["post-367","page","type-page","status-publish","format-standard","hentry"],"acf":[],"yoast_head":"<!-- This site is optimized with the Yoast SEO plugin v27.3 - https:\/\/yoast.com\/product\/yoast-seo-wordpress\/ -->\n<title>Accessibility - Vanguard Life Sciences<\/title>\n<meta name=\"robots\" content=\"index, follow, max-snippet:-1, max-image-preview:large, max-video-preview:-1\" \/>\n<link rel=\"canonical\" href=\"https:\/\/www.vanguardlifesciences.co.uk\/ro_ro\/accessibility\/\" \/>\n<meta property=\"og:locale\" content=\"ro_RO\" \/>\n<meta property=\"og:type\" content=\"article\" \/>\n<meta property=\"og:title\" content=\"Accessibility - Vanguard Life Sciences\" \/>\n<meta property=\"og:description\" content=\"We have made every effort to make this site accessible and easy to use for everyone. Landmark roles Following guidance set by the Web Accessibility Initiative (WAI) and the Accessible Rich Internet Applications Suite (ARIA), landmark roles are provided to make the site more accessible. Roles used to identify specific content or navigation areas for [&hellip;]\" \/>\n<meta property=\"og:url\" content=\"https:\/\/www.vanguardlifesciences.co.uk\/ro_ro\/accessibility\/\" \/>\n<meta property=\"og:site_name\" content=\"Vanguard Life Sciences\" \/>\n<meta property=\"article:modified_time\" content=\"2023-08-24T10:07:33+00:00\" \/>\n<meta name=\"twitter:card\" content=\"summary_large_image\" \/>\n<meta name=\"twitter:label1\" content=\"Timp estimat pentru citire\" \/>\n\t<meta name=\"twitter:data1\" content=\"2 minute\" \/>\n<script type=\"application\/ld+json\" class=\"yoast-schema-graph\">{\"@context\":\"https:\\\/\\\/schema.org\",\"@graph\":[{\"@type\":\"WebPage\",\"@id\":\"https:\\\/\\\/www.vanguardlifesciences.co.uk\\\/accessibility\\\/\",\"url\":\"https:\\\/\\\/www.vanguardlifesciences.co.uk\\\/accessibility\\\/\",\"name\":\"Accessibility - Vanguard Life Sciences\",\"isPartOf\":{\"@id\":\"https:\\\/\\\/www.vanguardlifesciences.co.uk\\\/#website\"},\"datePublished\":\"2023-06-28T13:15:49+00:00\",\"dateModified\":\"2023-08-24T10:07:33+00:00\",\"breadcrumb\":{\"@id\":\"https:\\\/\\\/www.vanguardlifesciences.co.uk\\\/accessibility\\\/#breadcrumb\"},\"inLanguage\":\"ro-RO\",\"potentialAction\":[{\"@type\":\"ReadAction\",\"target\":[\"https:\\\/\\\/www.vanguardlifesciences.co.uk\\\/accessibility\\\/\"]}]},{\"@type\":\"BreadcrumbList\",\"@id\":\"https:\\\/\\\/www.vanguardlifesciences.co.uk\\\/accessibility\\\/#breadcrumb\",\"itemListElement\":[{\"@type\":\"ListItem\",\"position\":1,\"name\":\"Home\",\"item\":\"https:\\\/\\\/www.vanguardlifesciences.co.uk\\\/\"},{\"@type\":\"ListItem\",\"position\":2,\"name\":\"Accessibility\"}]},{\"@type\":\"WebSite\",\"@id\":\"https:\\\/\\\/www.vanguardlifesciences.co.uk\\\/#website\",\"url\":\"https:\\\/\\\/www.vanguardlifesciences.co.uk\\\/\",\"name\":\"Vanguard Life Sciences\",\"description\":\"\",\"potentialAction\":[{\"@type\":\"SearchAction\",\"target\":{\"@type\":\"EntryPoint\",\"urlTemplate\":\"https:\\\/\\\/www.vanguardlifesciences.co.uk\\\/?s={search_term_string}\"},\"query-input\":{\"@type\":\"PropertyValueSpecification\",\"valueRequired\":true,\"valueName\":\"search_term_string\"}}],\"inLanguage\":\"ro-RO\"}]}<\/script>\n<!-- \/ Yoast SEO plugin. -->","yoast_head_json":{"title":"Accessibility - Vanguard Life Sciences","robots":{"index":"index","follow":"follow","max-snippet":"max-snippet:-1","max-image-preview":"max-image-preview:large","max-video-preview":"max-video-preview:-1"},"canonical":"https:\/\/www.vanguardlifesciences.co.uk\/ro_ro\/accessibility\/","og_locale":"ro_RO","og_type":"article","og_title":"Accessibility - Vanguard Life Sciences","og_description":"We have made every effort to make this site accessible and easy to use for everyone. Landmark roles Following guidance set by the Web Accessibility Initiative (WAI) and the Accessible Rich Internet Applications Suite (ARIA), landmark roles are provided to make the site more accessible. Roles used to identify specific content or navigation areas for [&hellip;]","og_url":"https:\/\/www.vanguardlifesciences.co.uk\/ro_ro\/accessibility\/","og_site_name":"Vanguard Life Sciences","article_modified_time":"2023-08-24T10:07:33+00:00","twitter_card":"summary_large_image","twitter_misc":{"Timp estimat pentru citire":"2 minute"},"schema":{"@context":"https:\/\/schema.org","@graph":[{"@type":"WebPage","@id":"https:\/\/www.vanguardlifesciences.co.uk\/accessibility\/","url":"https:\/\/www.vanguardlifesciences.co.uk\/accessibility\/","name":"Accessibility - Vanguard Life Sciences","isPartOf":{"@id":"https:\/\/www.vanguardlifesciences.co.uk\/#website"},"datePublished":"2023-06-28T13:15:49+00:00","dateModified":"2023-08-24T10:07:33+00:00","breadcrumb":{"@id":"https:\/\/www.vanguardlifesciences.co.uk\/accessibility\/#breadcrumb"},"inLanguage":"ro-RO","potentialAction":[{"@type":"ReadAction","target":["https:\/\/www.vanguardlifesciences.co.uk\/accessibility\/"]}]},{"@type":"BreadcrumbList","@id":"https:\/\/www.vanguardlifesciences.co.uk\/accessibility\/#breadcrumb","itemListElement":[{"@type":"ListItem","position":1,"name":"Home","item":"https:\/\/www.vanguardlifesciences.co.uk\/"},{"@type":"ListItem","position":2,"name":"Accessibility"}]},{"@type":"WebSite","@id":"https:\/\/www.vanguardlifesciences.co.uk\/#website","url":"https:\/\/www.vanguardlifesciences.co.uk\/","name":"Vanguard Life Sciences","description":"","potentialAction":[{"@type":"SearchAction","target":{"@type":"EntryPoint","urlTemplate":"https:\/\/www.vanguardlifesciences.co.uk\/?s={search_term_string}"},"query-input":{"@type":"PropertyValueSpecification","valueRequired":true,"valueName":"search_term_string"}}],"inLanguage":"ro-RO"}]}},"_links":{"self":[{"href":"https:\/\/www.vanguardlifesciences.co.uk\/ro_ro\/wp-json\/wp\/v2\/pages\/367","targetHints":{"allow":["GET"]}}],"collection":[{"href":"https:\/\/www.vanguardlifesciences.co.uk\/ro_ro\/wp-json\/wp\/v2\/pages"}],"about":[{"href":"https:\/\/www.vanguardlifesciences.co.uk\/ro_ro\/wp-json\/wp\/v2\/types\/page"}],"author":[{"embeddable":true,"href":"https:\/\/www.vanguardlifesciences.co.uk\/ro_ro\/wp-json\/wp\/v2\/users\/2"}],"replies":[{"embeddable":true,"href":"https:\/\/www.vanguardlifesciences.co.uk\/ro_ro\/wp-json\/wp\/v2\/comments?post=367"}],"version-history":[{"count":0,"href":"https:\/\/www.vanguardlifesciences.co.uk\/ro_ro\/wp-json\/wp\/v2\/pages\/367\/revisions"}],"wp:attachment":[{"href":"https:\/\/www.vanguardlifesciences.co.uk\/ro_ro\/wp-json\/wp\/v2\/media?parent=367"}],"curies":[{"name":"wp","href":"https:\/\/api.w.org\/{rel}","templated":true}]}}