{"id":367,"date":"2023-06-28T13:15:49","date_gmt":"2023-06-28T13:15:49","guid":{"rendered":"https:\/\/www.vanguardlifesciences.co.uk\/?page_id=367"},"modified":"2023-08-24T10:07:33","modified_gmt":"2023-08-24T10:07:33","slug":"accessibility","status":"publish","type":"page","link":"https:\/\/www.vanguardlifesciences.co.uk\/pt_pt\/accessibility\/","title":{"rendered":"Acessibilidade"},"content":{"rendered":"<p>Fizemos todos os esfor\u00e7os para tornar este site acess\u00edvel e f\u00e1cil de usar para todos.<\/p>\n<\/p>\n<h4 class=\"wp-block-heading\">Pap\u00e9is de refer\u00eancia<\/h4>\n<p>Seguindo as orienta\u00e7\u00f5es definidas pela Web Accessibility Initiative (WAI) e pelo Accessible Rich Internet Applications Suite (ARIA), s\u00e3o fornecidas fun\u00e7\u00f5es de refer\u00eancia para tornar o site mais acess\u00edvel. Fun\u00e7\u00f5es usadas para identificar conte\u00fado espec\u00edfico ou \u00e1reas de navega\u00e7\u00e3o para leitores de m\u00e1quina e dispositivos auxiliares, como leitores de tela.<\/p>\n<p>Marcos foram usados para identificar as se\u00e7\u00f5es principais do site, e os atributos ARIA correspondem \u00e0s suas fun\u00e7\u00f5es.<\/p>\n<\/p>\n<h4 class=\"wp-block-heading\">Suporte para navegador e dispositivo<\/h4>\n<p>O site \u00e9 constru\u00eddo de maneira flex\u00edvel e totalmente responsivo para garantir a melhor experi\u00eancia poss\u00edvel ao usu\u00e1rio em desktops, celulares e tablets.<\/p>\n<p>O site \u00e9 totalmente compat\u00edvel (ou seja, a experi\u00eancia ideal onde todo o conte\u00fado \u00e9 entregue e acess\u00edvel conforme pretendido) para a vers\u00e3o mais recente do Chrome, Firefox, Safari e Edge no desktop, bem como a vers\u00e3o mais recente do Chrome no Android e Safari no iOS.<\/p>\n<p>O suporte para as duas vers\u00f5es anteriores dos navegadores listados acima est\u00e1 obsoleto (o que significa que todo o conte\u00fado est\u00e1 acess\u00edvel, mas a experi\u00eancia do usu\u00e1rio pode ser prejudicada. A apresenta\u00e7\u00e3o de HTML, Javascript e CSS ser\u00e1 degradada normalmente (ou seja, n\u00e3o gerar\u00e1 erros) se o navegador for incapaz de entregar o funcionalidade).<\/p>\n<p>Navegadores mais antigos ou n\u00e3o listados acima n\u00e3o s\u00e3o suportados (o que significa que o navegador n\u00e3o foi testado e, portanto, algum conte\u00fado pode ficar inacess\u00edvel e a experi\u00eancia pode ser seriamente afetada).<\/p>\n<\/p>\n<h4 class=\"wp-block-heading\">Sem\u00e2ntica<\/h4>\n<p>A marca\u00e7\u00e3o HTML5 \u00e9 usada para estruturar o site com elementos apropriados usados para identificar o conte\u00fado de forma clara e l\u00f3gica para mecanismos de busca ou leitores de tela.<\/p>\n<\/p>\n<h4 class=\"wp-block-heading\">JavaScript<\/h4>\n<p>O uso de JavaScript proporcionar\u00e1 ao usu\u00e1rio recursos aprimorados do site. Onde n\u00e3o estiver dispon\u00edvel, todas as p\u00e1ginas e processos ainda estar\u00e3o acess\u00edveis.<\/p>\n<\/p>\n<h4 class=\"wp-block-heading\">Formul\u00e1rios<\/h4>\n<p>Todos os campos do formul\u00e1rio seguem uma sequ\u00eancia l\u00f3gica de guias para garantir f\u00e1cil navega\u00e7\u00e3o. Os campos de formul\u00e1rio tamb\u00e9m possuem atributos &#039;label&#039; e &#039;id&#039; para associar o campo de formul\u00e1rio ao seu r\u00f3tulo para permitir f\u00e1cil entrada de dados.<\/p>\n<\/p>\n<h4 class=\"wp-block-heading\">Liga\u00e7\u00f5es<\/h4>\n<p>Todos os links foram escritos para fazer sentido quando retirados do contexto. Quando apropriado, tamb\u00e9m adicionamos atributos de t\u00edtulo do link para descrev\u00ea-lo com mais detalhes.<\/p>\n<\/p>\n<h4 class=\"wp-block-heading\">Tamanho da fonte<\/h4>\n<p>Os tamanhos de fonte usados no site s\u00e3o totalmente flex\u00edveis. Voc\u00ea pode alterar o tamanho da fonte para torn\u00e1-la maior ou menor nas configura\u00e7\u00f5es do navegador.<\/p>\n<\/p>\n<h4 class=\"wp-block-heading\">Cores<\/h4>\n<p>Tivemos o cuidado de garantir que as combina\u00e7\u00f5es de cores e contraste do site sejam eficazes para garantir que as informa\u00e7\u00f5es ainda sejam claras quando visualizadas por todos, tendo uma taxa de contraste m\u00ednima de 3 em todo o site.<\/p>\n<\/p>\n<h4 class=\"wp-block-heading\">Transfer\u00eancias<\/h4>\n<p>Usamos Adobe PDFs para informa\u00e7\u00f5es adicionais e downloads. O Adobe PDF Reader est\u00e1 dispon\u00edvel gratuitamente para uso em qualquer computador e pode ser baixado <a href=\"https:\/\/get.adobe.com\/uk\/reader\/\" target=\"_blank\" rel=\"noreferrer noopener\">aqui<\/a>.<\/p>","protected":false},"excerpt":{"rendered":"<p>We have made every effort to make this site accessible and easy to use for everyone. Landmark roles Following guidance set by the Web Accessibility Initiative (WAI) and the Accessible Rich Internet Applications Suite (ARIA), landmark roles are provided to make the site more accessible. Roles used to identify specific content or navigation areas for [&hellip;]<\/p>\n","protected":false},"author":2,"featured_media":0,"parent":0,"menu_order":0,"comment_status":"closed","ping_status":"closed","template":"","meta":{"_acf_changed":false,"footnotes":""},"class_list":["post-367","page","type-page","status-publish","format-standard","hentry"],"acf":[],"yoast_head":"<!-- This site is optimized with the Yoast SEO plugin v27.3 - https:\/\/yoast.com\/product\/yoast-seo-wordpress\/ -->\n<title>Accessibility - Vanguard Life Sciences<\/title>\n<meta name=\"robots\" content=\"index, follow, max-snippet:-1, max-image-preview:large, max-video-preview:-1\" \/>\n<link rel=\"canonical\" href=\"https:\/\/www.vanguardlifesciences.co.uk\/pt_pt\/accessibility\/\" \/>\n<meta property=\"og:locale\" content=\"pt_PT\" \/>\n<meta property=\"og:type\" content=\"article\" \/>\n<meta property=\"og:title\" content=\"Accessibility - Vanguard Life Sciences\" \/>\n<meta property=\"og:description\" content=\"We have made every effort to make this site accessible and easy to use for everyone. Landmark roles Following guidance set by the Web Accessibility Initiative (WAI) and the Accessible Rich Internet Applications Suite (ARIA), landmark roles are provided to make the site more accessible. Roles used to identify specific content or navigation areas for [&hellip;]\" \/>\n<meta property=\"og:url\" content=\"https:\/\/www.vanguardlifesciences.co.uk\/pt_pt\/accessibility\/\" \/>\n<meta property=\"og:site_name\" content=\"Vanguard Life Sciences\" \/>\n<meta property=\"article:modified_time\" content=\"2023-08-24T10:07:33+00:00\" \/>\n<meta name=\"twitter:card\" content=\"summary_large_image\" \/>\n<meta name=\"twitter:label1\" content=\"Tempo estimado de leitura\" \/>\n\t<meta name=\"twitter:data1\" content=\"2 minutos\" \/>\n<script type=\"application\/ld+json\" class=\"yoast-schema-graph\">{\"@context\":\"https:\\\/\\\/schema.org\",\"@graph\":[{\"@type\":\"WebPage\",\"@id\":\"https:\\\/\\\/www.vanguardlifesciences.co.uk\\\/accessibility\\\/\",\"url\":\"https:\\\/\\\/www.vanguardlifesciences.co.uk\\\/accessibility\\\/\",\"name\":\"Accessibility - Vanguard Life Sciences\",\"isPartOf\":{\"@id\":\"https:\\\/\\\/www.vanguardlifesciences.co.uk\\\/#website\"},\"datePublished\":\"2023-06-28T13:15:49+00:00\",\"dateModified\":\"2023-08-24T10:07:33+00:00\",\"breadcrumb\":{\"@id\":\"https:\\\/\\\/www.vanguardlifesciences.co.uk\\\/accessibility\\\/#breadcrumb\"},\"inLanguage\":\"pt-PT\",\"potentialAction\":[{\"@type\":\"ReadAction\",\"target\":[\"https:\\\/\\\/www.vanguardlifesciences.co.uk\\\/accessibility\\\/\"]}]},{\"@type\":\"BreadcrumbList\",\"@id\":\"https:\\\/\\\/www.vanguardlifesciences.co.uk\\\/accessibility\\\/#breadcrumb\",\"itemListElement\":[{\"@type\":\"ListItem\",\"position\":1,\"name\":\"Home\",\"item\":\"https:\\\/\\\/www.vanguardlifesciences.co.uk\\\/\"},{\"@type\":\"ListItem\",\"position\":2,\"name\":\"Accessibility\"}]},{\"@type\":\"WebSite\",\"@id\":\"https:\\\/\\\/www.vanguardlifesciences.co.uk\\\/#website\",\"url\":\"https:\\\/\\\/www.vanguardlifesciences.co.uk\\\/\",\"name\":\"Vanguard Life Sciences\",\"description\":\"\",\"potentialAction\":[{\"@type\":\"SearchAction\",\"target\":{\"@type\":\"EntryPoint\",\"urlTemplate\":\"https:\\\/\\\/www.vanguardlifesciences.co.uk\\\/?s={search_term_string}\"},\"query-input\":{\"@type\":\"PropertyValueSpecification\",\"valueRequired\":true,\"valueName\":\"search_term_string\"}}],\"inLanguage\":\"pt-PT\"}]}<\/script>\n<!-- \/ Yoast SEO plugin. -->","yoast_head_json":{"title":"Accessibility - Vanguard Life Sciences","robots":{"index":"index","follow":"follow","max-snippet":"max-snippet:-1","max-image-preview":"max-image-preview:large","max-video-preview":"max-video-preview:-1"},"canonical":"https:\/\/www.vanguardlifesciences.co.uk\/pt_pt\/accessibility\/","og_locale":"pt_PT","og_type":"article","og_title":"Accessibility - Vanguard Life Sciences","og_description":"We have made every effort to make this site accessible and easy to use for everyone. Landmark roles Following guidance set by the Web Accessibility Initiative (WAI) and the Accessible Rich Internet Applications Suite (ARIA), landmark roles are provided to make the site more accessible. Roles used to identify specific content or navigation areas for [&hellip;]","og_url":"https:\/\/www.vanguardlifesciences.co.uk\/pt_pt\/accessibility\/","og_site_name":"Vanguard Life Sciences","article_modified_time":"2023-08-24T10:07:33+00:00","twitter_card":"summary_large_image","twitter_misc":{"Tempo estimado de leitura":"2 minutos"},"schema":{"@context":"https:\/\/schema.org","@graph":[{"@type":"WebPage","@id":"https:\/\/www.vanguardlifesciences.co.uk\/accessibility\/","url":"https:\/\/www.vanguardlifesciences.co.uk\/accessibility\/","name":"Accessibility - Vanguard Life Sciences","isPartOf":{"@id":"https:\/\/www.vanguardlifesciences.co.uk\/#website"},"datePublished":"2023-06-28T13:15:49+00:00","dateModified":"2023-08-24T10:07:33+00:00","breadcrumb":{"@id":"https:\/\/www.vanguardlifesciences.co.uk\/accessibility\/#breadcrumb"},"inLanguage":"pt-PT","potentialAction":[{"@type":"ReadAction","target":["https:\/\/www.vanguardlifesciences.co.uk\/accessibility\/"]}]},{"@type":"BreadcrumbList","@id":"https:\/\/www.vanguardlifesciences.co.uk\/accessibility\/#breadcrumb","itemListElement":[{"@type":"ListItem","position":1,"name":"Home","item":"https:\/\/www.vanguardlifesciences.co.uk\/"},{"@type":"ListItem","position":2,"name":"Accessibility"}]},{"@type":"WebSite","@id":"https:\/\/www.vanguardlifesciences.co.uk\/#website","url":"https:\/\/www.vanguardlifesciences.co.uk\/","name":"Vanguard Life Sciences","description":"","potentialAction":[{"@type":"SearchAction","target":{"@type":"EntryPoint","urlTemplate":"https:\/\/www.vanguardlifesciences.co.uk\/?s={search_term_string}"},"query-input":{"@type":"PropertyValueSpecification","valueRequired":true,"valueName":"search_term_string"}}],"inLanguage":"pt-PT"}]}},"_links":{"self":[{"href":"https:\/\/www.vanguardlifesciences.co.uk\/pt_pt\/wp-json\/wp\/v2\/pages\/367","targetHints":{"allow":["GET"]}}],"collection":[{"href":"https:\/\/www.vanguardlifesciences.co.uk\/pt_pt\/wp-json\/wp\/v2\/pages"}],"about":[{"href":"https:\/\/www.vanguardlifesciences.co.uk\/pt_pt\/wp-json\/wp\/v2\/types\/page"}],"author":[{"embeddable":true,"href":"https:\/\/www.vanguardlifesciences.co.uk\/pt_pt\/wp-json\/wp\/v2\/users\/2"}],"replies":[{"embeddable":true,"href":"https:\/\/www.vanguardlifesciences.co.uk\/pt_pt\/wp-json\/wp\/v2\/comments?post=367"}],"version-history":[{"count":0,"href":"https:\/\/www.vanguardlifesciences.co.uk\/pt_pt\/wp-json\/wp\/v2\/pages\/367\/revisions"}],"wp:attachment":[{"href":"https:\/\/www.vanguardlifesciences.co.uk\/pt_pt\/wp-json\/wp\/v2\/media?parent=367"}],"curies":[{"name":"wp","href":"https:\/\/api.w.org\/{rel}","templated":true}]}}