{"id":8508,"date":"2025-02-12T17:18:20","date_gmt":"2025-02-12T17:18:20","guid":{"rendered":"https:\/\/www.vanguardhealthcare.co.uk\/?page_id=7785"},"modified":"2026-02-25T16:59:38","modified_gmt":"2026-02-25T16:59:38","slug":"accreditations-and-certifications-2","status":"publish","type":"page","link":"https:\/\/www.vanguardlifesciences.co.uk\/pl_pl\/accreditations-and-certifications-2\/","title":{"rendered":"Akredytacje i certyfikaty"},"content":{"rendered":"<p>Jeste\u015bmy \u015bwiadomi warto\u015bci, jak\u0105 certyfikacja niesie dla firm i ich klient\u00f3w, dlatego te\u017c co roku przechodzimy zewn\u0119trzne audyty w zakresie:<\/p>\n<div class=\"wp-block-media-text is-stacked-on-mobile\" style=\"grid-template-columns:25% auto\">\n<figure class=\"wp-block-media-text__media\"><img loading=\"lazy\" decoding=\"async\" width=\"512\" height=\"612\" src=\"https:\/\/www.vanguardhealthcare.co.uk\/wp-content\/uploads\/2025\/03\/Untitled-design-2.png\" alt=\"\" class=\"wp-image-7876 size-full\" srcset=\"https:\/\/www.vanguardlifesciences.co.uk\/wp-content\/uploads\/sites\/9\/2025\/03\/Untitled-design-2.png 512w, https:\/\/www.vanguardlifesciences.co.uk\/wp-content\/uploads\/sites\/9\/2025\/03\/Untitled-design-2-251x300.png 251w, https:\/\/www.vanguardlifesciences.co.uk\/wp-content\/uploads\/sites\/9\/2025\/03\/Untitled-design-2-10x12.png 10w\" sizes=\"auto, (max-width: 512px) 100vw, 512px\" \/><\/figure>\n<div class=\"wp-block-media-text__content\">\n<p><strong>Certyfikat Cyber Essentials Plus<\/strong>&nbsp;<\/p>\n<p>Cyber Essentials Plus to program wspierany przez rz\u0105d Wielkiej Brytanii, kt\u00f3rego celem jest pomoc organizacjom w ochronie przed typowymi zagro\u017ceniami online. Zapewnia on dodatkow\u0105 pewno\u015b\u0107, \u017ce chronimy dane klient\u00f3w przed cyberzagro\u017ceniami za pomoc\u0105 niezb\u0119dnych kontroli technicznych.<\/p>\n<\/div>\n<\/div>\n<div class=\"wp-block-media-text is-stacked-on-mobile\" style=\"grid-template-columns:25% auto\">\n<figure class=\"wp-block-media-text__media\"><img loading=\"lazy\" decoding=\"async\" width=\"1024\" height=\"1024\" src=\"https:\/\/www.vanguardhealthcare.co.uk\/wp-content\/uploads\/2025\/02\/ISO9001_BAB-1024x1024.jpg\" alt=\"\" class=\"wp-image-7787 size-full\" srcset=\"https:\/\/www.vanguardlifesciences.co.uk\/wp-content\/uploads\/sites\/9\/2025\/02\/ISO9001_BAB-1024x1024.jpg 1024w, https:\/\/www.vanguardlifesciences.co.uk\/wp-content\/uploads\/sites\/9\/2025\/02\/ISO9001_BAB-300x300.jpg 300w, https:\/\/www.vanguardlifesciences.co.uk\/wp-content\/uploads\/sites\/9\/2025\/02\/ISO9001_BAB-150x150.jpg 150w, https:\/\/www.vanguardlifesciences.co.uk\/wp-content\/uploads\/sites\/9\/2025\/02\/ISO9001_BAB-768x768.jpg 768w, https:\/\/www.vanguardlifesciences.co.uk\/wp-content\/uploads\/sites\/9\/2025\/02\/ISO9001_BAB-12x12.jpg 12w, https:\/\/www.vanguardlifesciences.co.uk\/wp-content\/uploads\/sites\/9\/2025\/02\/ISO9001_BAB-400x400.jpg 400w, https:\/\/www.vanguardlifesciences.co.uk\/wp-content\/uploads\/sites\/9\/2025\/02\/ISO9001_BAB-600x600.jpg 600w, https:\/\/www.vanguardlifesciences.co.uk\/wp-content\/uploads\/sites\/9\/2025\/02\/ISO9001_BAB.jpg 1200w\" sizes=\"auto, (max-width: 1024px) 100vw, 1024px\" \/><\/figure>\n<div class=\"wp-block-media-text__content\">\n<p><strong>Akredytacja Zarz\u0105dzania Jako\u015bci\u0105 ISO 9001<\/strong><\/p>\n<p>Jeste\u015bmy oddani przekraczaniu oczekiwa\u0144 klient\u00f3w i zapewnianiu wyj\u0105tkowej obs\u0142ugi. Nasz certyfikat ISO 9001 wzmacnia to oddanie, zapewniaj\u0105c, \u017ce stale spe\u0142niamy potrzeby klient\u00f3w i aktywnie poszukujemy ich opinii. Takie podej\u015bcie pomaga nam identyfikowa\u0107 mo\u017cliwo\u015bci udoskonalenia, ulepsza\u0107 nasze do\u015bwiadczenia klient\u00f3w i zapewnia\u0107, \u017ce stale dostarczamy pi\u0119ciogwiazdkow\u0105 obs\u0142ug\u0119.<\/p>\n<\/div>\n<\/div>\n<div class=\"wp-block-media-text is-stacked-on-mobile\" style=\"grid-template-columns:25% auto\">\n<figure class=\"wp-block-media-text__media\"><img loading=\"lazy\" decoding=\"async\" width=\"1024\" height=\"1024\" src=\"https:\/\/www.vanguardhealthcare.co.uk\/wp-content\/uploads\/2025\/02\/ISO14001_BAB-1024x1024.jpg\" alt=\"\" class=\"wp-image-7788 size-full\" srcset=\"https:\/\/www.vanguardlifesciences.co.uk\/wp-content\/uploads\/sites\/9\/2025\/02\/ISO14001_BAB-1024x1024.jpg 1024w, https:\/\/www.vanguardlifesciences.co.uk\/wp-content\/uploads\/sites\/9\/2025\/02\/ISO14001_BAB-300x300.jpg 300w, https:\/\/www.vanguardlifesciences.co.uk\/wp-content\/uploads\/sites\/9\/2025\/02\/ISO14001_BAB-150x150.jpg 150w, https:\/\/www.vanguardlifesciences.co.uk\/wp-content\/uploads\/sites\/9\/2025\/02\/ISO14001_BAB-768x768.jpg 768w, https:\/\/www.vanguardlifesciences.co.uk\/wp-content\/uploads\/sites\/9\/2025\/02\/ISO14001_BAB-12x12.jpg 12w, https:\/\/www.vanguardlifesciences.co.uk\/wp-content\/uploads\/sites\/9\/2025\/02\/ISO14001_BAB-400x400.jpg 400w, https:\/\/www.vanguardlifesciences.co.uk\/wp-content\/uploads\/sites\/9\/2025\/02\/ISO14001_BAB-600x600.jpg 600w, https:\/\/www.vanguardlifesciences.co.uk\/wp-content\/uploads\/sites\/9\/2025\/02\/ISO14001_BAB.jpg 1200w\" sizes=\"auto, (max-width: 1024px) 100vw, 1024px\" \/><\/figure>\n<div class=\"wp-block-media-text__content\">\n<p><strong>Akredytacja zarz\u0105dzania \u015brodowiskowego ISO 14001<\/strong><\/p>\n<p>Klienci, dla kt\u00f3rych priorytetem jest zr\u00f3wnowa\u017cony rozw\u00f3j, mog\u0105 by\u0107 pewni, \u017ce dok\u0142adamy wszelkich stara\u0144, aby zminimalizowa\u0107 nasz wp\u0142yw na \u015brodowisko.<\/p>\n<p>Posiadanie certyfikatu ISO 14001 pozwala nam wdra\u017ca\u0107 skuteczne \u015brodki zarz\u0105dzania naszym wp\u0142ywem na \u015brodowisko. <\/p>\n<\/div>\n<\/div>\n<div class=\"wp-block-media-text is-stacked-on-mobile\" style=\"grid-template-columns:25% auto\">\n<figure class=\"wp-block-media-text__media\"><img loading=\"lazy\" decoding=\"async\" width=\"1024\" height=\"1024\" src=\"https:\/\/www.vanguardhealthcare.co.uk\/wp-content\/uploads\/2025\/02\/ISO45001_BAB-1024x1024.jpg\" alt=\"\" class=\"wp-image-7789 size-full\" srcset=\"https:\/\/www.vanguardlifesciences.co.uk\/wp-content\/uploads\/sites\/9\/2025\/02\/ISO45001_BAB-1024x1024.jpg 1024w, https:\/\/www.vanguardlifesciences.co.uk\/wp-content\/uploads\/sites\/9\/2025\/02\/ISO45001_BAB-300x300.jpg 300w, https:\/\/www.vanguardlifesciences.co.uk\/wp-content\/uploads\/sites\/9\/2025\/02\/ISO45001_BAB-150x150.jpg 150w, https:\/\/www.vanguardlifesciences.co.uk\/wp-content\/uploads\/sites\/9\/2025\/02\/ISO45001_BAB-768x768.jpg 768w, https:\/\/www.vanguardlifesciences.co.uk\/wp-content\/uploads\/sites\/9\/2025\/02\/ISO45001_BAB-12x12.jpg 12w, https:\/\/www.vanguardlifesciences.co.uk\/wp-content\/uploads\/sites\/9\/2025\/02\/ISO45001_BAB-400x400.jpg 400w, https:\/\/www.vanguardlifesciences.co.uk\/wp-content\/uploads\/sites\/9\/2025\/02\/ISO45001_BAB-600x600.jpg 600w, https:\/\/www.vanguardlifesciences.co.uk\/wp-content\/uploads\/sites\/9\/2025\/02\/ISO45001_BAB.jpg 1200w\" sizes=\"auto, (max-width: 1024px) 100vw, 1024px\" \/><\/figure>\n<div class=\"wp-block-media-text__content\">\n<p><strong>Akredytacja zarz\u0105dzania bezpiecze\u0144stwem i higien\u0105 pracy ISO 45001<\/strong><\/p>\n<p>Jeste\u015bmy oddani przekraczaniu oczekiwa\u0144 naszych klient\u00f3w i dostarczaniu wyj\u0105tkowej obs\u0142ugi. Nasza certyfikacja ISO 45001 podkre\u015bla to zaanga\u017cowanie, zapewniaj\u0105c, \u017ce stale spe\u0142niamy wymagania dotycz\u0105ce zdrowia i bezpiecze\u0144stwa w pracy oraz aktywnie poszukujemy opinii. Takie podej\u015bcie pomaga nam identyfikowa\u0107 mo\u017cliwo\u015bci poprawy, zwi\u0119kszaj\u0105c bezpiecze\u0144stwo w miejscu pracy i zapewniaj\u0105c, \u017ce stale zapewniamy naszym pracownikom i klientom bezpieczne i zdrowe \u015brodowisko.<\/p>\n<\/div>\n<\/div>\n<div class=\"wp-block-media-text is-stacked-on-mobile is-vertically-aligned-center\" style=\"grid-template-columns:25% auto\">\n<figure class=\"wp-block-media-text__media\"><img decoding=\"async\" src=\"https:\/\/www.vanguardhealthcare.co.uk\/wp-content\/uploads\/2026\/01\/mark-of-trust-certificate-of-conformity-BIMdesignandconstruction-black-logo-En-GB-0524-1024x520.jpg\" alt=\"\" class=\"wp-image-8314 size-full\" \/><\/figure>\n<div class=\"wp-block-media-text__content\">\n<p><strong>ISO 19650-2 Certification<\/strong><\/p>\n<p>BSI certification to&nbsp;<strong>BS EN ISO 19650-2:2018<\/strong>&nbsp;demonstrates that Vanguard Healthcare Solutions manages information during the delivery of healthcare facilities in a consistent, secure, and internationally recognised way. For our customers, this provides assurance that clinical design and contracting information is accurate, well governed, and managed collaboratively using Building Information Modelling, helping to reduce risk, improve coordination, and support confident decision making across complex healthcare projects.<\/p>\n<\/div>\n<\/div>\n<div class=\"wp-block-media-text is-stacked-on-mobile is-vertically-aligned-center\" style=\"grid-template-columns:25% auto\">\n<figure class=\"wp-block-media-text__media\"><img loading=\"lazy\" decoding=\"async\" width=\"1024\" height=\"725\" src=\"https:\/\/www.vanguardhealthcare.co.uk\/wp-content\/uploads\/2025\/07\/White-VF-CHAS_LtBG_jpg-1024x725.jpg\" alt=\"\" class=\"wp-image-8067 size-full\" srcset=\"https:\/\/www.vanguardlifesciences.co.uk\/wp-content\/uploads\/sites\/9\/2025\/07\/White-VF-CHAS_LtBG_jpg-1024x725.jpg 1024w, https:\/\/www.vanguardlifesciences.co.uk\/wp-content\/uploads\/sites\/9\/2025\/07\/White-VF-CHAS_LtBG_jpg-300x212.jpg 300w, https:\/\/www.vanguardlifesciences.co.uk\/wp-content\/uploads\/sites\/9\/2025\/07\/White-VF-CHAS_LtBG_jpg-768x544.jpg 768w, https:\/\/www.vanguardlifesciences.co.uk\/wp-content\/uploads\/sites\/9\/2025\/07\/White-VF-CHAS_LtBG_jpg-18x12.jpg 18w, https:\/\/www.vanguardlifesciences.co.uk\/wp-content\/uploads\/sites\/9\/2025\/07\/White-VF-CHAS_LtBG_jpg.jpg 1123w\" sizes=\"auto, (max-width: 1024px) 100vw, 1024px\" \/><\/figure>\n<div class=\"wp-block-media-text__content\">\n<p><strong>CHAS Elite<\/strong><\/p>\n<p>Uzyskanie statusu akredytacji CHAS Elite gwarantuje, \u017ce spe\u0142niamy rygorystyczne kryteria, gwarantuj\u0105c nie tylko zgodno\u015b\u0107 z wymogami prawnymi, ale tak\u017ce wdra\u017canie najlepszych praktyk w zakresie ochrony zar\u00f3wno pracownik\u00f3w, jak i klient\u00f3w. Wzmacnia to nasze zaanga\u017cowanie w utrzymanie bezpiecznego \u015brodowiska pracy i skuteczne ograniczanie ryzyka. Status CHAS Elite daje pewno\u015b\u0107, \u017ce dzia\u0142amy uczciwie, odpowiedzialnie i profesjonalnie. <\/p>\n<\/p>\n<\/p>\n<\/div>\n<\/div>","protected":false},"excerpt":{"rendered":"<p>We know the value that certification brings to businesses and their customers, which is why we\u2019re externally audited to the following on an annual basis: Cyber Essentials Plus Certification&nbsp; Cyber Essentials Plus is a UK government-backed scheme designed to help organisations protect against common online threats. This provides added assurance that we are safeguarding client [&hellip;]<\/p>\n","protected":false},"author":11,"featured_media":0,"parent":0,"menu_order":0,"comment_status":"closed","ping_status":"closed","template":"","meta":{"_acf_changed":false,"footnotes":""},"class_list":["post-8508","page","type-page","status-publish","format-standard","hentry"],"acf":[],"yoast_head":"<!-- This site is optimized with the Yoast SEO plugin v27.3 - https:\/\/yoast.com\/product\/yoast-seo-wordpress\/ -->\n<title>Accreditations and Certifications - Vanguard Life Sciences<\/title>\n<meta name=\"robots\" content=\"index, follow, max-snippet:-1, max-image-preview:large, max-video-preview:-1\" \/>\n<link rel=\"canonical\" href=\"https:\/\/www.vanguardlifesciences.co.uk\/pl_pl\/accreditations-and-certifications-2\/\" \/>\n<meta property=\"og:locale\" content=\"pl_PL\" \/>\n<meta property=\"og:type\" content=\"article\" \/>\n<meta property=\"og:title\" content=\"Accreditations and Certifications - Vanguard Life Sciences\" \/>\n<meta property=\"og:description\" content=\"We know the value that certification brings to businesses and their customers, which is why we\u2019re externally audited to the following on an annual basis: Cyber Essentials Plus Certification&nbsp; Cyber Essentials Plus is a UK government-backed scheme designed to help organisations protect against common online threats. This provides added assurance that we are safeguarding client [&hellip;]\" \/>\n<meta property=\"og:url\" content=\"https:\/\/www.vanguardlifesciences.co.uk\/pl_pl\/accreditations-and-certifications-2\/\" \/>\n<meta property=\"og:site_name\" content=\"Vanguard Life Sciences\" \/>\n<meta property=\"article:modified_time\" content=\"2026-02-25T16:59:38+00:00\" \/>\n<meta property=\"og:image\" content=\"https:\/\/www.vanguardlifesciences.co.uk\/wp-content\/uploads\/sites\/9\/2025\/03\/Untitled-design-2.png\" \/>\n\t<meta property=\"og:image:width\" content=\"512\" \/>\n\t<meta property=\"og:image:height\" content=\"612\" \/>\n\t<meta property=\"og:image:type\" content=\"image\/png\" \/>\n<meta name=\"twitter:card\" content=\"summary_large_image\" \/>\n<meta name=\"twitter:label1\" content=\"Szacowany czas czytania\" \/>\n\t<meta name=\"twitter:data1\" content=\"1 minuta\" \/>\n<script type=\"application\/ld+json\" class=\"yoast-schema-graph\">{\"@context\":\"https:\\\/\\\/schema.org\",\"@graph\":[{\"@type\":\"WebPage\",\"@id\":\"https:\\\/\\\/www.vanguardlifesciences.co.uk\\\/accreditations-and-certifications-2\\\/\",\"url\":\"https:\\\/\\\/www.vanguardlifesciences.co.uk\\\/accreditations-and-certifications-2\\\/\",\"name\":\"Accreditations and Certifications - Vanguard Life Sciences\",\"isPartOf\":{\"@id\":\"https:\\\/\\\/www.vanguardlifesciences.co.uk\\\/#website\"},\"primaryImageOfPage\":{\"@id\":\"https:\\\/\\\/www.vanguardlifesciences.co.uk\\\/accreditations-and-certifications-2\\\/#primaryimage\"},\"image\":{\"@id\":\"https:\\\/\\\/www.vanguardlifesciences.co.uk\\\/accreditations-and-certifications-2\\\/#primaryimage\"},\"thumbnailUrl\":\"https:\\\/\\\/www.vanguardhealthcare.co.uk\\\/wp-content\\\/uploads\\\/2025\\\/03\\\/Untitled-design-2.png\",\"datePublished\":\"2025-02-12T17:18:20+00:00\",\"dateModified\":\"2026-02-25T16:59:38+00:00\",\"breadcrumb\":{\"@id\":\"https:\\\/\\\/www.vanguardlifesciences.co.uk\\\/accreditations-and-certifications-2\\\/#breadcrumb\"},\"inLanguage\":\"pl-PL\",\"potentialAction\":[{\"@type\":\"ReadAction\",\"target\":[\"https:\\\/\\\/www.vanguardlifesciences.co.uk\\\/accreditations-and-certifications-2\\\/\"]}]},{\"@type\":\"ImageObject\",\"inLanguage\":\"pl-PL\",\"@id\":\"https:\\\/\\\/www.vanguardlifesciences.co.uk\\\/accreditations-and-certifications-2\\\/#primaryimage\",\"url\":\"https:\\\/\\\/www.vanguardhealthcare.co.uk\\\/wp-content\\\/uploads\\\/2025\\\/03\\\/Untitled-design-2.png\",\"contentUrl\":\"https:\\\/\\\/www.vanguardhealthcare.co.uk\\\/wp-content\\\/uploads\\\/2025\\\/03\\\/Untitled-design-2.png\"},{\"@type\":\"BreadcrumbList\",\"@id\":\"https:\\\/\\\/www.vanguardlifesciences.co.uk\\\/accreditations-and-certifications-2\\\/#breadcrumb\",\"itemListElement\":[{\"@type\":\"ListItem\",\"position\":1,\"name\":\"Home\",\"item\":\"https:\\\/\\\/www.vanguardlifesciences.co.uk\\\/\"},{\"@type\":\"ListItem\",\"position\":2,\"name\":\"Accreditations and Certifications\"}]},{\"@type\":\"WebSite\",\"@id\":\"https:\\\/\\\/www.vanguardlifesciences.co.uk\\\/#website\",\"url\":\"https:\\\/\\\/www.vanguardlifesciences.co.uk\\\/\",\"name\":\"Vanguard Life Sciences\",\"description\":\"\",\"potentialAction\":[{\"@type\":\"SearchAction\",\"target\":{\"@type\":\"EntryPoint\",\"urlTemplate\":\"https:\\\/\\\/www.vanguardlifesciences.co.uk\\\/?s={search_term_string}\"},\"query-input\":{\"@type\":\"PropertyValueSpecification\",\"valueRequired\":true,\"valueName\":\"search_term_string\"}}],\"inLanguage\":\"pl-PL\"}]}<\/script>\n<!-- \/ Yoast SEO plugin. -->","yoast_head_json":{"title":"Accreditations and Certifications - Vanguard Life Sciences","robots":{"index":"index","follow":"follow","max-snippet":"max-snippet:-1","max-image-preview":"max-image-preview:large","max-video-preview":"max-video-preview:-1"},"canonical":"https:\/\/www.vanguardlifesciences.co.uk\/pl_pl\/accreditations-and-certifications-2\/","og_locale":"pl_PL","og_type":"article","og_title":"Accreditations and Certifications - Vanguard Life Sciences","og_description":"We know the value that certification brings to businesses and their customers, which is why we\u2019re externally audited to the following on an annual basis: Cyber Essentials Plus Certification&nbsp; Cyber Essentials Plus is a UK government-backed scheme designed to help organisations protect against common online threats. This provides added assurance that we are safeguarding client [&hellip;]","og_url":"https:\/\/www.vanguardlifesciences.co.uk\/pl_pl\/accreditations-and-certifications-2\/","og_site_name":"Vanguard Life Sciences","article_modified_time":"2026-02-25T16:59:38+00:00","og_image":[{"width":512,"height":612,"url":"https:\/\/www.vanguardlifesciences.co.uk\/wp-content\/uploads\/sites\/9\/2025\/03\/Untitled-design-2.png","type":"image\/png"}],"twitter_card":"summary_large_image","twitter_misc":{"Szacowany czas czytania":"1 minuta"},"schema":{"@context":"https:\/\/schema.org","@graph":[{"@type":"WebPage","@id":"https:\/\/www.vanguardlifesciences.co.uk\/accreditations-and-certifications-2\/","url":"https:\/\/www.vanguardlifesciences.co.uk\/accreditations-and-certifications-2\/","name":"Accreditations and Certifications - Vanguard Life Sciences","isPartOf":{"@id":"https:\/\/www.vanguardlifesciences.co.uk\/#website"},"primaryImageOfPage":{"@id":"https:\/\/www.vanguardlifesciences.co.uk\/accreditations-and-certifications-2\/#primaryimage"},"image":{"@id":"https:\/\/www.vanguardlifesciences.co.uk\/accreditations-and-certifications-2\/#primaryimage"},"thumbnailUrl":"https:\/\/www.vanguardhealthcare.co.uk\/wp-content\/uploads\/2025\/03\/Untitled-design-2.png","datePublished":"2025-02-12T17:18:20+00:00","dateModified":"2026-02-25T16:59:38+00:00","breadcrumb":{"@id":"https:\/\/www.vanguardlifesciences.co.uk\/accreditations-and-certifications-2\/#breadcrumb"},"inLanguage":"pl-PL","potentialAction":[{"@type":"ReadAction","target":["https:\/\/www.vanguardlifesciences.co.uk\/accreditations-and-certifications-2\/"]}]},{"@type":"ImageObject","inLanguage":"pl-PL","@id":"https:\/\/www.vanguardlifesciences.co.uk\/accreditations-and-certifications-2\/#primaryimage","url":"https:\/\/www.vanguardhealthcare.co.uk\/wp-content\/uploads\/2025\/03\/Untitled-design-2.png","contentUrl":"https:\/\/www.vanguardhealthcare.co.uk\/wp-content\/uploads\/2025\/03\/Untitled-design-2.png"},{"@type":"BreadcrumbList","@id":"https:\/\/www.vanguardlifesciences.co.uk\/accreditations-and-certifications-2\/#breadcrumb","itemListElement":[{"@type":"ListItem","position":1,"name":"Home","item":"https:\/\/www.vanguardlifesciences.co.uk\/"},{"@type":"ListItem","position":2,"name":"Accreditations and Certifications"}]},{"@type":"WebSite","@id":"https:\/\/www.vanguardlifesciences.co.uk\/#website","url":"https:\/\/www.vanguardlifesciences.co.uk\/","name":"Vanguard Life Sciences","description":"","potentialAction":[{"@type":"SearchAction","target":{"@type":"EntryPoint","urlTemplate":"https:\/\/www.vanguardlifesciences.co.uk\/?s={search_term_string}"},"query-input":{"@type":"PropertyValueSpecification","valueRequired":true,"valueName":"search_term_string"}}],"inLanguage":"pl-PL"}]}},"_links":{"self":[{"href":"https:\/\/www.vanguardlifesciences.co.uk\/pl_pl\/wp-json\/wp\/v2\/pages\/8508","targetHints":{"allow":["GET"]}}],"collection":[{"href":"https:\/\/www.vanguardlifesciences.co.uk\/pl_pl\/wp-json\/wp\/v2\/pages"}],"about":[{"href":"https:\/\/www.vanguardlifesciences.co.uk\/pl_pl\/wp-json\/wp\/v2\/types\/page"}],"author":[{"embeddable":true,"href":"https:\/\/www.vanguardlifesciences.co.uk\/pl_pl\/wp-json\/wp\/v2\/users\/11"}],"replies":[{"embeddable":true,"href":"https:\/\/www.vanguardlifesciences.co.uk\/pl_pl\/wp-json\/wp\/v2\/comments?post=8508"}],"version-history":[{"count":0,"href":"https:\/\/www.vanguardlifesciences.co.uk\/pl_pl\/wp-json\/wp\/v2\/pages\/8508\/revisions"}],"wp:attachment":[{"href":"https:\/\/www.vanguardlifesciences.co.uk\/pl_pl\/wp-json\/wp\/v2\/media?parent=8508"}],"curies":[{"name":"wp","href":"https:\/\/api.w.org\/{rel}","templated":true}]}}