{"id":367,"date":"2023-06-28T13:15:49","date_gmt":"2023-06-28T13:15:49","guid":{"rendered":"https:\/\/www.vanguardlifesciences.co.uk\/?page_id=367"},"modified":"2023-08-24T10:07:33","modified_gmt":"2023-08-24T10:07:33","slug":"accessibility","status":"publish","type":"page","link":"https:\/\/www.vanguardlifesciences.co.uk\/it_it\/accessibility\/","title":{"rendered":"Accessibilit\u00e0"},"content":{"rendered":"<p>Abbiamo fatto ogni sforzo per rendere questo sito accessibile e facile da usare per tutti.<\/p>\n<\/p>\n<h4 class=\"wp-block-heading\">Ruoli fondamentali<\/h4>\n<p>Seguendo le linee guida stabilite dalla Web Accessibility Initiative (WAI) e dalla Accessible Rich Internet Applications Suite (ARIA), vengono forniti ruoli di riferimento per rendere il sito pi\u00f9 accessibile. Ruoli utilizzati per identificare contenuti specifici o aree di navigazione per lettori automatici e dispositivi di assistenza come lettori di schermo.<\/p>\n<p>I punti di riferimento sono stati utilizzati per identificare le sezioni principali del sito e gli attributi ARIA corrispondono ai loro ruoli.<\/p>\n<\/p>\n<h4 class=\"wp-block-heading\">Supporto per browser e dispositivi<\/h4>\n<p>Il sito \u00e8 costruito in modo flessibile ed \u00e8 completamente reattivo per garantire la migliore esperienza utente possibile su dispositivi desktop, mobili e tablet.<\/p>\n<p>Il sito \u00e8 completamente supportato (ovvero un&#039;esperienza ottimale in cui tutti i contenuti vengono forniti e accessibili come previsto) per l&#039;ultima versione di Chrome, Firefox, Safari ed Edge su desktop, nonch\u00e9 per l&#039;ultima versione di Chrome su Android e Safari su iOS.<\/p>\n<p>Il supporto per le due versioni precedenti dei browser sopra elencati \u00e8 deprecato (il che significa che tutto il contenuto \u00e8 accessibile ma l&#039;esperienza dell&#039;utente potrebbe essere ridotta. La presentazione HTML, Javascript e CSS si degrader\u00e0 normalmente (ovvero non generer\u00e0 errori) se il browser non \u00e8 in grado di fornire il funzionalit\u00e0).<\/p>\n<p>I browser pi\u00f9 vecchi o quelli non elencati sopra non sono supportati (il che significa che il browser non \u00e8 testato e pertanto alcuni contenuti potrebbero essere inaccessibili e l&#039;esperienza potrebbe essere seriamente compromessa).<\/p>\n<\/p>\n<h4 class=\"wp-block-heading\">Semantica<\/h4>\n<p>Il markup HTML5 viene utilizzato per strutturare il sito con elementi appropriati utilizzati per identificare i contenuti in modo chiaro e logico per i motori di ricerca o gli screen reader.<\/p>\n<\/p>\n<h4 class=\"wp-block-heading\">JavaScript<\/h4>\n<p>L&#039;uso di JavaScript fornir\u00e0 all&#039;utente funzionalit\u00e0 migliorate del sito. Laddove non sia disponibile, tutte le pagine e i processi sono ancora accessibili.<\/p>\n<\/p>\n<h4 class=\"wp-block-heading\">Forme<\/h4>\n<p>Tutti i campi dei moduli seguono una sequenza logica di schede per garantire una facile navigazione. I campi del modulo hanno anche attributi &#039;label&#039; e &#039;id&#039; per associare il campo del modulo alla sua etichetta per consentire un facile inserimento dei dati.<\/p>\n<\/p>\n<h4 class=\"wp-block-heading\">Collegamenti<\/h4>\n<p>Tutti i collegamenti sono stati scritti per avere senso se estratti dal contesto. Dove appropriato, abbiamo aggiunto anche gli attributi del titolo del collegamento per descrivere il collegamento in maggior dettaglio.<\/p>\n<\/p>\n<h4 class=\"wp-block-heading\">Dimensione del font<\/h4>\n<p>Le dimensioni dei caratteri utilizzati sul sito Web sono completamente flessibili. Puoi modificare la dimensione del carattere per renderlo pi\u00f9 grande o pi\u00f9 piccolo tramite le impostazioni del browser.<\/p>\n<\/p>\n<h4 class=\"wp-block-heading\">Colori<\/h4>\n<p>Abbiamo avuto cura di garantire che le combinazioni di colori e il contrasto del sito siano efficaci nel garantire che le informazioni siano ancora chiare quando vengono visualizzate da tutti, avendo un rapporto di contrasto minimo di 3 in tutto il sito.<\/p>\n<\/p>\n<h4 class=\"wp-block-heading\">Download<\/h4>\n<p>Utilizziamo Adobe PDF per ulteriori informazioni e download. Adobe PDF Reader \u00e8 disponibile gratuitamente per l&#039;uso su qualsiasi computer e pu\u00f2 essere scaricato <a href=\"https:\/\/get.adobe.com\/uk\/reader\/\" target=\"_blank\" rel=\"noreferrer noopener\">Qui<\/a>.<\/p>","protected":false},"excerpt":{"rendered":"<p>We have made every effort to make this site accessible and easy to use for everyone. Landmark roles Following guidance set by the Web Accessibility Initiative (WAI) and the Accessible Rich Internet Applications Suite (ARIA), landmark roles are provided to make the site more accessible. Roles used to identify specific content or navigation areas for [&hellip;]<\/p>\n","protected":false},"author":2,"featured_media":0,"parent":0,"menu_order":0,"comment_status":"closed","ping_status":"closed","template":"","meta":{"_acf_changed":false,"footnotes":""},"class_list":["post-367","page","type-page","status-publish","format-standard","hentry"],"acf":[],"yoast_head":"<!-- This site is optimized with the Yoast SEO plugin v27.3 - https:\/\/yoast.com\/product\/yoast-seo-wordpress\/ -->\n<title>Accessibility - Vanguard Life Sciences<\/title>\n<meta name=\"robots\" content=\"index, follow, max-snippet:-1, max-image-preview:large, max-video-preview:-1\" \/>\n<link rel=\"canonical\" href=\"https:\/\/www.vanguardlifesciences.co.uk\/it_it\/accessibility\/\" \/>\n<meta property=\"og:locale\" content=\"it_IT\" \/>\n<meta property=\"og:type\" content=\"article\" \/>\n<meta property=\"og:title\" content=\"Accessibility - Vanguard Life Sciences\" \/>\n<meta property=\"og:description\" content=\"We have made every effort to make this site accessible and easy to use for everyone. Landmark roles Following guidance set by the Web Accessibility Initiative (WAI) and the Accessible Rich Internet Applications Suite (ARIA), landmark roles are provided to make the site more accessible. Roles used to identify specific content or navigation areas for [&hellip;]\" \/>\n<meta property=\"og:url\" content=\"https:\/\/www.vanguardlifesciences.co.uk\/it_it\/accessibility\/\" \/>\n<meta property=\"og:site_name\" content=\"Vanguard Life Sciences\" \/>\n<meta property=\"article:modified_time\" content=\"2023-08-24T10:07:33+00:00\" \/>\n<meta name=\"twitter:card\" content=\"summary_large_image\" \/>\n<meta name=\"twitter:label1\" content=\"Tempo di lettura stimato\" \/>\n\t<meta name=\"twitter:data1\" content=\"2 minuti\" \/>\n<script type=\"application\/ld+json\" class=\"yoast-schema-graph\">{\"@context\":\"https:\\\/\\\/schema.org\",\"@graph\":[{\"@type\":\"WebPage\",\"@id\":\"https:\\\/\\\/www.vanguardlifesciences.co.uk\\\/accessibility\\\/\",\"url\":\"https:\\\/\\\/www.vanguardlifesciences.co.uk\\\/accessibility\\\/\",\"name\":\"Accessibility - Vanguard Life Sciences\",\"isPartOf\":{\"@id\":\"https:\\\/\\\/www.vanguardlifesciences.co.uk\\\/#website\"},\"datePublished\":\"2023-06-28T13:15:49+00:00\",\"dateModified\":\"2023-08-24T10:07:33+00:00\",\"breadcrumb\":{\"@id\":\"https:\\\/\\\/www.vanguardlifesciences.co.uk\\\/accessibility\\\/#breadcrumb\"},\"inLanguage\":\"it-IT\",\"potentialAction\":[{\"@type\":\"ReadAction\",\"target\":[\"https:\\\/\\\/www.vanguardlifesciences.co.uk\\\/accessibility\\\/\"]}]},{\"@type\":\"BreadcrumbList\",\"@id\":\"https:\\\/\\\/www.vanguardlifesciences.co.uk\\\/accessibility\\\/#breadcrumb\",\"itemListElement\":[{\"@type\":\"ListItem\",\"position\":1,\"name\":\"Home\",\"item\":\"https:\\\/\\\/www.vanguardlifesciences.co.uk\\\/\"},{\"@type\":\"ListItem\",\"position\":2,\"name\":\"Accessibility\"}]},{\"@type\":\"WebSite\",\"@id\":\"https:\\\/\\\/www.vanguardlifesciences.co.uk\\\/#website\",\"url\":\"https:\\\/\\\/www.vanguardlifesciences.co.uk\\\/\",\"name\":\"Vanguard Life Sciences\",\"description\":\"\",\"potentialAction\":[{\"@type\":\"SearchAction\",\"target\":{\"@type\":\"EntryPoint\",\"urlTemplate\":\"https:\\\/\\\/www.vanguardlifesciences.co.uk\\\/?s={search_term_string}\"},\"query-input\":{\"@type\":\"PropertyValueSpecification\",\"valueRequired\":true,\"valueName\":\"search_term_string\"}}],\"inLanguage\":\"it-IT\"}]}<\/script>\n<!-- \/ Yoast SEO plugin. -->","yoast_head_json":{"title":"Accessibility - Vanguard Life Sciences","robots":{"index":"index","follow":"follow","max-snippet":"max-snippet:-1","max-image-preview":"max-image-preview:large","max-video-preview":"max-video-preview:-1"},"canonical":"https:\/\/www.vanguardlifesciences.co.uk\/it_it\/accessibility\/","og_locale":"it_IT","og_type":"article","og_title":"Accessibility - Vanguard Life Sciences","og_description":"We have made every effort to make this site accessible and easy to use for everyone. Landmark roles Following guidance set by the Web Accessibility Initiative (WAI) and the Accessible Rich Internet Applications Suite (ARIA), landmark roles are provided to make the site more accessible. Roles used to identify specific content or navigation areas for [&hellip;]","og_url":"https:\/\/www.vanguardlifesciences.co.uk\/it_it\/accessibility\/","og_site_name":"Vanguard Life Sciences","article_modified_time":"2023-08-24T10:07:33+00:00","twitter_card":"summary_large_image","twitter_misc":{"Tempo di lettura stimato":"2 minuti"},"schema":{"@context":"https:\/\/schema.org","@graph":[{"@type":"WebPage","@id":"https:\/\/www.vanguardlifesciences.co.uk\/accessibility\/","url":"https:\/\/www.vanguardlifesciences.co.uk\/accessibility\/","name":"Accessibility - Vanguard Life Sciences","isPartOf":{"@id":"https:\/\/www.vanguardlifesciences.co.uk\/#website"},"datePublished":"2023-06-28T13:15:49+00:00","dateModified":"2023-08-24T10:07:33+00:00","breadcrumb":{"@id":"https:\/\/www.vanguardlifesciences.co.uk\/accessibility\/#breadcrumb"},"inLanguage":"it-IT","potentialAction":[{"@type":"ReadAction","target":["https:\/\/www.vanguardlifesciences.co.uk\/accessibility\/"]}]},{"@type":"BreadcrumbList","@id":"https:\/\/www.vanguardlifesciences.co.uk\/accessibility\/#breadcrumb","itemListElement":[{"@type":"ListItem","position":1,"name":"Home","item":"https:\/\/www.vanguardlifesciences.co.uk\/"},{"@type":"ListItem","position":2,"name":"Accessibility"}]},{"@type":"WebSite","@id":"https:\/\/www.vanguardlifesciences.co.uk\/#website","url":"https:\/\/www.vanguardlifesciences.co.uk\/","name":"Vanguard Life Sciences","description":"","potentialAction":[{"@type":"SearchAction","target":{"@type":"EntryPoint","urlTemplate":"https:\/\/www.vanguardlifesciences.co.uk\/?s={search_term_string}"},"query-input":{"@type":"PropertyValueSpecification","valueRequired":true,"valueName":"search_term_string"}}],"inLanguage":"it-IT"}]}},"_links":{"self":[{"href":"https:\/\/www.vanguardlifesciences.co.uk\/it_it\/wp-json\/wp\/v2\/pages\/367","targetHints":{"allow":["GET"]}}],"collection":[{"href":"https:\/\/www.vanguardlifesciences.co.uk\/it_it\/wp-json\/wp\/v2\/pages"}],"about":[{"href":"https:\/\/www.vanguardlifesciences.co.uk\/it_it\/wp-json\/wp\/v2\/types\/page"}],"author":[{"embeddable":true,"href":"https:\/\/www.vanguardlifesciences.co.uk\/it_it\/wp-json\/wp\/v2\/users\/2"}],"replies":[{"embeddable":true,"href":"https:\/\/www.vanguardlifesciences.co.uk\/it_it\/wp-json\/wp\/v2\/comments?post=367"}],"version-history":[{"count":0,"href":"https:\/\/www.vanguardlifesciences.co.uk\/it_it\/wp-json\/wp\/v2\/pages\/367\/revisions"}],"wp:attachment":[{"href":"https:\/\/www.vanguardlifesciences.co.uk\/it_it\/wp-json\/wp\/v2\/media?parent=367"}],"curies":[{"name":"wp","href":"https:\/\/api.w.org\/{rel}","templated":true}]}}