{"id":366,"date":"2023-06-28T13:13:23","date_gmt":"2023-06-28T13:13:23","guid":{"rendered":"https:\/\/www.vanguardlifesciences.co.uk\/?page_id=366"},"modified":"2025-06-18T10:27:52","modified_gmt":"2025-06-18T10:27:52","slug":"modern-slavery-and-human-trafficking-statement","status":"publish","type":"page","link":"https:\/\/www.vanguardlifesciences.co.uk\/it_it\/modern-slavery-and-human-trafficking-statement\/","title":{"rendered":"Schiavit\u00f9 moderna e dichiarazione sul traffico di esseri umani"},"content":{"rendered":"<h3 class=\"wp-block-heading\">Politica<\/h3>\n<p>La schiavit\u00f9 moderna \u00e8 un crimine e una violazione dei diritti umani fondamentali. Assume varie forme, come la schiavit\u00f9, la servit\u00f9, il lavoro forzato e obbligatorio e la tratta di esseri umani, che hanno tutte in comune la privazione della libert\u00e0 di una persona da parte di un&#039;altra allo scopo di sfruttarla per profitto personale o commerciale. Il Gruppo ha un approccio di tolleranza zero nei confronti della schiavit\u00f9 moderna. Agiremo in modo etico e con integrit\u00e0 in tutti i nostri rapporti e rapporti commerciali, implementando e applicando sistemi e controlli efficaci per garantire che la schiavit\u00f9 moderna non abbia luogo in nessuna parte del nostro Gruppo o delle nostre catene di fornitura. Comprendiamo che la schiavit\u00f9 e il traffico di esseri umani sono spesso usati collettivamente.<\/p>\n<p>Ci impegniamo a garantire la trasparenza nel nostro Gruppo, nelle operazioni commerciali e nel nostro approccio alla lotta alla schiavit\u00f9 moderna lungo tutta la nostra catena di fornitura. Ci\u00f2 \u00e8 coerente con i nostri obblighi di divulgazione ai sensi del Modern Slavery Act 2015.<\/p>\n<h4 class=\"wp-block-heading\">La nostra catena di fornitura e le nostre persone<\/h4>\n<p>Ci aspettiamo gli stessi elevati standard etici da tutti i nostri appaltatori, fornitori e altri partner commerciali. Nell&#039;ambito del nostro processo contrattuale, questi standard e requisiti fanno parte del nostro accordo con i nostri subappaltatori.<\/p>\n<p>Questa dichiarazione si applica a tutte le persone che lavorano per noi nella nostra catena di fornitura, per nostro conto a qualsiasi titolo. Ci\u00f2 include dipendenti a tutti i livelli, direttori, funzionari, lavoratori interinali, lavoratori distaccati, volontari, agenti, appaltatori, consulenti esterni, rappresentanti di terze parti e partner commerciali.<\/p>\n<p>Collaboriamo strettamente con i nostri fornitori, il che ci consente di identificare eventuali rischi di non conformit\u00e0.<\/p>\n<h4 class=\"wp-block-heading\">Governo<\/h4>\n<p>Sviluppiamo continuamente la nostra governance e i controlli interni per identificare preoccupazioni o rischi relativi all\u2019uso del lavoro forzato, obbligatorio o di tratta o di chiunque sia tenuto in schiavit\u00f9 o servit\u00f9, siano essi adulti o bambini. Abbiamo stabilito controlli per mantenere la catena di fornitura agli stessi standard elevati. Siamo consapevoli dei rischi e disponiamo di controlli per gestirli e la garanzia viene fornita attraverso la nostra struttura di governance.<\/p>\n<\/p>\n<h3 class=\"wp-block-heading\">Dichiarazione<\/h3>\n<ol class=\"wp-block-list\">\n<li><strong>introduzione<\/strong><br \/>La presente dichiarazione \u00e8 redatta ai sensi dell&#039;articolo 54(6) del Modern Slavery Act del 2015 e illustra le nostre azioni volte a comprendere tutti i potenziali rischi di schiavit\u00f9 moderna correlati alle nostre attivit\u00e0 e a implementare controlli volti a garantire che non vi siano casi di schiavit\u00f9 o tratta di esseri umani all&#039;interno delle nostre attivit\u00e0 e delle nostre catene di fornitura. La presente dichiarazione si riferisce alle azioni e alle attivit\u00e0 svolte durante l&#039;esercizio finanziario conclusosi il 31 dicembre 2024.<\/li>\n<\/ol>\n<ol class=\"wp-block-list\"><\/ol>\n<p>2. <strong>Il business<\/strong><br \/>La presente dichiarazione copre le attivit\u00e0 delle seguenti entit\u00e0 del Regno Unito nel Gruppo Vanguard (&quot;Gruppo&quot;):<\/p>\n<ul class=\"wp-block-list\">\n<li>Vanguard Soluzioni sanitarie limitate<\/li>\n<li>Armada Topco limitata <\/li>\n<li>Armada Midco limitata<\/li>\n<li>Armada Bidco limitata <\/li>\n<li>Progetto Darwin Bidco Limited<\/li>\n<li>Vanguard Soluzioni sanitarie (modulari) limitate<\/li>\n<\/ul>\n<p>Il Gruppo fornisce infrastrutture cliniche flessibili da oltre 25 anni, tra cui attrezzature, personale e servizi accessori, sia al settore sanitario pubblico che a quello privato, nel Regno Unito e all&#039;estero. Il Gruppo ha sedi nel Regno Unito e in Australia. Nel 2024 avevamo una media di 153 dipendenti, ma come organizzazione dipendiamo da lavoratori interinali e appaltatori.<\/p>\n<p>3. <strong>La catena di fornitura e le nostre persone<\/strong><br \/>La catena di fornitura coinvolta nella gestione, progettazione, produzione e installazione della nostra struttura clinica flessibile e nella successiva fornitura di personale e attrezzature \u00e8 complessa. Coinvolge pi\u00f9 livelli e organizzazioni di diverse dimensioni. Tutti i nostri fornitori hanno sede nel Regno Unito, in Europa o in Australia. Utilizzeremo i nostri fornitori diretti per gestire i rischi della schiavit\u00f9 moderna e del traffico di esseri umani lungo l\u2019intera catena di fornitura. Abbiamo comunicato le nostre aspettative e i nostri requisiti sugli standard per diventare uno dei nostri fornitori approvati per il nostro Gruppo, trasmettendo tutto questo attraverso la catena di fornitura.<\/p>\n<p>Adottiamo politiche e procedure occupazionali progettate per trattare tutti gli individui che lavorano all&#039;interno della nostra azienda con dignit\u00e0 e rispetto. Li ricompensiamo equamente per il loro lavoro e non li sfruttiamo. Ci\u00f2 vale per gli impegni con lavoratori interinali e appaltatori. Vengono effettuate revisioni annuali per valutare che i livelli salariali rimangano sufficientemente superiori al salario dignitoso nazionale. Effettuiamo adeguati controlli pre-assunzione su tutti i nostri dipendenti. Richiediamo a tutte le agenzie di collocamento di fare lo stesso e il nostro team dedicato al personale cerca la garanzia che ci\u00f2 sia stato intrapreso. Sosteniamo codici di condotta professionale per tutti i nostri dipendenti e lavoratori qualificati.<\/p>\n<p>Man mano che sviluppiamo, vogliamo assicurarci di mantenere la giusta cultura in tutto il Gruppo. I dipendenti e i lavoratori sono incoraggiati a segnalare eventuali preoccupazioni in linea con la nostra Politica sulla libert\u00e0 di parlare: sollevare preoccupazioni (wistleblowing). Abbiamo intrapreso corsi di formazione sui fattori umani in tutto il Gruppo. Continuiamo a costruire il nostro <em>Solo Cultura<\/em>, garantendo un ambiente sicuro in cui le persone hanno fiducia di poter e dover segnalare le proprie preoccupazioni senza essere ritenute responsabili. Disponiamo di un Responsabile Salute, Sicurezza e Ambiente per il nostro Gruppo, responsabile di garantire il mantenimento di una corretta cultura aziendale. La nostra struttura di governance prevede che le lezioni apprese o gli errori vengano segnalati a livello organizzativo e monitorati, alimentando il nostro processo di miglioramento continuo e la nostra certificazione ISO 9001.<\/p>\n<p>Disponiamo di un processo di prequalificazione per la nostra catena di fornitura che valuta le nostre catene di fornitura e i potenziali rischi di schiavit\u00f9, lavoro minorile e tratta di esseri umani. Poich\u00e9 la maggior parte dei nostri fornitori ha sede nel Regno Unito e in Australia, e molti operano in settori specializzati piuttosto che in settori a bassa qualificazione, le nostre catene di fornitura sono state complessivamente valutate come a basso rischio in termini di non conformit\u00e0 alla legge. Tuttavia, i rischi per la nostra catena di fornitura vengono monitorati e aggiorniamo il nostro processo di prequalificazione quando necessario.<\/p>\n<p>Lavoreremo solo con organizzazioni nella nostra catena di fornitura che hanno impegni in linea con il Gruppo e possono garantire che non sono coinvolte nella schiavit\u00f9 moderna o nella tratta di esseri umani. Sebbene sia obbligo di tali organizzazioni attuare le proprie politiche e procedure per raggiungere tale obiettivo, monitoriamo attraverso il nostro processo di prequalificazione, la gestione dei contratti e le nostre pratiche esistenti per garantire di adottare tutte le misure ragionevoli per verificare la conformit\u00e0 alla legge.<\/p>\n<p>4. <strong>Azioni intraprese negli ultimi 12 mesi<\/strong><\/p>\n<p>Abbiamo:<\/p>\n<ul class=\"wp-block-list\">\n<li>Abbiamo esaminato e migliorato i rischi e le misure di mitigazione relativi alla nostra catena di fornitura.<\/li>\n<li>Abbiamo intrapreso una revisione della nostra catena di fornitura per garantire la conformit\u00e0 alla legge.<\/li>\n<li>Abbiamo esaminato gli standard dei nostri fornitori e li applichiamo lungo tutta la nostra catena di fornitura, sia per i fornitori esistenti che per quelli nuovi.<\/li>\n<li>Valutare continuamente l&#039;efficacia della nostra struttura di governance e apportare modifiche per garantire che siano in atto controlli per conformarsi alla legge.<\/li>\n<li>Abbiamo continuato ad aumentare la consapevolezza sulla legge e sui rischi associati come parte del nostro processo di formazione.<\/li>\n<\/ul>\n<p>5. <strong>Piani di miglioramento<\/strong><\/p>\n<p>Noi saremo:<\/p>\n<ul class=\"wp-block-list\">\n<li>Monitorare i progressi dell&#039;eventuale emendamento al Modern Slavery Act e rivedere costantemente le disposizioni della legge applicabili alle nostre attivit\u00e0 commerciali.<\/li>\n<li>Progresso del nostro impegno aziendale in materia ambientale, sociale e di governance (ESG) in tutto il nostro Gruppo.<\/li>\n<li>Aggiornare la nostra governance per garantire che gli obiettivi ESG siano raggiunti e monitorati.<\/li>\n<li>Rivedere la nostra catena di fornitura almeno una volta all&#039;anno, oppure quando il rischio viene identificato come parte della nostra gestione della catena di fornitura.<\/li>\n<li>Intraprendere una valutazione del rischio della schiavit\u00f9 moderna con le nostre agenzie e i nostri fornitori critici.<\/li>\n<li>Mantenere i nostri standard di fornitura per garantire che soddisfino le nostre ambizioni ESG e di valore sociale.<\/li>\n<li>Monitorare i requisiti standard dei fornitori NHS in modo da soddisfarli, ma la nostra ambizione continua a essere quella di superarli.<\/li>\n<li>Abilitare la nostra struttura di governance in modo che supporti il miglioramento continuo per mitigare i rischi associati alla non conformit\u00e0 alla legge o alle cattive pratiche nella nostra catena di fornitura.<\/li>\n<li>Migliorare la consapevolezza del Gruppo sul rispetto della legge, inclusa la concussione, la corruzione e il lavoro minorile.<\/li>\n<li>Stabilire controlli e una cultura per incoraggiare l\u2019azione volta a mitigare i rischi di non conformit\u00e0 alla Legge in tutto il nostro Gruppo.<\/li>\n<\/ul>\n<p>La presente dichiarazione \u00e8 stata approvata dal Consiglio di Amministrazione il 6 giugno 2025, che la rivedr\u00e0 e la aggiorner\u00e0 annualmente.<\/p>\n<p><strong>Chris Blackwell-Frost<br \/>Amministratore delegato<br \/>6 giugno 2025<\/strong><\/p>","protected":false},"excerpt":{"rendered":"<p>Policy Modern slavery is a crime and a violation of fundamental human rights. It takes various forms, such as slavery, servitude, forced and compulsory labour and human trafficking, all of which have in common the deprivation of a person\u2019s liberty by another in order to exploit them for personal or commercial gain. The Group has [&hellip;]<\/p>\n","protected":false},"author":2,"featured_media":0,"parent":0,"menu_order":0,"comment_status":"closed","ping_status":"closed","template":"","meta":{"_acf_changed":false,"footnotes":""},"class_list":["post-366","page","type-page","status-publish","format-standard","hentry"],"acf":[],"yoast_head":"<!-- This site is optimized with the Yoast SEO plugin v27.3 - https:\/\/yoast.com\/product\/yoast-seo-wordpress\/ -->\n<title>Modern slavery and human trafficking statement - Vanguard Life Sciences<\/title>\n<meta name=\"robots\" content=\"index, follow, max-snippet:-1, max-image-preview:large, max-video-preview:-1\" \/>\n<link rel=\"canonical\" href=\"https:\/\/www.vanguardlifesciences.co.uk\/it_it\/modern-slavery-and-human-trafficking-statement\/\" \/>\n<meta property=\"og:locale\" content=\"it_IT\" \/>\n<meta property=\"og:type\" content=\"article\" \/>\n<meta property=\"og:title\" content=\"Modern slavery and human trafficking statement - Vanguard Life Sciences\" \/>\n<meta property=\"og:description\" content=\"Policy Modern slavery is a crime and a violation of fundamental human rights. It takes various forms, such as slavery, servitude, forced and compulsory labour and human trafficking, all of which have in common the deprivation of a person\u2019s liberty by another in order to exploit them for personal or commercial gain. The Group has [&hellip;]\" \/>\n<meta property=\"og:url\" content=\"https:\/\/www.vanguardlifesciences.co.uk\/it_it\/modern-slavery-and-human-trafficking-statement\/\" \/>\n<meta property=\"og:site_name\" content=\"Vanguard Life Sciences\" \/>\n<meta property=\"article:modified_time\" content=\"2025-06-18T10:27:52+00:00\" \/>\n<meta name=\"twitter:card\" content=\"summary_large_image\" \/>\n<meta name=\"twitter:label1\" content=\"Tempo di lettura stimato\" \/>\n\t<meta name=\"twitter:data1\" content=\"6 minuti\" \/>\n<script type=\"application\/ld+json\" class=\"yoast-schema-graph\">{\"@context\":\"https:\\\/\\\/schema.org\",\"@graph\":[{\"@type\":\"WebPage\",\"@id\":\"https:\\\/\\\/www.vanguardlifesciences.co.uk\\\/modern-slavery-and-human-trafficking-statement\\\/\",\"url\":\"https:\\\/\\\/www.vanguardlifesciences.co.uk\\\/modern-slavery-and-human-trafficking-statement\\\/\",\"name\":\"Modern slavery and human trafficking statement - Vanguard Life Sciences\",\"isPartOf\":{\"@id\":\"https:\\\/\\\/www.vanguardlifesciences.co.uk\\\/#website\"},\"datePublished\":\"2023-06-28T13:13:23+00:00\",\"dateModified\":\"2025-06-18T10:27:52+00:00\",\"breadcrumb\":{\"@id\":\"https:\\\/\\\/www.vanguardlifesciences.co.uk\\\/modern-slavery-and-human-trafficking-statement\\\/#breadcrumb\"},\"inLanguage\":\"it-IT\",\"potentialAction\":[{\"@type\":\"ReadAction\",\"target\":[\"https:\\\/\\\/www.vanguardlifesciences.co.uk\\\/modern-slavery-and-human-trafficking-statement\\\/\"]}]},{\"@type\":\"BreadcrumbList\",\"@id\":\"https:\\\/\\\/www.vanguardlifesciences.co.uk\\\/modern-slavery-and-human-trafficking-statement\\\/#breadcrumb\",\"itemListElement\":[{\"@type\":\"ListItem\",\"position\":1,\"name\":\"Home\",\"item\":\"https:\\\/\\\/www.vanguardlifesciences.co.uk\\\/\"},{\"@type\":\"ListItem\",\"position\":2,\"name\":\"Modern slavery and human trafficking statement\"}]},{\"@type\":\"WebSite\",\"@id\":\"https:\\\/\\\/www.vanguardlifesciences.co.uk\\\/#website\",\"url\":\"https:\\\/\\\/www.vanguardlifesciences.co.uk\\\/\",\"name\":\"Vanguard Life Sciences\",\"description\":\"\",\"potentialAction\":[{\"@type\":\"SearchAction\",\"target\":{\"@type\":\"EntryPoint\",\"urlTemplate\":\"https:\\\/\\\/www.vanguardlifesciences.co.uk\\\/?s={search_term_string}\"},\"query-input\":{\"@type\":\"PropertyValueSpecification\",\"valueRequired\":true,\"valueName\":\"search_term_string\"}}],\"inLanguage\":\"it-IT\"}]}<\/script>\n<!-- \/ Yoast SEO plugin. -->","yoast_head_json":{"title":"Modern slavery and human trafficking statement - Vanguard Life Sciences","robots":{"index":"index","follow":"follow","max-snippet":"max-snippet:-1","max-image-preview":"max-image-preview:large","max-video-preview":"max-video-preview:-1"},"canonical":"https:\/\/www.vanguardlifesciences.co.uk\/it_it\/modern-slavery-and-human-trafficking-statement\/","og_locale":"it_IT","og_type":"article","og_title":"Modern slavery and human trafficking statement - Vanguard Life Sciences","og_description":"Policy Modern slavery is a crime and a violation of fundamental human rights. It takes various forms, such as slavery, servitude, forced and compulsory labour and human trafficking, all of which have in common the deprivation of a person\u2019s liberty by another in order to exploit them for personal or commercial gain. The Group has [&hellip;]","og_url":"https:\/\/www.vanguardlifesciences.co.uk\/it_it\/modern-slavery-and-human-trafficking-statement\/","og_site_name":"Vanguard Life Sciences","article_modified_time":"2025-06-18T10:27:52+00:00","twitter_card":"summary_large_image","twitter_misc":{"Tempo di lettura stimato":"6 minuti"},"schema":{"@context":"https:\/\/schema.org","@graph":[{"@type":"WebPage","@id":"https:\/\/www.vanguardlifesciences.co.uk\/modern-slavery-and-human-trafficking-statement\/","url":"https:\/\/www.vanguardlifesciences.co.uk\/modern-slavery-and-human-trafficking-statement\/","name":"Modern slavery and human trafficking statement - Vanguard Life Sciences","isPartOf":{"@id":"https:\/\/www.vanguardlifesciences.co.uk\/#website"},"datePublished":"2023-06-28T13:13:23+00:00","dateModified":"2025-06-18T10:27:52+00:00","breadcrumb":{"@id":"https:\/\/www.vanguardlifesciences.co.uk\/modern-slavery-and-human-trafficking-statement\/#breadcrumb"},"inLanguage":"it-IT","potentialAction":[{"@type":"ReadAction","target":["https:\/\/www.vanguardlifesciences.co.uk\/modern-slavery-and-human-trafficking-statement\/"]}]},{"@type":"BreadcrumbList","@id":"https:\/\/www.vanguardlifesciences.co.uk\/modern-slavery-and-human-trafficking-statement\/#breadcrumb","itemListElement":[{"@type":"ListItem","position":1,"name":"Home","item":"https:\/\/www.vanguardlifesciences.co.uk\/"},{"@type":"ListItem","position":2,"name":"Modern slavery and human trafficking statement"}]},{"@type":"WebSite","@id":"https:\/\/www.vanguardlifesciences.co.uk\/#website","url":"https:\/\/www.vanguardlifesciences.co.uk\/","name":"Vanguard Life Sciences","description":"","potentialAction":[{"@type":"SearchAction","target":{"@type":"EntryPoint","urlTemplate":"https:\/\/www.vanguardlifesciences.co.uk\/?s={search_term_string}"},"query-input":{"@type":"PropertyValueSpecification","valueRequired":true,"valueName":"search_term_string"}}],"inLanguage":"it-IT"}]}},"_links":{"self":[{"href":"https:\/\/www.vanguardlifesciences.co.uk\/it_it\/wp-json\/wp\/v2\/pages\/366","targetHints":{"allow":["GET"]}}],"collection":[{"href":"https:\/\/www.vanguardlifesciences.co.uk\/it_it\/wp-json\/wp\/v2\/pages"}],"about":[{"href":"https:\/\/www.vanguardlifesciences.co.uk\/it_it\/wp-json\/wp\/v2\/types\/page"}],"author":[{"embeddable":true,"href":"https:\/\/www.vanguardlifesciences.co.uk\/it_it\/wp-json\/wp\/v2\/users\/2"}],"replies":[{"embeddable":true,"href":"https:\/\/www.vanguardlifesciences.co.uk\/it_it\/wp-json\/wp\/v2\/comments?post=366"}],"version-history":[{"count":0,"href":"https:\/\/www.vanguardlifesciences.co.uk\/it_it\/wp-json\/wp\/v2\/pages\/366\/revisions"}],"wp:attachment":[{"href":"https:\/\/www.vanguardlifesciences.co.uk\/it_it\/wp-json\/wp\/v2\/media?parent=366"}],"curies":[{"name":"wp","href":"https:\/\/api.w.org\/{rel}","templated":true}]}}