{"id":368,"date":"2023-06-28T14:02:03","date_gmt":"2023-06-28T14:02:03","guid":{"rendered":"https:\/\/www.vanguardlifesciences.co.uk\/?page_id=368"},"modified":"2023-08-25T15:21:54","modified_gmt":"2023-08-25T15:21:54","slug":"cookie-policy","status":"publish","type":"page","link":"https:\/\/www.vanguardlifesciences.co.uk\/is_is\/cookie-policy\/","title":{"rendered":"Vafrak\u00f6kurstefna"},"content":{"rendered":"<style>\n    a.cky-banner-element {\n        padding: 8px 30px;\n        background: #F8F9FA;\n        color: #858A8F;\n        border: 1px solid #DEE2E6;\n        box-sizing: border-box;\n        border-radius: 2px;\n        cursor: pointer;\n}\n<\/style>\n<p>\n    Gildist\u00edmi: 24. \u00e1g\u00fast 2023 <br \/>\n    S\u00ed\u00f0ast uppf\u00e6rt: 24. \u00e1g\u00fast 2023\n<\/p>\n<p>&nbsp;<\/p>\n<h5>Hva\u00f0 eru k\u00f6kur?<\/h5>\n<div class=\"cookie-policy-p\">\n<p>\u00deessi vafrak\u00f6kustefna \u00fatsk\u00fdrir hva\u00f0 vafrak\u00f6kur eru og hvernig vi\u00f0 notum \u00fe\u00e6r, tegundir vafrak\u00f6ku sem vi\u00f0 notum \u00fe.e. uppl\u00fdsingarnar sem vi\u00f0 s\u00f6fnum me\u00f0 vafrak\u00f6kum og hvernig \u00fe\u00e6r uppl\u00fdsingar eru nota\u00f0ar og hvernig \u00e1 a\u00f0 stj\u00f3rna vafrak\u00f6kurstillingunum.<\/p>\n<p>Vafrak\u00f6kur eru litlar textaskr\u00e1r sem eru nota\u00f0ar til a\u00f0 geyma litlar uppl\u00fdsingar. \u00deau eru geymd \u00ed t\u00e6kinu \u00fe\u00ednu \u00feegar vefs\u00ed\u00f0an er hla\u00f0in \u00ed vafranum \u00fe\u00ednum. \u00deessar vafrak\u00f6kur hj\u00e1lpa okkur a\u00f0 l\u00e1ta vefs\u00ed\u00f0una virka r\u00e9tt, gera hana \u00f6ruggari, veita betri notendaupplifun og skilja hvernig vefs\u00ed\u00f0an virkar og greina hva\u00f0 virkar og hvar \u00fea\u00f0 \u00fearfnast endurb\u00f3ta.<\/p>\n<\/div>\n<p>&nbsp;<\/p>\n<h5>Hvernig notum vi\u00f0 vafrak\u00f6kur?<\/h5>\n<div class=\"cookie-policy-p\">\n<p>Eins og flestar net\u00fej\u00f3nusturnar notar vefs\u00ed\u00f0an okkar vefk\u00f6kur fr\u00e1 fyrsta a\u00f0ila og \u00feri\u00f0ja a\u00f0ila \u00ed \u00fdmsum tilgangi. Vefk\u00f6kur fr\u00e1 fyrsta a\u00f0ila eru a\u00f0 mestu nau\u00f0synlegar til a\u00f0 vefs\u00ed\u00f0an virki \u00e1 r\u00e9ttan h\u00e1tt og \u00fe\u00e6r safna ekki neinum pers\u00f3nugreinanlegum g\u00f6gnum \u00fe\u00ednum.<\/p>\n<p>\u00deri\u00f0ju a\u00f0ila vafrak\u00f6kur sem nota\u00f0ar eru \u00e1 vefs\u00ed\u00f0u okkar eru a\u00f0allega til a\u00f0 skilja hvernig vefs\u00ed\u00f0an virkar, hvernig \u00fe\u00fa hefur samskipti vi\u00f0 vefs\u00ed\u00f0u okkar, halda \u00fej\u00f3nustu okkar \u00f6ruggri, \u00fatvega augl\u00fdsingar sem eiga vi\u00f0 \u00feig og allt \u00ed allt a\u00f0 veita \u00fe\u00e9r betri og betri notanda upplifa og hj\u00e1lpa til vi\u00f0 a\u00f0 fl\u00fdta fyrir framt\u00ed\u00f0arsamskiptum \u00fe\u00ednum vi\u00f0 vefs\u00ed\u00f0una okkar.<\/p>\n<\/div>\n<p>&nbsp;<\/p>\n<h5>Tegundir vafrak\u00f6ku sem vi\u00f0 notum<\/h5>\n<div class=\"cky-audit-table-element\"><\/div>\n<p>&nbsp;<\/p>\n<h5 style=\"margin-bottom:20px;\">Stj\u00f3rna stillingum fyrir k\u00f6kur<\/h5>\n<p>    <a class=\"cky-banner-element\">Vafrak\u00f6kurstillingar<\/a> <\/p>\n<div>\n<p>\u00de\u00fa getur breytt stillingum \u00fe\u00ednum fyrir k\u00f6kur hven\u00e6r sem er me\u00f0 \u00fev\u00ed a\u00f0 smella \u00e1 hnappinn h\u00e9r a\u00f0 ofan. \u00deetta gerir \u00fe\u00e9r kleift a\u00f0 sko\u00f0a sam\u00feykkisbor\u00f0ann fyrir k\u00f6kur aftur og breyta kj\u00f6rstillingum \u00fe\u00ednum e\u00f0a draga sam\u00feykki \u00feitt til baka strax. <\/p>\n<p>Auk \u00feessa bj\u00f3\u00f0a mismunandi vafrar upp \u00e1 mismunandi a\u00f0fer\u00f0ir til a\u00f0 loka \u00e1 og ey\u00f0a vafrak\u00f6kum sem vefs\u00ed\u00f0ur nota. \u00de\u00fa getur breytt stillingum vafrans til a\u00f0 loka\/ey\u00f0a vafrak\u00f6kum. H\u00e9r a\u00f0 ne\u00f0an eru tenglar \u00e1 stu\u00f0ningsskj\u00f6lin um hvernig eigi a\u00f0 stj\u00f3rna og ey\u00f0a vafrak\u00f6kum \u00far helstu v\u00f6frum.<\/p>\n<p>Kr\u00f3m: <a href=\"https:\/\/support.google.com\/accounts\/answer\/32050\" target=\"_blank\" rel=\"noopener\">https:\/\/support.google.com\/accounts\/answer\/32050<\/a><\/p>\n<p>Safari: <a href=\"https:\/\/support.apple.com\/en-in\/guide\/safari\/sfri11471\/mac\" target=\"_blank\" rel=\"noopener\">https:\/\/support.apple.com\/en-in\/guide\/safari\/sfri11471\/mac<\/a><\/p>\n<p>Firefox: <a href=\"https:\/\/support.mozilla.org\/en-US\/kb\/clear-cookies-and-site-data-firefox?redirectslug=delete-cookies-remove-info-websites-stored&redirectlocale=en-US\" target=\"_blank\" rel=\"noopener\">https:\/\/support.mozilla.org\/en-US\/kb\/clear-cookies-and-site-data-firefox?redirectslug=delete-cookies-remove-info-websites-stored&redirectlocale=en-US<\/a><\/p>\n<p>Internet Explorer: <a href=\"https:\/\/support.microsoft.com\/en-us\/topic\/how-to-delete-cookie-files-in-internet-explorer-bca9446f-d873-78de-77ba-d42645fa52fc\" target=\"_blank\" rel=\"noopener\">https:\/\/support.microsoft.com\/en-us\/topic\/how-to-delete-cookie-files-in-internet-explorer-bca9446f-d873-78de-77ba-d42645fa52fc<\/a><\/p>\n<p>Ef \u00fe\u00fa ert a\u00f0 nota einhvern annan vafra, vinsamlegast far\u00f0u \u00ed opinber stu\u00f0ningsskj\u00f6l vafrans \u00fe\u00edns.<\/p>\n<\/div>","protected":false},"excerpt":{"rendered":"<p>Effective Date: 24-Aug-2023 Last Updated: 24-Aug-2023 &nbsp; What are cookies? This Cookie Policy explains what cookies are and how we use them, the types of cookies we use i.e, the information we collect using cookies and how that information is used, and how to manage the cookie settings. Cookies are small text files that are [&hellip;]<\/p>\n","protected":false},"author":2,"featured_media":0,"parent":0,"menu_order":0,"comment_status":"closed","ping_status":"closed","template":"","meta":{"_acf_changed":false,"footnotes":""},"class_list":["post-368","page","type-page","status-publish","format-standard","hentry"],"acf":[],"yoast_head":"<!-- This site is optimized with the Yoast SEO plugin v27.3 - https:\/\/yoast.com\/product\/yoast-seo-wordpress\/ -->\n<title>Cookie Policy - Vanguard Life Sciences<\/title>\n<meta name=\"robots\" content=\"index, follow, max-snippet:-1, max-image-preview:large, max-video-preview:-1\" \/>\n<link rel=\"canonical\" href=\"https:\/\/www.vanguardlifesciences.co.uk\/is_is\/cookie-policy\/\" \/>\n<meta property=\"og:locale\" content=\"is_IS\" \/>\n<meta property=\"og:type\" content=\"article\" \/>\n<meta property=\"og:title\" content=\"Cookie Policy - Vanguard Life Sciences\" \/>\n<meta property=\"og:description\" content=\"Effective Date: 24-Aug-2023 Last Updated: 24-Aug-2023 &nbsp; What are cookies? This Cookie Policy explains what cookies are and how we use them, the types of cookies we use i.e, the information we collect using cookies and how that information is used, and how to manage the cookie settings. Cookies are small text files that are [&hellip;]\" \/>\n<meta property=\"og:url\" content=\"https:\/\/www.vanguardlifesciences.co.uk\/is_is\/cookie-policy\/\" \/>\n<meta property=\"og:site_name\" content=\"Vanguard Life Sciences\" \/>\n<meta property=\"article:modified_time\" content=\"2023-08-25T15:21:54+00:00\" \/>\n<meta name=\"twitter:card\" content=\"summary_large_image\" \/>\n<meta name=\"twitter:label1\" content=\"Est. reading time\" \/>\n\t<meta name=\"twitter:data1\" content=\"2 minutes\" \/>\n<script type=\"application\/ld+json\" class=\"yoast-schema-graph\">{\"@context\":\"https:\\\/\\\/schema.org\",\"@graph\":[{\"@type\":\"WebPage\",\"@id\":\"https:\\\/\\\/www.vanguardlifesciences.co.uk\\\/cookie-policy\\\/\",\"url\":\"https:\\\/\\\/www.vanguardlifesciences.co.uk\\\/cookie-policy\\\/\",\"name\":\"Cookie Policy - Vanguard Life Sciences\",\"isPartOf\":{\"@id\":\"https:\\\/\\\/www.vanguardlifesciences.co.uk\\\/#website\"},\"datePublished\":\"2023-06-28T14:02:03+00:00\",\"dateModified\":\"2023-08-25T15:21:54+00:00\",\"breadcrumb\":{\"@id\":\"https:\\\/\\\/www.vanguardlifesciences.co.uk\\\/cookie-policy\\\/#breadcrumb\"},\"inLanguage\":\"is\",\"potentialAction\":[{\"@type\":\"ReadAction\",\"target\":[\"https:\\\/\\\/www.vanguardlifesciences.co.uk\\\/cookie-policy\\\/\"]}]},{\"@type\":\"BreadcrumbList\",\"@id\":\"https:\\\/\\\/www.vanguardlifesciences.co.uk\\\/cookie-policy\\\/#breadcrumb\",\"itemListElement\":[{\"@type\":\"ListItem\",\"position\":1,\"name\":\"Home\",\"item\":\"https:\\\/\\\/www.vanguardlifesciences.co.uk\\\/\"},{\"@type\":\"ListItem\",\"position\":2,\"name\":\"Cookie Policy\"}]},{\"@type\":\"WebSite\",\"@id\":\"https:\\\/\\\/www.vanguardlifesciences.co.uk\\\/#website\",\"url\":\"https:\\\/\\\/www.vanguardlifesciences.co.uk\\\/\",\"name\":\"Vanguard Life Sciences\",\"description\":\"\",\"potentialAction\":[{\"@type\":\"SearchAction\",\"target\":{\"@type\":\"EntryPoint\",\"urlTemplate\":\"https:\\\/\\\/www.vanguardlifesciences.co.uk\\\/?s={search_term_string}\"},\"query-input\":{\"@type\":\"PropertyValueSpecification\",\"valueRequired\":true,\"valueName\":\"search_term_string\"}}],\"inLanguage\":\"is\"}]}<\/script>\n<!-- \/ Yoast SEO plugin. -->","yoast_head_json":{"title":"Cookie Policy - Vanguard Life Sciences","robots":{"index":"index","follow":"follow","max-snippet":"max-snippet:-1","max-image-preview":"max-image-preview:large","max-video-preview":"max-video-preview:-1"},"canonical":"https:\/\/www.vanguardlifesciences.co.uk\/is_is\/cookie-policy\/","og_locale":"is_IS","og_type":"article","og_title":"Cookie Policy - Vanguard Life Sciences","og_description":"Effective Date: 24-Aug-2023 Last Updated: 24-Aug-2023 &nbsp; What are cookies? This Cookie Policy explains what cookies are and how we use them, the types of cookies we use i.e, the information we collect using cookies and how that information is used, and how to manage the cookie settings. Cookies are small text files that are [&hellip;]","og_url":"https:\/\/www.vanguardlifesciences.co.uk\/is_is\/cookie-policy\/","og_site_name":"Vanguard Life Sciences","article_modified_time":"2023-08-25T15:21:54+00:00","twitter_card":"summary_large_image","twitter_misc":{"Est. reading time":"2 minutes"},"schema":{"@context":"https:\/\/schema.org","@graph":[{"@type":"WebPage","@id":"https:\/\/www.vanguardlifesciences.co.uk\/cookie-policy\/","url":"https:\/\/www.vanguardlifesciences.co.uk\/cookie-policy\/","name":"Cookie Policy - Vanguard Life Sciences","isPartOf":{"@id":"https:\/\/www.vanguardlifesciences.co.uk\/#website"},"datePublished":"2023-06-28T14:02:03+00:00","dateModified":"2023-08-25T15:21:54+00:00","breadcrumb":{"@id":"https:\/\/www.vanguardlifesciences.co.uk\/cookie-policy\/#breadcrumb"},"inLanguage":"is","potentialAction":[{"@type":"ReadAction","target":["https:\/\/www.vanguardlifesciences.co.uk\/cookie-policy\/"]}]},{"@type":"BreadcrumbList","@id":"https:\/\/www.vanguardlifesciences.co.uk\/cookie-policy\/#breadcrumb","itemListElement":[{"@type":"ListItem","position":1,"name":"Home","item":"https:\/\/www.vanguardlifesciences.co.uk\/"},{"@type":"ListItem","position":2,"name":"Cookie Policy"}]},{"@type":"WebSite","@id":"https:\/\/www.vanguardlifesciences.co.uk\/#website","url":"https:\/\/www.vanguardlifesciences.co.uk\/","name":"Vanguard Life Sciences","description":"","potentialAction":[{"@type":"SearchAction","target":{"@type":"EntryPoint","urlTemplate":"https:\/\/www.vanguardlifesciences.co.uk\/?s={search_term_string}"},"query-input":{"@type":"PropertyValueSpecification","valueRequired":true,"valueName":"search_term_string"}}],"inLanguage":"is"}]}},"_links":{"self":[{"href":"https:\/\/www.vanguardlifesciences.co.uk\/is_is\/wp-json\/wp\/v2\/pages\/368","targetHints":{"allow":["GET"]}}],"collection":[{"href":"https:\/\/www.vanguardlifesciences.co.uk\/is_is\/wp-json\/wp\/v2\/pages"}],"about":[{"href":"https:\/\/www.vanguardlifesciences.co.uk\/is_is\/wp-json\/wp\/v2\/types\/page"}],"author":[{"embeddable":true,"href":"https:\/\/www.vanguardlifesciences.co.uk\/is_is\/wp-json\/wp\/v2\/users\/2"}],"replies":[{"embeddable":true,"href":"https:\/\/www.vanguardlifesciences.co.uk\/is_is\/wp-json\/wp\/v2\/comments?post=368"}],"version-history":[{"count":0,"href":"https:\/\/www.vanguardlifesciences.co.uk\/is_is\/wp-json\/wp\/v2\/pages\/368\/revisions"}],"wp:attachment":[{"href":"https:\/\/www.vanguardlifesciences.co.uk\/is_is\/wp-json\/wp\/v2\/media?parent=368"}],"curies":[{"name":"wp","href":"https:\/\/api.w.org\/{rel}","templated":true}]}}