{"id":367,"date":"2023-06-28T13:15:49","date_gmt":"2023-06-28T13:15:49","guid":{"rendered":"https:\/\/www.vanguardlifesciences.co.uk\/?page_id=367"},"modified":"2023-08-24T10:07:33","modified_gmt":"2023-08-24T10:07:33","slug":"accessibility","status":"publish","type":"page","link":"https:\/\/www.vanguardlifesciences.co.uk\/is_is\/accessibility\/","title":{"rendered":"A\u00f0gengi"},"content":{"rendered":"<p>Vi\u00f0 h\u00f6fum lagt allt kapp \u00e1 a\u00f0 gera \u00feessa s\u00ed\u00f0u a\u00f0gengilega og au\u00f0velda \u00ed notkun fyrir alla.<\/p>\n<\/p>\n<h4 class=\"wp-block-heading\">T\u00edmam\u00f3tahlutverk<\/h4>\n<p>Eftir lei\u00f0beiningar sem settar eru af Web Accessibility Initiative (WAI) og Accessible Rich Internet Applications Suite (ARIA), eru kennileiti veitt til a\u00f0 gera s\u00ed\u00f0una a\u00f0gengilegri. Hlutverk notu\u00f0 til a\u00f0 au\u00f0kenna tilteki\u00f0 efni e\u00f0a lei\u00f0s\u00f6gusv\u00e6\u00f0i fyrir v\u00e9lalesara og hj\u00e1lpart\u00e6ki eins og skj\u00e1lesara.<\/p>\n<p>Kennileiti hafa veri\u00f0 notu\u00f0 til a\u00f0 bera kennsl \u00e1 helstu hluta s\u00ed\u00f0unnar og ARIA eiginleikar passa vi\u00f0 hlutverk \u00feeirra.<\/p>\n<\/p>\n<h4 class=\"wp-block-heading\">Stu\u00f0ningur vi\u00f0 vafra og t\u00e6ki<\/h4>\n<p>S\u00ed\u00f0an er bygg\u00f0 \u00e1 sveigjanlegan h\u00e1tt og er fullkomlega m\u00f3tt\u00e6kileg til a\u00f0 tryggja bestu m\u00f6gulegu notendaupplifun \u00e1 bor\u00f0t\u00f6lvum, fars\u00edmum og spjaldt\u00f6lvum.<\/p>\n<p>S\u00ed\u00f0an er a\u00f0 fullu studd (sem \u00fe\u00fd\u00f0ir besta upplifun \u00fear sem allt efni er afhent og a\u00f0gengilegt eins og \u00e6tla\u00f0 er) fyrir n\u00fdjustu \u00fatg\u00e1funa af Chrome, Firefox, Safari og Edge \u00e1 skj\u00e1bor\u00f0i, sem og n\u00fdjustu \u00fatg\u00e1funa af Chrome \u00e1 Android og Safari \u00e1 iOS.<\/p>\n<p>Stu\u00f0ningur vi\u00f0 fyrri tv\u00e6r \u00fatg\u00e1fur af v\u00f6frunum sem taldar eru upp h\u00e9r a\u00f0 ofan er \u00farelt (sem \u00fe\u00fd\u00f0ir a\u00f0 allt efni er a\u00f0gengilegt en notendaupplifunin g\u00e6ti minnka\u00f0. HTML, Javascript og CSS kynning mun r\u00fdrnast \u00feokkalega (\u00fe.e. ekki kasta villum) ef vafrinn er \u00f3f\u00e6r um a\u00f0 skila virkni).<\/p>\n<p>Eldri vafrar e\u00f0a vafrar sem ekki eru taldir upp h\u00e9r a\u00f0 ofan eru ekki studdir (sem \u00fe\u00fd\u00f0ir a\u00f0 vafrinn er ekki pr\u00f3fa\u00f0ur og \u00fev\u00ed g\u00e6ti sumt efni veri\u00f0 \u00f3a\u00f0gengilegt og upplifun g\u00e6ti haft alvarleg \u00e1hrif).<\/p>\n<\/p>\n<h4 class=\"wp-block-heading\">Merkingarfr\u00e6\u00f0i<\/h4>\n<p>HTML5 merking er notu\u00f0 til a\u00f0 byggja upp s\u00ed\u00f0una me\u00f0 vi\u00f0eigandi \u00fe\u00e1ttum sem notu\u00f0 eru til a\u00f0 au\u00f0kenna efni \u00e1 sk\u00fdran og r\u00f6kr\u00e9ttan h\u00e1tt fyrir leitarv\u00e9lar e\u00f0a skj\u00e1lesendur.<\/p>\n<\/p>\n<h4 class=\"wp-block-heading\">JavaScript<\/h4>\n<p>Notkun JavaScript mun gefa notandanum aukna eiginleika s\u00ed\u00f0unnar. \u00dear sem \u00fea\u00f0 er ekki tilt\u00e6kt \u00fe\u00e1 eru allar s\u00ed\u00f0ur og ferli enn a\u00f0gengilegt.<\/p>\n<\/p>\n<h4 class=\"wp-block-heading\">Ey\u00f0ubl\u00f6\u00f0<\/h4>\n<p>Allir ey\u00f0ubla\u00f0reitir fylgja r\u00f6kr\u00e9ttri flipa r\u00f6\u00f0 til a\u00f0 tryggja au\u00f0velda flakk. Ey\u00f0ubla\u00f0areitir hafa einnig &#039;label&#039; og &#039;id&#039; eiginleika til a\u00f0 tengja ey\u00f0ubla\u00f0i\u00f0 vi\u00f0 merki \u00feess til a\u00f0 au\u00f0velda innsl\u00e1tt gagna.<\/p>\n<\/p>\n<h4 class=\"wp-block-heading\">Tenglar<\/h4>\n<p>Allir tenglar hafa veri\u00f0 skrifa\u00f0ir til a\u00f0 vera skynsamlegir \u00feegar \u00feeir eru teknir \u00far samhengi. \u00dear sem vi\u00f0 \u00e1 h\u00f6fum vi\u00f0 einnig b\u00e6tt vi\u00f0 eiginleikum hlekkjatitils til a\u00f0 l\u00fdsa hlekknum n\u00e1nar.<\/p>\n<\/p>\n<h4 class=\"wp-block-heading\">Leturst\u00e6r\u00f0<\/h4>\n<p>Leturst\u00e6r\u00f0ir sem nota\u00f0ar eru \u00e1 vefs\u00ed\u00f0unni eru a\u00f0 fullu sveigjanlegar. \u00de\u00fa getur breytt leturst\u00e6r\u00f0inni til a\u00f0 gera hana anna\u00f0hvort st\u00e6rri e\u00f0a minni me\u00f0 stillingum vafrans.<\/p>\n<\/p>\n<h4 class=\"wp-block-heading\">Litir<\/h4>\n<p>Vi\u00f0 h\u00f6fum g\u00e6tt \u00feess a\u00f0 tryggja a\u00f0 litasamsetningar og birtuskil s\u00ed\u00f0unnar s\u00e9u \u00e1hrifar\u00edkar til a\u00f0 tryggja a\u00f0 uppl\u00fdsingar s\u00e9u enn sk\u00fdrar \u00feegar allir eru sko\u00f0a\u00f0ir me\u00f0 \u00fev\u00ed a\u00f0 hafa a\u00f0 l\u00e1gmarki 3 birtuskil \u00e1 s\u00ed\u00f0unni.<\/p>\n<\/p>\n<h4 class=\"wp-block-heading\">Ni\u00f0urhal<\/h4>\n<p>Vi\u00f0 notum Adobe PDF skj\u00f6l fyrir frekari uppl\u00fdsingar og ni\u00f0urhal. Adobe PDF Reader er \u00f3keypis til notkunar \u00e1 hva\u00f0a t\u00f6lvu sem er og h\u00e6gt er a\u00f0 hla\u00f0a honum ni\u00f0ur <a href=\"https:\/\/get.adobe.com\/uk\/reader\/\" target=\"_blank\" rel=\"noreferrer noopener\">h\u00e9r<\/a>.<\/p>","protected":false},"excerpt":{"rendered":"<p>We have made every effort to make this site accessible and easy to use for everyone. Landmark roles Following guidance set by the Web Accessibility Initiative (WAI) and the Accessible Rich Internet Applications Suite (ARIA), landmark roles are provided to make the site more accessible. Roles used to identify specific content or navigation areas for [&hellip;]<\/p>\n","protected":false},"author":2,"featured_media":0,"parent":0,"menu_order":0,"comment_status":"closed","ping_status":"closed","template":"","meta":{"_acf_changed":false,"footnotes":""},"class_list":["post-367","page","type-page","status-publish","format-standard","hentry"],"acf":[],"yoast_head":"<!-- This site is optimized with the Yoast SEO plugin v27.3 - https:\/\/yoast.com\/product\/yoast-seo-wordpress\/ -->\n<title>Accessibility - Vanguard Life Sciences<\/title>\n<meta name=\"robots\" content=\"index, follow, max-snippet:-1, max-image-preview:large, max-video-preview:-1\" \/>\n<link rel=\"canonical\" href=\"https:\/\/www.vanguardlifesciences.co.uk\/is_is\/accessibility\/\" \/>\n<meta property=\"og:locale\" content=\"is_IS\" \/>\n<meta property=\"og:type\" content=\"article\" \/>\n<meta property=\"og:title\" content=\"Accessibility - Vanguard Life Sciences\" \/>\n<meta property=\"og:description\" content=\"We have made every effort to make this site accessible and easy to use for everyone. Landmark roles Following guidance set by the Web Accessibility Initiative (WAI) and the Accessible Rich Internet Applications Suite (ARIA), landmark roles are provided to make the site more accessible. Roles used to identify specific content or navigation areas for [&hellip;]\" \/>\n<meta property=\"og:url\" content=\"https:\/\/www.vanguardlifesciences.co.uk\/is_is\/accessibility\/\" \/>\n<meta property=\"og:site_name\" content=\"Vanguard Life Sciences\" \/>\n<meta property=\"article:modified_time\" content=\"2023-08-24T10:07:33+00:00\" \/>\n<meta name=\"twitter:card\" content=\"summary_large_image\" \/>\n<meta name=\"twitter:label1\" content=\"Est. reading time\" \/>\n\t<meta name=\"twitter:data1\" content=\"2 minutes\" \/>\n<script type=\"application\/ld+json\" class=\"yoast-schema-graph\">{\"@context\":\"https:\\\/\\\/schema.org\",\"@graph\":[{\"@type\":\"WebPage\",\"@id\":\"https:\\\/\\\/www.vanguardlifesciences.co.uk\\\/accessibility\\\/\",\"url\":\"https:\\\/\\\/www.vanguardlifesciences.co.uk\\\/accessibility\\\/\",\"name\":\"Accessibility - Vanguard Life Sciences\",\"isPartOf\":{\"@id\":\"https:\\\/\\\/www.vanguardlifesciences.co.uk\\\/#website\"},\"datePublished\":\"2023-06-28T13:15:49+00:00\",\"dateModified\":\"2023-08-24T10:07:33+00:00\",\"breadcrumb\":{\"@id\":\"https:\\\/\\\/www.vanguardlifesciences.co.uk\\\/accessibility\\\/#breadcrumb\"},\"inLanguage\":\"is\",\"potentialAction\":[{\"@type\":\"ReadAction\",\"target\":[\"https:\\\/\\\/www.vanguardlifesciences.co.uk\\\/accessibility\\\/\"]}]},{\"@type\":\"BreadcrumbList\",\"@id\":\"https:\\\/\\\/www.vanguardlifesciences.co.uk\\\/accessibility\\\/#breadcrumb\",\"itemListElement\":[{\"@type\":\"ListItem\",\"position\":1,\"name\":\"Home\",\"item\":\"https:\\\/\\\/www.vanguardlifesciences.co.uk\\\/\"},{\"@type\":\"ListItem\",\"position\":2,\"name\":\"Accessibility\"}]},{\"@type\":\"WebSite\",\"@id\":\"https:\\\/\\\/www.vanguardlifesciences.co.uk\\\/#website\",\"url\":\"https:\\\/\\\/www.vanguardlifesciences.co.uk\\\/\",\"name\":\"Vanguard Life Sciences\",\"description\":\"\",\"potentialAction\":[{\"@type\":\"SearchAction\",\"target\":{\"@type\":\"EntryPoint\",\"urlTemplate\":\"https:\\\/\\\/www.vanguardlifesciences.co.uk\\\/?s={search_term_string}\"},\"query-input\":{\"@type\":\"PropertyValueSpecification\",\"valueRequired\":true,\"valueName\":\"search_term_string\"}}],\"inLanguage\":\"is\"}]}<\/script>\n<!-- \/ Yoast SEO plugin. -->","yoast_head_json":{"title":"Accessibility - Vanguard Life Sciences","robots":{"index":"index","follow":"follow","max-snippet":"max-snippet:-1","max-image-preview":"max-image-preview:large","max-video-preview":"max-video-preview:-1"},"canonical":"https:\/\/www.vanguardlifesciences.co.uk\/is_is\/accessibility\/","og_locale":"is_IS","og_type":"article","og_title":"Accessibility - Vanguard Life Sciences","og_description":"We have made every effort to make this site accessible and easy to use for everyone. Landmark roles Following guidance set by the Web Accessibility Initiative (WAI) and the Accessible Rich Internet Applications Suite (ARIA), landmark roles are provided to make the site more accessible. Roles used to identify specific content or navigation areas for [&hellip;]","og_url":"https:\/\/www.vanguardlifesciences.co.uk\/is_is\/accessibility\/","og_site_name":"Vanguard Life Sciences","article_modified_time":"2023-08-24T10:07:33+00:00","twitter_card":"summary_large_image","twitter_misc":{"Est. reading time":"2 minutes"},"schema":{"@context":"https:\/\/schema.org","@graph":[{"@type":"WebPage","@id":"https:\/\/www.vanguardlifesciences.co.uk\/accessibility\/","url":"https:\/\/www.vanguardlifesciences.co.uk\/accessibility\/","name":"Accessibility - Vanguard Life Sciences","isPartOf":{"@id":"https:\/\/www.vanguardlifesciences.co.uk\/#website"},"datePublished":"2023-06-28T13:15:49+00:00","dateModified":"2023-08-24T10:07:33+00:00","breadcrumb":{"@id":"https:\/\/www.vanguardlifesciences.co.uk\/accessibility\/#breadcrumb"},"inLanguage":"is","potentialAction":[{"@type":"ReadAction","target":["https:\/\/www.vanguardlifesciences.co.uk\/accessibility\/"]}]},{"@type":"BreadcrumbList","@id":"https:\/\/www.vanguardlifesciences.co.uk\/accessibility\/#breadcrumb","itemListElement":[{"@type":"ListItem","position":1,"name":"Home","item":"https:\/\/www.vanguardlifesciences.co.uk\/"},{"@type":"ListItem","position":2,"name":"Accessibility"}]},{"@type":"WebSite","@id":"https:\/\/www.vanguardlifesciences.co.uk\/#website","url":"https:\/\/www.vanguardlifesciences.co.uk\/","name":"Vanguard Life Sciences","description":"","potentialAction":[{"@type":"SearchAction","target":{"@type":"EntryPoint","urlTemplate":"https:\/\/www.vanguardlifesciences.co.uk\/?s={search_term_string}"},"query-input":{"@type":"PropertyValueSpecification","valueRequired":true,"valueName":"search_term_string"}}],"inLanguage":"is"}]}},"_links":{"self":[{"href":"https:\/\/www.vanguardlifesciences.co.uk\/is_is\/wp-json\/wp\/v2\/pages\/367","targetHints":{"allow":["GET"]}}],"collection":[{"href":"https:\/\/www.vanguardlifesciences.co.uk\/is_is\/wp-json\/wp\/v2\/pages"}],"about":[{"href":"https:\/\/www.vanguardlifesciences.co.uk\/is_is\/wp-json\/wp\/v2\/types\/page"}],"author":[{"embeddable":true,"href":"https:\/\/www.vanguardlifesciences.co.uk\/is_is\/wp-json\/wp\/v2\/users\/2"}],"replies":[{"embeddable":true,"href":"https:\/\/www.vanguardlifesciences.co.uk\/is_is\/wp-json\/wp\/v2\/comments?post=367"}],"version-history":[{"count":0,"href":"https:\/\/www.vanguardlifesciences.co.uk\/is_is\/wp-json\/wp\/v2\/pages\/367\/revisions"}],"wp:attachment":[{"href":"https:\/\/www.vanguardlifesciences.co.uk\/is_is\/wp-json\/wp\/v2\/media?parent=367"}],"curies":[{"name":"wp","href":"https:\/\/api.w.org\/{rel}","templated":true}]}}