{"id":143,"date":"2023-06-05T15:04:05","date_gmt":"2023-06-05T15:04:05","guid":{"rendered":"https:\/\/www.vanguardlifesciences.co.uk\/?page_id=143"},"modified":"2026-01-13T09:27:17","modified_gmt":"2026-01-13T09:27:17","slug":"careers","status":"publish","type":"page","link":"https:\/\/www.vanguardlifesciences.co.uk\/is_is\/careers\/","title":{"rendered":"Starfsferill"},"content":{"rendered":"<section id=\"section-2-14\" class=\"ct-section\" >\n<div class=\"ct-section-inner-wrap\">\n<div id=\"new_columns-3-14\" class=\"ct-new-columns\" >\n<div id=\"div_block-4-14\" class=\"ct-div-block\" >\n<div id=\"div_block-21-223\" class=\"ct-div-block\" ><a id=\"link_text-13-223\" class=\"ct-link-text\" href=\"\/is_is\/\" target=\"_self\"  >Heim<\/a><a id=\"link_text-25-223\" class=\"ct-link-text\" href=\"http:\/\/\" target=\"_self\"  >&gt;<\/a><\/p>\n<div id=\"text_block-26-223\" class=\"ct-text-block\" ><span id=\"span-27-223\" class=\"ct-span\" >Starfsferill<\/span><\/div>\n<\/div>\n<div id=\"div_block-17-223\" class=\"ct-div-block\" >\n<h1 id=\"headline-5-14\" class=\"ct-headline\">Vertu hluti af st\u00e6kkandi teymi innan Bretlands<\/h1>\n<\/div>\n<\/div>\n<div id=\"div_block-9-14\" class=\"ct-div-block\" ><link rel='stylesheet' id='oxygen-unslider-css'  href='https:\/\/www.vanguardlifesciences.co.uk\/wp-content\/plugins\/oxygen\/component-framework\/vendor\/unslider\/unslider.css' type='text\/css' media='all'\/>\n<div id=\"slider-88-14\" class=\"ct-slider ct_unique_slider_9636\" >\n<div class=\"oxygen-unslider-container\">\n<ul>\n<li>\n<div id=\"slide-89-14\" class=\"ct-slide\" ><img decoding=\"async\"  id=\"image-96-14\" alt=\"\" src=\"https:\/\/www.vanguardlifesciences.co.uk\/wp-content\/uploads\/sites\/9\/2025\/11\/Image-62.jpg\" class=\"ct-image\"\/><\/div>\n<\/li>\n<li>\n<div id=\"slide-101-14\" class=\"ct-slide\" ><img decoding=\"async\"  id=\"image-102-14\" alt=\"\" src=\"https:\/\/www.vanguardlifesciences.co.uk\/wp-content\/uploads\/sites\/9\/2025\/11\/Vanguard-Commercial-Photography-202.jpg\" class=\"ct-image\"\/><\/div>\n<\/li>\n<\/ul>\n<\/div>\n<\/div>\n<p><script class=\"ct-slider-script\">jQuery(document).ready(function($){$('#slider-88-14.ct_unique_slider_9636 .oxygen-unslider-container:not(.unslider-horizontal,.unslider-fade)').unslider({autoplay: true, delay: 3000, animation: 'horizontal', speed : 750, arrows: true, nav: false, infinite: true})});<\/script><\/div>\n<\/div>\n<\/div>\n<\/section>\n<section id=\"section-68-14-text-left-white\" class=\"ct-section\" >\n<div class=\"ct-section-inner-wrap\">\n<div id=\"new_columns-69-14text-left-white\" class=\"ct-new-columns\" >\n<div id=\"div_block-70-14\" class=\"ct-div-block\" >\n<h2 id=\"headline-71-14\" class=\"ct-headline\">Hvernig \u00fea\u00f0 er a\u00f0 vinna fyrir okkur<\/h2>\n<div id=\"_rich_text-72-14\" class=\"oxy-rich-text\" >\n<p dir=\"ltr\">Vi\u00f0 metum f\u00f3lki\u00f0 okkar og veitum stu\u00f0ningsumhverfi svo \u00fea\u00f0 geti bl\u00f3mstra\u00f0.&nbsp;<\/p>\n<p dir=\"ltr\">Vi\u00f0 h\u00f6fum haldi\u00f0 \u00e1fram a\u00f0 vinna sveigjanlega fr\u00e1 heimsfaraldrinum og vi\u00f0urkennum hi\u00f0 j\u00e1kv\u00e6\u00f0a jafnv\u00e6gi \u00ed blendingavinnu fyrir m\u00f6rg af okkar hef\u00f0bundnu skrifstofutengdu stu\u00f0ningshlutverkum.<\/p>\n<p dir=\"ltr\">Vi\u00f0 erum stu\u00f0nings- og umhyggjus\u00f6m teymi og h\u00f6fum \u00fej\u00e1lfa\u00f0 skyndihj\u00e1lparf\u00f3lk \u00ed ge\u00f0heilbrig\u00f0ism\u00e1lum \u00ed h\u00f3pi starfsmanna okkar og \u00fdmsa kosti sem sty\u00f0ja vell\u00ed\u00f0an okkar.<\/p>\n<p dir=\"ltr\">Vi\u00f0 elskum a\u00f0 l\u00e6ra og sty\u00f0ja vi\u00f0 \u00fer\u00f3un \u00fevert \u00e1 fyrirt\u00e6ki\u00f0. Vi\u00f0 veitum endurgrei\u00f0slur fyrir faga\u00f0ild \u00e1 hverju \u00e1ri og sty\u00f0jum marga li\u00f0smenn okkar me\u00f0 fagn\u00e1mi sem hluta af starfs\u00fer\u00f3un \u00feeirra.&nbsp;<\/p>\n<p dir=\"ltr\">Me\u00f0 \u00f6rt st\u00e6kkandi teymi yfir 150 samstarfsmanna \u00e1 al\u00fej\u00f3\u00f0avettvangi, skilgreina gildi okkar hvernig vi\u00f0 eigum vi\u00f0skipti vi\u00f0 vi\u00f0skiptavini okkar, innra og ytra: Sj\u00faklingami\u00f0a\u00f0; N\u00fdst\u00e1rlegt; M\u00f3tt\u00e6kilegur; \u00c1str\u00ed\u00f0ufullur; H\u00f3pvinna.<\/p>\n<p dir=\"ltr\">Ni\u00f0urst\u00f6\u00f0ur \u00fe\u00e1ttt\u00f6kuk\u00f6nnunar okkar \u00e1ri\u00f0 2023 s\u00fdna skuldbindingu okkar vi\u00f0 f\u00f3lki\u00f0 okkar, me\u00f0 <strong>82% j\u00e1kv\u00e6\u00f0 \u00fe\u00e1ttt\u00f6ku<\/strong> yfir reksturinn.<\/p>\n<p dir=\"ltr\">Yfir <strong>90%<\/strong> af starfsmannafj\u00f6lda okkar \u00ed Bretlandi sag\u00f0i <em>\u201e\u00c9g myndi m\u00e6la me\u00f0 a\u00f0 vinna h\u00e9r vi\u00f0 vini og fj\u00f6lskyldu\u201c<\/em> og <strong>98%<\/strong> af okkar kl\u00edn\u00edsku \u00fe\u00fd\u00f0i segja <em>\u201e\u00c9g vil vinna h\u00e9r eftir 12 m\u00e1nu\u00f0i\u201c<\/em>.<\/p>\n<\/div>\n<\/div>\n<div id=\"div_block-74-14\" class=\"ct-div-block\" ><img decoding=\"async\"  id=\"image-75-14\" alt=\"\" src=\"https:\/\/www.vanguardlifesciences.co.uk\/wp-content\/uploads\/sites\/9\/2026\/01\/Manria-Brar.jpg\" class=\"ct-image\"\/><\/div>\n<\/div>\n<\/div>\n<\/section>\n<section id=\"section-2-802\" class=\"ct-section\" style=\"background-image:linear-gradient(rgba(0,73,131,0.73), rgba(0,73,131,0.73)), url(https:\/\/www.vanguardlifesciences.co.uk\/wp-content\/uploads\/sites\/9\/2023\/05\/boulders-right.png);background-size:auto,  auto;\" >\n<div class=\"ct-section-inner-wrap\">\n<div id=\"div_block-3-802\" class=\"ct-div-block\" >\n<div id=\"text_block-5-802\" class=\"ct-text-block\" >Framt\u00ed\u00f0ars\u00fdn okkar f\u00f3lks er:<\/div>\n<div id=\"_rich_text-4-802\" class=\"oxy-rich-text\" >\n<p>Til a\u00f0 gera f\u00f3lki okkar kleift a\u00f0 n\u00e1 fram\u00farskarandi \u00e1rangri. \u00deetta gerum vi\u00f0 me\u00f0 \u00fev\u00ed a\u00f0 b\u00faa til kraftmiki\u00f0 og lipurt teymi, studd af ekta og sam\u00fa\u00f0arfullri forystu og veita umhverfi fyrir v\u00f6xt \u00e1n a\u00f0greiningar.<\/p>\n<\/div>\n<\/div>\n<\/div>\n<\/section>\n<section id=\"text-left-blue\" class=\"ct-section\" >\n<div class=\"ct-section-inner-wrap\">\n<div id=\"new_columns-107-34-blue\" class=\"ct-new-columns\" >\n<div id=\"div_block-108-34\" class=\"ct-div-block\" >\n<h2 id=\"headline-109-34\" class=\"ct-headline\">Kostir okkar<\/h2>\n<div id=\"_rich_text-110-34\" class=\"oxy-rich-text\" >\n<p>Vi\u00f0 bj\u00f3\u00f0um upp \u00e1 samkeppnish\u00e6fa launapakka og \u00f6llum okkar hlutverkum fylgja eftirfarandi kostir:<\/p>\n<p dir=\"ltr\"><strong>L\u00edfsst\u00edll&nbsp;<\/strong><\/p>\n<ul>\n<li dir=\"ltr\">\n<p dir=\"ltr\" role=\"presentation\">5 vikna \u00e1rsleyfi (auk fr\u00eddaga \u00ed Bretlandi)<\/p>\n<\/li>\n<li dir=\"ltr\">\n<p dir=\"ltr\" role=\"presentation\">M\u00f6guleiki \u00e1 a\u00f0 kaupa \/ selja 1 viku til vi\u00f0b\u00f3tar \u00ed \u00e1rsleyfi<\/p>\n<\/li>\n<li dir=\"ltr\">\n<p dir=\"ltr\" role=\"presentation\">Starfsmannaafsl\u00e1ttarkerfi \u2013 afsl\u00e1ttarkerfi \u00e1 netinu fyrir verslunar-, heilsu-, t\u00f3mstunda- og l\u00edfsst\u00edlsa\u00f0ila<\/p>\n<\/li>\n<li dir=\"ltr\">\n<p dir=\"ltr\" role=\"presentation\">Fyrirt\u00e6kjal\u00edfeyrir (5% fyrirt\u00e6kjaframlag og 5% starfsmannaframlag, sem h\u00e6gt er a\u00f0 h\u00e6kka hven\u00e6r sem er)<\/p>\n<\/li>\n<\/ul>\n<\/div>\n<\/div>\n<div id=\"div_block-112-34\" class=\"ct-div-block\" ><img decoding=\"async\"  id=\"image-113-34\" alt=\"\" src=\"https:\/\/www.vanguardlifesciences.co.uk\/wp-content\/uploads\/sites\/9\/2023\/07\/team-7-1.jpg\" class=\"ct-image\"\/><\/div>\n<\/div>\n<\/div>\n<\/section>\n<section id=\"section-88-34-blue2\" class=\"ct-section\" >\n<div class=\"ct-section-inner-wrap\">\n<div id=\"new_columns-13-665\" class=\"ct-new-columns\" >\n<div id=\"div_block-14-665\" class=\"ct-div-block\" >\n<div id=\"_rich_text-18-665\" class=\"oxy-rich-text\" >\n<p dir=\"ltr\"><strong>Vell\u00ed\u00f0an<\/strong><\/p>\n<ul>\n<li dir=\"ltr\">\n<p dir=\"ltr\" role=\"presentation\">H\u00e6kka\u00f0ar veikindagrei\u00f0slur fyrirt\u00e6kisins&nbsp;<\/p>\n<\/li>\n<li dir=\"ltr\">H\u00e6kka\u00f0ar grei\u00f0slur vegna f\u00e6\u00f0ingarorlofs, fe\u00f0raorlofs, \u00e6ttlei\u00f0ingarorlofs og sameiginlegs foreldraorlofs<\/li>\n<li dir=\"ltr\">\n<p dir=\"ltr\" role=\"presentation\">Endurgrei\u00f0sla \u00e1 flensu&nbsp;<\/p>\n<\/li>\n<li dir=\"ltr\">\n<p dir=\"ltr\" role=\"presentation\">Heilsug\u00e6sla rei\u00f0uf\u00e9 \u00e1\u00e6tlun \u00ed gegnum Paycare, \u00fear \u00e1 me\u00f0al endurgrei\u00f0slu fyrir l\u00e6kniskostna\u00f0, heilsu skimun og a\u00f0rar me\u00f0fer\u00f0ir<\/p>\n<\/li>\n<li dir=\"ltr\">\n<p dir=\"ltr\" role=\"presentation\">A\u00f0gangur a\u00f0 heimilisl\u00e6kni allan s\u00f3larhringinn me\u00f0 alheimstryggingu og einkarekinni lyfse\u00f0ils\u00fej\u00f3nustu<\/p>\n<\/li>\n<li dir=\"ltr\">\n<p dir=\"ltr\" role=\"presentation\">Starfsmannaa\u00f0sto\u00f0ar\u00e1\u00e6tlun, \u00fear \u00e1 me\u00f0al tr\u00fana\u00f0arr\u00e1\u00f0gj\u00f6f og hj\u00e1lparl\u00ednu\u00fej\u00f3nusta<\/p>\n<\/li>\n<li dir=\"ltr\">\n<p dir=\"ltr\" role=\"presentation\">L\u00edftrygging (jafngildir 4 x \u00e1rslaunum)&nbsp;<\/p>\n<\/li>\n<li dir=\"ltr\">\n<p dir=\"ltr\" role=\"presentation\">Hj\u00f3la \u00ed vinnuna \u00e1\u00e6tlun<\/p>\n<\/li>\n<li dir=\"ltr\">Tusker-b\u00edla\u00e1\u00e6tlunin - launaf\u00f3rnarb\u00f3t fyrir starfsmenn til a\u00f0 aka gl\u00e6n\u00fdjum, fulltrygg\u00f0um og vi\u00f0haldnum b\u00edl fyrir fastan m\u00e1na\u00f0arlegan kostna\u00f0 sem dreginn er fr\u00e1 launum \u00feeirra.<\/li>\n<li dir=\"ltr\">YellowNest - launab\u00f3t sem er h\u00f6nnu\u00f0 til a\u00f0 spara foreldrum peninga \u00ed leiksk\u00f3lagj\u00f6ldum.<\/li>\n<li dir=\"ltr\">\n<p dir=\"ltr\" role=\"presentation\">Vinnuheilbrig\u00f0is\u00fej\u00f3nusta<\/p>\n<\/li>\n<li dir=\"ltr\">\n<p dir=\"ltr\" role=\"presentation\">Skyndihj\u00e1lp ge\u00f0heilbrig\u00f0is \u00ed gegnum \u00fej\u00e1lfa\u00f0a ge\u00f0heilsuskyndihj\u00e1lp v\u00ed\u00f0svegar um stofnunina<\/p>\n<\/li>\n<\/ul>\n<p dir=\"ltr\"><strong>\u00der\u00f3un<\/strong><\/p>\n<ul>\n<li dir=\"ltr\">\n<p dir=\"ltr\" role=\"presentation\">Endurgrei\u00f0sla fyrir \u00e1rlegar fagf\u00e9laga<\/p>\n<\/li>\n<li dir=\"ltr\">\n<p dir=\"ltr\" role=\"presentation\">Faglegur n\u00e1msstu\u00f0ningur sem hluti af starfs\u00fer\u00f3un<\/p>\n<\/li>\n<\/ul>\n<p>&nbsp;<\/p>\n<p>Ef \u00fe\u00fa ert a\u00f0 ganga til li\u00f0s vi\u00f0 Vanguard Modular fyrirt\u00e6ki okkar, ver\u00f0ur fr\u00ed\u00f0indapakkinn \u00feinn r\u00e6ddur \u00ed vi\u00f0tali.<\/p>\n<\/div>\n<\/div>\n<div id=\"div_block-16-665\" class=\"ct-div-block\" >\n<div id=\"_rich_text-19-665\" class=\"oxy-rich-text\" >\n<p dir=\"ltr\"><strong>Vi\u00f0urkenning starfsmanna<\/strong><\/p>\n<p dir=\"ltr\">Vi\u00f0 \u00feekkjum f\u00f3lki\u00f0 okkar reglulega me\u00f0 eftirfarandi vi\u00f0urkenningara\u00f0ger\u00f0um:<\/p>\n<ul>\n<li dir=\"ltr\">\n<p dir=\"ltr\" role=\"presentation\">L\u00f6ng \u00fej\u00f3nustuvi\u00f0urkenning<\/p>\n<\/li>\n<li dir=\"ltr\">\n<p dir=\"ltr\" role=\"presentation\">Vanguard gildi ver\u00f0laun<\/p>\n<\/li>\n<li dir=\"ltr\">\n<p dir=\"ltr\" role=\"presentation\">Vi\u00f0bur\u00f0ir starfsmannah\u00e1t\u00ed\u00f0ar<\/p>\n<\/li>\n<\/ul>\n<p dir=\"ltr\"><strong>Umhverfis-, f\u00e9lags- og stj\u00f3rnarh\u00e6ttir<\/strong><\/p>\n<ul>\n<li dir=\"ltr\">\n<p dir=\"ltr\" role=\"presentation\">Vi\u00f0 bj\u00f3\u00f0um upp \u00e1 t\u00e6kif\u00e6ri fyrir li\u00f0smenn til a\u00f0 taka \u00fe\u00e1tt \u00ed starfsemi og frumkv\u00e6\u00f0i, \u00fear \u00e1 me\u00f0al sj\u00e1lfbo\u00f0ali\u00f0ad\u00f6gum (1 \u2013 3 dagar greiddir) sem sty\u00f0ja ESG okkar og skuldbindingar<\/p>\n<\/li>\n<\/ul>\n<p dir=\"ltr\"><strong>Eftirfarandi fr\u00ed\u00f0indi eru h\u00e1\u00f0 hlutverki:<\/strong><\/p>\n<ul>\n<li dir=\"ltr\">\n<p dir=\"ltr\" role=\"presentation\">Fyrirt\u00e6kjab\u00edll e\u00f0a b\u00edlastyrkur<\/p>\n<\/li>\n<li dir=\"ltr\">\n<p dir=\"ltr\" role=\"presentation\">Hybrid vinna&nbsp;<\/p>\n<\/li>\n<li dir=\"ltr\">\n<p dir=\"ltr\" role=\"presentation\">\u00d3keypis b\u00edlast\u00e6\u00f0i - b\u00edlast\u00e6\u00f0i \u00e1 sta\u00f0num \u00fear \u00e1 me\u00f0al hle\u00f0slust\u00f6\u00f0var fyrir rafb\u00edla<\/p>\n<\/li>\n<li dir=\"ltr\">\n<p dir=\"ltr\" role=\"presentation\">Fer\u00f0a- og gistikostna\u00f0ur<\/p>\n<\/li>\n<\/ul>\n<\/div>\n<\/div>\n<\/div>\n<\/div>\n<\/section>\n<section id=\"section-68-14-text-left-white\" class=\"ct-section\" >\n<div class=\"ct-section-inner-wrap\">\n<div id=\"new_columns-69-14text-left-white\" class=\"ct-new-columns\" >\n<div id=\"div_block-70-14\" class=\"ct-div-block\" >\n<h2 id=\"headline-71-14\" class=\"ct-headline\">Gildi okkar<\/h2>\n<div id=\"_rich_text-72-14\" class=\"oxy-rich-text\" >\n<p dir=\"ltr\">Valin af starfsm\u00f6nnum okkar, gildin okkar liggja til grundvallar \u00f6llu sem vi\u00f0 gerum.<\/p>\n<p dir=\"ltr\">Vi\u00f0 afhendum kl\u00edn\u00edska innvi\u00f0i og \u00feekkingu me\u00f0 \u00feeim hra\u00f0a sem \u00fearf til a\u00f0 auka afkastagetu, stj\u00f3rna kl\u00edn\u00edsku ferlinum og veita samfellda sj\u00faklingami\u00f0a\u00f0a um\u00f6nnun.<\/p>\n<p dir=\"ltr\">The Vanguard Life Sciences values were decided through a consultative engagement programme that included participation by our entire team. We are committed to representing these values through its processes, products, services and interactions with both internal and external customers.<\/p>\n<p dir=\"ltr\">Gildin h\u00e9r a\u00f0 ne\u00f0an voru valin me\u00f0 samst\u00f6\u00f0u. \u00deeir l\u00fdsa best hvernig vi\u00f0 tryggjum g\u00e6\u00f0i og ver\u00f0m\u00e6ti til utana\u00f0komandi hagsmunaa\u00f0ila og til brei\u00f0ari samf\u00e9lags sj\u00faklinga sem vi\u00f0 \u00fej\u00f3num.<\/p>\n<\/div>\n<\/div>\n<div id=\"div_block-74-14\" class=\"ct-div-block\" ><img decoding=\"async\"  id=\"image-75-14\" alt=\"\" src=\"https:\/\/www.vanguardlifesciences.co.uk\/wp-content\/uploads\/sites\/9\/2023\/07\/nhs-75-2.jpg\" class=\"ct-image\"\/><\/div>\n<\/div>\n<\/div>\n<\/section>\n<section id=\"section-2-149\" class=\"ct-section\" >\n<div class=\"ct-section-inner-wrap\">\n<div id=\"div_block-5-149\" class=\"ct-div-block\" >\n<div id=\"div_block-10-149\" class=\"ct-div-block\" ><img decoding=\"async\"  id=\"image-11-149\" alt=\"Passionate\" src=\"https:\/\/www.vanguardlifesciences.co.uk\/wp-content\/uploads\/sites\/9\/2023\/06\/passionate.png\" class=\"ct-image\"\/><\/p>\n<div id=\"text_block-12-149\" class=\"ct-text-block\" >\u00c1str\u00ed\u00f0ufullur<\/div>\n<\/div>\n<\/div>\n<div id=\"div_block-6-149\" class=\"ct-div-block\" >\n<div id=\"div_block-13-149\" class=\"ct-div-block\" ><img decoding=\"async\"  id=\"image-14-149\" alt=\"Patient focussed\" src=\"https:\/\/www.vanguardlifesciences.co.uk\/wp-content\/uploads\/sites\/9\/2023\/06\/patient-focussed.png\" class=\"ct-image\"\/><\/p>\n<div id=\"text_block-15-149\" class=\"ct-text-block\" >Sj\u00faklingami\u00f0u\u00f0<\/div>\n<\/div>\n<\/div>\n<div id=\"div_block-7-149\" class=\"ct-div-block\" >\n<div id=\"div_block-17-149\" class=\"ct-div-block\" ><img decoding=\"async\"  id=\"image-18-149\" alt=\"Responsive\" src=\"https:\/\/www.vanguardlifesciences.co.uk\/wp-content\/uploads\/sites\/9\/2023\/06\/responsive.png\" class=\"ct-image\"\/><\/p>\n<div id=\"text_block-19-149\" class=\"ct-text-block\" >M\u00f3tt\u00e6kilegur<\/div>\n<\/div>\n<\/div>\n<div id=\"div_block-8-149\" class=\"ct-div-block\" >\n<div id=\"div_block-21-149\" class=\"ct-div-block\" ><img decoding=\"async\"  id=\"image-22-149\" alt=\"Teamwork\" src=\"https:\/\/www.vanguardlifesciences.co.uk\/wp-content\/uploads\/sites\/9\/2023\/06\/teamwork.png\" class=\"ct-image\"\/><\/p>\n<div id=\"text_block-23-149\" class=\"ct-text-block\" >H\u00f3pvinna<\/div>\n<\/div>\n<\/div>\n<div id=\"div_block-9-149\" class=\"ct-div-block\" >\n<div id=\"div_block-25-149\" class=\"ct-div-block\" ><img decoding=\"async\"  id=\"image-26-149\" alt=\"Innovative\" src=\"https:\/\/www.vanguardlifesciences.co.uk\/wp-content\/uploads\/sites\/9\/2023\/06\/innovative.png\" class=\"ct-image\"\/><\/p>\n<div id=\"text_block-27-149\" class=\"ct-text-block\" >N\u00fdst\u00e1rlegt<\/div>\n<\/div>\n<\/div>\n<\/div>\n<\/section>\n<section id=\"section-132-34\" class=\"ct-section\" >\n<div class=\"ct-section-inner-wrap\">\n<div id=\"new_columns-133-34\" class=\"ct-new-columns\" >\n<div id=\"div_block-138-34\" class=\"ct-div-block\" ><img decoding=\"async\"  id=\"image-139-34\" alt=\"\" src=\"https:\/\/www.vanguardlifesciences.co.uk\/wp-content\/uploads\/sites\/9\/2023\/07\/nhs-75-5.jpg\" class=\"ct-image\"\/><\/div>\n<div id=\"div_block-134-34\" class=\"ct-div-block\" >\n<h2 id=\"headline-135-34\" class=\"ct-headline\">Finndu starfsferil \u00feinn<\/h2>\n<div id=\"_rich_text-136-34\" class=\"oxy-rich-text\" >\n<p dir=\"ltr\">Hvort sem \u00fe\u00fa hefur gaman af hlutverki sem er \u00feolinm\u00f3\u00f0ur e\u00f0a hlutverk sem sty\u00f0ur vaxandi vi\u00f0skipti okkar, \u00fe\u00e1 h\u00f6fum vi\u00f0 margv\u00edsleg t\u00e6kif\u00e6ri til a\u00f0 taka \u00fe\u00e1tt \u00ed spennandi fer\u00f0alagi okkar \u00feegar vi\u00f0 f\u00f6rum inn \u00ed n\u00e6sta \u00e1fanga framt\u00ed\u00f0ar okkar \u00ed a\u00f0 skila vaxtarmetna\u00f0i okkar.&nbsp;<\/p>\n<p dir=\"ltr\">Vi\u00f0 n\u00e1um markmi\u00f0um okkar me\u00f0 \u00fev\u00ed a\u00f0 vinna saman sem teymi sem samr\u00e6mist gildum okkar.<\/p>\n<p dir=\"ltr\">Vi\u00f0 leggjum metna\u00f0 okkar \u00ed a\u00f0 hafa fj\u00f6lbreyttan og innifalinn vinnusta\u00f0 og hvetjum eindregi\u00f0 h\u00e6fa ums\u00e6kjendur me\u00f0 fj\u00f6lbreyttan bakgrunn til a\u00f0 s\u00e6kja um a\u00f0 sl\u00e1st \u00ed h\u00f3pinn okkar.<\/p>\n<\/div>\n<\/div>\n<\/div>\n<\/div>\n<\/section>","protected":false},"excerpt":{"rendered":"","protected":false},"author":2,"featured_media":0,"parent":0,"menu_order":0,"comment_status":"closed","ping_status":"closed","template":"","meta":{"_acf_changed":false,"footnotes":""},"class_list":["post-143","page","type-page","status-publish","format-standard","hentry"],"acf":[],"yoast_head":"<!-- This site is optimized with the Yoast SEO plugin v27.3 - https:\/\/yoast.com\/product\/yoast-seo-wordpress\/ -->\n<title>Careers - Vanguard Life Sciences<\/title>\n<meta name=\"robots\" content=\"index, follow, max-snippet:-1, max-image-preview:large, max-video-preview:-1\" \/>\n<link rel=\"canonical\" href=\"https:\/\/www.vanguardlifesciences.co.uk\/is_is\/careers\/\" \/>\n<meta property=\"og:locale\" content=\"is_IS\" \/>\n<meta property=\"og:type\" content=\"article\" \/>\n<meta property=\"og:title\" content=\"Careers - Vanguard Life Sciences\" \/>\n<meta property=\"og:url\" content=\"https:\/\/www.vanguardlifesciences.co.uk\/is_is\/careers\/\" \/>\n<meta property=\"og:site_name\" content=\"Vanguard Life Sciences\" \/>\n<meta property=\"article:modified_time\" content=\"2026-01-13T09:27:17+00:00\" \/>\n<meta name=\"twitter:card\" content=\"summary_large_image\" \/>\n<meta name=\"twitter:label1\" content=\"Est. reading time\" \/>\n\t<meta name=\"twitter:data1\" content=\"1 minute\" \/>\n<script type=\"application\/ld+json\" class=\"yoast-schema-graph\">{\"@context\":\"https:\\\/\\\/schema.org\",\"@graph\":[{\"@type\":\"WebPage\",\"@id\":\"https:\\\/\\\/www.vanguardlifesciences.co.uk\\\/careers\\\/\",\"url\":\"https:\\\/\\\/www.vanguardlifesciences.co.uk\\\/careers\\\/\",\"name\":\"Careers - Vanguard Life Sciences\",\"isPartOf\":{\"@id\":\"https:\\\/\\\/www.vanguardlifesciences.co.uk\\\/#website\"},\"datePublished\":\"2023-06-05T15:04:05+00:00\",\"dateModified\":\"2026-01-13T09:27:17+00:00\",\"breadcrumb\":{\"@id\":\"https:\\\/\\\/www.vanguardlifesciences.co.uk\\\/careers\\\/#breadcrumb\"},\"inLanguage\":\"is\",\"potentialAction\":[{\"@type\":\"ReadAction\",\"target\":[\"https:\\\/\\\/www.vanguardlifesciences.co.uk\\\/careers\\\/\"]}]},{\"@type\":\"BreadcrumbList\",\"@id\":\"https:\\\/\\\/www.vanguardlifesciences.co.uk\\\/careers\\\/#breadcrumb\",\"itemListElement\":[{\"@type\":\"ListItem\",\"position\":1,\"name\":\"Home\",\"item\":\"https:\\\/\\\/www.vanguardlifesciences.co.uk\\\/\"},{\"@type\":\"ListItem\",\"position\":2,\"name\":\"Careers\"}]},{\"@type\":\"WebSite\",\"@id\":\"https:\\\/\\\/www.vanguardlifesciences.co.uk\\\/#website\",\"url\":\"https:\\\/\\\/www.vanguardlifesciences.co.uk\\\/\",\"name\":\"Vanguard Life Sciences\",\"description\":\"\",\"potentialAction\":[{\"@type\":\"SearchAction\",\"target\":{\"@type\":\"EntryPoint\",\"urlTemplate\":\"https:\\\/\\\/www.vanguardlifesciences.co.uk\\\/?s={search_term_string}\"},\"query-input\":{\"@type\":\"PropertyValueSpecification\",\"valueRequired\":true,\"valueName\":\"search_term_string\"}}],\"inLanguage\":\"is\"}]}<\/script>\n<!-- \/ Yoast SEO plugin. -->","yoast_head_json":{"title":"Careers - Vanguard Life Sciences","robots":{"index":"index","follow":"follow","max-snippet":"max-snippet:-1","max-image-preview":"max-image-preview:large","max-video-preview":"max-video-preview:-1"},"canonical":"https:\/\/www.vanguardlifesciences.co.uk\/is_is\/careers\/","og_locale":"is_IS","og_type":"article","og_title":"Careers - Vanguard Life Sciences","og_url":"https:\/\/www.vanguardlifesciences.co.uk\/is_is\/careers\/","og_site_name":"Vanguard Life Sciences","article_modified_time":"2026-01-13T09:27:17+00:00","twitter_card":"summary_large_image","twitter_misc":{"Est. reading time":"1 minute"},"schema":{"@context":"https:\/\/schema.org","@graph":[{"@type":"WebPage","@id":"https:\/\/www.vanguardlifesciences.co.uk\/careers\/","url":"https:\/\/www.vanguardlifesciences.co.uk\/careers\/","name":"Careers - Vanguard Life Sciences","isPartOf":{"@id":"https:\/\/www.vanguardlifesciences.co.uk\/#website"},"datePublished":"2023-06-05T15:04:05+00:00","dateModified":"2026-01-13T09:27:17+00:00","breadcrumb":{"@id":"https:\/\/www.vanguardlifesciences.co.uk\/careers\/#breadcrumb"},"inLanguage":"is","potentialAction":[{"@type":"ReadAction","target":["https:\/\/www.vanguardlifesciences.co.uk\/careers\/"]}]},{"@type":"BreadcrumbList","@id":"https:\/\/www.vanguardlifesciences.co.uk\/careers\/#breadcrumb","itemListElement":[{"@type":"ListItem","position":1,"name":"Home","item":"https:\/\/www.vanguardlifesciences.co.uk\/"},{"@type":"ListItem","position":2,"name":"Careers"}]},{"@type":"WebSite","@id":"https:\/\/www.vanguardlifesciences.co.uk\/#website","url":"https:\/\/www.vanguardlifesciences.co.uk\/","name":"Vanguard Life Sciences","description":"","potentialAction":[{"@type":"SearchAction","target":{"@type":"EntryPoint","urlTemplate":"https:\/\/www.vanguardlifesciences.co.uk\/?s={search_term_string}"},"query-input":{"@type":"PropertyValueSpecification","valueRequired":true,"valueName":"search_term_string"}}],"inLanguage":"is"}]}},"_links":{"self":[{"href":"https:\/\/www.vanguardlifesciences.co.uk\/is_is\/wp-json\/wp\/v2\/pages\/143","targetHints":{"allow":["GET"]}}],"collection":[{"href":"https:\/\/www.vanguardlifesciences.co.uk\/is_is\/wp-json\/wp\/v2\/pages"}],"about":[{"href":"https:\/\/www.vanguardlifesciences.co.uk\/is_is\/wp-json\/wp\/v2\/types\/page"}],"author":[{"embeddable":true,"href":"https:\/\/www.vanguardlifesciences.co.uk\/is_is\/wp-json\/wp\/v2\/users\/2"}],"replies":[{"embeddable":true,"href":"https:\/\/www.vanguardlifesciences.co.uk\/is_is\/wp-json\/wp\/v2\/comments?post=143"}],"version-history":[{"count":0,"href":"https:\/\/www.vanguardlifesciences.co.uk\/is_is\/wp-json\/wp\/v2\/pages\/143\/revisions"}],"wp:attachment":[{"href":"https:\/\/www.vanguardlifesciences.co.uk\/is_is\/wp-json\/wp\/v2\/media?parent=143"}],"curies":[{"name":"wp","href":"https:\/\/api.w.org\/{rel}","templated":true}]}}