{"id":14,"date":"2023-05-24T11:38:34","date_gmt":"2023-05-24T11:38:34","guid":{"rendered":"https:\/\/www.vanguardlifesciences.co.uk\/?page_id=14"},"modified":"2026-04-01T14:07:09","modified_gmt":"2026-04-01T14:07:09","slug":"homepage","status":"publish","type":"page","link":"https:\/\/www.vanguardlifesciences.co.uk\/is_is\/","title":{"rendered":"Heimas\u00ed\u00f0a"},"content":{"rendered":"<section id=\"section-2-14\" class=\"ct-section\" >\n<div class=\"ct-section-inner-wrap\">\n<div id=\"new_columns-3-14\" class=\"ct-new-columns\" >\n<div id=\"div_block-4-14\" class=\"ct-div-block\" >\n<h1 id=\"headline-5-14\" class=\"ct-headline\">\n<div><\/div>\n<div><\/div>\n<p>Enablers of innovation in Life Sciences - a unique collaboration<\/h1>\n<div id=\"div_block-16-65\" class=\"ct-div-block\" ><img decoding=\"async\"  id=\"image-17-65\" alt=\"Vanguard Life Sciences\" src=\"https:\/\/www.vanguardlifesciences.co.uk\/wp-content\/uploads\/sites\/9\/2026\/03\/Vanguard-Life-Sciences-Logo_Stacked_L-300x160.jpg\" class=\"ct-image\" srcset-disabled=\"https:\/\/www.vanguardlifesciences.co.uk\/wp-content\/uploads\/sites\/9\/2026\/03\/Vanguard-Life-Sciences-Logo_Stacked_L-300x160.jpg 300w, https:\/\/www.vanguardlifesciences.co.uk\/wp-content\/uploads\/sites\/9\/2026\/03\/Vanguard-Life-Sciences-Logo_Stacked_L-18x10.jpg 18w\" sizes=\"(max-width: 300px) 100vw, 300px\" \/><img decoding=\"async\"  id=\"image-18-65\" alt=\"enbloc clean facilities\" src=\"https:\/\/www.vanguardlifesciences.co.uk\/wp-content\/uploads\/sites\/9\/2026\/03\/large-Enbloc-square-logo_white-300x300.jpg\" class=\"ct-image\" srcset-disabled=\"https:\/\/www.vanguardlifesciences.co.uk\/wp-content\/uploads\/sites\/9\/2026\/03\/large-Enbloc-square-logo_white-300x300.jpg 300w, https:\/\/www.vanguardlifesciences.co.uk\/wp-content\/uploads\/sites\/9\/2026\/03\/large-Enbloc-square-logo_white-150x150.jpg 150w, https:\/\/www.vanguardlifesciences.co.uk\/wp-content\/uploads\/sites\/9\/2026\/03\/large-Enbloc-square-logo_white-12x12.jpg 12w\" sizes=\"(max-width: 300px) 100vw, 300px\" \/><\/div>\n<\/div>\n<div id=\"div_block-9-14\" class=\"ct-div-block\" ><link rel='stylesheet' id='oxygen-unslider-css'  href='https:\/\/www.vanguardlifesciences.co.uk\/wp-content\/plugins\/oxygen\/component-framework\/vendor\/unslider\/unslider.css' type='text\/css' media='all'\/>\n<div id=\"slider-88-14\" class=\"ct-slider ct_unique_slider_2742\" >\n<div class=\"oxygen-unslider-container\">\n<ul>\n<li>\n<div id=\"slide-89-14\" class=\"ct-slide\" ><img decoding=\"async\"  id=\"image-96-14\" alt=\"\" src=\"https:\/\/www.vanguardlifesciences.co.uk\/wp-content\/uploads\/sites\/9\/2026\/02\/2-15.png\" class=\"ct-image\"\/><\/div>\n<\/li>\n<li>\n<div id=\"slide-101-14\" class=\"ct-slide\" ><img decoding=\"async\"  id=\"image-102-14\" alt=\"\" src=\"https:\/\/www.vanguardlifesciences.co.uk\/wp-content\/uploads\/sites\/9\/2026\/02\/2-11.png\" class=\"ct-image\"\/><\/div>\n<\/li>\n<li>\n<div id=\"slide-12-65\" class=\"ct-slide\" ><img decoding=\"async\"  id=\"image-13-65\" alt=\"\" src=\"https:\/\/www.vanguardlifesciences.co.uk\/wp-content\/uploads\/sites\/9\/2026\/01\/Series-1-6-scaled.jpg\" class=\"ct-image\"\/><\/div>\n<\/li>\n<li>\n<div id=\"slide-14-65\" class=\"ct-slide\" ><img decoding=\"async\"  id=\"image-15-65\" alt=\"\" src=\"https:\/\/www.vanguardlifesciences.co.uk\/wp-content\/uploads\/sites\/9\/2025\/03\/PHOTOSHOPPED-VERSION-EXTERNAL-scaled.jpg\" class=\"ct-image\"\/><\/div>\n<\/li>\n<\/ul>\n<\/div>\n<\/div>\n<p><script class=\"ct-slider-script\">jQuery(document).ready(function($){$('#slider-88-14.ct_unique_slider_2742 .oxygen-unslider-container:not(.unslider-horizontal,.unslider-fade)').unslider({autoplay: true, delay: 3000, animation: 'horizontal', speed : 750, arrows: true, nav: false, infinite: true})});<\/script><\/div>\n<\/div>\n<\/div>\n<\/section>\n<section id=\"section-68-14\" class=\"ct-section\" >\n<div class=\"ct-section-inner-wrap\">\n<div id=\"new_columns-69-14\" class=\"ct-new-columns\" >\n<div id=\"div_block-70-14\" class=\"ct-div-block\" >\n<h2 id=\"headline-71-14\" class=\"ct-headline\">Providing mobile and modular cleanroom and containment suite solutions<\/h2>\n<div id=\"_rich_text-72-14\" class=\"oxy-rich-text\" >\n<p>Vanguard Life Sciences has aligned with Enbloc to design and deliver modular and mobile cleanroom and containment suite solutions that accelerate time-to-science and time-to-market. Built off-site for speed and certainty, integrated on-site for reliability, maintainability, and scale.&nbsp;<\/p>\n<ul>\n<li><strong>Built off-site<\/strong> to accelerate build time and minimise site disruption&nbsp;<\/li>\n<li><strong>Your space &ndash; Your design<\/strong>&nbsp;Bespoke, compliant and validated laboratory, manufacturing and clinical trial spaces&nbsp;<\/li>\n<li><strong>Modern Methods of Construction - <\/strong>factory-built quality assurance<\/li>\n<li><strong>Lower waste &amp; energy use<\/strong> by design&nbsp;<\/li>\n<\/ul>\n<\/div>\n<p><a id=\"link_button-73-14\" class=\"ct-link-button\" href=\"\/is_is\/our-facilities\/\" target=\"_self\"  >Where you work<\/a><\/div>\n<div id=\"div_block-74-14\" class=\"ct-div-block\" ><img decoding=\"async\"  id=\"image-75-14\" alt=\"\" src=\"https:\/\/www.vanguardlifesciences.co.uk\/wp-content\/uploads\/sites\/9\/2026\/02\/2-14.png\" class=\"ct-image\"\/><\/div>\n<\/div>\n<\/div>\n<\/section>\n<section id=\"section-53-14\" class=\"ct-section\" >\n<div class=\"ct-section-inner-wrap\">\n<div id=\"new_columns-54-14\" class=\"ct-new-columns\" >\n<div id=\"div_block-55-14\" class=\"ct-div-block\" ><img decoding=\"async\"  id=\"image-59-14\" alt=\"\" src=\"https:\/\/www.vanguardlifesciences.co.uk\/wp-content\/uploads\/sites\/9\/2026\/01\/Vanguard-Commercial-Photography-62.jpg\" class=\"ct-image fade-up\"\/><\/div>\n<div id=\"div_block-56-14\" class=\"ct-div-block\" >\n<h2 id=\"headline-57-14\" class=\"ct-headline\">Customer Benefits<\/h2>\n<div id=\"_rich_text-58-14\" class=\"oxy-rich-text\" >\n<p>Accelerated timelines: Parallel off-site manufacture and on-site readiness bring facilities online in a fraction of the time.&nbsp;<\/p>\n<p>Lower lifetime cost: Factory precision, efficient HVAC, and maintainable layouts reduce total cost of ownership.&nbsp;<\/p>\n<p>Flexible by design: Scale up, reconfigure, or add suites as programmes evolves.<\/p>\n<\/div>\n<p><a id=\"link_button-63-14\" class=\"ct-link-button\" href=\"\/is_is\/our-services\/\" target=\"_self\"  >Where you work<\/a><\/div>\n<\/div>\n<\/div>\n<\/section>\n<section id=\"text-left-blue\" class=\"ct-section\" >\n<div class=\"ct-section-inner-wrap\">\n<div id=\"new_columns-107-34-blue\" class=\"ct-new-columns\" >\n<div id=\"div_block-108-34\" class=\"ct-div-block\" >\n<h2 id=\"headline-109-34\" class=\"ct-headline\">Credibility&nbsp; through scales and experience<\/h2>\n<div id=\"_rich_text-110-34\" class=\"oxy-rich-text\" >\n<ul>\n<li><a href=\"\/is_is\/heritage\/\">Decades of combined experience<\/a> in healthcare and cleanroom environments<\/li>\n<li><a href=\"\/is_is\/case-studies\/\">Proven delivery<\/a> across NHS and life sciences sectors<\/li>\n<li>Expertise in GMP-compliant environments and regulated facilities<\/li>\n<li>Trusted by organisations across <a href=\"\/is_is\/case-studies\/\">the UK and Europe<\/a><\/li>\n<\/ul>\n<\/div>\n<\/div>\n<div id=\"div_block-112-34\" class=\"ct-div-block\" ><img decoding=\"async\"  id=\"image-113-34\" alt=\"\" src=\"https:\/\/www.vanguardlifesciences.co.uk\/wp-content\/uploads\/sites\/9\/2025\/10\/Vanguard-Royal-Glamorgan108LR-scaled.jpg\" class=\"ct-image\"\/><\/div>\n<\/div>\n<\/div>\n<\/section>\n<section id=\"section-88-34-blue\" class=\"ct-section\" >\n<div class=\"ct-section-inner-wrap\">\n<div id=\"new_columns-89-34-blue\" class=\"ct-new-columns\" >\n<div id=\"div_block-94-34\" class=\"ct-div-block\" ><img decoding=\"async\"  id=\"image-95-34\" alt=\"\" src=\"https:\/\/www.vanguardlifesciences.co.uk\/wp-content\/uploads\/sites\/9\/2026\/02\/2-8.png\" class=\"ct-image\"\/><\/div>\n<div id=\"div_block-90-34\" class=\"ct-div-block\" >\n<h2 id=\"headline-91-34\" class=\"ct-headline\">A\u00f0 bj\u00f3\u00f0a upp \u00e1 fars\u00edma- og m\u00e1t heilbrig\u00f0is\u00fej\u00f3nustulausnir<\/h2>\n<div id=\"_rich_text-92-34\" class=\"oxy-rich-text\" >\n<p>Faucibus vitae aliquet nec ullamcorper sit amet risus nullam eget felis eget nunc lobortis mattis aliquam faucibus purus in massa tempor nec feugiat nisl pretium fusce id velit ut tortor pretium viverra suspendisse potenti nullam ac tortor vitae purus faucibus ornare.<\/p>\n<p>Suspendisse sed nisi lacus sed viverra tellus in hac habitasse platea dictumst vestibulum rhoncus est pellentesque elit ullamcorper dignissim cras tincidunt lobortis feugiat vivamus at augue eget arcu dictum varius duis at consectetur lorem donec massa sapien faucibus et molestie ac feugiat sed lectus vestibulum mattis ullamcorper velit sed ullamcorper morbi tincidunt ornare massa eget egestas purus viverra accumsan<\/p>\n<\/div>\n<\/div>\n<\/div>\n<\/div>\n<\/section>\n<section id=\"section-64-208\" class=\"ct-section\" >\n<div class=\"ct-section-inner-wrap\">\n<div id=\"div_block-65-208\" class=\"ct-div-block\" >\n<h2 id=\"headline-66-208\" class=\"ct-headline\">D\u00e6mis\u00f6gur<\/h2>\n<\/div>\n<div id=\"_dynamic_list-67-208\" class=\"oxy-dynamic-list\">\n<div id=\"div_block-68-208-1\" class=\"ct-div-block\" data-id=\"div_block-68-208\">\n<div id=\"div_block-69-208-1\" class=\"ct-div-block\" data-id=\"div_block-69-208\"><img decoding=\"async\" id=\"image-70-208-1\" alt=\"\" src=\"https:\/\/www.vanguardlifesciences.co.uk\/wp-content\/uploads\/sites\/9\/2026\/02\/1-14.png\" class=\"ct-image\" data-id=\"image-70-208\"><\/div>\n<div id=\"div_block-71-208-1\" class=\"ct-div-block\" data-id=\"div_block-71-208\"><a id=\"link-72-208-1\" class=\"ct-link\" href=\"https:\/\/www.vanguardlifesciences.co.uk\/is_is\/case-study\/pharmacy-aseptic-unit-facility-for-manufacturing-various-intravenous-drugs-by-the-nhs\/\" target=\"_self\" data-id=\"link-72-208\"><\/p>\n<h2 id=\"headline-73-208-1\" class=\"ct-headline\" data-id=\"headline-73-208\"><span id=\"span-74-208\" class=\"ct-span\" >Pharmacy Aseptic Unit - Facility for manufacturing various intravenous drugs by the NHS<\/span><\/h2>\n<p><\/a><\/p>\n<div id=\"text_block-75-208-1\" class=\"ct-text-block\" data-id=\"text_block-75-208\"><span id=\"span-76-208\" class=\"ct-span\" >Enbloc were appointed to design and build of a major new facility direct for the NHS Airedale Trust. The project was a new Pharmacy Aseptic Unit to manufacture chemotherapy, Total Parenteral Nutrition (TPN), antibiotics and various intravenous drugs.<\/span><\/div>\n<p><a id=\"link_text-77-208-1\" class=\"ct-link-text\" href=\"https:\/\/www.vanguardlifesciences.co.uk\/is_is\/case-study\/pharmacy-aseptic-unit-facility-for-manufacturing-various-intravenous-drugs-by-the-nhs\/\" target=\"_self\" data-id=\"link_text-77-208\">Meiri uppl\u00fdsingar<\/a><\/div>\n<\/div>\n<div id=\"div_block-68-208-2\" class=\"ct-div-block\" data-id=\"div_block-68-208\">\n<div id=\"div_block-69-208-2\" class=\"ct-div-block\" data-id=\"div_block-69-208\"><img decoding=\"async\" id=\"image-70-208-2\" alt=\"\" src=\"https:\/\/www.vanguardlifesciences.co.uk\/wp-content\/uploads\/sites\/9\/2026\/02\/1-13.png\" class=\"ct-image\" data-id=\"image-70-208\"><\/div>\n<div id=\"div_block-71-208-2\" class=\"ct-div-block\" data-id=\"div_block-71-208\"><a id=\"link-72-208-2\" class=\"ct-link\" href=\"https:\/\/www.vanguardlifesciences.co.uk\/is_is\/case-study\/modular-aseptic-radiopharmacy-modular-aseptic-radiopharmacy-facility-eu-gmp-grade-c-d-cleanrooms\/\" target=\"_self\" data-id=\"link-72-208\"><\/p>\n<h2 id=\"headline-73-208-2\" class=\"ct-headline\" data-id=\"headline-73-208\"><span id=\"span-74-208\" class=\"ct-span\" >Modular Aseptic &amp; Radiopharmacy Facility EU GMP Grade C\/D Cleanrooms<\/span><\/h2>\n<p><\/a><\/p>\n<div id=\"text_block-75-208-2\" class=\"ct-text-block\" data-id=\"text_block-75-208\"><span id=\"span-76-208\" class=\"ct-span\" >Enbloc were chosen as principal contractor to provide a full turnkey design and build GMP Aseptic and Radiopharmacy facility for Singleton Hospital in Swansea. <\/span><\/div>\n<p><a id=\"link_text-77-208-2\" class=\"ct-link-text\" href=\"https:\/\/www.vanguardlifesciences.co.uk\/is_is\/case-study\/modular-aseptic-radiopharmacy-modular-aseptic-radiopharmacy-facility-eu-gmp-grade-c-d-cleanrooms\/\" target=\"_self\" data-id=\"link_text-77-208\">Meiri uppl\u00fdsingar<\/a><\/div>\n<\/div><\/div>\n<div id=\"div_block-78-208\" class=\"ct-div-block\" ><a id=\"link_button-79-208\" class=\"ct-link-button button-blue\" href=\"\/is_is\/case-studies\/\" target=\"_self\"  >Sko\u00f0a allar d\u00e6mis\u00f6gur<\/a><\/div>\n<\/div>\n<\/section>\n<section id=\"section-144-59-grey\" class=\"ct-section\" >\n<div class=\"ct-section-inner-wrap\">\n<div id=\"new_columns-145-59-grey\" class=\"ct-new-columns\" >\n<div id=\"div_block-150-59-grey\" class=\"ct-div-block\" ><img decoding=\"async\"  id=\"image-13-718-grey\" alt=\"\" src=\"https:\/\/www.vanguardlifesciences.co.uk\/wp-content\/uploads\/sites\/9\/2026\/01\/Mindtools-Theatres-New-2.jpg\" class=\"ct-image\"\/><\/div>\n<div id=\"div_block-146-59-grey\" class=\"ct-div-block\" >\n<h2 id=\"headline-12-718-grey\" class=\"ct-headline\">Designed for Science, Built for Flexibility<\/h2>\n<\/div>\n<\/div>\n<\/div>\n<\/section>\n<section id=\"section-120-14\" class=\"ct-section\" >\n<div class=\"ct-section-inner-wrap\">\n<div id=\"div_block-24-70\" class=\"ct-div-block\" >\n<h2 id=\"headline-66-14\" class=\"ct-headline\">N\u00fdjustu fr\u00e9ttir<\/h2>\n<\/div>\n<div id=\"_dynamic_list-121-14\" class=\"oxy-dynamic-list\">\n<div id=\"div_block-122-14-1\" class=\"ct-div-block\" data-id=\"div_block-122-14\"><img decoding=\"async\" id=\"image-123-14-1\" alt=\"\" src=\"https:\/\/www.vanguardlifesciences.co.uk\/wp-content\/uploads\/sites\/9\/2026\/03\/building-better-healthcare-awards-to-celebrate.jpg\" class=\"ct-image\" srcset-disabled=\"https:\/\/www.vanguardlifesciences.co.uk\/wp-content\/uploads\/sites\/9\/2026\/03\/building-better-healthcare-awards-to-celebrate.jpg 400w, https:\/\/www.vanguardlifesciences.co.uk\/wp-content\/uploads\/sites\/9\/2026\/03\/building-better-healthcare-awards-to-celebrate-300x225.jpg 300w, https:\/\/www.vanguardlifesciences.co.uk\/wp-content\/uploads\/sites\/9\/2026\/03\/building-better-healthcare-awards-to-celebrate-16x12.jpg 16w\" sizes=\"(max-width: 400px) 100vw, 400px\" data-id=\"image-123-14\"><\/p>\n<div id=\"div_block-124-14-1\" class=\"ct-div-block\" data-id=\"div_block-124-14\"><a id=\"link-125-14-1\" class=\"ct-link\" href=\"https:\/\/www.vanguardlifesciences.co.uk\/is_is\/building-better-healthcare-awards-2026\/\" target=\"_self\" data-id=\"link-125-14\"><\/p>\n<h2 id=\"headline-126-14-1\" class=\"ct-headline\" data-id=\"headline-126-14\"><span id=\"span-127-14\" class=\"ct-span\" >Building Better Healthcare Awards 2026<\/span><\/h2>\n<p><\/a><\/p>\n<div id=\"text_block-128-14-1\" class=\"ct-text-block\" data-id=\"text_block-128-14\"><span id=\"span-129-14\" class=\"ct-span\" >Vanguard Healthcare Solutions is pleased to announce that we will be attending the Building Better Healthcare Awards 2026, taking place on 04 November 2026 at The Brewery, London. We look forward to connecting with colleagues from across the healthcare estate, design, and infrastructure community at this prestigious event.<\/span><\/div>\n<p><a id=\"link_text-130-14-1\" class=\"ct-link-text\" href=\"https:\/\/www.vanguardlifesciences.co.uk\/is_is\/building-better-healthcare-awards-2026\/\" target=\"_self\" data-id=\"link_text-130-14\">Lestu meira<\/a><\/div>\n<\/div>\n<div id=\"div_block-122-14-2\" class=\"ct-div-block\" data-id=\"div_block-122-14\"><img decoding=\"async\" id=\"image-123-14-2\" alt=\"\" src=\"https:\/\/www.vanguardlifesciences.co.uk\/wp-content\/uploads\/sites\/9\/2026\/03\/Copy-of-Untitled-Design-39.png\" class=\"ct-image\" srcset-disabled=\"https:\/\/www.vanguardlifesciences.co.uk\/wp-content\/uploads\/sites\/9\/2026\/03\/Copy-of-Untitled-Design-39.png 940w, https:\/\/www.vanguardlifesciences.co.uk\/wp-content\/uploads\/sites\/9\/2026\/03\/Copy-of-Untitled-Design-39-300x251.png 300w, https:\/\/www.vanguardlifesciences.co.uk\/wp-content\/uploads\/sites\/9\/2026\/03\/Copy-of-Untitled-Design-39-768x644.png 768w, https:\/\/www.vanguardlifesciences.co.uk\/wp-content\/uploads\/sites\/9\/2026\/03\/Copy-of-Untitled-Design-39-14x12.png 14w\" sizes=\"(max-width: 940px) 100vw, 940px\" data-id=\"image-123-14\"><\/p>\n<div id=\"div_block-124-14-2\" class=\"ct-div-block\" data-id=\"div_block-124-14\"><a id=\"link-125-14-2\" class=\"ct-link\" href=\"https:\/\/www.vanguardlifesciences.co.uk\/is_is\/mpba-awards-2026\/\" target=\"_self\" data-id=\"link-125-14\"><\/p>\n<h2 id=\"headline-126-14-2\" class=\"ct-headline\" data-id=\"headline-126-14\"><span id=\"span-127-14\" class=\"ct-span\" >MPBA Awards 2026<\/span><\/h2>\n<p><\/a><\/p>\n<div id=\"text_block-128-14-2\" class=\"ct-text-block\" data-id=\"text_block-128-14\"><span id=\"span-129-14\" class=\"ct-span\" >Vanguard Healthcare Solutions is proud to announce its attendance at the MPBA Awards 2026, taking place on 07 May 2026 at The Grand Hotel Birmingham. This year\u2019s event is particularly significant for the team, as Vanguard has been shortlisted for three prestigious awards recognising excellence in healthcare infrastructure delivery.<\/span><\/div>\n<p><a id=\"link_text-130-14-2\" class=\"ct-link-text\" href=\"https:\/\/www.vanguardlifesciences.co.uk\/is_is\/mpba-awards-2026\/\" target=\"_self\" data-id=\"link_text-130-14\">Lestu meira<\/a><\/div>\n<\/div>\n<div id=\"div_block-122-14-3\" class=\"ct-div-block\" data-id=\"div_block-122-14\"><img decoding=\"async\" id=\"image-123-14-3\" alt=\"\" src=\"https:\/\/www.vanguardlifesciences.co.uk\/wp-content\/uploads\/sites\/9\/2026\/03\/HE2026.jpg\" class=\"ct-image\" srcset-disabled=\"https:\/\/www.vanguardlifesciences.co.uk\/wp-content\/uploads\/sites\/9\/2026\/03\/HE2026.jpg 310w, https:\/\/www.vanguardlifesciences.co.uk\/wp-content\/uploads\/sites\/9\/2026\/03\/HE2026-300x157.jpg 300w, https:\/\/www.vanguardlifesciences.co.uk\/wp-content\/uploads\/sites\/9\/2026\/03\/HE2026-18x9.jpg 18w\" sizes=\"(max-width: 310px) 100vw, 310px\" data-id=\"image-123-14\"><\/p>\n<div id=\"div_block-124-14-3\" class=\"ct-div-block\" data-id=\"div_block-124-14\"><a id=\"link-125-14-3\" class=\"ct-link\" href=\"https:\/\/www.vanguardlifesciences.co.uk\/is_is\/healthcare-estates-2026\/\" target=\"_self\" data-id=\"link-125-14\"><\/p>\n<h2 id=\"headline-126-14-3\" class=\"ct-headline\" data-id=\"headline-126-14\"><span id=\"span-127-14\" class=\"ct-span\" >Healthcare Estates 2026<\/span><\/h2>\n<p><\/a><\/p>\n<div id=\"text_block-128-14-3\" class=\"ct-text-block\" data-id=\"text_block-128-14\"><span id=\"span-129-14\" class=\"ct-span\" >As one of the UK\u2019s leading events for healthcare leaders and professionals, NHS ConfedExpo provides a Vanguard Healthcare Solutions will be attending Healthcare Estates 2026, the UK\u2019s leading event for healthcare engineering, estates, and facilities professionals.<\/span><\/div>\n<p><a id=\"link_text-130-14-3\" class=\"ct-link-text\" href=\"https:\/\/www.vanguardlifesciences.co.uk\/is_is\/healthcare-estates-2026\/\" target=\"_self\" data-id=\"link_text-130-14\">Lestu meira<\/a><\/div>\n<\/div><\/div>\n<div id=\"div_block-144-14\" class=\"ct-div-block\" ><a id=\"link_button-146-14\" class=\"ct-link-button button-blue\" href=\"\/is_is\/news\/\" target=\"_self\"  >Sko\u00f0a allar fr\u00e9ttir<\/a><\/div>\n<\/div>\n<\/section>\n<section id=\"section-144-59\" class=\"ct-section\" >\n<div class=\"ct-section-inner-wrap\">\n<div id=\"new_columns-145-59\" class=\"ct-new-columns\" >\n<div id=\"div_block-146-59\" class=\"ct-div-block\" >\n<div id=\"_rich_text-9-63\" class=\"oxy-rich-text\" >\n<p>Finding a solution that works for your life sciences organisation starts here<\/p>\n<\/div>\n<p><a id=\"link_button-149-59\" class=\"ct-link-button\" href=\"\/is_is\/contact\/\" target=\"_self\"  >Komast \u00ed samband<\/a><\/div>\n<div id=\"div_block-150-59\" class=\"ct-div-block\" ><img decoding=\"async\"  id=\"image-151-59\" alt=\"\" src=\"https:\/\/www.vanguardlifesciences.co.uk\/wp-content\/uploads\/sites\/9\/2025\/12\/Facility_Images_Low_Res-18.jpg\" class=\"ct-image\"\/><\/div>\n<\/div>\n<\/div>\n<\/section>","protected":false},"excerpt":{"rendered":"","protected":false},"author":2,"featured_media":0,"parent":0,"menu_order":-100,"comment_status":"closed","ping_status":"closed","template":"","meta":{"_acf_changed":false,"footnotes":""},"class_list":["post-14","page","type-page","status-publish","format-standard","hentry"],"acf":[],"yoast_head":"<!-- This site is optimized with the Yoast SEO plugin v27.3 - https:\/\/yoast.com\/product\/yoast-seo-wordpress\/ -->\n<title>Homepage - Vanguard Life Sciences<\/title>\n<meta name=\"robots\" content=\"index, follow, max-snippet:-1, max-image-preview:large, max-video-preview:-1\" \/>\n<link rel=\"canonical\" href=\"https:\/\/www.vanguardlifesciences.co.uk\/is_is\/\" \/>\n<meta property=\"og:locale\" content=\"is_IS\" \/>\n<meta property=\"og:type\" content=\"article\" \/>\n<meta property=\"og:title\" content=\"Homepage - Vanguard Life Sciences\" \/>\n<meta property=\"og:url\" content=\"https:\/\/www.vanguardlifesciences.co.uk\/is_is\/\" \/>\n<meta property=\"og:site_name\" content=\"Vanguard Life Sciences\" \/>\n<meta property=\"article:modified_time\" content=\"2026-04-01T14:07:09+00:00\" \/>\n<meta name=\"twitter:card\" content=\"summary_large_image\" \/>\n<meta name=\"twitter:label1\" content=\"Est. reading time\" \/>\n\t<meta name=\"twitter:data1\" content=\"1 minute\" \/>\n<script type=\"application\/ld+json\" class=\"yoast-schema-graph\">{\"@context\":\"https:\\\/\\\/schema.org\",\"@graph\":[{\"@type\":\"WebPage\",\"@id\":\"https:\\\/\\\/www.vanguardlifesciences.co.uk\\\/\",\"url\":\"https:\\\/\\\/www.vanguardlifesciences.co.uk\\\/\",\"name\":\"Homepage - Vanguard Life Sciences\",\"isPartOf\":{\"@id\":\"https:\\\/\\\/www.vanguardlifesciences.co.uk\\\/#website\"},\"datePublished\":\"2023-05-24T11:38:34+00:00\",\"dateModified\":\"2026-04-01T14:07:09+00:00\",\"breadcrumb\":{\"@id\":\"https:\\\/\\\/www.vanguardlifesciences.co.uk\\\/#breadcrumb\"},\"inLanguage\":\"is\",\"potentialAction\":[{\"@type\":\"ReadAction\",\"target\":[\"https:\\\/\\\/www.vanguardlifesciences.co.uk\\\/\"]}]},{\"@type\":\"BreadcrumbList\",\"@id\":\"https:\\\/\\\/www.vanguardlifesciences.co.uk\\\/#breadcrumb\",\"itemListElement\":[{\"@type\":\"ListItem\",\"position\":1,\"name\":\"Home\",\"item\":\"https:\\\/\\\/www.vanguardlifesciences.co.uk\\\/\"},{\"@type\":\"ListItem\",\"position\":2,\"name\":\"Homepage\"}]},{\"@type\":\"WebSite\",\"@id\":\"https:\\\/\\\/www.vanguardlifesciences.co.uk\\\/#website\",\"url\":\"https:\\\/\\\/www.vanguardlifesciences.co.uk\\\/\",\"name\":\"Vanguard Life Sciences\",\"description\":\"\",\"potentialAction\":[{\"@type\":\"SearchAction\",\"target\":{\"@type\":\"EntryPoint\",\"urlTemplate\":\"https:\\\/\\\/www.vanguardlifesciences.co.uk\\\/?s={search_term_string}\"},\"query-input\":{\"@type\":\"PropertyValueSpecification\",\"valueRequired\":true,\"valueName\":\"search_term_string\"}}],\"inLanguage\":\"is\"}]}<\/script>\n<!-- \/ Yoast SEO plugin. -->","yoast_head_json":{"title":"Homepage - Vanguard Life Sciences","robots":{"index":"index","follow":"follow","max-snippet":"max-snippet:-1","max-image-preview":"max-image-preview:large","max-video-preview":"max-video-preview:-1"},"canonical":"https:\/\/www.vanguardlifesciences.co.uk\/is_is\/","og_locale":"is_IS","og_type":"article","og_title":"Homepage - Vanguard Life Sciences","og_url":"https:\/\/www.vanguardlifesciences.co.uk\/is_is\/","og_site_name":"Vanguard Life Sciences","article_modified_time":"2026-04-01T14:07:09+00:00","twitter_card":"summary_large_image","twitter_misc":{"Est. reading time":"1 minute"},"schema":{"@context":"https:\/\/schema.org","@graph":[{"@type":"WebPage","@id":"https:\/\/www.vanguardlifesciences.co.uk\/","url":"https:\/\/www.vanguardlifesciences.co.uk\/","name":"Homepage - Vanguard Life Sciences","isPartOf":{"@id":"https:\/\/www.vanguardlifesciences.co.uk\/#website"},"datePublished":"2023-05-24T11:38:34+00:00","dateModified":"2026-04-01T14:07:09+00:00","breadcrumb":{"@id":"https:\/\/www.vanguardlifesciences.co.uk\/#breadcrumb"},"inLanguage":"is","potentialAction":[{"@type":"ReadAction","target":["https:\/\/www.vanguardlifesciences.co.uk\/"]}]},{"@type":"BreadcrumbList","@id":"https:\/\/www.vanguardlifesciences.co.uk\/#breadcrumb","itemListElement":[{"@type":"ListItem","position":1,"name":"Home","item":"https:\/\/www.vanguardlifesciences.co.uk\/"},{"@type":"ListItem","position":2,"name":"Homepage"}]},{"@type":"WebSite","@id":"https:\/\/www.vanguardlifesciences.co.uk\/#website","url":"https:\/\/www.vanguardlifesciences.co.uk\/","name":"Vanguard Life Sciences","description":"","potentialAction":[{"@type":"SearchAction","target":{"@type":"EntryPoint","urlTemplate":"https:\/\/www.vanguardlifesciences.co.uk\/?s={search_term_string}"},"query-input":{"@type":"PropertyValueSpecification","valueRequired":true,"valueName":"search_term_string"}}],"inLanguage":"is"}]}},"_links":{"self":[{"href":"https:\/\/www.vanguardlifesciences.co.uk\/is_is\/wp-json\/wp\/v2\/pages\/14","targetHints":{"allow":["GET"]}}],"collection":[{"href":"https:\/\/www.vanguardlifesciences.co.uk\/is_is\/wp-json\/wp\/v2\/pages"}],"about":[{"href":"https:\/\/www.vanguardlifesciences.co.uk\/is_is\/wp-json\/wp\/v2\/types\/page"}],"author":[{"embeddable":true,"href":"https:\/\/www.vanguardlifesciences.co.uk\/is_is\/wp-json\/wp\/v2\/users\/2"}],"replies":[{"embeddable":true,"href":"https:\/\/www.vanguardlifesciences.co.uk\/is_is\/wp-json\/wp\/v2\/comments?post=14"}],"version-history":[{"count":0,"href":"https:\/\/www.vanguardlifesciences.co.uk\/is_is\/wp-json\/wp\/v2\/pages\/14\/revisions"}],"wp:attachment":[{"href":"https:\/\/www.vanguardlifesciences.co.uk\/is_is\/wp-json\/wp\/v2\/media?parent=14"}],"curies":[{"name":"wp","href":"https:\/\/api.w.org\/{rel}","templated":true}]}}