{"id":316,"date":"2023-06-26T15:37:53","date_gmt":"2023-06-26T15:37:53","guid":{"rendered":"https:\/\/www.vanguardlifesciences.co.uk\/?page_id=316"},"modified":"2024-04-09T10:54:17","modified_gmt":"2024-04-09T10:54:17","slug":"partner-programme","status":"publish","type":"page","link":"https:\/\/www.vanguardlifesciences.co.uk\/hu_hu\/partner-programme\/","title":{"rendered":"Partnerprogram"},"content":{"rendered":"<section id=\"section-319-315\" class=\"ct-section\" >\n<div class=\"ct-section-inner-wrap\">\n<div id=\"new_columns-320-315\" class=\"ct-new-columns\" >\n<div id=\"div_block-321-315\" class=\"ct-div-block\" >\n<h2 id=\"headline-322-315\" class=\"ct-headline\">Gondosan kiv\u00e1lasztott partnereink \u00e9rt\u00e9ket adnak szolg\u00e1ltat\u00e1sunkhoz<\/h2>\n<div id=\"_rich_text-323-315\" class=\"oxy-rich-text\" >\n<p>A Partnerprogram egyes\u00edti szak\u00e9rtelm\u00fcnket a rugalmas eg\u00e9szs\u00e9g\u00fcgyi terek \u00e9s megold\u00e1sok biztos\u00edt\u00e1s\u00e1ban m\u00e1s kulcsfontoss\u00e1g\u00fa eg\u00e9szs\u00e9g\u00fcgyi szolg\u00e1ltat\u00f3kkal, hogy el\u0151seg\u00edtse az egy\u00fcttm\u0171k\u00f6d\u00e9sen alapul\u00f3 \u00e9s innovat\u00edv megk\u00f6zel\u00edt\u00e9s ir\u00e1nt elk\u00f6telezett, el\u0151rel\u00e1t\u00f3 partnerek \u00f6kosziszt\u00e9m\u00e1j\u00e1t.<\/p>\n<p>A m\u00e1s szolg\u00e1ltat\u00f3kkal val\u00f3 ny\u00edlt \u00e9s konstrukt\u00edv egy\u00fcttm\u0171k\u00f6d\u00e9s ezen \u00faj l\u00e9tes\u00edtm\u00e9nyek tervez\u00e9se, felszerel\u00e9se, szem\u00e9lyzete \u00e9s sz\u00e1ll\u00edt\u00e1sa \u00e9rdek\u00e9ben jav\u00edtja az \u00faj klinikai k\u00f6rnyezet min\u0151s\u00e9g\u00e9t, teljes k\u00f6r\u0171 megk\u00f6zel\u00edt\u00e9st k\u00edn\u00e1l, \u00e9s \u00e9rt\u00e9ket biztos\u00edt k\u00f6z\u00f6s \u00fcgyfeleink sz\u00e1m\u00e1ra.<\/p>\n<\/div>\n<\/div>\n<div id=\"div_block-324-315\" class=\"ct-div-block\" ><img decoding=\"async\"  id=\"image-325-315\" alt=\"\" src=\"https:\/\/www.vanguardlifesciences.co.uk\/wp-content\/uploads\/sites\/9\/2023\/06\/partners-info.png\" class=\"ct-image\"\/><\/div>\n<\/div>\n<\/div>\n<\/section>\n<section id=\"section-332-315\" class=\"ct-section\" >\n<div class=\"ct-section-inner-wrap\">\n<h3 id=\"headline-339-315\" class=\"ct-headline\">\u00c1ltal\u00e1ban n\u00e9gy f\u0151 partnert\u00edpussal dolgozunk:<\/h3>\n<div id=\"new_columns-333-315\" class=\"ct-new-columns\" >\n<div id=\"div_block-334-315\" class=\"ct-div-block\" >\n<div id=\"div_block-345-315\" class=\"ct-div-block box-shadow\" >\n<div id=\"_rich_text-346-315\" class=\"oxy-rich-text\" >\n<p><strong>\u00c9p\u00edtkez\u00e9s<\/strong><br \/>Z\u00f6kken\u0151mentesen biztos\u00edtson speci\u00e1lis eg\u00e9szs\u00e9g\u00fcgyi modul\u00e1ris \u00e9s mobil megold\u00e1sokat az \u00faj \u00e9p\u00edt\u00e9si \u00e9s fel\u00faj\u00edt\u00e1si projektek \u00e9p\u00edt\u00e9se sor\u00e1n az ell\u00e1t\u00e1s folyamatoss\u00e1g\u00e1nak fenntart\u00e1sa \u00e9s jav\u00edt\u00e1sa \u00e9rdek\u00e9ben.\u00a0<\/p>\n<\/div>\n<\/div>\n<\/div>\n<div id=\"div_block-335-315\" class=\"ct-div-block\" >\n<div id=\"div_block-342-315\" class=\"ct-div-block box-shadow\" >\n<div id=\"_rich_text-337-315\" class=\"oxy-rich-text\" >\n<p><strong>Berendez\u00e9sgy\u00e1rt\u00f3k<\/strong><br \/>Ez a partners\u00e9g teljes k\u00f6r\u0171 megold\u00e1st k\u00edn\u00e1l a k\u00f3rh\u00e1zaknak. A modul\u00e1ris \u00e9s mobil l\u00e9tes\u00edtm\u00e9nyeket az orvosi berendez\u00e9sek leg\u00fajabb innov\u00e1ci\u00f3ival kieg\u00e9sz\u00edtve sz\u00e1ll\u00edtjuk, amelyeket mindig \u00fagy terveztek, hogy megfeleljenek az eg\u00e9szs\u00e9g\u00fcgyi tereinket haszn\u00e1l\u00f3 klinikusok ig\u00e9nyeinek.<\/p>\n<\/div>\n<\/div>\n<\/div>\n<\/div>\n<div id=\"new_columns-350-315\" class=\"ct-new-columns\" >\n<div id=\"div_block-351-315\" class=\"ct-div-block\" >\n<div id=\"div_block-354-315\" class=\"ct-div-block box-shadow\" >\n<div id=\"_rich_text-355-315\" class=\"oxy-rich-text\" >\n<p><strong>Tan\u00e1csad\u00f3<\/strong><br \/>Szoros egy\u00fcttm\u0171k\u00f6d\u00e9s \u00e9p\u00edt\u00e9szekkel \u00e9s tervez\u0151kkel annak \u00e9rdek\u00e9ben, hogy a modern \u00e9p\u00edt\u00e9si m\u00f3dszereket (MMC) be\u00e9p\u00edts\u00e9k a k\u00f3rh\u00e1z\u00e9p\u00edt\u00e9si \u00e9s -fel\u00faj\u00edt\u00e1si programokba. A v\u00e9geredm\u00e9ny egy fenntarthat\u00f3, produkt\u00edv \u00e9s k\u00f6lts\u00e9ghat\u00e9kony munkak\u00f6rnyezet.\u00a0<\/p>\n<\/div>\n<\/div>\n<\/div>\n<div id=\"div_block-356-315\" class=\"ct-div-block\" >\n<div id=\"div_block-359-315\" class=\"ct-div-block box-shadow\" >\n<div id=\"_rich_text-360-315\" class=\"oxy-rich-text\" >\n<p><strong>Klinikai szolg\u00e1ltat\u00f3k<\/strong><br \/>Kiv\u00e1l\u00f3 min\u0151s\u00e9g\u0171 eg\u00e9szs\u00e9g\u00fcgyi tereinket szak\u00e9rt\u0151 szem\u00e9lyzeti megold\u00e1sok eg\u00e9sz\u00edtik ki, hogy teljes k\u00f6r\u0171en fel\u00fcgyelt szolg\u00e1ltat\u00e1st ny\u00fajtsanak, seg\u00edtve a k\u00f3rh\u00e1zakat a szolg\u00e1ltat\u00e1si sz\u00ednvonal \u00e9s a termel\u00e9kenys\u00e9g fenntart\u00e1s\u00e1ban.\u00a0<\/p>\n<\/div>\n<\/div>\n<\/div>\n<\/div>\n<\/div>\n<\/section>","protected":false},"excerpt":{"rendered":"","protected":false},"author":2,"featured_media":0,"parent":0,"menu_order":0,"comment_status":"closed","ping_status":"closed","template":"","meta":{"_acf_changed":false,"footnotes":""},"class_list":["post-316","page","type-page","status-publish","format-standard","hentry"],"acf":[],"yoast_head":"<!-- This site is optimized with the Yoast SEO plugin v27.3 - https:\/\/yoast.com\/product\/yoast-seo-wordpress\/ -->\n<title>Partner programme - Vanguard Life Sciences<\/title>\n<meta name=\"robots\" content=\"index, follow, max-snippet:-1, max-image-preview:large, max-video-preview:-1\" \/>\n<link rel=\"canonical\" href=\"https:\/\/www.vanguardlifesciences.co.uk\/hu_hu\/partner-programme\/\" \/>\n<meta property=\"og:locale\" content=\"hu_HU\" \/>\n<meta property=\"og:type\" content=\"article\" \/>\n<meta property=\"og:title\" content=\"Partner programme - Vanguard Life Sciences\" \/>\n<meta property=\"og:url\" content=\"https:\/\/www.vanguardlifesciences.co.uk\/hu_hu\/partner-programme\/\" \/>\n<meta property=\"og:site_name\" content=\"Vanguard Life Sciences\" \/>\n<meta property=\"article:modified_time\" content=\"2024-04-09T10:54:17+00:00\" \/>\n<meta name=\"twitter:card\" content=\"summary_large_image\" \/>\n<meta name=\"twitter:label1\" content=\"Becs\u00fclt olvas\u00e1si id\u0151\" \/>\n\t<meta name=\"twitter:data1\" content=\"1 perc\" \/>\n<script type=\"application\/ld+json\" class=\"yoast-schema-graph\">{\"@context\":\"https:\\\/\\\/schema.org\",\"@graph\":[{\"@type\":\"WebPage\",\"@id\":\"https:\\\/\\\/www.vanguardlifesciences.co.uk\\\/partner-programme\\\/\",\"url\":\"https:\\\/\\\/www.vanguardlifesciences.co.uk\\\/partner-programme\\\/\",\"name\":\"Partner programme - Vanguard Life Sciences\",\"isPartOf\":{\"@id\":\"https:\\\/\\\/www.vanguardlifesciences.co.uk\\\/#website\"},\"datePublished\":\"2023-06-26T15:37:53+00:00\",\"dateModified\":\"2024-04-09T10:54:17+00:00\",\"breadcrumb\":{\"@id\":\"https:\\\/\\\/www.vanguardlifesciences.co.uk\\\/partner-programme\\\/#breadcrumb\"},\"inLanguage\":\"hu\",\"potentialAction\":[{\"@type\":\"ReadAction\",\"target\":[\"https:\\\/\\\/www.vanguardlifesciences.co.uk\\\/partner-programme\\\/\"]}]},{\"@type\":\"BreadcrumbList\",\"@id\":\"https:\\\/\\\/www.vanguardlifesciences.co.uk\\\/partner-programme\\\/#breadcrumb\",\"itemListElement\":[{\"@type\":\"ListItem\",\"position\":1,\"name\":\"Home\",\"item\":\"https:\\\/\\\/www.vanguardlifesciences.co.uk\\\/\"},{\"@type\":\"ListItem\",\"position\":2,\"name\":\"Partner programme\"}]},{\"@type\":\"WebSite\",\"@id\":\"https:\\\/\\\/www.vanguardlifesciences.co.uk\\\/#website\",\"url\":\"https:\\\/\\\/www.vanguardlifesciences.co.uk\\\/\",\"name\":\"Vanguard Life Sciences\",\"description\":\"\",\"potentialAction\":[{\"@type\":\"SearchAction\",\"target\":{\"@type\":\"EntryPoint\",\"urlTemplate\":\"https:\\\/\\\/www.vanguardlifesciences.co.uk\\\/?s={search_term_string}\"},\"query-input\":{\"@type\":\"PropertyValueSpecification\",\"valueRequired\":true,\"valueName\":\"search_term_string\"}}],\"inLanguage\":\"hu\"}]}<\/script>\n<!-- \/ Yoast SEO plugin. -->","yoast_head_json":{"title":"Partner programme - Vanguard Life Sciences","robots":{"index":"index","follow":"follow","max-snippet":"max-snippet:-1","max-image-preview":"max-image-preview:large","max-video-preview":"max-video-preview:-1"},"canonical":"https:\/\/www.vanguardlifesciences.co.uk\/hu_hu\/partner-programme\/","og_locale":"hu_HU","og_type":"article","og_title":"Partner programme - Vanguard Life Sciences","og_url":"https:\/\/www.vanguardlifesciences.co.uk\/hu_hu\/partner-programme\/","og_site_name":"Vanguard Life Sciences","article_modified_time":"2024-04-09T10:54:17+00:00","twitter_card":"summary_large_image","twitter_misc":{"Becs\u00fclt olvas\u00e1si id\u0151":"1 perc"},"schema":{"@context":"https:\/\/schema.org","@graph":[{"@type":"WebPage","@id":"https:\/\/www.vanguardlifesciences.co.uk\/partner-programme\/","url":"https:\/\/www.vanguardlifesciences.co.uk\/partner-programme\/","name":"Partner programme - Vanguard Life Sciences","isPartOf":{"@id":"https:\/\/www.vanguardlifesciences.co.uk\/#website"},"datePublished":"2023-06-26T15:37:53+00:00","dateModified":"2024-04-09T10:54:17+00:00","breadcrumb":{"@id":"https:\/\/www.vanguardlifesciences.co.uk\/partner-programme\/#breadcrumb"},"inLanguage":"hu","potentialAction":[{"@type":"ReadAction","target":["https:\/\/www.vanguardlifesciences.co.uk\/partner-programme\/"]}]},{"@type":"BreadcrumbList","@id":"https:\/\/www.vanguardlifesciences.co.uk\/partner-programme\/#breadcrumb","itemListElement":[{"@type":"ListItem","position":1,"name":"Home","item":"https:\/\/www.vanguardlifesciences.co.uk\/"},{"@type":"ListItem","position":2,"name":"Partner programme"}]},{"@type":"WebSite","@id":"https:\/\/www.vanguardlifesciences.co.uk\/#website","url":"https:\/\/www.vanguardlifesciences.co.uk\/","name":"Vanguard Life Sciences","description":"","potentialAction":[{"@type":"SearchAction","target":{"@type":"EntryPoint","urlTemplate":"https:\/\/www.vanguardlifesciences.co.uk\/?s={search_term_string}"},"query-input":{"@type":"PropertyValueSpecification","valueRequired":true,"valueName":"search_term_string"}}],"inLanguage":"hu"}]}},"_links":{"self":[{"href":"https:\/\/www.vanguardlifesciences.co.uk\/hu_hu\/wp-json\/wp\/v2\/pages\/316","targetHints":{"allow":["GET"]}}],"collection":[{"href":"https:\/\/www.vanguardlifesciences.co.uk\/hu_hu\/wp-json\/wp\/v2\/pages"}],"about":[{"href":"https:\/\/www.vanguardlifesciences.co.uk\/hu_hu\/wp-json\/wp\/v2\/types\/page"}],"author":[{"embeddable":true,"href":"https:\/\/www.vanguardlifesciences.co.uk\/hu_hu\/wp-json\/wp\/v2\/users\/2"}],"replies":[{"embeddable":true,"href":"https:\/\/www.vanguardlifesciences.co.uk\/hu_hu\/wp-json\/wp\/v2\/comments?post=316"}],"version-history":[{"count":0,"href":"https:\/\/www.vanguardlifesciences.co.uk\/hu_hu\/wp-json\/wp\/v2\/pages\/316\/revisions"}],"wp:attachment":[{"href":"https:\/\/www.vanguardlifesciences.co.uk\/hu_hu\/wp-json\/wp\/v2\/media?parent=316"}],"curies":[{"name":"munkaf\u00fczet","href":"https:\/\/api.w.org\/{rel}","templated":true}]}}