{"id":143,"date":"2023-06-05T15:04:05","date_gmt":"2023-06-05T15:04:05","guid":{"rendered":"https:\/\/www.vanguardlifesciences.co.uk\/?page_id=143"},"modified":"2026-01-13T09:27:17","modified_gmt":"2026-01-13T09:27:17","slug":"careers","status":"publish","type":"page","link":"https:\/\/www.vanguardlifesciences.co.uk\/hu_hu\/careers\/","title":{"rendered":"Karrierek"},"content":{"rendered":"<section id=\"section-2-14\" class=\"ct-section\" >\n<div class=\"ct-section-inner-wrap\">\n<div id=\"new_columns-3-14\" class=\"ct-new-columns\" >\n<div id=\"div_block-4-14\" class=\"ct-div-block\" >\n<div id=\"div_block-21-223\" class=\"ct-div-block\" ><a id=\"link_text-13-223\" class=\"ct-link-text\" href=\"\/hu_hu\/\" target=\"_self\"  >itthon<\/a><a id=\"link_text-25-223\" class=\"ct-link-text\" href=\"http:\/\/\" target=\"_self\"  >&gt;<\/a><\/p>\n<div id=\"text_block-26-223\" class=\"ct-text-block\" ><span id=\"span-27-223\" class=\"ct-span\" >Karrierek<\/span><\/div>\n<\/div>\n<div id=\"div_block-17-223\" class=\"ct-div-block\" >\n<h1 id=\"headline-5-14\" class=\"ct-headline\">Legyen r\u00e9sze egy b\u0151v\u00fcl\u0151 csapatnak az Egyes\u00fclt Kir\u00e1lys\u00e1gon bel\u00fcl<\/h1>\n<\/div>\n<\/div>\n<div id=\"div_block-9-14\" class=\"ct-div-block\" ><link rel='stylesheet' id='oxygen-unslider-css'  href='https:\/\/www.vanguardlifesciences.co.uk\/wp-content\/plugins\/oxygen\/component-framework\/vendor\/unslider\/unslider.css' type='text\/css' media='all'\/>\n<div id=\"slider-88-14\" class=\"ct-slider ct_unique_slider_2356\" >\n<div class=\"oxygen-unslider-container\">\n<ul>\n<li>\n<div id=\"slide-89-14\" class=\"ct-slide\" ><img decoding=\"async\"  id=\"image-96-14\" alt=\"\" src=\"https:\/\/www.vanguardlifesciences.co.uk\/wp-content\/uploads\/sites\/9\/2025\/11\/Image-62.jpg\" class=\"ct-image\"\/><\/div>\n<\/li>\n<li>\n<div id=\"slide-101-14\" class=\"ct-slide\" ><img decoding=\"async\"  id=\"image-102-14\" alt=\"\" src=\"https:\/\/www.vanguardlifesciences.co.uk\/wp-content\/uploads\/sites\/9\/2025\/11\/Vanguard-Commercial-Photography-202.jpg\" class=\"ct-image\"\/><\/div>\n<\/li>\n<\/ul>\n<\/div>\n<\/div>\n<p><script class=\"ct-slider-script\">jQuery(document).ready(function($){$('#slider-88-14.ct_unique_slider_2356 .oxygen-unslider-container:not(.unslider-horizontal,.unslider-fade)').unslider({autoplay: true, delay: 3000, animation: 'horizontal', speed : 750, arrows: true, nav: false, infinite: true})});<\/script><\/div>\n<\/div>\n<\/div>\n<\/section>\n<section id=\"section-68-14-text-left-white\" class=\"ct-section\" >\n<div class=\"ct-section-inner-wrap\">\n<div id=\"new_columns-69-14text-left-white\" class=\"ct-new-columns\" >\n<div id=\"div_block-70-14\" class=\"ct-div-block\" >\n<h2 id=\"headline-71-14\" class=\"ct-headline\">Milyen nek\u00fcnk dolgozni<\/h2>\n<div id=\"_rich_text-72-14\" class=\"oxy-rich-text\" >\n<p dir=\"ltr\">\u00c9rt\u00e9kelj\u00fck embereinket, \u00e9s t\u00e1mogat\u00f3 k\u00f6rnyezetet biztos\u00edtunk sz\u00e1mukra a vir\u00e1gz\u00e1shoz.&nbsp;<\/p>\n<p dir=\"ltr\">A vil\u00e1gj\u00e1rv\u00e1ny \u00f3ta tov\u00e1bbra is rugalmasan dolgozunk, \u00e9s elismerj\u00fck a hibrid munkav\u00e9gz\u00e9s pozit\u00edv egyens\u00faly\u00e1t sz\u00e1mos hagyom\u00e1nyos irodai t\u00e1mogat\u00f3 szerepk\u00f6r\u00fcnkben.<\/p>\n<p dir=\"ltr\">T\u00e1mogat\u00f3 \u00e9s gondoskod\u00f3 csapat vagyunk, \u00e9s k\u00e9pzett ment\u00e1lis eg\u00e9szs\u00e9g\u00fcgyi els\u0151seg\u00e9lyny\u00fajt\u00f3kkal dolgozunk az alkalmazotti popul\u00e1ci\u00f3n bel\u00fcl, \u00e9s sz\u00e1mos olyan juttat\u00e1ssal rendelkez\u00fcnk, amelyek t\u00e1mogatj\u00e1k j\u00f3l\u00e9t\u00fcnket.<\/p>\n<p dir=\"ltr\">Szeret\u00fcnk tanulni \u00e9s t\u00e1mogatni a fejl\u0151d\u00e9st az eg\u00e9sz \u00fczlet\u00e1gban. Minden \u00e9vben k\u00f6lts\u00e9gt\u00e9r\u00edt\u00e9st biztos\u00edtunk a szakmai tags\u00e1g\u00e9rt, \u00e9s sok csapattagunkat t\u00e1mogatjuk szakmai tanul\u00e1sban a karrierfejleszt\u00e9s r\u00e9szek\u00e9nt.&nbsp;<\/p>\n<p dir=\"ltr\">A gyorsan n\u00f6vekv\u0151, t\u00f6bb mint 150 koll\u00e9g\u00e1b\u00f3l \u00e1ll\u00f3 nemzetk\u00f6zi csapatunknak k\u00f6sz\u00f6nhet\u0151en \u00e9rt\u00e9keink hat\u00e1rozz\u00e1k meg, hogyan kommunik\u00e1lunk \u00fcgyfeleinkkel bel\u00fcl \u00e9s k\u00edv\u00fcl: betegk\u00f6zpont\u00fa; \u00daj\u00edt\u00f3; Fog\u00e9kony; Szenved\u00e9lyes; Csapatmunka.<\/p>\n<p dir=\"ltr\">A 2023-as elk\u00f6telezetts\u00e9g-felm\u00e9r\u00e9s eredm\u00e9nyeink bizony\u00edtj\u00e1k elk\u00f6telezetts\u00e9g\u00fcnket munkat\u00e1rsaink ir\u00e1nt <strong>82% pozit\u00edv elk\u00f6telez\u0151d\u00e9s<\/strong> az eg\u00e9sz \u00fczletben.<\/p>\n<p dir=\"ltr\">Felett <strong>90%<\/strong> az Egyes\u00fclt Kir\u00e1lys\u00e1g alkalmazottai k\u00f6z\u00fcl <em>\u201eSz\u00e1momra aj\u00e1nlom az itteni munk\u00e1t bar\u00e1toknak \u00e9s csal\u00e1dtagoknak\u201d<\/em> \u00e9s <strong>98%<\/strong> Klinikai popul\u00e1ci\u00f3nk szerint <em>\u201e12 h\u00f3nap m\u00falva itt akarok dolgozni\u201d<\/em>.<\/p>\n<\/div>\n<\/div>\n<div id=\"div_block-74-14\" class=\"ct-div-block\" ><img decoding=\"async\"  id=\"image-75-14\" alt=\"\" src=\"https:\/\/www.vanguardlifesciences.co.uk\/wp-content\/uploads\/sites\/9\/2026\/01\/Manria-Brar.jpg\" class=\"ct-image\"\/><\/div>\n<\/div>\n<\/div>\n<\/section>\n<section id=\"section-2-802\" class=\"ct-section\" style=\"background-image:linear-gradient(rgba(0,73,131,0.73), rgba(0,73,131,0.73)), url(https:\/\/www.vanguardlifesciences.co.uk\/wp-content\/uploads\/sites\/9\/2023\/05\/boulders-right.png);background-size:auto,  auto;\" >\n<div class=\"ct-section-inner-wrap\">\n<div id=\"div_block-3-802\" class=\"ct-div-block\" >\n<div id=\"text_block-5-802\" class=\"ct-text-block\" >Emberi j\u00f6v\u0151k\u00e9p\u00fcnk a k\u00f6vetkez\u0151:<\/div>\n<div id=\"_rich_text-4-802\" class=\"oxy-rich-text\" >\n<p>Annak \u00e9rdek\u00e9ben, hogy munkat\u00e1rsaink kiv\u00e9teles eredm\u00e9nyeket \u00e9rjenek el. Ezt \u00fagy tessz\u00fck, hogy er\u0151s \u00e9s agilis csapatokat hozunk l\u00e9tre, amelyeket hiteles \u00e9s egy\u00fctt\u00e9rz\u0151 vezet\u00e9s t\u00e1mogat, \u00e9s befogad\u00f3 k\u00f6rnyezetet biztos\u00edtunk a n\u00f6veked\u00e9shez.<\/p>\n<\/div>\n<\/div>\n<\/div>\n<\/section>\n<section id=\"text-left-blue\" class=\"ct-section\" >\n<div class=\"ct-section-inner-wrap\">\n<div id=\"new_columns-107-34-blue\" class=\"ct-new-columns\" >\n<div id=\"div_block-108-34\" class=\"ct-div-block\" >\n<h2 id=\"headline-109-34\" class=\"ct-headline\">El\u0151nyeink<\/h2>\n<div id=\"_rich_text-110-34\" class=\"oxy-rich-text\" >\n<p>Versenyk\u00e9pes fizet\u00e9si csomagokat k\u00edn\u00e1lunk, \u00e9s minden munkak\u00f6r\u00fcnkh\u00f6z a k\u00f6vetkez\u0151 juttat\u00e1sok j\u00e1rnak:<\/p>\n<p dir=\"ltr\"><strong>\u00c9letm\u00f3d&nbsp;<\/strong><\/p>\n<ul>\n<li dir=\"ltr\">\n<p dir=\"ltr\" role=\"presentation\">5 h\u00e9t \u00e9ves szabads\u00e1g (az Egyes\u00fclt Kir\u00e1lys\u00e1g munkasz\u00fcneti napjain k\u00edv\u00fcl)<\/p>\n<\/li>\n<li dir=\"ltr\">\n<p dir=\"ltr\" role=\"presentation\">Lehet\u0151s\u00e9g van tov\u00e1bbi 1 h\u00e9t \u00e9ves szabads\u00e1g v\u00e9tel\u00e9re\/elad\u00e1s\u00e1ra<\/p>\n<\/li>\n<li dir=\"ltr\">\n<p dir=\"ltr\" role=\"presentation\">Employee Discount Scheme \u2013 online kedvezm\u00e9nyrendszer kiskereskedelmi, eg\u00e9szs\u00e9g\u00fcgyi, szabadid\u0151s \u00e9s \u00e9letm\u00f3d-szolg\u00e1ltat\u00f3k sz\u00e1m\u00e1ra<\/p>\n<\/li>\n<li dir=\"ltr\">\n<p dir=\"ltr\" role=\"presentation\">V\u00e1llalati nyugd\u00edj (5% t\u00e1rsas\u00e1gi j\u00e1rul\u00e9k \u00e9s 5% munkav\u00e1llal\u00f3i j\u00e1rul\u00e9k, mely b\u00e1rmikor emelhet\u0151)<\/p>\n<\/li>\n<\/ul>\n<\/div>\n<\/div>\n<div id=\"div_block-112-34\" class=\"ct-div-block\" ><img decoding=\"async\"  id=\"image-113-34\" alt=\"\" src=\"https:\/\/www.vanguardlifesciences.co.uk\/wp-content\/uploads\/sites\/9\/2023\/07\/team-7-1.jpg\" class=\"ct-image\"\/><\/div>\n<\/div>\n<\/div>\n<\/section>\n<section id=\"section-88-34-blue2\" class=\"ct-section\" >\n<div class=\"ct-section-inner-wrap\">\n<div id=\"new_columns-13-665\" class=\"ct-new-columns\" >\n<div id=\"div_block-14-665\" class=\"ct-div-block\" >\n<div id=\"_rich_text-18-665\" class=\"oxy-rich-text\" >\n<p dir=\"ltr\"><strong>J\u00f3l\u00e9t<\/strong><\/p>\n<ul>\n<li dir=\"ltr\">\n<p dir=\"ltr\" role=\"presentation\">Megemelt v\u00e1llalati betegszabads\u00e1g&nbsp;<\/p>\n<\/li>\n<li dir=\"ltr\">Megn\u00f6velt anyas\u00e1gi, apas\u00e1gi, \u00f6r\u00f6kbefogad\u00e1si \u00e9s megosztott sz\u00fcl\u0151i szabads\u00e1g fizet\u00e9se<\/li>\n<li dir=\"ltr\">\n<p dir=\"ltr\" role=\"presentation\">Influenza elleni t\u00e9r\u00edt\u00e9s&nbsp;<\/p>\n<\/li>\n<li dir=\"ltr\">\n<p dir=\"ltr\" role=\"presentation\">Eg\u00e9szs\u00e9g\u00fcgyi k\u00e9szp\u00e9nzes terv a Paycare-en kereszt\u00fcl, bele\u00e9rtve az orvosi k\u00f6lts\u00e9gek p\u00e9nzvisszat\u00e9r\u00edt\u00e9s\u00e9t, az eg\u00e9szs\u00e9g\u00fcgyi sz\u0171r\u00e9st \u00e9s az alternat\u00edv ter\u00e1pi\u00e1kat<\/p>\n<\/li>\n<li dir=\"ltr\">\n<p dir=\"ltr\" role=\"presentation\">A h\u00e9t minden napj\u00e1n, 24 \u00f3r\u00e1ban el\u00e9rhet\u0151 h\u00e1ziorvos vil\u00e1gszerte el\u00e9rhet\u0151 fedezettel \u00e9s mag\u00e1nrecept szolg\u00e1ltat\u00e1ssal<\/p>\n<\/li>\n<li dir=\"ltr\">\n<p dir=\"ltr\" role=\"presentation\">Munkav\u00e1llal\u00f3i Seg\u00edts\u00e9gny\u00fajt\u00e1si Program, bele\u00e9rtve a bizalmas tan\u00e1csad\u00e1st \u00e9s a seg\u00e9lyvonal szolg\u00e1ltat\u00e1st<\/p>\n<\/li>\n<li dir=\"ltr\">\n<p dir=\"ltr\" role=\"presentation\">\u00c9letbiztos\u00edt\u00e1s (4x \u00e9ves fizet\u00e9snek felel meg)&nbsp;<\/p>\n<\/li>\n<li dir=\"ltr\">\n<p dir=\"ltr\" role=\"presentation\">Ciklus a munk\u00e1ba s\u00e9ma<\/p>\n<\/li>\n<li dir=\"ltr\">A Tusker aut\u00f3program \u2013 fizet\u00e9scs\u00f6kkent\u00e9si juttat\u00e1s az alkalmazottak sz\u00e1m\u00e1ra, hogy vadonat\u00faj, teljes k\u00f6r\u0171en biztos\u00edtott \u00e9s karbantartott aut\u00f3t vehessenek a fizet\u00e9s\u00fckb\u0151l levont havi fix k\u00f6lts\u00e9g\u00e9rt.<\/li>\n<li dir=\"ltr\">YellowNest - egy fizet\u00e9scs\u00f6kkent\u00e9si juttat\u00e1s, amelynek c\u00e9lja, hogy a sz\u00fcl\u0151k p\u00e9nzt takar\u00edtsanak meg a gyermekgondoz\u00e1si d\u00edjakon<\/li>\n<li dir=\"ltr\">\n<p dir=\"ltr\" role=\"presentation\">Foglalkoz\u00e1s-eg\u00e9szs\u00e9g\u00fcgyi szolg\u00e1lat<\/p>\n<\/li>\n<li dir=\"ltr\">\n<p dir=\"ltr\" role=\"presentation\">Ment\u00e1lis eg\u00e9szs\u00e9g\u00fcgyi els\u0151seg\u00e9lyny\u00fajt\u00e1s k\u00e9pzett ment\u00e1lis eg\u00e9szs\u00e9g\u00fcgyi els\u0151seg\u00e9lyny\u00fajt\u00f3kon kereszt\u00fcl az eg\u00e9sz szervezetben<\/p>\n<\/li>\n<\/ul>\n<p dir=\"ltr\"><strong>Fejleszt\u00e9s<\/strong><\/p>\n<ul>\n<li dir=\"ltr\">\n<p dir=\"ltr\" role=\"presentation\">Az \u00e9ves szakmai tags\u00e1gok k\u00f6lts\u00e9gt\u00e9r\u00edt\u00e9se<\/p>\n<\/li>\n<li dir=\"ltr\">\n<p dir=\"ltr\" role=\"presentation\">Szakmai tanulm\u00e1nyi t\u00e1mogat\u00e1s a karrierfejleszt\u00e9s r\u00e9szek\u00e9nt<\/p>\n<\/li>\n<\/ul>\n<p>&nbsp;<\/p>\n<p>Ha csatlakozik az Vanguard Modul\u00e1ris v\u00e1llalkoz\u00e1sunkhoz, juttat\u00e1si csomagj\u00e1t az interj\u00fa sor\u00e1n megvitatjuk.<\/p>\n<\/div>\n<\/div>\n<div id=\"div_block-16-665\" class=\"ct-div-block\" >\n<div id=\"_rich_text-19-665\" class=\"oxy-rich-text\" >\n<p dir=\"ltr\"><strong>Munkav\u00e1llal\u00f3i elismer\u00e9s<\/strong><\/p>\n<p dir=\"ltr\">Munkat\u00e1rsainkat rendszeresen elismerj\u00fck az al\u00e1bbi elismer\u00e9si tev\u00e9kenys\u00e9gekkel:<\/p>\n<ul>\n<li dir=\"ltr\">\n<p dir=\"ltr\" role=\"presentation\">Hossz\u00fa szolg\u00e1lati elismer\u00e9s<\/p>\n<\/li>\n<li dir=\"ltr\">\n<p dir=\"ltr\" role=\"presentation\">1 TP1T \u00e9rt\u00e9kd\u00edj<\/p>\n<\/li>\n<li dir=\"ltr\">\n<p dir=\"ltr\" role=\"presentation\">Munkav\u00e1llal\u00f3i \u00fcnnepi rendezv\u00e9nyek<\/p>\n<\/li>\n<\/ul>\n<p dir=\"ltr\"><strong>K\u00f6rnyezetv\u00e9delmi, t\u00e1rsadalmi \u00e9s korm\u00e1nyz\u00e1s<\/strong><\/p>\n<ul>\n<li dir=\"ltr\">\n<p dir=\"ltr\" role=\"presentation\">Lehet\u0151s\u00e9get k\u00edn\u00e1lunk a csapattagok sz\u00e1m\u00e1ra, hogy r\u00e9szt vegyenek olyan tev\u00e9kenys\u00e9gekben \u00e9s kezdem\u00e9nyez\u00e9sekben, bele\u00e9rtve az \u00f6nk\u00e9ntes napokat (1-3 nap fizetett), amelyek t\u00e1mogatj\u00e1k ESG-nket \u00e9s k\u00f6telezetts\u00e9gv\u00e1llal\u00e1sainkat<\/p>\n<\/li>\n<\/ul>\n<p dir=\"ltr\"><strong>A k\u00f6vetkez\u0151 el\u0151ny\u00f6k szerept\u0151l f\u00fcggenek:<\/strong><\/p>\n<ul>\n<li dir=\"ltr\">\n<p dir=\"ltr\" role=\"presentation\">C\u00e9ges aut\u00f3 vagy g\u00e9pkocsi kedvezm\u00e9ny<\/p>\n<\/li>\n<li dir=\"ltr\">\n<p dir=\"ltr\" role=\"presentation\">Hibrid m\u0171k\u00f6d\u00e9s&nbsp;<\/p>\n<\/li>\n<li dir=\"ltr\">\n<p dir=\"ltr\" role=\"presentation\">Ingyenes parkol\u00f3 \u2013 helysz\u00edni parkol\u00f3 elektromos aut\u00f3k t\u00f6lt\u0151pontokkal<\/p>\n<\/li>\n<li dir=\"ltr\">\n<p dir=\"ltr\" role=\"presentation\">Utaz\u00e1si \u00e9s sz\u00e1ll\u00e1sk\u00f6lts\u00e9g<\/p>\n<\/li>\n<\/ul>\n<\/div>\n<\/div>\n<\/div>\n<\/div>\n<\/section>\n<section id=\"section-68-14-text-left-white\" class=\"ct-section\" >\n<div class=\"ct-section-inner-wrap\">\n<div id=\"new_columns-69-14text-left-white\" class=\"ct-new-columns\" >\n<div id=\"div_block-70-14\" class=\"ct-div-block\" >\n<h2 id=\"headline-71-14\" class=\"ct-headline\">Az \u00e9rt\u00e9keink<\/h2>\n<div id=\"_rich_text-72-14\" class=\"oxy-rich-text\" >\n<p dir=\"ltr\">Munkat\u00e1rsaink \u00e1ltal v\u00e1lasztott \u00e9rt\u00e9keink minden tev\u00e9kenys\u00e9g\u00fcnk alapj\u00e1t k\u00e9pezik.<\/p>\n<p dir=\"ltr\">Klinikai infrastrukt\u00far\u00e1t \u00e9s tud\u00e1st biztos\u00edtunk a kapacit\u00e1sb\u0151v\u00edt\u00e9shez, a klinikai folyamatok ellen\u0151rz\u00e9s\u00e9hez \u00e9s a megszak\u00edt\u00e1s n\u00e9lk\u00fcli, betegk\u00f6zpont\u00fa ell\u00e1t\u00e1shoz sz\u00fcks\u00e9ges sebess\u00e9ggel.<\/p>\n<p dir=\"ltr\">The Vanguard Life Sciences values were decided through a consultative engagement programme that included participation by our entire team. We are committed to representing these values through its processes, products, services and interactions with both internal and external customers.<\/p>\n<p dir=\"ltr\">Az al\u00e1bbi \u00e9rt\u00e9keket konszenzussal v\u00e1lasztottuk ki. \u0150k fogalmazz\u00e1k meg legjobban azokat a m\u00f3dokat, amelyekkel biztos\u00edtjuk a min\u0151s\u00e9g \u00e9s az \u00e9rt\u00e9k biztos\u00edt\u00e1s\u00e1t a k\u00fcls\u0151 \u00e9rdekelt felek \u00e9s az \u00e1ltalunk kiszolg\u00e1lt sz\u00e9lesebb betegk\u00f6z\u00f6ss\u00e9g sz\u00e1m\u00e1ra.<\/p>\n<\/div>\n<\/div>\n<div id=\"div_block-74-14\" class=\"ct-div-block\" ><img decoding=\"async\"  id=\"image-75-14\" alt=\"\" src=\"https:\/\/www.vanguardlifesciences.co.uk\/wp-content\/uploads\/sites\/9\/2023\/07\/nhs-75-2.jpg\" class=\"ct-image\"\/><\/div>\n<\/div>\n<\/div>\n<\/section>\n<section id=\"section-2-149\" class=\"ct-section\" >\n<div class=\"ct-section-inner-wrap\">\n<div id=\"div_block-5-149\" class=\"ct-div-block\" >\n<div id=\"div_block-10-149\" class=\"ct-div-block\" ><img decoding=\"async\"  id=\"image-11-149\" alt=\"Passionate\" src=\"https:\/\/www.vanguardlifesciences.co.uk\/wp-content\/uploads\/sites\/9\/2023\/06\/passionate.png\" class=\"ct-image\"\/><\/p>\n<div id=\"text_block-12-149\" class=\"ct-text-block\" >Szenved\u00e9lyes<\/div>\n<\/div>\n<\/div>\n<div id=\"div_block-6-149\" class=\"ct-div-block\" >\n<div id=\"div_block-13-149\" class=\"ct-div-block\" ><img decoding=\"async\"  id=\"image-14-149\" alt=\"Patient focussed\" src=\"https:\/\/www.vanguardlifesciences.co.uk\/wp-content\/uploads\/sites\/9\/2023\/06\/patient-focussed.png\" class=\"ct-image\"\/><\/p>\n<div id=\"text_block-15-149\" class=\"ct-text-block\" >Betegk\u00f6zpont\u00fa<\/div>\n<\/div>\n<\/div>\n<div id=\"div_block-7-149\" class=\"ct-div-block\" >\n<div id=\"div_block-17-149\" class=\"ct-div-block\" ><img decoding=\"async\"  id=\"image-18-149\" alt=\"Responsive\" src=\"https:\/\/www.vanguardlifesciences.co.uk\/wp-content\/uploads\/sites\/9\/2023\/06\/responsive.png\" class=\"ct-image\"\/><\/p>\n<div id=\"text_block-19-149\" class=\"ct-text-block\" >Fog\u00e9kony<\/div>\n<\/div>\n<\/div>\n<div id=\"div_block-8-149\" class=\"ct-div-block\" >\n<div id=\"div_block-21-149\" class=\"ct-div-block\" ><img decoding=\"async\"  id=\"image-22-149\" alt=\"Teamwork\" src=\"https:\/\/www.vanguardlifesciences.co.uk\/wp-content\/uploads\/sites\/9\/2023\/06\/teamwork.png\" class=\"ct-image\"\/><\/p>\n<div id=\"text_block-23-149\" class=\"ct-text-block\" >Csapatmunka<\/div>\n<\/div>\n<\/div>\n<div id=\"div_block-9-149\" class=\"ct-div-block\" >\n<div id=\"div_block-25-149\" class=\"ct-div-block\" ><img decoding=\"async\"  id=\"image-26-149\" alt=\"Innovative\" src=\"https:\/\/www.vanguardlifesciences.co.uk\/wp-content\/uploads\/sites\/9\/2023\/06\/innovative.png\" class=\"ct-image\"\/><\/p>\n<div id=\"text_block-27-149\" class=\"ct-text-block\" >\u00daj\u00edt\u00f3<\/div>\n<\/div>\n<\/div>\n<\/div>\n<\/section>\n<section id=\"section-132-34\" class=\"ct-section\" >\n<div class=\"ct-section-inner-wrap\">\n<div id=\"new_columns-133-34\" class=\"ct-new-columns\" >\n<div id=\"div_block-138-34\" class=\"ct-div-block\" ><img decoding=\"async\"  id=\"image-139-34\" alt=\"\" src=\"https:\/\/www.vanguardlifesciences.co.uk\/wp-content\/uploads\/sites\/9\/2023\/07\/nhs-75-5.jpg\" class=\"ct-image\"\/><\/div>\n<div id=\"div_block-134-34\" class=\"ct-div-block\" >\n<h2 id=\"headline-135-34\" class=\"ct-headline\">Tal\u00e1lja meg karrierj\u00e9t<\/h2>\n<div id=\"_rich_text-136-34\" class=\"oxy-rich-text\" >\n<p dir=\"ltr\">Ak\u00e1r t\u00fcrelmes, ak\u00e1r n\u00f6vekv\u0151 \u00fczlet\u00fcnket t\u00e1mogat\u00f3 szerepet \u00e9lvez, sz\u00e1mos lehet\u0151s\u00e9g\u00fcnk van arra, hogy csatlakozzon izgalmas utaz\u00e1sunkhoz, mik\u00f6zben j\u00f6v\u0151nk k\u00f6vetkez\u0151 szakasz\u00e1ba l\u00e9p\u00fcnk n\u00f6veked\u00e9si amb\u00edci\u00f3ink megval\u00f3s\u00edt\u00e1sa ter\u00e9n.&nbsp;<\/p>\n<p dir=\"ltr\">C\u00e9ljainkat az \u00e9rt\u00e9keinkhez igazod\u00f3 csapatmunk\u00e1val \u00e9rj\u00fck el.<\/p>\n<p dir=\"ltr\">Arra t\u00f6reksz\u00fcnk, hogy soksz\u00edn\u0171 \u00e9s befogad\u00f3 munkahely\u00fcnk legyen, \u00e9s hat\u00e1rozottan \u00f6szt\u00f6n\u00f6zz\u00fck a legk\u00fcl\u00f6nf\u00e9l\u00e9bb h\u00e1tt\u00e9rrel rendelkez\u0151, megfelel\u0151en k\u00e9pzett jelentkez\u0151ket, hogy jelentkezzenek csapatunkba.<\/p>\n<\/div>\n<\/div>\n<\/div>\n<\/div>\n<\/section>","protected":false},"excerpt":{"rendered":"","protected":false},"author":2,"featured_media":0,"parent":0,"menu_order":0,"comment_status":"closed","ping_status":"closed","template":"","meta":{"_acf_changed":false,"footnotes":""},"class_list":["post-143","page","type-page","status-publish","format-standard","hentry"],"acf":[],"yoast_head":"<!-- This site is optimized with the Yoast SEO plugin v27.3 - https:\/\/yoast.com\/product\/yoast-seo-wordpress\/ -->\n<title>Careers - Vanguard Life Sciences<\/title>\n<meta name=\"robots\" content=\"index, follow, max-snippet:-1, max-image-preview:large, max-video-preview:-1\" \/>\n<link rel=\"canonical\" href=\"https:\/\/www.vanguardlifesciences.co.uk\/hu_hu\/careers\/\" \/>\n<meta property=\"og:locale\" content=\"hu_HU\" \/>\n<meta property=\"og:type\" content=\"article\" \/>\n<meta property=\"og:title\" content=\"Careers - Vanguard Life Sciences\" \/>\n<meta property=\"og:url\" content=\"https:\/\/www.vanguardlifesciences.co.uk\/hu_hu\/careers\/\" \/>\n<meta property=\"og:site_name\" content=\"Vanguard Life Sciences\" \/>\n<meta property=\"article:modified_time\" content=\"2026-01-13T09:27:17+00:00\" \/>\n<meta name=\"twitter:card\" content=\"summary_large_image\" \/>\n<meta name=\"twitter:label1\" content=\"Becs\u00fclt olvas\u00e1si id\u0151\" \/>\n\t<meta name=\"twitter:data1\" content=\"1 perc\" \/>\n<script type=\"application\/ld+json\" class=\"yoast-schema-graph\">{\"@context\":\"https:\\\/\\\/schema.org\",\"@graph\":[{\"@type\":\"WebPage\",\"@id\":\"https:\\\/\\\/www.vanguardlifesciences.co.uk\\\/careers\\\/\",\"url\":\"https:\\\/\\\/www.vanguardlifesciences.co.uk\\\/careers\\\/\",\"name\":\"Careers - Vanguard Life Sciences\",\"isPartOf\":{\"@id\":\"https:\\\/\\\/www.vanguardlifesciences.co.uk\\\/#website\"},\"datePublished\":\"2023-06-05T15:04:05+00:00\",\"dateModified\":\"2026-01-13T09:27:17+00:00\",\"breadcrumb\":{\"@id\":\"https:\\\/\\\/www.vanguardlifesciences.co.uk\\\/careers\\\/#breadcrumb\"},\"inLanguage\":\"hu\",\"potentialAction\":[{\"@type\":\"ReadAction\",\"target\":[\"https:\\\/\\\/www.vanguardlifesciences.co.uk\\\/careers\\\/\"]}]},{\"@type\":\"BreadcrumbList\",\"@id\":\"https:\\\/\\\/www.vanguardlifesciences.co.uk\\\/careers\\\/#breadcrumb\",\"itemListElement\":[{\"@type\":\"ListItem\",\"position\":1,\"name\":\"Home\",\"item\":\"https:\\\/\\\/www.vanguardlifesciences.co.uk\\\/\"},{\"@type\":\"ListItem\",\"position\":2,\"name\":\"Careers\"}]},{\"@type\":\"WebSite\",\"@id\":\"https:\\\/\\\/www.vanguardlifesciences.co.uk\\\/#website\",\"url\":\"https:\\\/\\\/www.vanguardlifesciences.co.uk\\\/\",\"name\":\"Vanguard Life Sciences\",\"description\":\"\",\"potentialAction\":[{\"@type\":\"SearchAction\",\"target\":{\"@type\":\"EntryPoint\",\"urlTemplate\":\"https:\\\/\\\/www.vanguardlifesciences.co.uk\\\/?s={search_term_string}\"},\"query-input\":{\"@type\":\"PropertyValueSpecification\",\"valueRequired\":true,\"valueName\":\"search_term_string\"}}],\"inLanguage\":\"hu\"}]}<\/script>\n<!-- \/ Yoast SEO plugin. -->","yoast_head_json":{"title":"Careers - Vanguard Life Sciences","robots":{"index":"index","follow":"follow","max-snippet":"max-snippet:-1","max-image-preview":"max-image-preview:large","max-video-preview":"max-video-preview:-1"},"canonical":"https:\/\/www.vanguardlifesciences.co.uk\/hu_hu\/careers\/","og_locale":"hu_HU","og_type":"article","og_title":"Careers - Vanguard Life Sciences","og_url":"https:\/\/www.vanguardlifesciences.co.uk\/hu_hu\/careers\/","og_site_name":"Vanguard Life Sciences","article_modified_time":"2026-01-13T09:27:17+00:00","twitter_card":"summary_large_image","twitter_misc":{"Becs\u00fclt olvas\u00e1si id\u0151":"1 perc"},"schema":{"@context":"https:\/\/schema.org","@graph":[{"@type":"WebPage","@id":"https:\/\/www.vanguardlifesciences.co.uk\/careers\/","url":"https:\/\/www.vanguardlifesciences.co.uk\/careers\/","name":"Careers - Vanguard Life Sciences","isPartOf":{"@id":"https:\/\/www.vanguardlifesciences.co.uk\/#website"},"datePublished":"2023-06-05T15:04:05+00:00","dateModified":"2026-01-13T09:27:17+00:00","breadcrumb":{"@id":"https:\/\/www.vanguardlifesciences.co.uk\/careers\/#breadcrumb"},"inLanguage":"hu","potentialAction":[{"@type":"ReadAction","target":["https:\/\/www.vanguardlifesciences.co.uk\/careers\/"]}]},{"@type":"BreadcrumbList","@id":"https:\/\/www.vanguardlifesciences.co.uk\/careers\/#breadcrumb","itemListElement":[{"@type":"ListItem","position":1,"name":"Home","item":"https:\/\/www.vanguardlifesciences.co.uk\/"},{"@type":"ListItem","position":2,"name":"Careers"}]},{"@type":"WebSite","@id":"https:\/\/www.vanguardlifesciences.co.uk\/#website","url":"https:\/\/www.vanguardlifesciences.co.uk\/","name":"Vanguard Life Sciences","description":"","potentialAction":[{"@type":"SearchAction","target":{"@type":"EntryPoint","urlTemplate":"https:\/\/www.vanguardlifesciences.co.uk\/?s={search_term_string}"},"query-input":{"@type":"PropertyValueSpecification","valueRequired":true,"valueName":"search_term_string"}}],"inLanguage":"hu"}]}},"_links":{"self":[{"href":"https:\/\/www.vanguardlifesciences.co.uk\/hu_hu\/wp-json\/wp\/v2\/pages\/143","targetHints":{"allow":["GET"]}}],"collection":[{"href":"https:\/\/www.vanguardlifesciences.co.uk\/hu_hu\/wp-json\/wp\/v2\/pages"}],"about":[{"href":"https:\/\/www.vanguardlifesciences.co.uk\/hu_hu\/wp-json\/wp\/v2\/types\/page"}],"author":[{"embeddable":true,"href":"https:\/\/www.vanguardlifesciences.co.uk\/hu_hu\/wp-json\/wp\/v2\/users\/2"}],"replies":[{"embeddable":true,"href":"https:\/\/www.vanguardlifesciences.co.uk\/hu_hu\/wp-json\/wp\/v2\/comments?post=143"}],"version-history":[{"count":0,"href":"https:\/\/www.vanguardlifesciences.co.uk\/hu_hu\/wp-json\/wp\/v2\/pages\/143\/revisions"}],"wp:attachment":[{"href":"https:\/\/www.vanguardlifesciences.co.uk\/hu_hu\/wp-json\/wp\/v2\/media?parent=143"}],"curies":[{"name":"munkaf\u00fczet","href":"https:\/\/api.w.org\/{rel}","templated":true}]}}