{"id":368,"date":"2023-06-28T14:02:03","date_gmt":"2023-06-28T14:02:03","guid":{"rendered":"https:\/\/www.vanguardlifesciences.co.uk\/?page_id=368"},"modified":"2023-08-25T15:21:54","modified_gmt":"2023-08-25T15:21:54","slug":"cookie-policy","status":"publish","type":"page","link":"https:\/\/www.vanguardlifesciences.co.uk\/hr_hr\/cookie-policy\/","title":{"rendered":"Politika kola\u010di\u0107a"},"content":{"rendered":"<style>\n    a.cky-banner-element {\n        padding: 8px 30px;\n        background: #F8F9FA;\n        color: #858A8F;\n        border: 1px solid #DEE2E6;\n        box-sizing: border-box;\n        border-radius: 2px;\n        cursor: pointer;\n}\n<\/style>\n<p>\n    Datum stupanja na snagu: 24. kolovoza 2023 <br \/>\n    Zadnje a\u017euriranje: 24. kolovoza 2023\n<\/p>\n<p>&nbsp;<\/p>\n<h5>\u0160to su kola\u010di\u0107i?<\/h5>\n<div class=\"cookie-policy-p\">\n<p>Ova Pravila o kola\u010di\u0107ima obja\u0161njavaju \u0161to su kola\u010di\u0107i i kako ih koristimo, vrste kola\u010di\u0107a koje koristimo, tj. informacije koje prikupljamo pomo\u0107u kola\u010di\u0107a i kako se te informacije koriste te kako upravljati postavkama kola\u010di\u0107a.<\/p>\n<p>Kola\u010di\u0107i su male tekstualne datoteke koje se koriste za pohranjivanje malih dijelova informacija. Pohranjuju se na va\u0161em ure\u0111aju kada se web stranica u\u010dita u va\u0161 preglednik. Ovi kola\u010di\u0107i nam poma\u017eu da web-mjesto ispravno funkcionira, u\u010dinimo ga sigurnijim, pru\u017eimo bolje korisni\u010dko iskustvo i razumijemo kako web-mjesto funkcionira te analiziramo \u0161to radi i gdje treba pobolj\u0161ati.<\/p>\n<\/div>\n<p>&nbsp;<\/p>\n<h5>Kako koristimo kola\u010di\u0107e?<\/h5>\n<div class=\"cookie-policy-p\">\n<p>Kao i ve\u0107ina internetskih usluga, na\u0161a web stranica koristi kola\u010di\u0107e prve i tre\u0107e strane u nekoliko svrha. Kola\u010di\u0107i prve strane uglavnom su nu\u017eni za ispravno funkcioniranje web stranice i ne prikupljaju va\u0161e osobne podatke.<\/p>\n<p>Kola\u010di\u0107i tre\u0107ih strana koji se koriste na na\u0161em web-mjestu uglavnom slu\u017ee za razumijevanje na\u010dina na koji web-mjesto radi, kako komunicirate s na\u0161im web-mjestom, za o\u010duvanje sigurnosti na\u0161ih usluga, za pru\u017eanje reklama koje su vam relevantne i sve u svemu za pru\u017eanje boljeg i pobolj\u0161anog korisnika iskustva i ubrzati va\u0161e budu\u0107e interakcije s na\u0161im web mjestom.<\/p>\n<\/div>\n<p>&nbsp;<\/p>\n<h5>Vrste kola\u010di\u0107a koje koristimo<\/h5>\n<div class=\"cky-audit-table-element\"><\/div>\n<p>&nbsp;<\/p>\n<h5 style=\"margin-bottom:20px;\">Upravljajte postavkama kola\u010di\u0107a<\/h5>\n<p>    <a class=\"cky-banner-element\">Postavke kola\u010di\u0107a<\/a> <\/p>\n<div>\n<p>Postavke kola\u010di\u0107a mo\u017eete promijeniti u bilo kojem trenutku klikom na gornji gumb. To \u0107e vam omogu\u0107iti da ponovno posjetite natpis pristanka na kola\u010di\u0107e i promijenite svoje postavke ili odmah povu\u010dete svoj pristanak. <\/p>\n<p>Osim toga, razli\u010diti preglednici pru\u017eaju razli\u010dite metode za blokiranje i brisanje kola\u010di\u0107a koje koriste web stranice. Mo\u017eete promijeniti postavke svog preglednika kako biste blokirali\/izbrisali kola\u010di\u0107e. Dolje su navedene poveznice na dokumente podr\u0161ke o tome kako upravljati i brisati kola\u010di\u0107e iz glavnih web preglednika.<\/p>\n<p>Krom: <a href=\"https:\/\/support.google.com\/accounts\/answer\/32050\" target=\"_blank\" rel=\"noopener\">https:\/\/support.google.com\/accounts\/answer\/32050<\/a><\/p>\n<p>Safari: <a href=\"https:\/\/support.apple.com\/en-in\/guide\/safari\/sfri11471\/mac\" target=\"_blank\" rel=\"noopener\">https:\/\/support.apple.com\/en-in\/guide\/safari\/sfri11471\/mac<\/a><\/p>\n<p>Firefox: <a href=\"https:\/\/support.mozilla.org\/en-US\/kb\/clear-cookies-and-site-data-firefox?redirectslug=delete-cookies-remove-info-websites-stored&redirectlocale=en-US\" target=\"_blank\" rel=\"noopener\">https:\/\/support.mozilla.org\/en-US\/kb\/clear-cookies-and-site-data-firefox?redirectslug=delete-cookies-remove-info-websites-stored&redirectlocale=en-US<\/a><\/p>\n<p>Internet Explorer: <a href=\"https:\/\/support.microsoft.com\/en-us\/topic\/how-to-delete-cookie-files-in-internet-explorer-bca9446f-d873-78de-77ba-d42645fa52fc\" target=\"_blank\" rel=\"noopener\">https:\/\/support.microsoft.com\/en-us\/topic\/how-to-delete-cookie-files-in-internet-explorer-bca9446f-d873-78de-77ba-d42645fa52fc<\/a><\/p>\n<p>Ako koristite bilo koji drugi web preglednik, posjetite slu\u017ebene dokumente za podr\u0161ku va\u0161eg preglednika.<\/p>\n<\/div>","protected":false},"excerpt":{"rendered":"<p>Effective Date: 24-Aug-2023 Last Updated: 24-Aug-2023 &nbsp; What are cookies? This Cookie Policy explains what cookies are and how we use them, the types of cookies we use i.e, the information we collect using cookies and how that information is used, and how to manage the cookie settings. Cookies are small text files that are [&hellip;]<\/p>\n","protected":false},"author":2,"featured_media":0,"parent":0,"menu_order":0,"comment_status":"closed","ping_status":"closed","template":"","meta":{"_acf_changed":false,"footnotes":""},"class_list":["post-368","page","type-page","status-publish","format-standard","hentry"],"acf":[],"yoast_head":"<!-- This site is optimized with the Yoast SEO plugin v27.3 - https:\/\/yoast.com\/product\/yoast-seo-wordpress\/ -->\n<title>Cookie Policy - Vanguard Life Sciences<\/title>\n<meta name=\"robots\" content=\"index, follow, max-snippet:-1, max-image-preview:large, max-video-preview:-1\" \/>\n<link rel=\"canonical\" href=\"https:\/\/www.vanguardlifesciences.co.uk\/hr_hr\/cookie-policy\/\" \/>\n<meta property=\"og:locale\" content=\"hr_HR\" \/>\n<meta property=\"og:type\" content=\"article\" \/>\n<meta property=\"og:title\" content=\"Cookie Policy - Vanguard Life Sciences\" \/>\n<meta property=\"og:description\" content=\"Effective Date: 24-Aug-2023 Last Updated: 24-Aug-2023 &nbsp; What are cookies? This Cookie Policy explains what cookies are and how we use them, the types of cookies we use i.e, the information we collect using cookies and how that information is used, and how to manage the cookie settings. Cookies are small text files that are [&hellip;]\" \/>\n<meta property=\"og:url\" content=\"https:\/\/www.vanguardlifesciences.co.uk\/hr_hr\/cookie-policy\/\" \/>\n<meta property=\"og:site_name\" content=\"Vanguard Life Sciences\" \/>\n<meta property=\"article:modified_time\" content=\"2023-08-25T15:21:54+00:00\" \/>\n<meta name=\"twitter:card\" content=\"summary_large_image\" \/>\n<meta name=\"twitter:label1\" content=\"Procijenjeno vrijeme \u010ditanja\" \/>\n\t<meta name=\"twitter:data1\" content=\"2 minute\" \/>\n<script type=\"application\/ld+json\" class=\"yoast-schema-graph\">{\"@context\":\"https:\\\/\\\/schema.org\",\"@graph\":[{\"@type\":\"WebPage\",\"@id\":\"https:\\\/\\\/www.vanguardlifesciences.co.uk\\\/cookie-policy\\\/\",\"url\":\"https:\\\/\\\/www.vanguardlifesciences.co.uk\\\/cookie-policy\\\/\",\"name\":\"Cookie Policy - Vanguard Life Sciences\",\"isPartOf\":{\"@id\":\"https:\\\/\\\/www.vanguardlifesciences.co.uk\\\/#website\"},\"datePublished\":\"2023-06-28T14:02:03+00:00\",\"dateModified\":\"2023-08-25T15:21:54+00:00\",\"breadcrumb\":{\"@id\":\"https:\\\/\\\/www.vanguardlifesciences.co.uk\\\/cookie-policy\\\/#breadcrumb\"},\"inLanguage\":\"hr\",\"potentialAction\":[{\"@type\":\"ReadAction\",\"target\":[\"https:\\\/\\\/www.vanguardlifesciences.co.uk\\\/cookie-policy\\\/\"]}]},{\"@type\":\"BreadcrumbList\",\"@id\":\"https:\\\/\\\/www.vanguardlifesciences.co.uk\\\/cookie-policy\\\/#breadcrumb\",\"itemListElement\":[{\"@type\":\"ListItem\",\"position\":1,\"name\":\"Home\",\"item\":\"https:\\\/\\\/www.vanguardlifesciences.co.uk\\\/\"},{\"@type\":\"ListItem\",\"position\":2,\"name\":\"Cookie Policy\"}]},{\"@type\":\"WebSite\",\"@id\":\"https:\\\/\\\/www.vanguardlifesciences.co.uk\\\/#website\",\"url\":\"https:\\\/\\\/www.vanguardlifesciences.co.uk\\\/\",\"name\":\"Vanguard Life Sciences\",\"description\":\"\",\"potentialAction\":[{\"@type\":\"SearchAction\",\"target\":{\"@type\":\"EntryPoint\",\"urlTemplate\":\"https:\\\/\\\/www.vanguardlifesciences.co.uk\\\/?s={search_term_string}\"},\"query-input\":{\"@type\":\"PropertyValueSpecification\",\"valueRequired\":true,\"valueName\":\"search_term_string\"}}],\"inLanguage\":\"hr\"}]}<\/script>\n<!-- \/ Yoast SEO plugin. -->","yoast_head_json":{"title":"Cookie Policy - Vanguard Life Sciences","robots":{"index":"index","follow":"follow","max-snippet":"max-snippet:-1","max-image-preview":"max-image-preview:large","max-video-preview":"max-video-preview:-1"},"canonical":"https:\/\/www.vanguardlifesciences.co.uk\/hr_hr\/cookie-policy\/","og_locale":"hr_HR","og_type":"article","og_title":"Cookie Policy - Vanguard Life Sciences","og_description":"Effective Date: 24-Aug-2023 Last Updated: 24-Aug-2023 &nbsp; What are cookies? This Cookie Policy explains what cookies are and how we use them, the types of cookies we use i.e, the information we collect using cookies and how that information is used, and how to manage the cookie settings. Cookies are small text files that are [&hellip;]","og_url":"https:\/\/www.vanguardlifesciences.co.uk\/hr_hr\/cookie-policy\/","og_site_name":"Vanguard Life Sciences","article_modified_time":"2023-08-25T15:21:54+00:00","twitter_card":"summary_large_image","twitter_misc":{"Procijenjeno vrijeme \u010ditanja":"2 minute"},"schema":{"@context":"https:\/\/schema.org","@graph":[{"@type":"WebPage","@id":"https:\/\/www.vanguardlifesciences.co.uk\/cookie-policy\/","url":"https:\/\/www.vanguardlifesciences.co.uk\/cookie-policy\/","name":"Cookie Policy - Vanguard Life Sciences","isPartOf":{"@id":"https:\/\/www.vanguardlifesciences.co.uk\/#website"},"datePublished":"2023-06-28T14:02:03+00:00","dateModified":"2023-08-25T15:21:54+00:00","breadcrumb":{"@id":"https:\/\/www.vanguardlifesciences.co.uk\/cookie-policy\/#breadcrumb"},"inLanguage":"hr","potentialAction":[{"@type":"ReadAction","target":["https:\/\/www.vanguardlifesciences.co.uk\/cookie-policy\/"]}]},{"@type":"BreadcrumbList","@id":"https:\/\/www.vanguardlifesciences.co.uk\/cookie-policy\/#breadcrumb","itemListElement":[{"@type":"ListItem","position":1,"name":"Home","item":"https:\/\/www.vanguardlifesciences.co.uk\/"},{"@type":"ListItem","position":2,"name":"Cookie Policy"}]},{"@type":"WebSite","@id":"https:\/\/www.vanguardlifesciences.co.uk\/#website","url":"https:\/\/www.vanguardlifesciences.co.uk\/","name":"Vanguard Life Sciences","description":"","potentialAction":[{"@type":"SearchAction","target":{"@type":"EntryPoint","urlTemplate":"https:\/\/www.vanguardlifesciences.co.uk\/?s={search_term_string}"},"query-input":{"@type":"PropertyValueSpecification","valueRequired":true,"valueName":"search_term_string"}}],"inLanguage":"hr"}]}},"_links":{"self":[{"href":"https:\/\/www.vanguardlifesciences.co.uk\/hr_hr\/wp-json\/wp\/v2\/pages\/368","targetHints":{"allow":["GET"]}}],"collection":[{"href":"https:\/\/www.vanguardlifesciences.co.uk\/hr_hr\/wp-json\/wp\/v2\/pages"}],"about":[{"href":"https:\/\/www.vanguardlifesciences.co.uk\/hr_hr\/wp-json\/wp\/v2\/types\/page"}],"author":[{"embeddable":true,"href":"https:\/\/www.vanguardlifesciences.co.uk\/hr_hr\/wp-json\/wp\/v2\/users\/2"}],"replies":[{"embeddable":true,"href":"https:\/\/www.vanguardlifesciences.co.uk\/hr_hr\/wp-json\/wp\/v2\/comments?post=368"}],"version-history":[{"count":0,"href":"https:\/\/www.vanguardlifesciences.co.uk\/hr_hr\/wp-json\/wp\/v2\/pages\/368\/revisions"}],"wp:attachment":[{"href":"https:\/\/www.vanguardlifesciences.co.uk\/hr_hr\/wp-json\/wp\/v2\/media?parent=368"}],"curies":[{"name":"radni list","href":"https:\/\/api.w.org\/{rel}","templated":true}]}}