{"id":366,"date":"2023-06-28T13:13:23","date_gmt":"2023-06-28T13:13:23","guid":{"rendered":"https:\/\/www.vanguardlifesciences.co.uk\/?page_id=366"},"modified":"2025-06-18T10:27:52","modified_gmt":"2025-06-18T10:27:52","slug":"modern-slavery-and-human-trafficking-statement","status":"publish","type":"page","link":"https:\/\/www.vanguardlifesciences.co.uk\/hr_hr\/modern-slavery-and-human-trafficking-statement\/","title":{"rendered":"Izjava o modernom ropstvu i trgovini ljudima"},"content":{"rendered":"<h3 class=\"wp-block-heading\">Politika<\/h3>\n<p>Moderno ropstvo je zlo\u010din i kr\u0161enje temeljnih ljudskih prava. Poprima razli\u010dite oblike, poput ropstva, ropstva, prisilnog i obveznog rada i trgovine ljudima, a svima je zajedni\u010dko oduzimanje slobode od strane druge osobe kako bi je iskoristili za osobnu ili komercijalnu korist. Grupa ima pristup nulte tolerancije prema modernom ropstvu. Djelovat \u0107emo eti\u010dki i s integritetom u svim na\u0161im poslovnim odnosima i odnosima, implementiraju\u0107i i provode\u0107i u\u010dinkovite sustave i kontrole kako bismo osigurali da se moderno ropstvo ne odvija nigdje u na\u0161oj Grupi ili na\u0161im opskrbnim lancima. Razumijemo da se ropstvo i trgovina ljudima \u010desto koriste zajedno.<\/p>\n<p>Predani smo osiguravanju transparentnosti u na\u0161oj Grupi, poslovnim operacijama i na\u0161em pristupu rje\u0161avanju problema modernog ropstva kroz na\u0161e opskrbne lance. To je u skladu s na\u0161im obvezama otkrivanja prema Zakonu o modernom ropstvu iz 2015.<\/p>\n<h4 class=\"wp-block-heading\">Na\u0161 lanac opskrbe i ljudi<\/h4>\n<p>Od svih na\u0161ih izvo\u0111a\u010da, dobavlja\u010da i drugih poslovnih partnera o\u010dekujemo iste visoke eti\u010dke standarde. Kao dio na\u0161eg procesa ugovaranja, ovi standardi i zahtjevi \u010dine dio na\u0161eg ugovora s na\u0161im podizvo\u0111a\u010dima.<\/p>\n<p>Ova se izjava odnosi na sve osobe koje rade za nas u na\u0161em opskrbnom lancu, u na\u0161e ime u bilo kojem svojstvu. To uklju\u010duje zaposlenike na svim razinama, direktore, slu\u017ebenike, zaposlene preko agencija, ustupljene radnike, volontere, agente, izvo\u0111a\u010de, vanjske konzultante, predstavnike tre\u0107ih strana i poslovnim partnerima.<\/p>\n<p>Usko sura\u0111ujemo s na\u0161im dobavlja\u010dima, \u0161to nam omogu\u0107uje prepoznavanje svih potencijalnih rizika od neuskla\u0111enosti.<\/p>\n<h4 class=\"wp-block-heading\">Upravljanje<\/h4>\n<p>Neprestano razvijamo na\u0161e upravljanje i interne kontrole kako bismo identificirali zabrinutosti ili rizike u vezi s kori\u0161tenjem prisilnog, obveznog rada ili rada koji se trguje ljudima, ili bilo koga tko se dr\u017ei u ropstvu ili ropstvu, bilo da su odrasli ili djeca. Uspostavili smo kontrole kako bismo lanac opskrbe odr\u017eavali prema istim visokim standardima. Svjesni smo rizika i imamo kontrole za upravljanje njima, a jamstvo pru\u017ea na\u0161a struktura upravljanja.<\/p>\n<\/p>\n<h3 class=\"wp-block-heading\">Izjava<\/h3>\n<ol class=\"wp-block-list\">\n<li><strong>Uvod<\/strong><br \/>Ova izjava dana je u skladu s \u010dlankom 54(6) Zakona o modernom ropstvu iz 2015. i navodi na\u0161e mjere za razumijevanje svih potencijalnih rizika modernog ropstva povezanih s na\u0161im poslovanjem te za uspostavljanje kontrola s ciljem osiguranja da nema ropstva ili trgovine ljudima unutar na\u0161ih vlastitih poduze\u0107a i lanaca opskrbe. Ova izjava odnosi se na mjere i aktivnosti tijekom financijske godine koja je zavr\u0161ila 31. prosinca 2024.<\/li>\n<\/ol>\n<ol class=\"wp-block-list\"><\/ol>\n<p>2. <strong>Posao<\/strong><br \/>Ova izjava pokriva aktivnosti sljede\u0107ih subjekata iz UK-a u Vanguard Grupi (&quot;Grupa&quot;):<\/p>\n<ul class=\"wp-block-list\">\n<li>Vanguard Healthcare Solutions Limited<\/li>\n<li>Armada Topco Limited <\/li>\n<li>Armada Midco Limited<\/li>\n<li>Armada Bidco Limited <\/li>\n<li>Projekt Darwin Bidco Limited<\/li>\n<li>Vanguard Healthcare Solutions (Modular) Limited<\/li>\n<\/ul>\n<p>Grupa ve\u0107 vi\u0161e od 25 godina pru\u017ea fleksibilnu klini\u010dku infrastrukturu, uklju\u010duju\u0107i opremu, osoblje i pomo\u0107ne usluge javnom i privatnom zdravstvenom sektoru u Ujedinjenom Kraljevstvu i inozemstvu. Grupa ima lokacije u Ujedinjenom Kraljevstvu i Australiji. U 2024. godini imali smo prosje\u010dno 153 zaposlenika, ali kao organizacija ovisimo o agencijskim radnicima i izvo\u0111a\u010dima radova.<\/p>\n<p>3. <strong>Lanac opskrbe i na\u0161i ljudi<\/strong><br \/>Lanac opskrbe koji je uklju\u010den u vo\u0111enje i projektiranje, proizvodnju i instalaciju na\u0161e fleksibilne klini\u010dke strukture, te kasnije osiguranje osoblja i opreme je slo\u017een. Uklju\u010duje vi\u0161e razina i organizacije razli\u010ditih veli\u010dina. Svi na\u0161i dobavlja\u010di imaju sjedi\u0161te u Velikoj Britaniji, Europi ili Australiji. Koristit \u0107emo na\u0161e izravne dobavlja\u010de za upravljanje rizicima modernog ropstva i trgovine ljudima u cijelom opskrbnom lancu. Prenijeli smo svoja o\u010dekivanja i zahtjeve u vezi sa standardima kako bismo postali jedan od na\u0161ih odobrenih dobavlja\u010da za na\u0161u Grupu, kaskadno to kroz lanac opskrbe.<\/p>\n<p>Vodimo politiku zapo\u0161ljavanja i procedure koje su osmi\u0161ljene tako da se prema svim pojedincima koji rade u na\u0161oj tvrtki pona\u0161amo s dostojanstvom i po\u0161tovanjem. Po\u0161teno ih nagra\u0111ujemo za njihov rad i ne iskori\u0161tavamo ih. Ovo se odnosi na anga\u017emane s zaposlenicima preko agencija i izvo\u0111a\u010dima. Poduzimaju se godi\u0161nji pregledi kako bi se procijenilo da razine pla\u0107a ostaju dovoljno ve\u0107e od pla\u0107e za \u017eivot u zemlji. Poduzimamo odgovaraju\u0107e provjere prije zapo\u0161ljavanja svih na\u0161ih zaposlenika. Zahtijevamo od svih agencija za zapo\u0161ljavanje da u\u010dine isto, a na\u0161 tim za ljudske resurse tra\u017ei jamstvo da je to i poduzeto. Podr\u017eavamo profesionalne kodekse pona\u0161anja za sve na\u0161e kvalificirane zaposlenike i radnike.<\/p>\n<p>Dok se razvijamo, \u017eelimo osigurati da odr\u017eavamo pravu kulturu u cijeloj Grupi. Zaposlenike i radnike poti\u010demo da prijave bilo kakvu zabrinutost u skladu s na\u0161om Politikom slobode izra\u017eavanja: izra\u017eavanje zabrinutosti (zvi\u017edanje). Proveli smo obuku o ljudskim \u010dimbenicima u cijeloj Grupi. Nastavljamo graditi na\u0161e <em>Samo Kultura<\/em>, osiguravaju\u0107i sigurno okru\u017eenje u kojem pojedinci vjeruju da mogu i trebaju prijaviti probleme bez krivnje. U na\u0161oj Grupi imamo Voditelja za zdravlje, sigurnost i okoli\u0161, koji je odgovoran za odr\u017eavanje odgovaraju\u0107e radne kulture. Na\u0161a struktura upravljanja zna\u010di da se nau\u010dene lekcije ili pogre\u0161ke organizacijski prijavljuju i prate, \u0161to utjelovljuje na\u0161e kontinuirano pobolj\u0161anje i ISO9001.<\/p>\n<p>Za na\u0161 lanac opskrbe imamo postupak predkvalifikacije koji procjenjuje na\u0161e lance opskrbe i potencijalne rizike od ropstva, dje\u010djeg rada i trgovine ljudima. Budu\u0107i da se ve\u0107ina na\u0161ih dobavlja\u010da nalazi u Ujedinjenom Kraljevstvu i Australiji, a mnogi posluju u specijaliziranim, a ne niskokvalificiranim industrijama, na\u0161i lanci opskrbe op\u0107enito su procijenjeni kao oni koji predstavljaju nizak rizik u smislu neuskla\u0111enosti sa Zakonom. Me\u0111utim, rizici za na\u0161 lanac opskrbe se prate i po potrebi a\u017euriramo na\u0161 postupak predkvalifikacije.<\/p>\n<p>Radit \u0107emo samo s organizacijama u na\u0161em opskrbnom lancu koje imaju obveze u skladu s Grupom i mogu pru\u017eiti jamstvo da nisu uklju\u010dene u moderno ropstvo ili trgovinu ljudima. Iako je obveza tih organizacija da upravljaju vlastitim politikama i postupcima kako bi postigle taj cilj, mi pratimo kroz na\u0161 proces pretkvalifikacije, upravljanje ugovorima i na\u0161e postoje\u0107e prakse kako bismo osigurali poduzimanje svih razumnih koraka za provjeru uskla\u0111enosti sa Zakonom.<\/p>\n<p>4. <strong>Radnje poduzete u posljednjih 12 mjeseci<\/strong><\/p>\n<p>Imamo:<\/p>\n<ul class=\"wp-block-list\">\n<li>Pregledali smo i pobolj\u0161ali rizike i mjere ubla\u017eavanja vezane uz na\u0161 lanac opskrbe.<\/li>\n<li>Proveli smo pregled na\u0161eg opskrbnog lanca kako bismo osigurali uskla\u0111enost sa Zakonom.<\/li>\n<li>Pregledali smo standarde na\u0161ih dobavlja\u010da koji se primjenjuju kroz na\u0161 lanac opskrbe, za postoje\u0107e i nove dobavlja\u010de.<\/li>\n<li>Kontinuirano procjenjujemo u\u010dinkovitost na\u0161e upravlja\u010dke strukture i unosimo izmjene i dopune kako bismo osigurali da su kontrole uspostavljene radi uskla\u0111ivanja sa Zakonom.<\/li>\n<li>Nastavili smo podizati svijest o Zakonu i povezanim rizicima kao dio na\u0161eg uvodnog procesa.<\/li>\n<\/ul>\n<p>5. <strong>Planovi pobolj\u0161anja<\/strong><\/p>\n<p>Mi \u0107emo biti:<\/p>\n<ul class=\"wp-block-list\">\n<li>Pra\u0107enje napretka potencijalnih izmjena Zakona o modernom ropstvu i kontinuirano preispitivanje odredbi Zakona koje se primjenjuju na na\u0161e poslovne aktivnosti.<\/li>\n<li>Promicanje na\u0161e korporativne obveze za\u0161tite okoli\u0161a, dru\u0161tva i upravljanja (ESG) u cijeloj na\u0161oj grupi.<\/li>\n<li>A\u017euriranje na\u0161eg upravljanja kako bismo osigurali ostvarenje i pra\u0107enje ESG ciljeva.<\/li>\n<li>Pregled na\u0161eg lanca opskrbe najmanje jednom godi\u0161nje ili kada se rizik utvrdi kao dio na\u0161eg upravljanja lancem opskrbe.<\/li>\n<li>Provedite procjenu rizika modernog ropstva s na\u0161im agencijama i kriti\u010dnim dobavlja\u010dima.<\/li>\n<li>Odr\u017eavajte na\u0161 standard dobavlja\u010da kako bismo osigurali da ispunjava na\u0161e ambicije ESG i dru\u0161tvene vrijednosti.<\/li>\n<li>Pratimo zahtjeve standarda dobavlja\u010da NHS-a kako bismo ih ispunili, ali na\u0161a ambicija i dalje je nadma\u0161iti ih.<\/li>\n<li>Omogu\u0107avanje na\u0161e upravlja\u010dke strukture tako da podr\u017eava kontinuirano pobolj\u0161anje za ubla\u017eavanje rizika povezanih s nepridr\u017eavanjem Zakona ili lo\u0161om praksom u na\u0161em opskrbnom lancu.<\/li>\n<li>Pobolj\u0161anje svijesti Grupe o po\u0161tivanju Zakona, uklju\u010duju\u0107i mito, korupciju i dje\u010dji rad.<\/li>\n<li>Uspostavljanje kontrola i kulture za poticanje radnji za ubla\u017eavanje rizika od nepridr\u017eavanja Zakona u cijeloj na\u0161oj Grupi.<\/li>\n<\/ul>\n<p>Ovu izjavu odobrio je Upravni odbor 6. lipnja 2025., koji \u0107e je pregledavati i a\u017eurirati svake godine.<\/p>\n<p><strong>Chris Blackwell-Frost<br \/>direktor tvrtke<br \/>6. lipnja 2025.<\/strong><\/p>","protected":false},"excerpt":{"rendered":"<p>Policy Modern slavery is a crime and a violation of fundamental human rights. It takes various forms, such as slavery, servitude, forced and compulsory labour and human trafficking, all of which have in common the deprivation of a person\u2019s liberty by another in order to exploit them for personal or commercial gain. The Group has [&hellip;]<\/p>\n","protected":false},"author":2,"featured_media":0,"parent":0,"menu_order":0,"comment_status":"closed","ping_status":"closed","template":"","meta":{"_acf_changed":false,"footnotes":""},"class_list":["post-366","page","type-page","status-publish","format-standard","hentry"],"acf":[],"yoast_head":"<!-- This site is optimized with the Yoast SEO plugin v27.3 - https:\/\/yoast.com\/product\/yoast-seo-wordpress\/ -->\n<title>Modern slavery and human trafficking statement - Vanguard Life Sciences<\/title>\n<meta name=\"robots\" content=\"index, follow, max-snippet:-1, max-image-preview:large, max-video-preview:-1\" \/>\n<link rel=\"canonical\" href=\"https:\/\/www.vanguardlifesciences.co.uk\/hr_hr\/modern-slavery-and-human-trafficking-statement\/\" \/>\n<meta property=\"og:locale\" content=\"hr_HR\" \/>\n<meta property=\"og:type\" content=\"article\" \/>\n<meta property=\"og:title\" content=\"Modern slavery and human trafficking statement - Vanguard Life Sciences\" \/>\n<meta property=\"og:description\" content=\"Policy Modern slavery is a crime and a violation of fundamental human rights. It takes various forms, such as slavery, servitude, forced and compulsory labour and human trafficking, all of which have in common the deprivation of a person\u2019s liberty by another in order to exploit them for personal or commercial gain. The Group has [&hellip;]\" \/>\n<meta property=\"og:url\" content=\"https:\/\/www.vanguardlifesciences.co.uk\/hr_hr\/modern-slavery-and-human-trafficking-statement\/\" \/>\n<meta property=\"og:site_name\" content=\"Vanguard Life Sciences\" \/>\n<meta property=\"article:modified_time\" content=\"2025-06-18T10:27:52+00:00\" \/>\n<meta name=\"twitter:card\" content=\"summary_large_image\" \/>\n<meta name=\"twitter:label1\" content=\"Procijenjeno vrijeme \u010ditanja\" \/>\n\t<meta name=\"twitter:data1\" content=\"6 minuta\" \/>\n<script type=\"application\/ld+json\" class=\"yoast-schema-graph\">{\"@context\":\"https:\\\/\\\/schema.org\",\"@graph\":[{\"@type\":\"WebPage\",\"@id\":\"https:\\\/\\\/www.vanguardlifesciences.co.uk\\\/modern-slavery-and-human-trafficking-statement\\\/\",\"url\":\"https:\\\/\\\/www.vanguardlifesciences.co.uk\\\/modern-slavery-and-human-trafficking-statement\\\/\",\"name\":\"Modern slavery and human trafficking statement - Vanguard Life Sciences\",\"isPartOf\":{\"@id\":\"https:\\\/\\\/www.vanguardlifesciences.co.uk\\\/#website\"},\"datePublished\":\"2023-06-28T13:13:23+00:00\",\"dateModified\":\"2025-06-18T10:27:52+00:00\",\"breadcrumb\":{\"@id\":\"https:\\\/\\\/www.vanguardlifesciences.co.uk\\\/modern-slavery-and-human-trafficking-statement\\\/#breadcrumb\"},\"inLanguage\":\"hr\",\"potentialAction\":[{\"@type\":\"ReadAction\",\"target\":[\"https:\\\/\\\/www.vanguardlifesciences.co.uk\\\/modern-slavery-and-human-trafficking-statement\\\/\"]}]},{\"@type\":\"BreadcrumbList\",\"@id\":\"https:\\\/\\\/www.vanguardlifesciences.co.uk\\\/modern-slavery-and-human-trafficking-statement\\\/#breadcrumb\",\"itemListElement\":[{\"@type\":\"ListItem\",\"position\":1,\"name\":\"Home\",\"item\":\"https:\\\/\\\/www.vanguardlifesciences.co.uk\\\/\"},{\"@type\":\"ListItem\",\"position\":2,\"name\":\"Modern slavery and human trafficking statement\"}]},{\"@type\":\"WebSite\",\"@id\":\"https:\\\/\\\/www.vanguardlifesciences.co.uk\\\/#website\",\"url\":\"https:\\\/\\\/www.vanguardlifesciences.co.uk\\\/\",\"name\":\"Vanguard Life Sciences\",\"description\":\"\",\"potentialAction\":[{\"@type\":\"SearchAction\",\"target\":{\"@type\":\"EntryPoint\",\"urlTemplate\":\"https:\\\/\\\/www.vanguardlifesciences.co.uk\\\/?s={search_term_string}\"},\"query-input\":{\"@type\":\"PropertyValueSpecification\",\"valueRequired\":true,\"valueName\":\"search_term_string\"}}],\"inLanguage\":\"hr\"}]}<\/script>\n<!-- \/ Yoast SEO plugin. -->","yoast_head_json":{"title":"Modern slavery and human trafficking statement - Vanguard Life Sciences","robots":{"index":"index","follow":"follow","max-snippet":"max-snippet:-1","max-image-preview":"max-image-preview:large","max-video-preview":"max-video-preview:-1"},"canonical":"https:\/\/www.vanguardlifesciences.co.uk\/hr_hr\/modern-slavery-and-human-trafficking-statement\/","og_locale":"hr_HR","og_type":"article","og_title":"Modern slavery and human trafficking statement - Vanguard Life Sciences","og_description":"Policy Modern slavery is a crime and a violation of fundamental human rights. It takes various forms, such as slavery, servitude, forced and compulsory labour and human trafficking, all of which have in common the deprivation of a person\u2019s liberty by another in order to exploit them for personal or commercial gain. The Group has [&hellip;]","og_url":"https:\/\/www.vanguardlifesciences.co.uk\/hr_hr\/modern-slavery-and-human-trafficking-statement\/","og_site_name":"Vanguard Life Sciences","article_modified_time":"2025-06-18T10:27:52+00:00","twitter_card":"summary_large_image","twitter_misc":{"Procijenjeno vrijeme \u010ditanja":"6 minuta"},"schema":{"@context":"https:\/\/schema.org","@graph":[{"@type":"WebPage","@id":"https:\/\/www.vanguardlifesciences.co.uk\/modern-slavery-and-human-trafficking-statement\/","url":"https:\/\/www.vanguardlifesciences.co.uk\/modern-slavery-and-human-trafficking-statement\/","name":"Modern slavery and human trafficking statement - Vanguard Life Sciences","isPartOf":{"@id":"https:\/\/www.vanguardlifesciences.co.uk\/#website"},"datePublished":"2023-06-28T13:13:23+00:00","dateModified":"2025-06-18T10:27:52+00:00","breadcrumb":{"@id":"https:\/\/www.vanguardlifesciences.co.uk\/modern-slavery-and-human-trafficking-statement\/#breadcrumb"},"inLanguage":"hr","potentialAction":[{"@type":"ReadAction","target":["https:\/\/www.vanguardlifesciences.co.uk\/modern-slavery-and-human-trafficking-statement\/"]}]},{"@type":"BreadcrumbList","@id":"https:\/\/www.vanguardlifesciences.co.uk\/modern-slavery-and-human-trafficking-statement\/#breadcrumb","itemListElement":[{"@type":"ListItem","position":1,"name":"Home","item":"https:\/\/www.vanguardlifesciences.co.uk\/"},{"@type":"ListItem","position":2,"name":"Modern slavery and human trafficking statement"}]},{"@type":"WebSite","@id":"https:\/\/www.vanguardlifesciences.co.uk\/#website","url":"https:\/\/www.vanguardlifesciences.co.uk\/","name":"Vanguard Life Sciences","description":"","potentialAction":[{"@type":"SearchAction","target":{"@type":"EntryPoint","urlTemplate":"https:\/\/www.vanguardlifesciences.co.uk\/?s={search_term_string}"},"query-input":{"@type":"PropertyValueSpecification","valueRequired":true,"valueName":"search_term_string"}}],"inLanguage":"hr"}]}},"_links":{"self":[{"href":"https:\/\/www.vanguardlifesciences.co.uk\/hr_hr\/wp-json\/wp\/v2\/pages\/366","targetHints":{"allow":["GET"]}}],"collection":[{"href":"https:\/\/www.vanguardlifesciences.co.uk\/hr_hr\/wp-json\/wp\/v2\/pages"}],"about":[{"href":"https:\/\/www.vanguardlifesciences.co.uk\/hr_hr\/wp-json\/wp\/v2\/types\/page"}],"author":[{"embeddable":true,"href":"https:\/\/www.vanguardlifesciences.co.uk\/hr_hr\/wp-json\/wp\/v2\/users\/2"}],"replies":[{"embeddable":true,"href":"https:\/\/www.vanguardlifesciences.co.uk\/hr_hr\/wp-json\/wp\/v2\/comments?post=366"}],"version-history":[{"count":0,"href":"https:\/\/www.vanguardlifesciences.co.uk\/hr_hr\/wp-json\/wp\/v2\/pages\/366\/revisions"}],"wp:attachment":[{"href":"https:\/\/www.vanguardlifesciences.co.uk\/hr_hr\/wp-json\/wp\/v2\/media?parent=366"}],"curies":[{"name":"radni list","href":"https:\/\/api.w.org\/{rel}","templated":true}]}}