{"id":143,"date":"2023-06-05T15:04:05","date_gmt":"2023-06-05T15:04:05","guid":{"rendered":"https:\/\/www.vanguardlifesciences.co.uk\/?page_id=143"},"modified":"2026-01-13T09:27:17","modified_gmt":"2026-01-13T09:27:17","slug":"careers","status":"publish","type":"page","link":"https:\/\/www.vanguardlifesciences.co.uk\/hr_hr\/careers\/","title":{"rendered":"Karijere"},"content":{"rendered":"<section id=\"section-2-14\" class=\"ct-section\" >\n<div class=\"ct-section-inner-wrap\">\n<div id=\"new_columns-3-14\" class=\"ct-new-columns\" >\n<div id=\"div_block-4-14\" class=\"ct-div-block\" >\n<div id=\"div_block-21-223\" class=\"ct-div-block\" ><a id=\"link_text-13-223\" class=\"ct-link-text\" href=\"\/hr_hr\/\" target=\"_self\"  >Dom<\/a><a id=\"link_text-25-223\" class=\"ct-link-text\" href=\"http:\/\/\" target=\"_self\"  >&gt;<\/a><\/p>\n<div id=\"text_block-26-223\" class=\"ct-text-block\" ><span id=\"span-27-223\" class=\"ct-span\" >Karijere<\/span><\/div>\n<\/div>\n<div id=\"div_block-17-223\" class=\"ct-div-block\" >\n<h1 id=\"headline-5-14\" class=\"ct-headline\">Budite dio tima koji se \u0161iri unutar Ujedinjenog Kraljevstva<\/h1>\n<\/div>\n<\/div>\n<div id=\"div_block-9-14\" class=\"ct-div-block\" ><link rel='stylesheet' id='oxygen-unslider-css'  href='https:\/\/www.vanguardlifesciences.co.uk\/wp-content\/plugins\/oxygen\/component-framework\/vendor\/unslider\/unslider.css' type='text\/css' media='all'\/>\n<div id=\"slider-88-14\" class=\"ct-slider ct_unique_slider_7025\" >\n<div class=\"oxygen-unslider-container\">\n<ul>\n<li>\n<div id=\"slide-89-14\" class=\"ct-slide\" ><img decoding=\"async\"  id=\"image-96-14\" alt=\"\" src=\"https:\/\/www.vanguardlifesciences.co.uk\/wp-content\/uploads\/sites\/9\/2025\/11\/Image-62.jpg\" class=\"ct-image\"\/><\/div>\n<\/li>\n<li>\n<div id=\"slide-101-14\" class=\"ct-slide\" ><img decoding=\"async\"  id=\"image-102-14\" alt=\"\" src=\"https:\/\/www.vanguardlifesciences.co.uk\/wp-content\/uploads\/sites\/9\/2025\/11\/Vanguard-Commercial-Photography-202.jpg\" class=\"ct-image\"\/><\/div>\n<\/li>\n<\/ul>\n<\/div>\n<\/div>\n<p><script class=\"ct-slider-script\">jQuery(document).ready(function($){$('#slider-88-14.ct_unique_slider_7025 .oxygen-unslider-container:not(.unslider-horizontal,.unslider-fade)').unslider({autoplay: true, delay: 3000, animation: 'horizontal', speed : 750, arrows: true, nav: false, infinite: true})});<\/script><\/div>\n<\/div>\n<\/div>\n<\/section>\n<section id=\"section-68-14-text-left-white\" class=\"ct-section\" >\n<div class=\"ct-section-inner-wrap\">\n<div id=\"new_columns-69-14text-left-white\" class=\"ct-new-columns\" >\n<div id=\"div_block-70-14\" class=\"ct-div-block\" >\n<h2 id=\"headline-71-14\" class=\"ct-headline\">Kako je raditi za nas<\/h2>\n<div id=\"_rich_text-72-14\" class=\"oxy-rich-text\" >\n<p dir=\"ltr\">Cijenimo na\u0161e ljude i pru\u017eamo im poticajno okru\u017eenje za razvoj.&nbsp;<\/p>\n<p dir=\"ltr\">Nastavili smo raditi fleksibilno od pandemije i prepoznajemo pozitivnu bilancu hibridnog rada za mnoge na\u0161e tradicionalne uloge podr\u0161ke u uredu.<\/p>\n<p dir=\"ltr\">Mi smo tim koji pru\u017ea podr\u0161ku i brigu i imamo obu\u010dene pru\u017eatelje prve pomo\u0107i za mentalno zdravlje za na\u0161u populaciju zaposlenika i niz pogodnosti koje podr\u017eavaju na\u0161u dobrobit.<\/p>\n<p dir=\"ltr\">Volimo u\u010diti i podr\u017eavamo razvoj u cijelom poslovanju. Pru\u017eamo naknadu za profesionalna \u010dlanstva svake godine i podr\u017eavamo mnoge \u010dlanove na\u0161eg tima sa stru\u010dnim studijem kao dijelom razvoja njihove karijere.&nbsp;<\/p>\n<p dir=\"ltr\">Uz brzorastu\u0107i tim od preko 150 kolega u inozemstvu, na\u0161e vrijednosti definiraju kako poslujemo s na\u0161im klijentima, interno i eksterno: usmjerenost na pacijenta; Inovativno; Uzvratni; Strastveni; Timski rad.<\/p>\n<p dir=\"ltr\">Rezultati na\u0161e ankete o anga\u017emanu za 2023. pokazuju na\u0161u predanost na\u0161im ljudima, uz <strong>82% pozitivan anga\u017eman<\/strong> preko cijele tvrtke.<\/p>\n<p dir=\"ltr\">Nad <strong>90%<\/strong> na\u0161e populacije zaposlenika u Velikoj Britaniji <em>\u201cPreporu\u010dio bih rad ovdje prijateljima i obitelji\u201d<\/em> i <strong>98%<\/strong> na\u0161e klini\u010dke populacije recimo <em>\u201c\u017delim raditi ovdje za 12 mjeseci\u201d<\/em>.<\/p>\n<\/div>\n<\/div>\n<div id=\"div_block-74-14\" class=\"ct-div-block\" ><img decoding=\"async\"  id=\"image-75-14\" alt=\"\" src=\"https:\/\/www.vanguardlifesciences.co.uk\/wp-content\/uploads\/sites\/9\/2026\/01\/Manria-Brar.jpg\" class=\"ct-image\"\/><\/div>\n<\/div>\n<\/div>\n<\/section>\n<section id=\"section-2-802\" class=\"ct-section\" style=\"background-image:linear-gradient(rgba(0,73,131,0.73), rgba(0,73,131,0.73)), url(https:\/\/www.vanguardlifesciences.co.uk\/wp-content\/uploads\/sites\/9\/2023\/05\/boulders-right.png);background-size:auto,  auto;\" >\n<div class=\"ct-section-inner-wrap\">\n<div id=\"div_block-3-802\" class=\"ct-div-block\" >\n<div id=\"text_block-5-802\" class=\"ct-text-block\" >Na\u0161a vizija ljudi je:<\/div>\n<div id=\"_rich_text-4-802\" class=\"oxy-rich-text\" >\n<p>Omogu\u0107iti na\u0161im ljudima postizanje iznimnih rezultata. To \u010dinimo stvaranjem osna\u017eenih i agilnih timova, podr\u017eanih autenti\u010dnim i suosje\u0107ajnim vodstvom i pru\u017eanjem uklju\u010divog okru\u017eenja za rast.<\/p>\n<\/div>\n<\/div>\n<\/div>\n<\/section>\n<section id=\"text-left-blue\" class=\"ct-section\" >\n<div class=\"ct-section-inner-wrap\">\n<div id=\"new_columns-107-34-blue\" class=\"ct-new-columns\" >\n<div id=\"div_block-108-34\" class=\"ct-div-block\" >\n<h2 id=\"headline-109-34\" class=\"ct-headline\">Na\u0161e prednosti<\/h2>\n<div id=\"_rich_text-110-34\" class=\"oxy-rich-text\" >\n<p>Nudimo konkurentne pakete pla\u0107a i sve na\u0161e uloge dolaze sa sljede\u0107im pogodnostima:<\/p>\n<p dir=\"ltr\"><strong>\u017divotni stil&nbsp;<\/strong><\/p>\n<ul>\n<li dir=\"ltr\">\n<p dir=\"ltr\" role=\"presentation\">5 tjedana godi\u0161njeg odmora (uz neradne dane u Velikoj Britaniji)<\/p>\n<\/li>\n<li dir=\"ltr\">\n<p dir=\"ltr\" role=\"presentation\">Mogu\u0107nost kupnje\/prodaje dodatnog 1 tjedna godi\u0161njeg odmora<\/p>\n<\/li>\n<li dir=\"ltr\">\n<p dir=\"ltr\" role=\"presentation\">Shema popusta za zaposlenike \u2013 online shema popusta za maloprodaju, zdravlje, slobodno vrijeme i lifestyle pru\u017eatelje usluga<\/p>\n<\/li>\n<li dir=\"ltr\">\n<p dir=\"ltr\" role=\"presentation\">Mirovina tvrtke (5% doprinos tvrtke i 5% doprinos zaposlenika, koji se mo\u017ee pove\u0107ati u bilo kojem trenutku)<\/p>\n<\/li>\n<\/ul>\n<\/div>\n<\/div>\n<div id=\"div_block-112-34\" class=\"ct-div-block\" ><img decoding=\"async\"  id=\"image-113-34\" alt=\"\" src=\"https:\/\/www.vanguardlifesciences.co.uk\/wp-content\/uploads\/sites\/9\/2023\/07\/team-7-1.jpg\" class=\"ct-image\"\/><\/div>\n<\/div>\n<\/div>\n<\/section>\n<section id=\"section-88-34-blue2\" class=\"ct-section\" >\n<div class=\"ct-section-inner-wrap\">\n<div id=\"new_columns-13-665\" class=\"ct-new-columns\" >\n<div id=\"div_block-14-665\" class=\"ct-div-block\" >\n<div id=\"_rich_text-18-665\" class=\"oxy-rich-text\" >\n<p dir=\"ltr\"><strong>blagostanje<\/strong><\/p>\n<ul>\n<li dir=\"ltr\">\n<p dir=\"ltr\" role=\"presentation\">Pove\u0107ana naknada za bolovanje u tvrtki&nbsp;<\/p>\n<\/li>\n<li dir=\"ltr\">Pove\u0107ana pla\u0107a za porodiljni, o\u010dinski, posvojiteljski i zajedni\u010dki roditeljski dopust<\/li>\n<li dir=\"ltr\">\n<p dir=\"ltr\" role=\"presentation\">Naknada za injekciju protiv gripe&nbsp;<\/p>\n<\/li>\n<li dir=\"ltr\">\n<p dir=\"ltr\" role=\"presentation\">Nov\u010dani plan zdravstvene skrbi putem Paycarea, uklju\u010duju\u0107i povrat novca za medicinske tro\u0161kove, zdravstveni pregled i alternativne terapije<\/p>\n<\/li>\n<li dir=\"ltr\">\n<p dir=\"ltr\" role=\"presentation\">24\/7 pristup lije\u010dniku op\u0107e prakse s pokri\u0107em u cijelom svijetu i privatnom uslugom na recept<\/p>\n<\/li>\n<li dir=\"ltr\">\n<p dir=\"ltr\" role=\"presentation\">Program pomo\u0107i zaposlenicima, uklju\u010duju\u0107i povjerljivo savjetovanje i telefonsku liniju za pomo\u0107<\/p>\n<\/li>\n<li dir=\"ltr\">\n<p dir=\"ltr\" role=\"presentation\">\u017divotno osiguranje (ekvivalent 4 x godi\u0161nje pla\u0107e)&nbsp;<\/p>\n<\/li>\n<li dir=\"ltr\">\n<p dir=\"ltr\" role=\"presentation\">Shema ciklusa do posla<\/p>\n<\/li>\n<li dir=\"ltr\">Tuskerov program za automobile - pogodnost \u017ertvovanja pla\u0107e za zaposlenike kako bi vozili potpuno novi, potpuno osiguran i odr\u017eavan automobil za fiksni mjese\u010dni tro\u0161ak koji se odbija od njihove pla\u0107e.<\/li>\n<li dir=\"ltr\">YellowNest - naknada za \u017ertvovanje pla\u0107e osmi\u0161ljena kako bi se roditeljima u\u0161tedio novac na naknadama za \u010duvanje djece<\/li>\n<li dir=\"ltr\">\n<p dir=\"ltr\" role=\"presentation\">Slu\u017eba medicine rada<\/p>\n<\/li>\n<li dir=\"ltr\">\n<p dir=\"ltr\" role=\"presentation\">Prva pomo\u0107 za mentalno zdravlje putem obu\u010denih osoba za prvu pomo\u0107 za mentalno zdravlje u cijeloj organizaciji<\/p>\n<\/li>\n<\/ul>\n<p dir=\"ltr\"><strong>Razvoj<\/strong><\/p>\n<ul>\n<li dir=\"ltr\">\n<p dir=\"ltr\" role=\"presentation\">Naknada za godi\u0161nje strukovne \u010dlanarine<\/p>\n<\/li>\n<li dir=\"ltr\">\n<p dir=\"ltr\" role=\"presentation\">Potpora stru\u010dnom studiju kao dio razvoja karijere<\/p>\n<\/li>\n<\/ul>\n<p>&nbsp;<\/p>\n<p>Ako se pridru\u017eujete na\u0161em Vanguard modularnom poslovanju, o va\u0161em paketu pogodnosti razgovarat \u0107emo na razgovoru.<\/p>\n<\/div>\n<\/div>\n<div id=\"div_block-16-665\" class=\"ct-div-block\" >\n<div id=\"_rich_text-19-665\" class=\"oxy-rich-text\" >\n<p dir=\"ltr\"><strong>Priznanje zaposlenika<\/strong><\/p>\n<p dir=\"ltr\">Redovito odajemo priznanje na\u0161im ljudima kroz sljede\u0107e aktivnosti prepoznavanja:<\/p>\n<ul>\n<li dir=\"ltr\">\n<p dir=\"ltr\" role=\"presentation\">Priznanje za dugogodi\u0161nji rad<\/p>\n<\/li>\n<li dir=\"ltr\">\n<p dir=\"ltr\" role=\"presentation\">Vanguard cijeni nagrade<\/p>\n<\/li>\n<li dir=\"ltr\">\n<p dir=\"ltr\" role=\"presentation\">Proslave zaposlenika<\/p>\n<\/li>\n<\/ul>\n<p dir=\"ltr\"><strong>Okoli\u0161, dru\u0161tvo i upravljanje<\/strong><\/p>\n<ul>\n<li dir=\"ltr\">\n<p dir=\"ltr\" role=\"presentation\">Nudimo prilike za \u010dlanove tima da se uklju\u010de u aktivnosti i inicijative uklju\u010duju\u0107i dane volontiranja (1 \u2013 3 dana pla\u0107eno) koji podr\u017eavaju na\u0161e ESG i obveze<\/p>\n<\/li>\n<\/ul>\n<p dir=\"ltr\"><strong>Sljede\u0107e pogodnosti ovise o ulozi:<\/strong><\/p>\n<ul>\n<li dir=\"ltr\">\n<p dir=\"ltr\" role=\"presentation\">Slu\u017ebeni automobil ili dodatak za automobil<\/p>\n<\/li>\n<li dir=\"ltr\">\n<p dir=\"ltr\" role=\"presentation\">Hibridni rad&nbsp;<\/p>\n<\/li>\n<li dir=\"ltr\">\n<p dir=\"ltr\" role=\"presentation\">Besplatno parkirali\u0161te \u2013 parkirali\u0161te na licu mjesta uklju\u010duju\u0107i mjesta za punjenje elektri\u010dnih automobila<\/p>\n<\/li>\n<li dir=\"ltr\">\n<p dir=\"ltr\" role=\"presentation\">Putni tro\u0161kovi i tro\u0161kovi smje\u0161taja<\/p>\n<\/li>\n<\/ul>\n<\/div>\n<\/div>\n<\/div>\n<\/div>\n<\/section>\n<section id=\"section-68-14-text-left-white\" class=\"ct-section\" >\n<div class=\"ct-section-inner-wrap\">\n<div id=\"new_columns-69-14text-left-white\" class=\"ct-new-columns\" >\n<div id=\"div_block-70-14\" class=\"ct-div-block\" >\n<h2 id=\"headline-71-14\" class=\"ct-headline\">Na\u0161e vrijednosti<\/h2>\n<div id=\"_rich_text-72-14\" class=\"oxy-rich-text\" >\n<p dir=\"ltr\">Odabrane od strane na\u0161ih zaposlenika, na\u0161e vrijednosti podupiru sve \u0161to radimo.<\/p>\n<p dir=\"ltr\">Isporu\u010dujemo klini\u010dku infrastrukturu i znanje brzinom potrebnom za pro\u0161irenje kapaciteta, kontrolu klini\u010dkog puta i pru\u017eanje neprekidne skrbi usmjerene na pacijenta.<\/p>\n<p dir=\"ltr\">The Vanguard Life Sciences values were decided through a consultative engagement programme that included participation by our entire team. We are committed to representing these values through its processes, products, services and interactions with both internal and external customers.<\/p>\n<p dir=\"ltr\">Vrijednosti u nastavku odabrane su konsenzusom. Oni najbolje artikuliraju na\u010dine na koje osiguravamo pru\u017eanje kvalitete i vrijednosti vanjskim dionicima i \u0161iroj zajednici pacijenata kojoj slu\u017eimo.<\/p>\n<\/div>\n<\/div>\n<div id=\"div_block-74-14\" class=\"ct-div-block\" ><img decoding=\"async\"  id=\"image-75-14\" alt=\"\" src=\"https:\/\/www.vanguardlifesciences.co.uk\/wp-content\/uploads\/sites\/9\/2023\/07\/nhs-75-2.jpg\" class=\"ct-image\"\/><\/div>\n<\/div>\n<\/div>\n<\/section>\n<section id=\"section-2-149\" class=\"ct-section\" >\n<div class=\"ct-section-inner-wrap\">\n<div id=\"div_block-5-149\" class=\"ct-div-block\" >\n<div id=\"div_block-10-149\" class=\"ct-div-block\" ><img decoding=\"async\"  id=\"image-11-149\" alt=\"Passionate\" src=\"https:\/\/www.vanguardlifesciences.co.uk\/wp-content\/uploads\/sites\/9\/2023\/06\/passionate.png\" class=\"ct-image\"\/><\/p>\n<div id=\"text_block-12-149\" class=\"ct-text-block\" >Strastveni<\/div>\n<\/div>\n<\/div>\n<div id=\"div_block-6-149\" class=\"ct-div-block\" >\n<div id=\"div_block-13-149\" class=\"ct-div-block\" ><img decoding=\"async\"  id=\"image-14-149\" alt=\"Patient focussed\" src=\"https:\/\/www.vanguardlifesciences.co.uk\/wp-content\/uploads\/sites\/9\/2023\/06\/patient-focussed.png\" class=\"ct-image\"\/><\/p>\n<div id=\"text_block-15-149\" class=\"ct-text-block\" >Usmjeren na pacijenta<\/div>\n<\/div>\n<\/div>\n<div id=\"div_block-7-149\" class=\"ct-div-block\" >\n<div id=\"div_block-17-149\" class=\"ct-div-block\" ><img decoding=\"async\"  id=\"image-18-149\" alt=\"Responsive\" src=\"https:\/\/www.vanguardlifesciences.co.uk\/wp-content\/uploads\/sites\/9\/2023\/06\/responsive.png\" class=\"ct-image\"\/><\/p>\n<div id=\"text_block-19-149\" class=\"ct-text-block\" >Uzvratni<\/div>\n<\/div>\n<\/div>\n<div id=\"div_block-8-149\" class=\"ct-div-block\" >\n<div id=\"div_block-21-149\" class=\"ct-div-block\" ><img decoding=\"async\"  id=\"image-22-149\" alt=\"Teamwork\" src=\"https:\/\/www.vanguardlifesciences.co.uk\/wp-content\/uploads\/sites\/9\/2023\/06\/teamwork.png\" class=\"ct-image\"\/><\/p>\n<div id=\"text_block-23-149\" class=\"ct-text-block\" >Timski rad<\/div>\n<\/div>\n<\/div>\n<div id=\"div_block-9-149\" class=\"ct-div-block\" >\n<div id=\"div_block-25-149\" class=\"ct-div-block\" ><img decoding=\"async\"  id=\"image-26-149\" alt=\"Innovative\" src=\"https:\/\/www.vanguardlifesciences.co.uk\/wp-content\/uploads\/sites\/9\/2023\/06\/innovative.png\" class=\"ct-image\"\/><\/p>\n<div id=\"text_block-27-149\" class=\"ct-text-block\" >Inovativan<\/div>\n<\/div>\n<\/div>\n<\/div>\n<\/section>\n<section id=\"section-132-34\" class=\"ct-section\" >\n<div class=\"ct-section-inner-wrap\">\n<div id=\"new_columns-133-34\" class=\"ct-new-columns\" >\n<div id=\"div_block-138-34\" class=\"ct-div-block\" ><img decoding=\"async\"  id=\"image-139-34\" alt=\"\" src=\"https:\/\/www.vanguardlifesciences.co.uk\/wp-content\/uploads\/sites\/9\/2023\/07\/nhs-75-5.jpg\" class=\"ct-image\"\/><\/div>\n<div id=\"div_block-134-34\" class=\"ct-div-block\" >\n<h2 id=\"headline-135-34\" class=\"ct-headline\">Prona\u0111ite svoju karijeru<\/h2>\n<div id=\"_rich_text-136-34\" class=\"oxy-rich-text\" >\n<p dir=\"ltr\">Bez obzira u\u017eivate li u ulozi koja je strpljiva ili u ulozi koja podr\u017eava na\u0161e rastu\u0107e poslovanje, imamo niz prilika da nam se pridru\u017eite na na\u0161em uzbudljivom putovanju dok prelazimo na sljede\u0107u fazu na\u0161e budu\u0107nosti u ostvarivanju na\u0161ih ambicija rasta.&nbsp;<\/p>\n<p dir=\"ltr\">Svoje ciljeve posti\u017eemo rade\u0107i zajedno kao tim uskla\u0111en s na\u0161im vrijednostima.<\/p>\n<p dir=\"ltr\">Te\u017eimo raznolikom i inkluzivnom radnom mjestu i sna\u017eno poti\u010demo prikladno kvalificirane kandidate iz razli\u010ditih profila da se prijave za pridru\u017eivanje na\u0161em timu.<\/p>\n<\/div>\n<\/div>\n<\/div>\n<\/div>\n<\/section>","protected":false},"excerpt":{"rendered":"","protected":false},"author":2,"featured_media":0,"parent":0,"menu_order":0,"comment_status":"closed","ping_status":"closed","template":"","meta":{"_acf_changed":false,"footnotes":""},"class_list":["post-143","page","type-page","status-publish","format-standard","hentry"],"acf":[],"yoast_head":"<!-- This site is optimized with the Yoast SEO plugin v27.3 - https:\/\/yoast.com\/product\/yoast-seo-wordpress\/ -->\n<title>Careers - Vanguard Life Sciences<\/title>\n<meta name=\"robots\" content=\"index, follow, max-snippet:-1, max-image-preview:large, max-video-preview:-1\" \/>\n<link rel=\"canonical\" href=\"https:\/\/www.vanguardlifesciences.co.uk\/hr_hr\/careers\/\" \/>\n<meta property=\"og:locale\" content=\"hr_HR\" \/>\n<meta property=\"og:type\" content=\"article\" \/>\n<meta property=\"og:title\" content=\"Careers - Vanguard Life Sciences\" \/>\n<meta property=\"og:url\" content=\"https:\/\/www.vanguardlifesciences.co.uk\/hr_hr\/careers\/\" \/>\n<meta property=\"og:site_name\" content=\"Vanguard Life Sciences\" \/>\n<meta property=\"article:modified_time\" content=\"2026-01-13T09:27:17+00:00\" \/>\n<meta name=\"twitter:card\" content=\"summary_large_image\" \/>\n<meta name=\"twitter:label1\" content=\"Procijenjeno vrijeme \u010ditanja\" \/>\n\t<meta name=\"twitter:data1\" content=\"1 minuta\" \/>\n<script type=\"application\/ld+json\" class=\"yoast-schema-graph\">{\"@context\":\"https:\\\/\\\/schema.org\",\"@graph\":[{\"@type\":\"WebPage\",\"@id\":\"https:\\\/\\\/www.vanguardlifesciences.co.uk\\\/careers\\\/\",\"url\":\"https:\\\/\\\/www.vanguardlifesciences.co.uk\\\/careers\\\/\",\"name\":\"Careers - Vanguard Life Sciences\",\"isPartOf\":{\"@id\":\"https:\\\/\\\/www.vanguardlifesciences.co.uk\\\/#website\"},\"datePublished\":\"2023-06-05T15:04:05+00:00\",\"dateModified\":\"2026-01-13T09:27:17+00:00\",\"breadcrumb\":{\"@id\":\"https:\\\/\\\/www.vanguardlifesciences.co.uk\\\/careers\\\/#breadcrumb\"},\"inLanguage\":\"hr\",\"potentialAction\":[{\"@type\":\"ReadAction\",\"target\":[\"https:\\\/\\\/www.vanguardlifesciences.co.uk\\\/careers\\\/\"]}]},{\"@type\":\"BreadcrumbList\",\"@id\":\"https:\\\/\\\/www.vanguardlifesciences.co.uk\\\/careers\\\/#breadcrumb\",\"itemListElement\":[{\"@type\":\"ListItem\",\"position\":1,\"name\":\"Home\",\"item\":\"https:\\\/\\\/www.vanguardlifesciences.co.uk\\\/\"},{\"@type\":\"ListItem\",\"position\":2,\"name\":\"Careers\"}]},{\"@type\":\"WebSite\",\"@id\":\"https:\\\/\\\/www.vanguardlifesciences.co.uk\\\/#website\",\"url\":\"https:\\\/\\\/www.vanguardlifesciences.co.uk\\\/\",\"name\":\"Vanguard Life Sciences\",\"description\":\"\",\"potentialAction\":[{\"@type\":\"SearchAction\",\"target\":{\"@type\":\"EntryPoint\",\"urlTemplate\":\"https:\\\/\\\/www.vanguardlifesciences.co.uk\\\/?s={search_term_string}\"},\"query-input\":{\"@type\":\"PropertyValueSpecification\",\"valueRequired\":true,\"valueName\":\"search_term_string\"}}],\"inLanguage\":\"hr\"}]}<\/script>\n<!-- \/ Yoast SEO plugin. -->","yoast_head_json":{"title":"Careers - Vanguard Life Sciences","robots":{"index":"index","follow":"follow","max-snippet":"max-snippet:-1","max-image-preview":"max-image-preview:large","max-video-preview":"max-video-preview:-1"},"canonical":"https:\/\/www.vanguardlifesciences.co.uk\/hr_hr\/careers\/","og_locale":"hr_HR","og_type":"article","og_title":"Careers - Vanguard Life Sciences","og_url":"https:\/\/www.vanguardlifesciences.co.uk\/hr_hr\/careers\/","og_site_name":"Vanguard Life Sciences","article_modified_time":"2026-01-13T09:27:17+00:00","twitter_card":"summary_large_image","twitter_misc":{"Procijenjeno vrijeme \u010ditanja":"1 minuta"},"schema":{"@context":"https:\/\/schema.org","@graph":[{"@type":"WebPage","@id":"https:\/\/www.vanguardlifesciences.co.uk\/careers\/","url":"https:\/\/www.vanguardlifesciences.co.uk\/careers\/","name":"Careers - Vanguard Life Sciences","isPartOf":{"@id":"https:\/\/www.vanguardlifesciences.co.uk\/#website"},"datePublished":"2023-06-05T15:04:05+00:00","dateModified":"2026-01-13T09:27:17+00:00","breadcrumb":{"@id":"https:\/\/www.vanguardlifesciences.co.uk\/careers\/#breadcrumb"},"inLanguage":"hr","potentialAction":[{"@type":"ReadAction","target":["https:\/\/www.vanguardlifesciences.co.uk\/careers\/"]}]},{"@type":"BreadcrumbList","@id":"https:\/\/www.vanguardlifesciences.co.uk\/careers\/#breadcrumb","itemListElement":[{"@type":"ListItem","position":1,"name":"Home","item":"https:\/\/www.vanguardlifesciences.co.uk\/"},{"@type":"ListItem","position":2,"name":"Careers"}]},{"@type":"WebSite","@id":"https:\/\/www.vanguardlifesciences.co.uk\/#website","url":"https:\/\/www.vanguardlifesciences.co.uk\/","name":"Vanguard Life Sciences","description":"","potentialAction":[{"@type":"SearchAction","target":{"@type":"EntryPoint","urlTemplate":"https:\/\/www.vanguardlifesciences.co.uk\/?s={search_term_string}"},"query-input":{"@type":"PropertyValueSpecification","valueRequired":true,"valueName":"search_term_string"}}],"inLanguage":"hr"}]}},"_links":{"self":[{"href":"https:\/\/www.vanguardlifesciences.co.uk\/hr_hr\/wp-json\/wp\/v2\/pages\/143","targetHints":{"allow":["GET"]}}],"collection":[{"href":"https:\/\/www.vanguardlifesciences.co.uk\/hr_hr\/wp-json\/wp\/v2\/pages"}],"about":[{"href":"https:\/\/www.vanguardlifesciences.co.uk\/hr_hr\/wp-json\/wp\/v2\/types\/page"}],"author":[{"embeddable":true,"href":"https:\/\/www.vanguardlifesciences.co.uk\/hr_hr\/wp-json\/wp\/v2\/users\/2"}],"replies":[{"embeddable":true,"href":"https:\/\/www.vanguardlifesciences.co.uk\/hr_hr\/wp-json\/wp\/v2\/comments?post=143"}],"version-history":[{"count":0,"href":"https:\/\/www.vanguardlifesciences.co.uk\/hr_hr\/wp-json\/wp\/v2\/pages\/143\/revisions"}],"wp:attachment":[{"href":"https:\/\/www.vanguardlifesciences.co.uk\/hr_hr\/wp-json\/wp\/v2\/media?parent=143"}],"curies":[{"name":"radni list","href":"https:\/\/api.w.org\/{rel}","templated":true}]}}