{"id":8508,"date":"2025-02-12T17:18:20","date_gmt":"2025-02-12T17:18:20","guid":{"rendered":"https:\/\/www.vanguardhealthcare.co.uk\/?page_id=7785"},"modified":"2026-02-25T16:59:38","modified_gmt":"2026-02-25T16:59:38","slug":"accreditations-and-certifications-2","status":"publish","type":"page","link":"https:\/\/www.vanguardlifesciences.co.uk\/fi_fi\/accreditations-and-certifications-2\/","title":{"rendered":"Akkreditoinnit ja sertifioinnit"},"content":{"rendered":"<p>Tied\u00e4mme sertifioinnin tuoman arvon yrityksille ja niiden asiakkaille, mink\u00e4 vuoksi meid\u00e4t auditoidaan vuosittain ulkopuolisesti seuraavilta tahoilta:<\/p>\n<div class=\"wp-block-media-text is-stacked-on-mobile\" style=\"grid-template-columns:25% auto\">\n<figure class=\"wp-block-media-text__media\"><img loading=\"lazy\" decoding=\"async\" width=\"512\" height=\"612\" src=\"https:\/\/www.vanguardhealthcare.co.uk\/wp-content\/uploads\/2025\/03\/Untitled-design-2.png\" alt=\"\" class=\"wp-image-7876 size-full\" srcset=\"https:\/\/www.vanguardlifesciences.co.uk\/wp-content\/uploads\/sites\/9\/2025\/03\/Untitled-design-2.png 512w, https:\/\/www.vanguardlifesciences.co.uk\/wp-content\/uploads\/sites\/9\/2025\/03\/Untitled-design-2-251x300.png 251w, https:\/\/www.vanguardlifesciences.co.uk\/wp-content\/uploads\/sites\/9\/2025\/03\/Untitled-design-2-10x12.png 10w\" sizes=\"auto, (max-width: 512px) 100vw, 512px\" \/><\/figure>\n<div class=\"wp-block-media-text__content\">\n<p><strong>Cyber Essentials Plus -sertifikaatti<\/strong>&nbsp;<\/p>\n<p>Cyber Essentials Plus on Yhdistyneen kuningaskunnan hallituksen tukema j\u00e4rjestelm\u00e4, joka on suunniteltu auttamaan organisaatioita suojautumaan yleisilt\u00e4 verkkouhkilta. T\u00e4m\u00e4 antaa lis\u00e4varmuutta siit\u00e4, ett\u00e4 suojaamme asiakastietoja kyberuhkilta tarvittavilla teknisill\u00e4 toimenpiteill\u00e4.<\/p>\n<\/div>\n<\/div>\n<div class=\"wp-block-media-text is-stacked-on-mobile\" style=\"grid-template-columns:25% auto\">\n<figure class=\"wp-block-media-text__media\"><img loading=\"lazy\" decoding=\"async\" width=\"1024\" height=\"1024\" src=\"https:\/\/www.vanguardhealthcare.co.uk\/wp-content\/uploads\/2025\/02\/ISO9001_BAB-1024x1024.jpg\" alt=\"\" class=\"wp-image-7787 size-full\" srcset=\"https:\/\/www.vanguardlifesciences.co.uk\/wp-content\/uploads\/sites\/9\/2025\/02\/ISO9001_BAB-1024x1024.jpg 1024w, https:\/\/www.vanguardlifesciences.co.uk\/wp-content\/uploads\/sites\/9\/2025\/02\/ISO9001_BAB-300x300.jpg 300w, https:\/\/www.vanguardlifesciences.co.uk\/wp-content\/uploads\/sites\/9\/2025\/02\/ISO9001_BAB-150x150.jpg 150w, https:\/\/www.vanguardlifesciences.co.uk\/wp-content\/uploads\/sites\/9\/2025\/02\/ISO9001_BAB-768x768.jpg 768w, https:\/\/www.vanguardlifesciences.co.uk\/wp-content\/uploads\/sites\/9\/2025\/02\/ISO9001_BAB-12x12.jpg 12w, https:\/\/www.vanguardlifesciences.co.uk\/wp-content\/uploads\/sites\/9\/2025\/02\/ISO9001_BAB-400x400.jpg 400w, https:\/\/www.vanguardlifesciences.co.uk\/wp-content\/uploads\/sites\/9\/2025\/02\/ISO9001_BAB-600x600.jpg 600w, https:\/\/www.vanguardlifesciences.co.uk\/wp-content\/uploads\/sites\/9\/2025\/02\/ISO9001_BAB.jpg 1200w\" sizes=\"auto, (max-width: 1024px) 100vw, 1024px\" \/><\/figure>\n<div class=\"wp-block-media-text__content\">\n<p><strong>ISO 9001 laadunhallintaakkreditointi<\/strong><\/p>\n<p>Olemme sitoutuneet ylitt\u00e4m\u00e4\u00e4n asiakkaiden odotukset ja tarjoamaan poikkeuksellista palvelua. ISO 9001 -sertifikaattimme vahvistaa t\u00e4t\u00e4 omistautumista varmistaen, ett\u00e4 vastaamme jatkuvasti asiakkaiden tarpeisiin ja pyyd\u00e4mme aktiivisesti palautetta. T\u00e4m\u00e4 l\u00e4hestymistapa auttaa meit\u00e4 tunnistamaan parannusmahdollisuudet, parantamaan asiakaskokemustamme ja varmistamaan, ett\u00e4 toimitamme johdonmukaisesti viiden t\u00e4hden palvelua.<\/p>\n<\/div>\n<\/div>\n<div class=\"wp-block-media-text is-stacked-on-mobile\" style=\"grid-template-columns:25% auto\">\n<figure class=\"wp-block-media-text__media\"><img loading=\"lazy\" decoding=\"async\" width=\"1024\" height=\"1024\" src=\"https:\/\/www.vanguardhealthcare.co.uk\/wp-content\/uploads\/2025\/02\/ISO14001_BAB-1024x1024.jpg\" alt=\"\" class=\"wp-image-7788 size-full\" srcset=\"https:\/\/www.vanguardlifesciences.co.uk\/wp-content\/uploads\/sites\/9\/2025\/02\/ISO14001_BAB-1024x1024.jpg 1024w, https:\/\/www.vanguardlifesciences.co.uk\/wp-content\/uploads\/sites\/9\/2025\/02\/ISO14001_BAB-300x300.jpg 300w, https:\/\/www.vanguardlifesciences.co.uk\/wp-content\/uploads\/sites\/9\/2025\/02\/ISO14001_BAB-150x150.jpg 150w, https:\/\/www.vanguardlifesciences.co.uk\/wp-content\/uploads\/sites\/9\/2025\/02\/ISO14001_BAB-768x768.jpg 768w, https:\/\/www.vanguardlifesciences.co.uk\/wp-content\/uploads\/sites\/9\/2025\/02\/ISO14001_BAB-12x12.jpg 12w, https:\/\/www.vanguardlifesciences.co.uk\/wp-content\/uploads\/sites\/9\/2025\/02\/ISO14001_BAB-400x400.jpg 400w, https:\/\/www.vanguardlifesciences.co.uk\/wp-content\/uploads\/sites\/9\/2025\/02\/ISO14001_BAB-600x600.jpg 600w, https:\/\/www.vanguardlifesciences.co.uk\/wp-content\/uploads\/sites\/9\/2025\/02\/ISO14001_BAB.jpg 1200w\" sizes=\"auto, (max-width: 1024px) 100vw, 1024px\" \/><\/figure>\n<div class=\"wp-block-media-text__content\">\n<p><strong>ISO 14001 Environmental Management -akkreditointi<\/strong><\/p>\n<p>Asiakkaat, jotka asettavat kest\u00e4v\u00e4n kehityksen etusijalle, voivat olla varmoja, ett\u00e4 olemme sitoutuneet minimoimaan ymp\u00e4rist\u00f6jalanj\u00e4lkemme.<\/p>\n<p>ISO 14001 -sertifikaattimme antaa meille mahdollisuuden toteuttaa tehokkaita toimenpiteit\u00e4 ymp\u00e4rist\u00f6vaikutusten hallitsemiseksi. <\/p>\n<\/div>\n<\/div>\n<div class=\"wp-block-media-text is-stacked-on-mobile\" style=\"grid-template-columns:25% auto\">\n<figure class=\"wp-block-media-text__media\"><img loading=\"lazy\" decoding=\"async\" width=\"1024\" height=\"1024\" src=\"https:\/\/www.vanguardhealthcare.co.uk\/wp-content\/uploads\/2025\/02\/ISO45001_BAB-1024x1024.jpg\" alt=\"\" class=\"wp-image-7789 size-full\" srcset=\"https:\/\/www.vanguardlifesciences.co.uk\/wp-content\/uploads\/sites\/9\/2025\/02\/ISO45001_BAB-1024x1024.jpg 1024w, https:\/\/www.vanguardlifesciences.co.uk\/wp-content\/uploads\/sites\/9\/2025\/02\/ISO45001_BAB-300x300.jpg 300w, https:\/\/www.vanguardlifesciences.co.uk\/wp-content\/uploads\/sites\/9\/2025\/02\/ISO45001_BAB-150x150.jpg 150w, https:\/\/www.vanguardlifesciences.co.uk\/wp-content\/uploads\/sites\/9\/2025\/02\/ISO45001_BAB-768x768.jpg 768w, https:\/\/www.vanguardlifesciences.co.uk\/wp-content\/uploads\/sites\/9\/2025\/02\/ISO45001_BAB-12x12.jpg 12w, https:\/\/www.vanguardlifesciences.co.uk\/wp-content\/uploads\/sites\/9\/2025\/02\/ISO45001_BAB-400x400.jpg 400w, https:\/\/www.vanguardlifesciences.co.uk\/wp-content\/uploads\/sites\/9\/2025\/02\/ISO45001_BAB-600x600.jpg 600w, https:\/\/www.vanguardlifesciences.co.uk\/wp-content\/uploads\/sites\/9\/2025\/02\/ISO45001_BAB.jpg 1200w\" sizes=\"auto, (max-width: 1024px) 100vw, 1024px\" \/><\/figure>\n<div class=\"wp-block-media-text__content\">\n<p><strong>ISO 45001 Health &amp; Safety Management -akkreditointi<\/strong><\/p>\n<p>Olemme sitoutuneet ylitt\u00e4m\u00e4\u00e4n asiakkaidemme odotukset ja tarjoamaan poikkeuksellista palvelua. ISO 45001 -sertifikaattimme korostaa t\u00e4t\u00e4 sitoutumista varmistaen, ett\u00e4 t\u00e4yt\u00e4mme jatkuvasti ty\u00f6terveys- ja turvallisuusvaatimukset ja haemme aktiivisesti palautetta. T\u00e4m\u00e4 l\u00e4hestymistapa auttaa meit\u00e4 tunnistamaan parannusmahdollisuudet, parantamaan ty\u00f6turvallisuuttamme ja varmistamaan, ett\u00e4 tarjoamme jatkuvasti turvallisen ja terveellisen ymp\u00e4rist\u00f6n ty\u00f6ntekij\u00f6illemme ja asiakkaillemme.<\/p>\n<\/div>\n<\/div>\n<div class=\"wp-block-media-text is-stacked-on-mobile is-vertically-aligned-center\" style=\"grid-template-columns:25% auto\">\n<figure class=\"wp-block-media-text__media\"><img decoding=\"async\" src=\"https:\/\/www.vanguardhealthcare.co.uk\/wp-content\/uploads\/2026\/01\/mark-of-trust-certificate-of-conformity-BIMdesignandconstruction-black-logo-En-GB-0524-1024x520.jpg\" alt=\"\" class=\"wp-image-8314 size-full\" \/><\/figure>\n<div class=\"wp-block-media-text__content\">\n<p><strong>ISO 19650-2 Certification<\/strong><\/p>\n<p>BSI certification to&nbsp;<strong>BS EN ISO 19650-2:2018<\/strong>&nbsp;demonstrates that Vanguard Healthcare Solutions manages information during the delivery of healthcare facilities in a consistent, secure, and internationally recognised way. For our customers, this provides assurance that clinical design and contracting information is accurate, well governed, and managed collaboratively using Building Information Modelling, helping to reduce risk, improve coordination, and support confident decision making across complex healthcare projects.<\/p>\n<\/div>\n<\/div>\n<div class=\"wp-block-media-text is-stacked-on-mobile is-vertically-aligned-center\" style=\"grid-template-columns:25% auto\">\n<figure class=\"wp-block-media-text__media\"><img loading=\"lazy\" decoding=\"async\" width=\"1024\" height=\"725\" src=\"https:\/\/www.vanguardhealthcare.co.uk\/wp-content\/uploads\/2025\/07\/White-VF-CHAS_LtBG_jpg-1024x725.jpg\" alt=\"\" class=\"wp-image-8067 size-full\" srcset=\"https:\/\/www.vanguardlifesciences.co.uk\/wp-content\/uploads\/sites\/9\/2025\/07\/White-VF-CHAS_LtBG_jpg-1024x725.jpg 1024w, https:\/\/www.vanguardlifesciences.co.uk\/wp-content\/uploads\/sites\/9\/2025\/07\/White-VF-CHAS_LtBG_jpg-300x212.jpg 300w, https:\/\/www.vanguardlifesciences.co.uk\/wp-content\/uploads\/sites\/9\/2025\/07\/White-VF-CHAS_LtBG_jpg-768x544.jpg 768w, https:\/\/www.vanguardlifesciences.co.uk\/wp-content\/uploads\/sites\/9\/2025\/07\/White-VF-CHAS_LtBG_jpg-18x12.jpg 18w, https:\/\/www.vanguardlifesciences.co.uk\/wp-content\/uploads\/sites\/9\/2025\/07\/White-VF-CHAS_LtBG_jpg.jpg 1123w\" sizes=\"auto, (max-width: 1024px) 100vw, 1024px\" \/><\/figure>\n<div class=\"wp-block-media-text__content\">\n<p><strong>CHAS Elite<\/strong><\/p>\n<p>CHAS Elite -akkreditoinnin saavuttaminen antaa varmuuden siit\u00e4, ett\u00e4 t\u00e4yt\u00e4mme tiukat kriteerit, varmistaen paitsi lakis\u00e4\u00e4teisten vaatimusten noudattamisen my\u00f6s parhaiden k\u00e4yt\u00e4nt\u00f6jen toteuttamisen sek\u00e4 henkil\u00f6st\u00f6n ett\u00e4 asiakkaiden turvaamiseksi. Se vahvistaa sitoutumistamme turvallisen ty\u00f6ymp\u00e4rist\u00f6n yll\u00e4pit\u00e4miseen ja riskien tehokkaaseen lievent\u00e4miseen. CHAS Elite -akkreditointi tarjoaa mielenrauhan siit\u00e4, ett\u00e4 toimimme rehellisesti, vastuullisesti ja ammattimaisesti. <\/p>\n<\/p>\n<\/p>\n<\/div>\n<\/div>","protected":false},"excerpt":{"rendered":"<p>We know the value that certification brings to businesses and their customers, which is why we\u2019re externally audited to the following on an annual basis: Cyber Essentials Plus Certification&nbsp; Cyber Essentials Plus is a UK government-backed scheme designed to help organisations protect against common online threats. This provides added assurance that we are safeguarding client [&hellip;]<\/p>\n","protected":false},"author":11,"featured_media":0,"parent":0,"menu_order":0,"comment_status":"closed","ping_status":"closed","template":"","meta":{"_acf_changed":false,"footnotes":""},"class_list":["post-8508","page","type-page","status-publish","format-standard","hentry"],"acf":[],"yoast_head":"<!-- This site is optimized with the Yoast SEO plugin v27.3 - https:\/\/yoast.com\/product\/yoast-seo-wordpress\/ -->\n<title>Accreditations and Certifications - Vanguard Life Sciences<\/title>\n<meta name=\"robots\" content=\"index, follow, max-snippet:-1, max-image-preview:large, max-video-preview:-1\" \/>\n<link rel=\"canonical\" href=\"https:\/\/www.vanguardlifesciences.co.uk\/fi_fi\/accreditations-and-certifications-2\/\" \/>\n<meta property=\"og:locale\" content=\"fi_FI\" \/>\n<meta property=\"og:type\" content=\"article\" \/>\n<meta property=\"og:title\" content=\"Accreditations and Certifications - Vanguard Life Sciences\" \/>\n<meta property=\"og:description\" content=\"We know the value that certification brings to businesses and their customers, which is why we\u2019re externally audited to the following on an annual basis: Cyber Essentials Plus Certification&nbsp; Cyber Essentials Plus is a UK government-backed scheme designed to help organisations protect against common online threats. This provides added assurance that we are safeguarding client [&hellip;]\" \/>\n<meta property=\"og:url\" content=\"https:\/\/www.vanguardlifesciences.co.uk\/fi_fi\/accreditations-and-certifications-2\/\" \/>\n<meta property=\"og:site_name\" content=\"Vanguard Life Sciences\" \/>\n<meta property=\"article:modified_time\" content=\"2026-02-25T16:59:38+00:00\" \/>\n<meta property=\"og:image\" content=\"https:\/\/www.vanguardlifesciences.co.uk\/wp-content\/uploads\/sites\/9\/2025\/03\/Untitled-design-2.png\" \/>\n\t<meta property=\"og:image:width\" content=\"512\" \/>\n\t<meta property=\"og:image:height\" content=\"612\" \/>\n\t<meta property=\"og:image:type\" content=\"image\/png\" \/>\n<meta name=\"twitter:card\" content=\"summary_large_image\" \/>\n<meta name=\"twitter:label1\" content=\"Arvioitu lukuaika\" \/>\n\t<meta name=\"twitter:data1\" content=\"1 minuutti\" \/>\n<script type=\"application\/ld+json\" class=\"yoast-schema-graph\">{\"@context\":\"https:\\\/\\\/schema.org\",\"@graph\":[{\"@type\":\"WebPage\",\"@id\":\"https:\\\/\\\/www.vanguardlifesciences.co.uk\\\/accreditations-and-certifications-2\\\/\",\"url\":\"https:\\\/\\\/www.vanguardlifesciences.co.uk\\\/accreditations-and-certifications-2\\\/\",\"name\":\"Accreditations and Certifications - Vanguard Life Sciences\",\"isPartOf\":{\"@id\":\"https:\\\/\\\/www.vanguardlifesciences.co.uk\\\/#website\"},\"primaryImageOfPage\":{\"@id\":\"https:\\\/\\\/www.vanguardlifesciences.co.uk\\\/accreditations-and-certifications-2\\\/#primaryimage\"},\"image\":{\"@id\":\"https:\\\/\\\/www.vanguardlifesciences.co.uk\\\/accreditations-and-certifications-2\\\/#primaryimage\"},\"thumbnailUrl\":\"https:\\\/\\\/www.vanguardhealthcare.co.uk\\\/wp-content\\\/uploads\\\/2025\\\/03\\\/Untitled-design-2.png\",\"datePublished\":\"2025-02-12T17:18:20+00:00\",\"dateModified\":\"2026-02-25T16:59:38+00:00\",\"breadcrumb\":{\"@id\":\"https:\\\/\\\/www.vanguardlifesciences.co.uk\\\/accreditations-and-certifications-2\\\/#breadcrumb\"},\"inLanguage\":\"fi\",\"potentialAction\":[{\"@type\":\"ReadAction\",\"target\":[\"https:\\\/\\\/www.vanguardlifesciences.co.uk\\\/accreditations-and-certifications-2\\\/\"]}]},{\"@type\":\"ImageObject\",\"inLanguage\":\"fi\",\"@id\":\"https:\\\/\\\/www.vanguardlifesciences.co.uk\\\/accreditations-and-certifications-2\\\/#primaryimage\",\"url\":\"https:\\\/\\\/www.vanguardhealthcare.co.uk\\\/wp-content\\\/uploads\\\/2025\\\/03\\\/Untitled-design-2.png\",\"contentUrl\":\"https:\\\/\\\/www.vanguardhealthcare.co.uk\\\/wp-content\\\/uploads\\\/2025\\\/03\\\/Untitled-design-2.png\"},{\"@type\":\"BreadcrumbList\",\"@id\":\"https:\\\/\\\/www.vanguardlifesciences.co.uk\\\/accreditations-and-certifications-2\\\/#breadcrumb\",\"itemListElement\":[{\"@type\":\"ListItem\",\"position\":1,\"name\":\"Home\",\"item\":\"https:\\\/\\\/www.vanguardlifesciences.co.uk\\\/\"},{\"@type\":\"ListItem\",\"position\":2,\"name\":\"Accreditations and Certifications\"}]},{\"@type\":\"WebSite\",\"@id\":\"https:\\\/\\\/www.vanguardlifesciences.co.uk\\\/#website\",\"url\":\"https:\\\/\\\/www.vanguardlifesciences.co.uk\\\/\",\"name\":\"Vanguard Life Sciences\",\"description\":\"\",\"potentialAction\":[{\"@type\":\"SearchAction\",\"target\":{\"@type\":\"EntryPoint\",\"urlTemplate\":\"https:\\\/\\\/www.vanguardlifesciences.co.uk\\\/?s={search_term_string}\"},\"query-input\":{\"@type\":\"PropertyValueSpecification\",\"valueRequired\":true,\"valueName\":\"search_term_string\"}}],\"inLanguage\":\"fi\"}]}<\/script>\n<!-- \/ Yoast SEO plugin. -->","yoast_head_json":{"title":"Accreditations and Certifications - Vanguard Life Sciences","robots":{"index":"index","follow":"follow","max-snippet":"max-snippet:-1","max-image-preview":"max-image-preview:large","max-video-preview":"max-video-preview:-1"},"canonical":"https:\/\/www.vanguardlifesciences.co.uk\/fi_fi\/accreditations-and-certifications-2\/","og_locale":"fi_FI","og_type":"article","og_title":"Accreditations and Certifications - Vanguard Life Sciences","og_description":"We know the value that certification brings to businesses and their customers, which is why we\u2019re externally audited to the following on an annual basis: Cyber Essentials Plus Certification&nbsp; Cyber Essentials Plus is a UK government-backed scheme designed to help organisations protect against common online threats. This provides added assurance that we are safeguarding client [&hellip;]","og_url":"https:\/\/www.vanguardlifesciences.co.uk\/fi_fi\/accreditations-and-certifications-2\/","og_site_name":"Vanguard Life Sciences","article_modified_time":"2026-02-25T16:59:38+00:00","og_image":[{"width":512,"height":612,"url":"https:\/\/www.vanguardlifesciences.co.uk\/wp-content\/uploads\/sites\/9\/2025\/03\/Untitled-design-2.png","type":"image\/png"}],"twitter_card":"summary_large_image","twitter_misc":{"Arvioitu lukuaika":"1 minuutti"},"schema":{"@context":"https:\/\/schema.org","@graph":[{"@type":"WebPage","@id":"https:\/\/www.vanguardlifesciences.co.uk\/accreditations-and-certifications-2\/","url":"https:\/\/www.vanguardlifesciences.co.uk\/accreditations-and-certifications-2\/","name":"Accreditations and Certifications - Vanguard Life Sciences","isPartOf":{"@id":"https:\/\/www.vanguardlifesciences.co.uk\/#website"},"primaryImageOfPage":{"@id":"https:\/\/www.vanguardlifesciences.co.uk\/accreditations-and-certifications-2\/#primaryimage"},"image":{"@id":"https:\/\/www.vanguardlifesciences.co.uk\/accreditations-and-certifications-2\/#primaryimage"},"thumbnailUrl":"https:\/\/www.vanguardhealthcare.co.uk\/wp-content\/uploads\/2025\/03\/Untitled-design-2.png","datePublished":"2025-02-12T17:18:20+00:00","dateModified":"2026-02-25T16:59:38+00:00","breadcrumb":{"@id":"https:\/\/www.vanguardlifesciences.co.uk\/accreditations-and-certifications-2\/#breadcrumb"},"inLanguage":"fi","potentialAction":[{"@type":"ReadAction","target":["https:\/\/www.vanguardlifesciences.co.uk\/accreditations-and-certifications-2\/"]}]},{"@type":"ImageObject","inLanguage":"fi","@id":"https:\/\/www.vanguardlifesciences.co.uk\/accreditations-and-certifications-2\/#primaryimage","url":"https:\/\/www.vanguardhealthcare.co.uk\/wp-content\/uploads\/2025\/03\/Untitled-design-2.png","contentUrl":"https:\/\/www.vanguardhealthcare.co.uk\/wp-content\/uploads\/2025\/03\/Untitled-design-2.png"},{"@type":"BreadcrumbList","@id":"https:\/\/www.vanguardlifesciences.co.uk\/accreditations-and-certifications-2\/#breadcrumb","itemListElement":[{"@type":"ListItem","position":1,"name":"Home","item":"https:\/\/www.vanguardlifesciences.co.uk\/"},{"@type":"ListItem","position":2,"name":"Accreditations and Certifications"}]},{"@type":"WebSite","@id":"https:\/\/www.vanguardlifesciences.co.uk\/#website","url":"https:\/\/www.vanguardlifesciences.co.uk\/","name":"Vanguard Life Sciences","description":"","potentialAction":[{"@type":"SearchAction","target":{"@type":"EntryPoint","urlTemplate":"https:\/\/www.vanguardlifesciences.co.uk\/?s={search_term_string}"},"query-input":{"@type":"PropertyValueSpecification","valueRequired":true,"valueName":"search_term_string"}}],"inLanguage":"fi"}]}},"_links":{"self":[{"href":"https:\/\/www.vanguardlifesciences.co.uk\/fi_fi\/wp-json\/wp\/v2\/pages\/8508","targetHints":{"allow":["GET"]}}],"collection":[{"href":"https:\/\/www.vanguardlifesciences.co.uk\/fi_fi\/wp-json\/wp\/v2\/pages"}],"about":[{"href":"https:\/\/www.vanguardlifesciences.co.uk\/fi_fi\/wp-json\/wp\/v2\/types\/page"}],"author":[{"embeddable":true,"href":"https:\/\/www.vanguardlifesciences.co.uk\/fi_fi\/wp-json\/wp\/v2\/users\/11"}],"replies":[{"embeddable":true,"href":"https:\/\/www.vanguardlifesciences.co.uk\/fi_fi\/wp-json\/wp\/v2\/comments?post=8508"}],"version-history":[{"count":0,"href":"https:\/\/www.vanguardlifesciences.co.uk\/fi_fi\/wp-json\/wp\/v2\/pages\/8508\/revisions"}],"wp:attachment":[{"href":"https:\/\/www.vanguardlifesciences.co.uk\/fi_fi\/wp-json\/wp\/v2\/media?parent=8508"}],"curies":[{"name":"wp","href":"https:\/\/api.w.org\/{rel}","templated":true}]}}