{"id":367,"date":"2023-06-28T13:15:49","date_gmt":"2023-06-28T13:15:49","guid":{"rendered":"https:\/\/www.vanguardlifesciences.co.uk\/?page_id=367"},"modified":"2023-08-24T10:07:33","modified_gmt":"2023-08-24T10:07:33","slug":"accessibility","status":"publish","type":"page","link":"https:\/\/www.vanguardlifesciences.co.uk\/fi_fi\/accessibility\/","title":{"rendered":"Esteett\u00f6myys"},"content":{"rendered":"<p>Olemme tehneet kaikkemme, jotta t\u00e4m\u00e4 sivusto olisi kaikkien saatavilla ja helppok\u00e4ytt\u00f6inen.<\/p>\n<\/p>\n<h4 class=\"wp-block-heading\">Maamerkkiroolit<\/h4>\n<p>Web Accessibility Initiativen (WAI) ja Accessible Rich Internet Applications Suiten (ARIA) ohjeiden mukaisesti tarjotaan maamerkkirooleja sivuston helpottamiseksi. Roolit, joilla tunnistetaan tietty sis\u00e4lt\u00f6 tai navigointialueet koneenlukijoita ja apulaitteita, kuten n\u00e4yt\u00f6nlukulaitteita, varten.<\/p>\n<p>Maamerkkej\u00e4 on k\u00e4ytetty tunnistamaan sivuston p\u00e4\u00e4osat, ja ARIA-attribuutit vastaavat niiden rooleja.<\/p>\n<\/p>\n<h4 class=\"wp-block-heading\">Selain- ja laitetuki<\/h4>\n<p>Sivusto on rakennettu joustavasti ja on t\u00e4ysin reagoiva varmistaakseen parhaan mahdollisen k\u00e4ytt\u00f6kokemuksen p\u00f6yt\u00e4koneilla, mobiililaitteilla ja tablet-laitteilla.<\/p>\n<p>Sivusto on t\u00e4ysin tuettu (tarkoittaa optimaalista kokemusta, jossa kaikki sis\u00e4lt\u00f6 toimitetaan ja on k\u00e4ytett\u00e4viss\u00e4 tarkoitetulla tavalla) Chromen, Firefoxin, Safarin ja Edgen ty\u00f6p\u00f6yt\u00e4version uusimmille versioille sek\u00e4 Chromen uusimmille versioille Androidille ja Safarille iOS:lle.<\/p>\n<p>Yll\u00e4 lueteltujen selainversioiden kahden edellisen version tuki on poistettu k\u00e4yt\u00f6st\u00e4 (eli kaikki sis\u00e4lt\u00f6 on k\u00e4ytett\u00e4viss\u00e4, mutta k\u00e4ytt\u00f6kokemus saattaa heikenty\u00e4. HTML-, Javascript- ja CSS-esitys heikkenee sulavasti (eli ei aiheuta virheit\u00e4), jos selain ei pysty toimittamaan toiminnallisuus).<\/p>\n<p>Vanhempia selaimia tai selaimia, joita ei ole lueteltu yll\u00e4, ei tueta (eli selainta ei ole testattu, joten osa sis\u00e4ll\u00f6st\u00e4 voi olla saavuttamattomissa ja k\u00e4ytt\u00f6kokemus voi vaikuttaa vakavasti).<\/p>\n<\/p>\n<h4 class=\"wp-block-heading\">Semantiikka<\/h4>\n<p>HTML5-merkint\u00f6j\u00e4 k\u00e4ytet\u00e4\u00e4n sivuston j\u00e4sent\u00e4miseen sopivilla elementeill\u00e4, joiden avulla sis\u00e4lt\u00f6 tunnistetaan selke\u00e4sti ja loogisesti hakukoneille tai n\u00e4yt\u00f6nlukuohjelmille.<\/p>\n<\/p>\n<h4 class=\"wp-block-heading\">JavaScript<\/h4>\n<p>JavaScriptin k\u00e4ytt\u00f6 antaa k\u00e4ytt\u00e4j\u00e4lle sivuston parannettuja ominaisuuksia. Jos se ei ole saatavilla, kaikki sivut ja prosessi ovat edelleen k\u00e4ytett\u00e4viss\u00e4.<\/p>\n<\/p>\n<h4 class=\"wp-block-heading\">Lomakkeet<\/h4>\n<p>Kaikki lomakekent\u00e4t noudattavat loogista sarkainj\u00e4rjestyst\u00e4 helpon navigoinnin varmistamiseksi. Lomakekentiss\u00e4 on my\u00f6s &quot;label&quot;- ja &quot;id&quot;-attribuutit, jotka yhdist\u00e4v\u00e4t lomakekent\u00e4n sen tunnisteeseen, jotta tietojen sy\u00f6tt\u00e4minen on helppoa.<\/p>\n<\/p>\n<h4 class=\"wp-block-heading\">Linkit<\/h4>\n<p>Kaikki linkit on kirjoitettu niin, ett\u00e4 ne ovat j\u00e4rkevi\u00e4 asiayhteydest\u00e4\u00e4n irrotettuina. Tarvittaessa olemme my\u00f6s lis\u00e4nneet linkin otsikon m\u00e4\u00e4ritteit\u00e4 kuvaamaan linkki\u00e4 tarkemmin.<\/p>\n<\/p>\n<h4 class=\"wp-block-heading\">Fonttikoko<\/h4>\n<p>Sivustolla k\u00e4ytetyt kirjasinkoot ovat t\u00e4ysin joustavia. Voit muuttaa fonttikokoa suuremmaksi tai pienemm\u00e4ksi selaimesi asetuksista.<\/p>\n<\/p>\n<h4 class=\"wp-block-heading\">v\u00e4rit<\/h4>\n<p>Olemme huolehtineet siit\u00e4, ett\u00e4 sivuston v\u00e4riyhdistelm\u00e4t ja kontrasti ovat tehokkaita ja varmistavat, ett\u00e4 tiedot ovat edelleen selkeit\u00e4 kaikkien katsottuna, sill\u00e4 sivuston v\u00e4himm\u00e4iskontrastisuhde on 3.<\/p>\n<\/p>\n<h4 class=\"wp-block-heading\">Lataukset<\/h4>\n<p>K\u00e4yt\u00e4mme Adobe PDF -tiedostoja lis\u00e4tietoihin ja latauksiin. Adobe PDF Reader on vapaasti k\u00e4ytett\u00e4viss\u00e4 mill\u00e4 tahansa tietokoneella ja sen voi ladata <a href=\"https:\/\/get.adobe.com\/uk\/reader\/\" target=\"_blank\" rel=\"noreferrer noopener\">t\u00e4ss\u00e4<\/a>.<\/p>","protected":false},"excerpt":{"rendered":"<p>We have made every effort to make this site accessible and easy to use for everyone. Landmark roles Following guidance set by the Web Accessibility Initiative (WAI) and the Accessible Rich Internet Applications Suite (ARIA), landmark roles are provided to make the site more accessible. Roles used to identify specific content or navigation areas for [&hellip;]<\/p>\n","protected":false},"author":2,"featured_media":0,"parent":0,"menu_order":0,"comment_status":"closed","ping_status":"closed","template":"","meta":{"_acf_changed":false,"footnotes":""},"class_list":["post-367","page","type-page","status-publish","format-standard","hentry"],"acf":[],"yoast_head":"<!-- This site is optimized with the Yoast SEO plugin v27.3 - https:\/\/yoast.com\/product\/yoast-seo-wordpress\/ -->\n<title>Accessibility - Vanguard Life Sciences<\/title>\n<meta name=\"robots\" content=\"index, follow, max-snippet:-1, max-image-preview:large, max-video-preview:-1\" \/>\n<link rel=\"canonical\" href=\"https:\/\/www.vanguardlifesciences.co.uk\/fi_fi\/accessibility\/\" \/>\n<meta property=\"og:locale\" content=\"fi_FI\" \/>\n<meta property=\"og:type\" content=\"article\" \/>\n<meta property=\"og:title\" content=\"Accessibility - Vanguard Life Sciences\" \/>\n<meta property=\"og:description\" content=\"We have made every effort to make this site accessible and easy to use for everyone. Landmark roles Following guidance set by the Web Accessibility Initiative (WAI) and the Accessible Rich Internet Applications Suite (ARIA), landmark roles are provided to make the site more accessible. Roles used to identify specific content or navigation areas for [&hellip;]\" \/>\n<meta property=\"og:url\" content=\"https:\/\/www.vanguardlifesciences.co.uk\/fi_fi\/accessibility\/\" \/>\n<meta property=\"og:site_name\" content=\"Vanguard Life Sciences\" \/>\n<meta property=\"article:modified_time\" content=\"2023-08-24T10:07:33+00:00\" \/>\n<meta name=\"twitter:card\" content=\"summary_large_image\" \/>\n<meta name=\"twitter:label1\" content=\"Arvioitu lukuaika\" \/>\n\t<meta name=\"twitter:data1\" content=\"2 minuuttia\" \/>\n<script type=\"application\/ld+json\" class=\"yoast-schema-graph\">{\"@context\":\"https:\\\/\\\/schema.org\",\"@graph\":[{\"@type\":\"WebPage\",\"@id\":\"https:\\\/\\\/www.vanguardlifesciences.co.uk\\\/accessibility\\\/\",\"url\":\"https:\\\/\\\/www.vanguardlifesciences.co.uk\\\/accessibility\\\/\",\"name\":\"Accessibility - Vanguard Life Sciences\",\"isPartOf\":{\"@id\":\"https:\\\/\\\/www.vanguardlifesciences.co.uk\\\/#website\"},\"datePublished\":\"2023-06-28T13:15:49+00:00\",\"dateModified\":\"2023-08-24T10:07:33+00:00\",\"breadcrumb\":{\"@id\":\"https:\\\/\\\/www.vanguardlifesciences.co.uk\\\/accessibility\\\/#breadcrumb\"},\"inLanguage\":\"fi\",\"potentialAction\":[{\"@type\":\"ReadAction\",\"target\":[\"https:\\\/\\\/www.vanguardlifesciences.co.uk\\\/accessibility\\\/\"]}]},{\"@type\":\"BreadcrumbList\",\"@id\":\"https:\\\/\\\/www.vanguardlifesciences.co.uk\\\/accessibility\\\/#breadcrumb\",\"itemListElement\":[{\"@type\":\"ListItem\",\"position\":1,\"name\":\"Home\",\"item\":\"https:\\\/\\\/www.vanguardlifesciences.co.uk\\\/\"},{\"@type\":\"ListItem\",\"position\":2,\"name\":\"Accessibility\"}]},{\"@type\":\"WebSite\",\"@id\":\"https:\\\/\\\/www.vanguardlifesciences.co.uk\\\/#website\",\"url\":\"https:\\\/\\\/www.vanguardlifesciences.co.uk\\\/\",\"name\":\"Vanguard Life Sciences\",\"description\":\"\",\"potentialAction\":[{\"@type\":\"SearchAction\",\"target\":{\"@type\":\"EntryPoint\",\"urlTemplate\":\"https:\\\/\\\/www.vanguardlifesciences.co.uk\\\/?s={search_term_string}\"},\"query-input\":{\"@type\":\"PropertyValueSpecification\",\"valueRequired\":true,\"valueName\":\"search_term_string\"}}],\"inLanguage\":\"fi\"}]}<\/script>\n<!-- \/ Yoast SEO plugin. -->","yoast_head_json":{"title":"Accessibility - Vanguard Life Sciences","robots":{"index":"index","follow":"follow","max-snippet":"max-snippet:-1","max-image-preview":"max-image-preview:large","max-video-preview":"max-video-preview:-1"},"canonical":"https:\/\/www.vanguardlifesciences.co.uk\/fi_fi\/accessibility\/","og_locale":"fi_FI","og_type":"article","og_title":"Accessibility - Vanguard Life Sciences","og_description":"We have made every effort to make this site accessible and easy to use for everyone. Landmark roles Following guidance set by the Web Accessibility Initiative (WAI) and the Accessible Rich Internet Applications Suite (ARIA), landmark roles are provided to make the site more accessible. Roles used to identify specific content or navigation areas for [&hellip;]","og_url":"https:\/\/www.vanguardlifesciences.co.uk\/fi_fi\/accessibility\/","og_site_name":"Vanguard Life Sciences","article_modified_time":"2023-08-24T10:07:33+00:00","twitter_card":"summary_large_image","twitter_misc":{"Arvioitu lukuaika":"2 minuuttia"},"schema":{"@context":"https:\/\/schema.org","@graph":[{"@type":"WebPage","@id":"https:\/\/www.vanguardlifesciences.co.uk\/accessibility\/","url":"https:\/\/www.vanguardlifesciences.co.uk\/accessibility\/","name":"Accessibility - Vanguard Life Sciences","isPartOf":{"@id":"https:\/\/www.vanguardlifesciences.co.uk\/#website"},"datePublished":"2023-06-28T13:15:49+00:00","dateModified":"2023-08-24T10:07:33+00:00","breadcrumb":{"@id":"https:\/\/www.vanguardlifesciences.co.uk\/accessibility\/#breadcrumb"},"inLanguage":"fi","potentialAction":[{"@type":"ReadAction","target":["https:\/\/www.vanguardlifesciences.co.uk\/accessibility\/"]}]},{"@type":"BreadcrumbList","@id":"https:\/\/www.vanguardlifesciences.co.uk\/accessibility\/#breadcrumb","itemListElement":[{"@type":"ListItem","position":1,"name":"Home","item":"https:\/\/www.vanguardlifesciences.co.uk\/"},{"@type":"ListItem","position":2,"name":"Accessibility"}]},{"@type":"WebSite","@id":"https:\/\/www.vanguardlifesciences.co.uk\/#website","url":"https:\/\/www.vanguardlifesciences.co.uk\/","name":"Vanguard Life Sciences","description":"","potentialAction":[{"@type":"SearchAction","target":{"@type":"EntryPoint","urlTemplate":"https:\/\/www.vanguardlifesciences.co.uk\/?s={search_term_string}"},"query-input":{"@type":"PropertyValueSpecification","valueRequired":true,"valueName":"search_term_string"}}],"inLanguage":"fi"}]}},"_links":{"self":[{"href":"https:\/\/www.vanguardlifesciences.co.uk\/fi_fi\/wp-json\/wp\/v2\/pages\/367","targetHints":{"allow":["GET"]}}],"collection":[{"href":"https:\/\/www.vanguardlifesciences.co.uk\/fi_fi\/wp-json\/wp\/v2\/pages"}],"about":[{"href":"https:\/\/www.vanguardlifesciences.co.uk\/fi_fi\/wp-json\/wp\/v2\/types\/page"}],"author":[{"embeddable":true,"href":"https:\/\/www.vanguardlifesciences.co.uk\/fi_fi\/wp-json\/wp\/v2\/users\/2"}],"replies":[{"embeddable":true,"href":"https:\/\/www.vanguardlifesciences.co.uk\/fi_fi\/wp-json\/wp\/v2\/comments?post=367"}],"version-history":[{"count":0,"href":"https:\/\/www.vanguardlifesciences.co.uk\/fi_fi\/wp-json\/wp\/v2\/pages\/367\/revisions"}],"wp:attachment":[{"href":"https:\/\/www.vanguardlifesciences.co.uk\/fi_fi\/wp-json\/wp\/v2\/media?parent=367"}],"curies":[{"name":"wp","href":"https:\/\/api.w.org\/{rel}","templated":true}]}}