{"id":316,"date":"2023-06-26T15:37:53","date_gmt":"2023-06-26T15:37:53","guid":{"rendered":"https:\/\/www.vanguardlifesciences.co.uk\/?page_id=316"},"modified":"2024-04-09T10:54:17","modified_gmt":"2024-04-09T10:54:17","slug":"partner-programme","status":"publish","type":"page","link":"https:\/\/www.vanguardlifesciences.co.uk\/fi_fi\/partner-programme\/","title":{"rendered":"Kumppaniohjelma"},"content":{"rendered":"<section id=\"section-319-315\" class=\"ct-section\" >\n<div class=\"ct-section-inner-wrap\">\n<div id=\"new_columns-320-315\" class=\"ct-new-columns\" >\n<div id=\"div_block-321-315\" class=\"ct-div-block\" >\n<h2 id=\"headline-322-315\" class=\"ct-headline\">Huolella valitut yhteisty\u00f6kumppanimme tuovat palvelullemme lis\u00e4arvoa<\/h2>\n<div id=\"_rich_text-323-315\" class=\"oxy-rich-text\" >\n<p>Partner-ohjelma yhdist\u00e4\u00e4 asiantuntemuksemme joustavien terveydenhuoltotilojen ja -ratkaisujen tarjoamisessa muiden keskeisten terveydenhuollon tarjoajien kanssa edist\u00e4\u00e4kseen eteenp\u00e4in katsovien kumppaneiden ekosysteemi\u00e4, jotka ovat sitoutuneet yhteisty\u00f6h\u00f6n ja innovatiiviseen l\u00e4hestymistapaan.<\/p>\n<p>Ty\u00f6skentely avoimesti ja rakentavasti muiden palveluntarjoajien kanssa n\u00e4iden uusien tilojen suunnittelussa, varustamisessa, henkil\u00f6st\u00f6n ja toimittamisessa parantaa uuden kliinisen ymp\u00e4rist\u00f6n laatua, tarjoaa kokonaisvaltaisen l\u00e4hestymistavan ja varmistaa arvon yhteisille asiakkaillemme.<\/p>\n<\/div>\n<\/div>\n<div id=\"div_block-324-315\" class=\"ct-div-block\" ><img decoding=\"async\"  id=\"image-325-315\" alt=\"\" src=\"https:\/\/www.vanguardlifesciences.co.uk\/wp-content\/uploads\/sites\/9\/2023\/06\/partners-info.png\" class=\"ct-image\"\/><\/div>\n<\/div>\n<\/div>\n<\/section>\n<section id=\"section-332-315\" class=\"ct-section\" >\n<div class=\"ct-section-inner-wrap\">\n<h3 id=\"headline-339-315\" class=\"ct-headline\">Ty\u00f6skentelemme yleens\u00e4 nelj\u00e4n keskeisen kumppanityypin kanssa:<\/h3>\n<div id=\"new_columns-333-315\" class=\"ct-new-columns\" >\n<div id=\"div_block-334-315\" class=\"ct-div-block\" >\n<div id=\"div_block-345-315\" class=\"ct-div-block box-shadow\" >\n<div id=\"_rich_text-346-315\" class=\"oxy-rich-text\" >\n<p><strong>Rakentaminen<\/strong><br \/>Toimita saumattomasti erikoisterveydenhuollon modulaarisia ja mobiiliratkaisuja sairaalan uudisrakennus- ja kunnostushankkeiden rakentamisen aikana hoidon jatkuvuuden yll\u00e4pit\u00e4miseksi ja parantamiseksi.\u00a0<\/p>\n<\/div>\n<\/div>\n<\/div>\n<div id=\"div_block-335-315\" class=\"ct-div-block\" >\n<div id=\"div_block-342-315\" class=\"ct-div-block box-shadow\" >\n<div id=\"_rich_text-337-315\" class=\"oxy-rich-text\" >\n<p><strong>Laitteiden valmistajat<\/strong><br \/>T\u00e4m\u00e4 kumppanuus tarjoaa sairaaloille kokonaisvaltaisen ratkaisun. Modulaariset ja liikkuvat tilat toimitetaan t\u00e4ydellisin\u00e4 uusimpien l\u00e4\u00e4ketieteellisten laitteiden innovaatioilla, jotka on aina suunniteltu vastaamaan terveydenhuoltotilojamme k\u00e4ytt\u00e4vien kliinikkojen tarpeita.<\/p>\n<\/div>\n<\/div>\n<\/div>\n<\/div>\n<div id=\"new_columns-350-315\" class=\"ct-new-columns\" >\n<div id=\"div_block-351-315\" class=\"ct-div-block\" >\n<div id=\"div_block-354-315\" class=\"ct-div-block box-shadow\" >\n<div id=\"_rich_text-355-315\" class=\"oxy-rich-text\" >\n<p><strong>neuvoa-antava<\/strong><br \/>Teemme tiivist\u00e4 yhteisty\u00f6t\u00e4 arkkitehtien ja suunnittelijoiden kanssa modernien rakentamismenetelmien (MMC) sis\u00e4llytt\u00e4miseksi sairaalan rakennus- ja kunnostusohjelmiin. Lopputuloksena on kest\u00e4v\u00e4, tuottava ja kustannustehokas ty\u00f6ymp\u00e4rist\u00f6.\u00a0<\/p>\n<\/div>\n<\/div>\n<\/div>\n<div id=\"div_block-356-315\" class=\"ct-div-block\" >\n<div id=\"div_block-359-315\" class=\"ct-div-block box-shadow\" >\n<div id=\"_rich_text-360-315\" class=\"oxy-rich-text\" >\n<p><strong>Kliiniset palveluoperaattorit<\/strong><br \/>Laadukkaita terveydenhuollon tilojamme t\u00e4ydent\u00e4v\u00e4t asiantuntevat henkil\u00f6st\u00f6ratkaisut, jotka tarjoavat t\u00e4ysin p\u00e4\u00e4st\u00e4 p\u00e4\u00e4h\u00e4n -hallitun palvelun, joka auttaa sairaaloita yll\u00e4pit\u00e4m\u00e4\u00e4n palvelutason ja tuottavuuden.\u00a0<\/p>\n<\/div>\n<\/div>\n<\/div>\n<\/div>\n<\/div>\n<\/section>","protected":false},"excerpt":{"rendered":"","protected":false},"author":2,"featured_media":0,"parent":0,"menu_order":0,"comment_status":"closed","ping_status":"closed","template":"","meta":{"_acf_changed":false,"footnotes":""},"class_list":["post-316","page","type-page","status-publish","format-standard","hentry"],"acf":[],"yoast_head":"<!-- This site is optimized with the Yoast SEO plugin v27.3 - https:\/\/yoast.com\/product\/yoast-seo-wordpress\/ -->\n<title>Partner programme - Vanguard Life Sciences<\/title>\n<meta name=\"robots\" content=\"index, follow, max-snippet:-1, max-image-preview:large, max-video-preview:-1\" \/>\n<link rel=\"canonical\" href=\"https:\/\/www.vanguardlifesciences.co.uk\/fi_fi\/partner-programme\/\" \/>\n<meta property=\"og:locale\" content=\"fi_FI\" \/>\n<meta property=\"og:type\" content=\"article\" \/>\n<meta property=\"og:title\" content=\"Partner programme - Vanguard Life Sciences\" \/>\n<meta property=\"og:url\" content=\"https:\/\/www.vanguardlifesciences.co.uk\/fi_fi\/partner-programme\/\" \/>\n<meta property=\"og:site_name\" content=\"Vanguard Life Sciences\" \/>\n<meta property=\"article:modified_time\" content=\"2024-04-09T10:54:17+00:00\" \/>\n<meta name=\"twitter:card\" content=\"summary_large_image\" \/>\n<meta name=\"twitter:label1\" content=\"Arvioitu lukuaika\" \/>\n\t<meta name=\"twitter:data1\" content=\"1 minuutti\" \/>\n<script type=\"application\/ld+json\" class=\"yoast-schema-graph\">{\"@context\":\"https:\\\/\\\/schema.org\",\"@graph\":[{\"@type\":\"WebPage\",\"@id\":\"https:\\\/\\\/www.vanguardlifesciences.co.uk\\\/partner-programme\\\/\",\"url\":\"https:\\\/\\\/www.vanguardlifesciences.co.uk\\\/partner-programme\\\/\",\"name\":\"Partner programme - Vanguard Life Sciences\",\"isPartOf\":{\"@id\":\"https:\\\/\\\/www.vanguardlifesciences.co.uk\\\/#website\"},\"datePublished\":\"2023-06-26T15:37:53+00:00\",\"dateModified\":\"2024-04-09T10:54:17+00:00\",\"breadcrumb\":{\"@id\":\"https:\\\/\\\/www.vanguardlifesciences.co.uk\\\/partner-programme\\\/#breadcrumb\"},\"inLanguage\":\"fi\",\"potentialAction\":[{\"@type\":\"ReadAction\",\"target\":[\"https:\\\/\\\/www.vanguardlifesciences.co.uk\\\/partner-programme\\\/\"]}]},{\"@type\":\"BreadcrumbList\",\"@id\":\"https:\\\/\\\/www.vanguardlifesciences.co.uk\\\/partner-programme\\\/#breadcrumb\",\"itemListElement\":[{\"@type\":\"ListItem\",\"position\":1,\"name\":\"Home\",\"item\":\"https:\\\/\\\/www.vanguardlifesciences.co.uk\\\/\"},{\"@type\":\"ListItem\",\"position\":2,\"name\":\"Partner programme\"}]},{\"@type\":\"WebSite\",\"@id\":\"https:\\\/\\\/www.vanguardlifesciences.co.uk\\\/#website\",\"url\":\"https:\\\/\\\/www.vanguardlifesciences.co.uk\\\/\",\"name\":\"Vanguard Life Sciences\",\"description\":\"\",\"potentialAction\":[{\"@type\":\"SearchAction\",\"target\":{\"@type\":\"EntryPoint\",\"urlTemplate\":\"https:\\\/\\\/www.vanguardlifesciences.co.uk\\\/?s={search_term_string}\"},\"query-input\":{\"@type\":\"PropertyValueSpecification\",\"valueRequired\":true,\"valueName\":\"search_term_string\"}}],\"inLanguage\":\"fi\"}]}<\/script>\n<!-- \/ Yoast SEO plugin. -->","yoast_head_json":{"title":"Partner programme - Vanguard Life Sciences","robots":{"index":"index","follow":"follow","max-snippet":"max-snippet:-1","max-image-preview":"max-image-preview:large","max-video-preview":"max-video-preview:-1"},"canonical":"https:\/\/www.vanguardlifesciences.co.uk\/fi_fi\/partner-programme\/","og_locale":"fi_FI","og_type":"article","og_title":"Partner programme - Vanguard Life Sciences","og_url":"https:\/\/www.vanguardlifesciences.co.uk\/fi_fi\/partner-programme\/","og_site_name":"Vanguard Life Sciences","article_modified_time":"2024-04-09T10:54:17+00:00","twitter_card":"summary_large_image","twitter_misc":{"Arvioitu lukuaika":"1 minuutti"},"schema":{"@context":"https:\/\/schema.org","@graph":[{"@type":"WebPage","@id":"https:\/\/www.vanguardlifesciences.co.uk\/partner-programme\/","url":"https:\/\/www.vanguardlifesciences.co.uk\/partner-programme\/","name":"Partner programme - Vanguard Life Sciences","isPartOf":{"@id":"https:\/\/www.vanguardlifesciences.co.uk\/#website"},"datePublished":"2023-06-26T15:37:53+00:00","dateModified":"2024-04-09T10:54:17+00:00","breadcrumb":{"@id":"https:\/\/www.vanguardlifesciences.co.uk\/partner-programme\/#breadcrumb"},"inLanguage":"fi","potentialAction":[{"@type":"ReadAction","target":["https:\/\/www.vanguardlifesciences.co.uk\/partner-programme\/"]}]},{"@type":"BreadcrumbList","@id":"https:\/\/www.vanguardlifesciences.co.uk\/partner-programme\/#breadcrumb","itemListElement":[{"@type":"ListItem","position":1,"name":"Home","item":"https:\/\/www.vanguardlifesciences.co.uk\/"},{"@type":"ListItem","position":2,"name":"Partner programme"}]},{"@type":"WebSite","@id":"https:\/\/www.vanguardlifesciences.co.uk\/#website","url":"https:\/\/www.vanguardlifesciences.co.uk\/","name":"Vanguard Life Sciences","description":"","potentialAction":[{"@type":"SearchAction","target":{"@type":"EntryPoint","urlTemplate":"https:\/\/www.vanguardlifesciences.co.uk\/?s={search_term_string}"},"query-input":{"@type":"PropertyValueSpecification","valueRequired":true,"valueName":"search_term_string"}}],"inLanguage":"fi"}]}},"_links":{"self":[{"href":"https:\/\/www.vanguardlifesciences.co.uk\/fi_fi\/wp-json\/wp\/v2\/pages\/316","targetHints":{"allow":["GET"]}}],"collection":[{"href":"https:\/\/www.vanguardlifesciences.co.uk\/fi_fi\/wp-json\/wp\/v2\/pages"}],"about":[{"href":"https:\/\/www.vanguardlifesciences.co.uk\/fi_fi\/wp-json\/wp\/v2\/types\/page"}],"author":[{"embeddable":true,"href":"https:\/\/www.vanguardlifesciences.co.uk\/fi_fi\/wp-json\/wp\/v2\/users\/2"}],"replies":[{"embeddable":true,"href":"https:\/\/www.vanguardlifesciences.co.uk\/fi_fi\/wp-json\/wp\/v2\/comments?post=316"}],"version-history":[{"count":0,"href":"https:\/\/www.vanguardlifesciences.co.uk\/fi_fi\/wp-json\/wp\/v2\/pages\/316\/revisions"}],"wp:attachment":[{"href":"https:\/\/www.vanguardlifesciences.co.uk\/fi_fi\/wp-json\/wp\/v2\/media?parent=316"}],"curies":[{"name":"wp","href":"https:\/\/api.w.org\/{rel}","templated":true}]}}