{"id":8508,"date":"2025-02-12T17:18:20","date_gmt":"2025-02-12T17:18:20","guid":{"rendered":"https:\/\/www.vanguardhealthcare.co.uk\/?page_id=7785"},"modified":"2026-02-25T16:59:38","modified_gmt":"2026-02-25T16:59:38","slug":"accreditations-and-certifications-2","status":"publish","type":"page","link":"https:\/\/www.vanguardlifesciences.co.uk\/es_es\/accreditations-and-certifications-2\/","title":{"rendered":"Acreditaciones y Certificaciones"},"content":{"rendered":"<p>Sabemos el valor que aporta la certificaci\u00f3n a las empresas y a sus clientes, por eso anualmente nos auditan externamente seg\u00fan lo siguiente:<\/p>\n<div class=\"wp-block-media-text is-stacked-on-mobile\" style=\"grid-template-columns:25% auto\">\n<figure class=\"wp-block-media-text__media\"><img loading=\"lazy\" decoding=\"async\" width=\"512\" height=\"612\" src=\"https:\/\/www.vanguardhealthcare.co.uk\/wp-content\/uploads\/2025\/03\/Untitled-design-2.png\" alt=\"\" class=\"wp-image-7876 size-full\" srcset=\"https:\/\/www.vanguardlifesciences.co.uk\/wp-content\/uploads\/sites\/9\/2025\/03\/Untitled-design-2.png 512w, https:\/\/www.vanguardlifesciences.co.uk\/wp-content\/uploads\/sites\/9\/2025\/03\/Untitled-design-2-251x300.png 251w, https:\/\/www.vanguardlifesciences.co.uk\/wp-content\/uploads\/sites\/9\/2025\/03\/Untitled-design-2-10x12.png 10w\" sizes=\"auto, (max-width: 512px) 100vw, 512px\" \/><\/figure>\n<div class=\"wp-block-media-text__content\">\n<p><strong>Certificaci\u00f3n Cyber Essentials Plus<\/strong>&nbsp;<\/p>\n<p>Cyber Essentials Plus es un programa respaldado por el gobierno del Reino Unido, dise\u00f1ado para ayudar a las organizaciones a protegerse contra las amenazas comunes en l\u00ednea. Esto proporciona una mayor garant\u00eda de que estamos protegiendo los datos de nuestros clientes contra las ciberamenazas con los controles t\u00e9cnicos necesarios.<\/p>\n<\/div>\n<\/div>\n<div class=\"wp-block-media-text is-stacked-on-mobile\" style=\"grid-template-columns:25% auto\">\n<figure class=\"wp-block-media-text__media\"><img loading=\"lazy\" decoding=\"async\" width=\"1024\" height=\"1024\" src=\"https:\/\/www.vanguardhealthcare.co.uk\/wp-content\/uploads\/2025\/02\/ISO9001_BAB-1024x1024.jpg\" alt=\"\" class=\"wp-image-7787 size-full\" srcset=\"https:\/\/www.vanguardlifesciences.co.uk\/wp-content\/uploads\/sites\/9\/2025\/02\/ISO9001_BAB-1024x1024.jpg 1024w, https:\/\/www.vanguardlifesciences.co.uk\/wp-content\/uploads\/sites\/9\/2025\/02\/ISO9001_BAB-300x300.jpg 300w, https:\/\/www.vanguardlifesciences.co.uk\/wp-content\/uploads\/sites\/9\/2025\/02\/ISO9001_BAB-150x150.jpg 150w, https:\/\/www.vanguardlifesciences.co.uk\/wp-content\/uploads\/sites\/9\/2025\/02\/ISO9001_BAB-768x768.jpg 768w, https:\/\/www.vanguardlifesciences.co.uk\/wp-content\/uploads\/sites\/9\/2025\/02\/ISO9001_BAB-12x12.jpg 12w, https:\/\/www.vanguardlifesciences.co.uk\/wp-content\/uploads\/sites\/9\/2025\/02\/ISO9001_BAB-400x400.jpg 400w, https:\/\/www.vanguardlifesciences.co.uk\/wp-content\/uploads\/sites\/9\/2025\/02\/ISO9001_BAB-600x600.jpg 600w, https:\/\/www.vanguardlifesciences.co.uk\/wp-content\/uploads\/sites\/9\/2025\/02\/ISO9001_BAB.jpg 1200w\" sizes=\"auto, (max-width: 1024px) 100vw, 1024px\" \/><\/figure>\n<div class=\"wp-block-media-text__content\">\n<p><strong>Acreditaci\u00f3n de Gesti\u00f3n de Calidad ISO 9001<\/strong><\/p>\n<p>Nos dedicamos a superar las expectativas de los clientes y brindar un servicio excepcional. Nuestra certificaci\u00f3n ISO 9001 refuerza esta dedicaci\u00f3n, lo que garantiza que siempre satisfagamos las necesidades de los clientes y busquemos activamente su opini\u00f3n. Este enfoque nos ayuda a identificar oportunidades de mejora, mejorar la experiencia de nuestros clientes y garantizar que siempre brindamos un servicio de cinco estrellas.<\/p>\n<\/div>\n<\/div>\n<div class=\"wp-block-media-text is-stacked-on-mobile\" style=\"grid-template-columns:25% auto\">\n<figure class=\"wp-block-media-text__media\"><img loading=\"lazy\" decoding=\"async\" width=\"1024\" height=\"1024\" src=\"https:\/\/www.vanguardhealthcare.co.uk\/wp-content\/uploads\/2025\/02\/ISO14001_BAB-1024x1024.jpg\" alt=\"\" class=\"wp-image-7788 size-full\" srcset=\"https:\/\/www.vanguardlifesciences.co.uk\/wp-content\/uploads\/sites\/9\/2025\/02\/ISO14001_BAB-1024x1024.jpg 1024w, https:\/\/www.vanguardlifesciences.co.uk\/wp-content\/uploads\/sites\/9\/2025\/02\/ISO14001_BAB-300x300.jpg 300w, https:\/\/www.vanguardlifesciences.co.uk\/wp-content\/uploads\/sites\/9\/2025\/02\/ISO14001_BAB-150x150.jpg 150w, https:\/\/www.vanguardlifesciences.co.uk\/wp-content\/uploads\/sites\/9\/2025\/02\/ISO14001_BAB-768x768.jpg 768w, https:\/\/www.vanguardlifesciences.co.uk\/wp-content\/uploads\/sites\/9\/2025\/02\/ISO14001_BAB-12x12.jpg 12w, https:\/\/www.vanguardlifesciences.co.uk\/wp-content\/uploads\/sites\/9\/2025\/02\/ISO14001_BAB-400x400.jpg 400w, https:\/\/www.vanguardlifesciences.co.uk\/wp-content\/uploads\/sites\/9\/2025\/02\/ISO14001_BAB-600x600.jpg 600w, https:\/\/www.vanguardlifesciences.co.uk\/wp-content\/uploads\/sites\/9\/2025\/02\/ISO14001_BAB.jpg 1200w\" sizes=\"auto, (max-width: 1024px) 100vw, 1024px\" \/><\/figure>\n<div class=\"wp-block-media-text__content\">\n<p><strong>Acreditaci\u00f3n de Gesti\u00f3n Ambiental ISO 14001<\/strong><\/p>\n<p>Para los clientes que priorizan la sostenibilidad, tengan la seguridad de que estamos dedicados a minimizar nuestra huella ambiental.<\/p>\n<p>Nuestra certificaci\u00f3n ISO 14001 nos permite implementar medidas efectivas para gestionar nuestro impacto ambiental. <\/p>\n<\/div>\n<\/div>\n<div class=\"wp-block-media-text is-stacked-on-mobile\" style=\"grid-template-columns:25% auto\">\n<figure class=\"wp-block-media-text__media\"><img loading=\"lazy\" decoding=\"async\" width=\"1024\" height=\"1024\" src=\"https:\/\/www.vanguardhealthcare.co.uk\/wp-content\/uploads\/2025\/02\/ISO45001_BAB-1024x1024.jpg\" alt=\"\" class=\"wp-image-7789 size-full\" srcset=\"https:\/\/www.vanguardlifesciences.co.uk\/wp-content\/uploads\/sites\/9\/2025\/02\/ISO45001_BAB-1024x1024.jpg 1024w, https:\/\/www.vanguardlifesciences.co.uk\/wp-content\/uploads\/sites\/9\/2025\/02\/ISO45001_BAB-300x300.jpg 300w, https:\/\/www.vanguardlifesciences.co.uk\/wp-content\/uploads\/sites\/9\/2025\/02\/ISO45001_BAB-150x150.jpg 150w, https:\/\/www.vanguardlifesciences.co.uk\/wp-content\/uploads\/sites\/9\/2025\/02\/ISO45001_BAB-768x768.jpg 768w, https:\/\/www.vanguardlifesciences.co.uk\/wp-content\/uploads\/sites\/9\/2025\/02\/ISO45001_BAB-12x12.jpg 12w, https:\/\/www.vanguardlifesciences.co.uk\/wp-content\/uploads\/sites\/9\/2025\/02\/ISO45001_BAB-400x400.jpg 400w, https:\/\/www.vanguardlifesciences.co.uk\/wp-content\/uploads\/sites\/9\/2025\/02\/ISO45001_BAB-600x600.jpg 600w, https:\/\/www.vanguardlifesciences.co.uk\/wp-content\/uploads\/sites\/9\/2025\/02\/ISO45001_BAB.jpg 1200w\" sizes=\"auto, (max-width: 1024px) 100vw, 1024px\" \/><\/figure>\n<div class=\"wp-block-media-text__content\">\n<p><strong>Acreditaci\u00f3n de Gesti\u00f3n de Seguridad y Salud ISO 45001<\/strong><\/p>\n<p>Nos dedicamos a superar las expectativas de nuestros clientes y a brindar un servicio excepcional. Nuestra certificaci\u00f3n ISO 45001 subraya este compromiso, garantizando que cumplimos constantemente con los requisitos de salud y seguridad ocupacional y buscamos activamente la retroalimentaci\u00f3n. Este enfoque nos ayuda a identificar oportunidades de mejora, mejorando la seguridad en nuestro lugar de trabajo y garantizando que brindamos continuamente un entorno seguro y saludable para nuestros empleados y clientes.<\/p>\n<\/div>\n<\/div>\n<div class=\"wp-block-media-text is-stacked-on-mobile is-vertically-aligned-center\" style=\"grid-template-columns:25% auto\">\n<figure class=\"wp-block-media-text__media\"><img decoding=\"async\" src=\"https:\/\/www.vanguardhealthcare.co.uk\/wp-content\/uploads\/2026\/01\/mark-of-trust-certificate-of-conformity-BIMdesignandconstruction-black-logo-En-GB-0524-1024x520.jpg\" alt=\"\" class=\"wp-image-8314 size-full\" \/><\/figure>\n<div class=\"wp-block-media-text__content\">\n<p><strong>ISO 19650-2 Certification<\/strong><\/p>\n<p>BSI certification to&nbsp;<strong>BS EN ISO 19650-2:2018<\/strong>&nbsp;demonstrates that Vanguard Healthcare Solutions manages information during the delivery of healthcare facilities in a consistent, secure, and internationally recognised way. For our customers, this provides assurance that clinical design and contracting information is accurate, well governed, and managed collaboratively using Building Information Modelling, helping to reduce risk, improve coordination, and support confident decision making across complex healthcare projects.<\/p>\n<\/div>\n<\/div>\n<div class=\"wp-block-media-text is-stacked-on-mobile is-vertically-aligned-center\" style=\"grid-template-columns:25% auto\">\n<figure class=\"wp-block-media-text__media\"><img loading=\"lazy\" decoding=\"async\" width=\"1024\" height=\"725\" src=\"https:\/\/www.vanguardhealthcare.co.uk\/wp-content\/uploads\/2025\/07\/White-VF-CHAS_LtBG_jpg-1024x725.jpg\" alt=\"\" class=\"wp-image-8067 size-full\" srcset=\"https:\/\/www.vanguardlifesciences.co.uk\/wp-content\/uploads\/sites\/9\/2025\/07\/White-VF-CHAS_LtBG_jpg-1024x725.jpg 1024w, https:\/\/www.vanguardlifesciences.co.uk\/wp-content\/uploads\/sites\/9\/2025\/07\/White-VF-CHAS_LtBG_jpg-300x212.jpg 300w, https:\/\/www.vanguardlifesciences.co.uk\/wp-content\/uploads\/sites\/9\/2025\/07\/White-VF-CHAS_LtBG_jpg-768x544.jpg 768w, https:\/\/www.vanguardlifesciences.co.uk\/wp-content\/uploads\/sites\/9\/2025\/07\/White-VF-CHAS_LtBG_jpg-18x12.jpg 18w, https:\/\/www.vanguardlifesciences.co.uk\/wp-content\/uploads\/sites\/9\/2025\/07\/White-VF-CHAS_LtBG_jpg.jpg 1123w\" sizes=\"auto, (max-width: 1024px) 100vw, 1024px\" \/><\/figure>\n<div class=\"wp-block-media-text__content\">\n<p><strong>\u00c9lite CHAS<\/strong><\/p>\n<p>Obtener la acreditaci\u00f3n CHAS Elite nos garantiza que cumplimos con rigurosos criterios, garantizando no solo el cumplimiento de los requisitos legales, sino tambi\u00e9n la implementaci\u00f3n de las mejores pr\u00e1cticas para la protecci\u00f3n tanto del personal como de los clientes. Refuerza nuestro compromiso con la seguridad en el trabajo y la mitigaci\u00f3n eficaz de riesgos. El estatus CHAS Elite nos da la tranquilidad de que trabajamos con integridad, responsabilidad y profesionalismo. <\/p>\n<\/p>\n<\/p>\n<\/div>\n<\/div>","protected":false},"excerpt":{"rendered":"<p>We know the value that certification brings to businesses and their customers, which is why we\u2019re externally audited to the following on an annual basis: Cyber Essentials Plus Certification&nbsp; Cyber Essentials Plus is a UK government-backed scheme designed to help organisations protect against common online threats. This provides added assurance that we are safeguarding client [&hellip;]<\/p>\n","protected":false},"author":11,"featured_media":0,"parent":0,"menu_order":0,"comment_status":"closed","ping_status":"closed","template":"","meta":{"_acf_changed":false,"footnotes":""},"class_list":["post-8508","page","type-page","status-publish","format-standard","hentry"],"acf":[],"yoast_head":"<!-- This site is optimized with the Yoast SEO plugin v27.3 - https:\/\/yoast.com\/product\/yoast-seo-wordpress\/ -->\n<title>Accreditations and Certifications - Vanguard Life Sciences<\/title>\n<meta name=\"robots\" content=\"index, follow, max-snippet:-1, max-image-preview:large, max-video-preview:-1\" \/>\n<link rel=\"canonical\" href=\"https:\/\/www.vanguardlifesciences.co.uk\/es_es\/accreditations-and-certifications-2\/\" \/>\n<meta property=\"og:locale\" content=\"es_ES\" \/>\n<meta property=\"og:type\" content=\"article\" \/>\n<meta property=\"og:title\" content=\"Accreditations and Certifications - Vanguard Life Sciences\" \/>\n<meta property=\"og:description\" content=\"We know the value that certification brings to businesses and their customers, which is why we\u2019re externally audited to the following on an annual basis: Cyber Essentials Plus Certification&nbsp; Cyber Essentials Plus is a UK government-backed scheme designed to help organisations protect against common online threats. This provides added assurance that we are safeguarding client [&hellip;]\" \/>\n<meta property=\"og:url\" content=\"https:\/\/www.vanguardlifesciences.co.uk\/es_es\/accreditations-and-certifications-2\/\" \/>\n<meta property=\"og:site_name\" content=\"Vanguard Life Sciences\" \/>\n<meta property=\"article:modified_time\" content=\"2026-02-25T16:59:38+00:00\" \/>\n<meta property=\"og:image\" content=\"https:\/\/www.vanguardlifesciences.co.uk\/wp-content\/uploads\/sites\/9\/2025\/03\/Untitled-design-2.png\" \/>\n\t<meta property=\"og:image:width\" content=\"512\" \/>\n\t<meta property=\"og:image:height\" content=\"612\" \/>\n\t<meta property=\"og:image:type\" content=\"image\/png\" \/>\n<meta name=\"twitter:card\" content=\"summary_large_image\" \/>\n<meta name=\"twitter:label1\" content=\"Tiempo de lectura\" \/>\n\t<meta name=\"twitter:data1\" content=\"1 minuto\" \/>\n<script type=\"application\/ld+json\" class=\"yoast-schema-graph\">{\"@context\":\"https:\\\/\\\/schema.org\",\"@graph\":[{\"@type\":\"WebPage\",\"@id\":\"https:\\\/\\\/www.vanguardlifesciences.co.uk\\\/accreditations-and-certifications-2\\\/\",\"url\":\"https:\\\/\\\/www.vanguardlifesciences.co.uk\\\/accreditations-and-certifications-2\\\/\",\"name\":\"Accreditations and Certifications - Vanguard Life Sciences\",\"isPartOf\":{\"@id\":\"https:\\\/\\\/www.vanguardlifesciences.co.uk\\\/#website\"},\"primaryImageOfPage\":{\"@id\":\"https:\\\/\\\/www.vanguardlifesciences.co.uk\\\/accreditations-and-certifications-2\\\/#primaryimage\"},\"image\":{\"@id\":\"https:\\\/\\\/www.vanguardlifesciences.co.uk\\\/accreditations-and-certifications-2\\\/#primaryimage\"},\"thumbnailUrl\":\"https:\\\/\\\/www.vanguardhealthcare.co.uk\\\/wp-content\\\/uploads\\\/2025\\\/03\\\/Untitled-design-2.png\",\"datePublished\":\"2025-02-12T17:18:20+00:00\",\"dateModified\":\"2026-02-25T16:59:38+00:00\",\"breadcrumb\":{\"@id\":\"https:\\\/\\\/www.vanguardlifesciences.co.uk\\\/accreditations-and-certifications-2\\\/#breadcrumb\"},\"inLanguage\":\"es\",\"potentialAction\":[{\"@type\":\"ReadAction\",\"target\":[\"https:\\\/\\\/www.vanguardlifesciences.co.uk\\\/accreditations-and-certifications-2\\\/\"]}]},{\"@type\":\"ImageObject\",\"inLanguage\":\"es\",\"@id\":\"https:\\\/\\\/www.vanguardlifesciences.co.uk\\\/accreditations-and-certifications-2\\\/#primaryimage\",\"url\":\"https:\\\/\\\/www.vanguardhealthcare.co.uk\\\/wp-content\\\/uploads\\\/2025\\\/03\\\/Untitled-design-2.png\",\"contentUrl\":\"https:\\\/\\\/www.vanguardhealthcare.co.uk\\\/wp-content\\\/uploads\\\/2025\\\/03\\\/Untitled-design-2.png\"},{\"@type\":\"BreadcrumbList\",\"@id\":\"https:\\\/\\\/www.vanguardlifesciences.co.uk\\\/accreditations-and-certifications-2\\\/#breadcrumb\",\"itemListElement\":[{\"@type\":\"ListItem\",\"position\":1,\"name\":\"Home\",\"item\":\"https:\\\/\\\/www.vanguardlifesciences.co.uk\\\/\"},{\"@type\":\"ListItem\",\"position\":2,\"name\":\"Accreditations and Certifications\"}]},{\"@type\":\"WebSite\",\"@id\":\"https:\\\/\\\/www.vanguardlifesciences.co.uk\\\/#website\",\"url\":\"https:\\\/\\\/www.vanguardlifesciences.co.uk\\\/\",\"name\":\"Vanguard Life Sciences\",\"description\":\"\",\"potentialAction\":[{\"@type\":\"SearchAction\",\"target\":{\"@type\":\"EntryPoint\",\"urlTemplate\":\"https:\\\/\\\/www.vanguardlifesciences.co.uk\\\/?s={search_term_string}\"},\"query-input\":{\"@type\":\"PropertyValueSpecification\",\"valueRequired\":true,\"valueName\":\"search_term_string\"}}],\"inLanguage\":\"es\"}]}<\/script>\n<!-- \/ Yoast SEO plugin. -->","yoast_head_json":{"title":"Accreditations and Certifications - Vanguard Life Sciences","robots":{"index":"index","follow":"follow","max-snippet":"max-snippet:-1","max-image-preview":"max-image-preview:large","max-video-preview":"max-video-preview:-1"},"canonical":"https:\/\/www.vanguardlifesciences.co.uk\/es_es\/accreditations-and-certifications-2\/","og_locale":"es_ES","og_type":"article","og_title":"Accreditations and Certifications - Vanguard Life Sciences","og_description":"We know the value that certification brings to businesses and their customers, which is why we\u2019re externally audited to the following on an annual basis: Cyber Essentials Plus Certification&nbsp; Cyber Essentials Plus is a UK government-backed scheme designed to help organisations protect against common online threats. This provides added assurance that we are safeguarding client [&hellip;]","og_url":"https:\/\/www.vanguardlifesciences.co.uk\/es_es\/accreditations-and-certifications-2\/","og_site_name":"Vanguard Life Sciences","article_modified_time":"2026-02-25T16:59:38+00:00","og_image":[{"width":512,"height":612,"url":"https:\/\/www.vanguardlifesciences.co.uk\/wp-content\/uploads\/sites\/9\/2025\/03\/Untitled-design-2.png","type":"image\/png"}],"twitter_card":"summary_large_image","twitter_misc":{"Tiempo de lectura":"1 minuto"},"schema":{"@context":"https:\/\/schema.org","@graph":[{"@type":"WebPage","@id":"https:\/\/www.vanguardlifesciences.co.uk\/accreditations-and-certifications-2\/","url":"https:\/\/www.vanguardlifesciences.co.uk\/accreditations-and-certifications-2\/","name":"Accreditations and Certifications - Vanguard Life Sciences","isPartOf":{"@id":"https:\/\/www.vanguardlifesciences.co.uk\/#website"},"primaryImageOfPage":{"@id":"https:\/\/www.vanguardlifesciences.co.uk\/accreditations-and-certifications-2\/#primaryimage"},"image":{"@id":"https:\/\/www.vanguardlifesciences.co.uk\/accreditations-and-certifications-2\/#primaryimage"},"thumbnailUrl":"https:\/\/www.vanguardhealthcare.co.uk\/wp-content\/uploads\/2025\/03\/Untitled-design-2.png","datePublished":"2025-02-12T17:18:20+00:00","dateModified":"2026-02-25T16:59:38+00:00","breadcrumb":{"@id":"https:\/\/www.vanguardlifesciences.co.uk\/accreditations-and-certifications-2\/#breadcrumb"},"inLanguage":"es","potentialAction":[{"@type":"ReadAction","target":["https:\/\/www.vanguardlifesciences.co.uk\/accreditations-and-certifications-2\/"]}]},{"@type":"ImageObject","inLanguage":"es","@id":"https:\/\/www.vanguardlifesciences.co.uk\/accreditations-and-certifications-2\/#primaryimage","url":"https:\/\/www.vanguardhealthcare.co.uk\/wp-content\/uploads\/2025\/03\/Untitled-design-2.png","contentUrl":"https:\/\/www.vanguardhealthcare.co.uk\/wp-content\/uploads\/2025\/03\/Untitled-design-2.png"},{"@type":"BreadcrumbList","@id":"https:\/\/www.vanguardlifesciences.co.uk\/accreditations-and-certifications-2\/#breadcrumb","itemListElement":[{"@type":"ListItem","position":1,"name":"Home","item":"https:\/\/www.vanguardlifesciences.co.uk\/"},{"@type":"ListItem","position":2,"name":"Accreditations and Certifications"}]},{"@type":"WebSite","@id":"https:\/\/www.vanguardlifesciences.co.uk\/#website","url":"https:\/\/www.vanguardlifesciences.co.uk\/","name":"Vanguard Life Sciences","description":"","potentialAction":[{"@type":"SearchAction","target":{"@type":"EntryPoint","urlTemplate":"https:\/\/www.vanguardlifesciences.co.uk\/?s={search_term_string}"},"query-input":{"@type":"PropertyValueSpecification","valueRequired":true,"valueName":"search_term_string"}}],"inLanguage":"es"}]}},"_links":{"self":[{"href":"https:\/\/www.vanguardlifesciences.co.uk\/es_es\/wp-json\/wp\/v2\/pages\/8508","targetHints":{"allow":["GET"]}}],"collection":[{"href":"https:\/\/www.vanguardlifesciences.co.uk\/es_es\/wp-json\/wp\/v2\/pages"}],"about":[{"href":"https:\/\/www.vanguardlifesciences.co.uk\/es_es\/wp-json\/wp\/v2\/types\/page"}],"author":[{"embeddable":true,"href":"https:\/\/www.vanguardlifesciences.co.uk\/es_es\/wp-json\/wp\/v2\/users\/11"}],"replies":[{"embeddable":true,"href":"https:\/\/www.vanguardlifesciences.co.uk\/es_es\/wp-json\/wp\/v2\/comments?post=8508"}],"version-history":[{"count":0,"href":"https:\/\/www.vanguardlifesciences.co.uk\/es_es\/wp-json\/wp\/v2\/pages\/8508\/revisions"}],"wp:attachment":[{"href":"https:\/\/www.vanguardlifesciences.co.uk\/es_es\/wp-json\/wp\/v2\/media?parent=8508"}],"curies":[{"name":"gracias","href":"https:\/\/api.w.org\/{rel}","templated":true}]}}