{"id":367,"date":"2023-06-28T13:15:49","date_gmt":"2023-06-28T13:15:49","guid":{"rendered":"https:\/\/www.vanguardlifesciences.co.uk\/?page_id=367"},"modified":"2023-08-24T10:07:33","modified_gmt":"2023-08-24T10:07:33","slug":"accessibility","status":"publish","type":"page","link":"https:\/\/www.vanguardlifesciences.co.uk\/es_es\/accessibility\/","title":{"rendered":"Accesibilidad"},"content":{"rendered":"<p>Hemos hecho todo lo posible para que este sitio sea accesible y f\u00e1cil de usar para todos.<\/p>\n<\/p>\n<h4 class=\"wp-block-heading\">Roles emblem\u00e1ticos<\/h4>\n<p>Siguiendo las pautas establecidas por la Iniciativa de Accesibilidad Web (WAI) y la Suite de Aplicaciones Ricas de Internet Accesibles (ARIA), se proporcionan roles emblem\u00e1ticos para hacer que el sitio sea m\u00e1s accesible. Roles utilizados para identificar contenido espec\u00edfico o \u00e1reas de navegaci\u00f3n para lectores autom\u00e1ticos y dispositivos de asistencia como lectores de pantalla.<\/p>\n<p>Se han utilizado puntos de referencia para identificar las secciones principales del sitio y los atributos ARIA coinciden con sus funciones.<\/p>\n<\/p>\n<h4 class=\"wp-block-heading\">Soporte para navegadores y dispositivos<\/h4>\n<p>El sitio est\u00e1 construido de manera flexible y es totalmente responsivo para garantizar la mejor experiencia de usuario posible en dispositivos de escritorio, m\u00f3viles y tabletas.<\/p>\n<p>El sitio es totalmente compatible (es decir, la experiencia \u00f3ptima en la que todo el contenido se entrega y es accesible seg\u00fan lo previsto) para la \u00faltima versi\u00f3n de Chrome, Firefox, Safari y Edge en el escritorio, as\u00ed como para la \u00faltima versi\u00f3n de Chrome en Android y Safari en iOS.<\/p>\n<p>La compatibilidad con las dos versiones anteriores de los navegadores enumerados anteriormente est\u00e1 obsoleta (lo que significa que todo el contenido es accesible pero la experiencia del usuario puede verse afectada. La presentaci\u00f3n de HTML, Javascript y CSS se degradar\u00e1 elegantemente (es decir, no generar\u00e1 errores) si el navegador no es capaz de ofrecer el funcionalidad).<\/p>\n<p>Los navegadores m\u00e1s antiguos o los navegadores que no figuran en la lista anterior no son compatibles (lo que significa que el navegador no se prueba y, por lo tanto, parte del contenido puede ser inaccesible y la experiencia puede verse seriamente afectada).<\/p>\n<\/p>\n<h4 class=\"wp-block-heading\">Sem\u00e1ntica<\/h4>\n<p>El marcado HTML5 se utiliza para estructurar el sitio con elementos apropiados que se utilizan para identificar el contenido de forma clara y l\u00f3gica para los motores de b\u00fasqueda o lectores de pantalla.<\/p>\n<\/p>\n<h4 class=\"wp-block-heading\">javascript<\/h4>\n<p>El uso de JavaScript brindar\u00e1 al usuario funciones mejoradas del sitio. Cuando no est\u00e9 disponible, todas las p\u00e1ginas y procesos seguir\u00e1n siendo accesibles.<\/p>\n<\/p>\n<h4 class=\"wp-block-heading\">Formularios<\/h4>\n<p>Todos los campos de los formularios siguen una secuencia de pesta\u00f1as l\u00f3gica para garantizar una navegaci\u00f3n sencilla. Los campos de formulario tambi\u00e9n tienen atributos &#039;etiqueta&#039; e &#039;id&#039; para asociar el campo del formulario con su etiqueta para permitir una f\u00e1cil entrada de datos.<\/p>\n<\/p>\n<h4 class=\"wp-block-heading\">Enlaces<\/h4>\n<p>Todos los enlaces se han escrito para que tengan sentido cuando se sacan de contexto. Cuando corresponde, tambi\u00e9n agregamos atributos de t\u00edtulo de enlace para describir el enlace con mayor detalle.<\/p>\n<\/p>\n<h4 class=\"wp-block-heading\">Tama\u00f1o de fuente<\/h4>\n<p>Los tama\u00f1os de fuente utilizados en el sitio web son totalmente flexibles. Puede cambiar el tama\u00f1o de fuente para hacerla m\u00e1s grande o m\u00e1s peque\u00f1a a trav\u00e9s de la configuraci\u00f3n de su navegador.<\/p>\n<\/p>\n<h4 class=\"wp-block-heading\">Colores<\/h4>\n<p>Hemos tenido cuidado de garantizar que las combinaciones de colores y el contraste del sitio sean efectivos para garantizar que la informaci\u00f3n siga siendo clara cuando todos la vean al tener una relaci\u00f3n de contraste m\u00ednima de 3 en todo el sitio.<\/p>\n<\/p>\n<h4 class=\"wp-block-heading\">Descargas<\/h4>\n<p>Usamos archivos PDF de Adobe para informaci\u00f3n adicional y descargas. Adobe PDF Reader est\u00e1 disponible gratuitamente para su uso en cualquier computadora y se puede descargar <a href=\"https:\/\/get.adobe.com\/uk\/reader\/\" target=\"_blank\" rel=\"noreferrer noopener\">aqu\u00ed<\/a>.<\/p>","protected":false},"excerpt":{"rendered":"<p>We have made every effort to make this site accessible and easy to use for everyone. Landmark roles Following guidance set by the Web Accessibility Initiative (WAI) and the Accessible Rich Internet Applications Suite (ARIA), landmark roles are provided to make the site more accessible. Roles used to identify specific content or navigation areas for [&hellip;]<\/p>\n","protected":false},"author":2,"featured_media":0,"parent":0,"menu_order":0,"comment_status":"closed","ping_status":"closed","template":"","meta":{"_acf_changed":false,"footnotes":""},"class_list":["post-367","page","type-page","status-publish","format-standard","hentry"],"acf":[],"yoast_head":"<!-- This site is optimized with the Yoast SEO plugin v27.3 - https:\/\/yoast.com\/product\/yoast-seo-wordpress\/ -->\n<title>Accessibility - Vanguard Life Sciences<\/title>\n<meta name=\"robots\" content=\"index, follow, max-snippet:-1, max-image-preview:large, max-video-preview:-1\" \/>\n<link rel=\"canonical\" href=\"https:\/\/www.vanguardlifesciences.co.uk\/es_es\/accessibility\/\" \/>\n<meta property=\"og:locale\" content=\"es_ES\" \/>\n<meta property=\"og:type\" content=\"article\" \/>\n<meta property=\"og:title\" content=\"Accessibility - Vanguard Life Sciences\" \/>\n<meta property=\"og:description\" content=\"We have made every effort to make this site accessible and easy to use for everyone. Landmark roles Following guidance set by the Web Accessibility Initiative (WAI) and the Accessible Rich Internet Applications Suite (ARIA), landmark roles are provided to make the site more accessible. Roles used to identify specific content or navigation areas for [&hellip;]\" \/>\n<meta property=\"og:url\" content=\"https:\/\/www.vanguardlifesciences.co.uk\/es_es\/accessibility\/\" \/>\n<meta property=\"og:site_name\" content=\"Vanguard Life Sciences\" \/>\n<meta property=\"article:modified_time\" content=\"2023-08-24T10:07:33+00:00\" \/>\n<meta name=\"twitter:card\" content=\"summary_large_image\" \/>\n<meta name=\"twitter:label1\" content=\"Tiempo de lectura\" \/>\n\t<meta name=\"twitter:data1\" content=\"2 minutos\" \/>\n<script type=\"application\/ld+json\" class=\"yoast-schema-graph\">{\"@context\":\"https:\\\/\\\/schema.org\",\"@graph\":[{\"@type\":\"WebPage\",\"@id\":\"https:\\\/\\\/www.vanguardlifesciences.co.uk\\\/accessibility\\\/\",\"url\":\"https:\\\/\\\/www.vanguardlifesciences.co.uk\\\/accessibility\\\/\",\"name\":\"Accessibility - Vanguard Life Sciences\",\"isPartOf\":{\"@id\":\"https:\\\/\\\/www.vanguardlifesciences.co.uk\\\/#website\"},\"datePublished\":\"2023-06-28T13:15:49+00:00\",\"dateModified\":\"2023-08-24T10:07:33+00:00\",\"breadcrumb\":{\"@id\":\"https:\\\/\\\/www.vanguardlifesciences.co.uk\\\/accessibility\\\/#breadcrumb\"},\"inLanguage\":\"es\",\"potentialAction\":[{\"@type\":\"ReadAction\",\"target\":[\"https:\\\/\\\/www.vanguardlifesciences.co.uk\\\/accessibility\\\/\"]}]},{\"@type\":\"BreadcrumbList\",\"@id\":\"https:\\\/\\\/www.vanguardlifesciences.co.uk\\\/accessibility\\\/#breadcrumb\",\"itemListElement\":[{\"@type\":\"ListItem\",\"position\":1,\"name\":\"Home\",\"item\":\"https:\\\/\\\/www.vanguardlifesciences.co.uk\\\/\"},{\"@type\":\"ListItem\",\"position\":2,\"name\":\"Accessibility\"}]},{\"@type\":\"WebSite\",\"@id\":\"https:\\\/\\\/www.vanguardlifesciences.co.uk\\\/#website\",\"url\":\"https:\\\/\\\/www.vanguardlifesciences.co.uk\\\/\",\"name\":\"Vanguard Life Sciences\",\"description\":\"\",\"potentialAction\":[{\"@type\":\"SearchAction\",\"target\":{\"@type\":\"EntryPoint\",\"urlTemplate\":\"https:\\\/\\\/www.vanguardlifesciences.co.uk\\\/?s={search_term_string}\"},\"query-input\":{\"@type\":\"PropertyValueSpecification\",\"valueRequired\":true,\"valueName\":\"search_term_string\"}}],\"inLanguage\":\"es\"}]}<\/script>\n<!-- \/ Yoast SEO plugin. -->","yoast_head_json":{"title":"Accessibility - Vanguard Life Sciences","robots":{"index":"index","follow":"follow","max-snippet":"max-snippet:-1","max-image-preview":"max-image-preview:large","max-video-preview":"max-video-preview:-1"},"canonical":"https:\/\/www.vanguardlifesciences.co.uk\/es_es\/accessibility\/","og_locale":"es_ES","og_type":"article","og_title":"Accessibility - Vanguard Life Sciences","og_description":"We have made every effort to make this site accessible and easy to use for everyone. Landmark roles Following guidance set by the Web Accessibility Initiative (WAI) and the Accessible Rich Internet Applications Suite (ARIA), landmark roles are provided to make the site more accessible. Roles used to identify specific content or navigation areas for [&hellip;]","og_url":"https:\/\/www.vanguardlifesciences.co.uk\/es_es\/accessibility\/","og_site_name":"Vanguard Life Sciences","article_modified_time":"2023-08-24T10:07:33+00:00","twitter_card":"summary_large_image","twitter_misc":{"Tiempo de lectura":"2 minutos"},"schema":{"@context":"https:\/\/schema.org","@graph":[{"@type":"WebPage","@id":"https:\/\/www.vanguardlifesciences.co.uk\/accessibility\/","url":"https:\/\/www.vanguardlifesciences.co.uk\/accessibility\/","name":"Accessibility - Vanguard Life Sciences","isPartOf":{"@id":"https:\/\/www.vanguardlifesciences.co.uk\/#website"},"datePublished":"2023-06-28T13:15:49+00:00","dateModified":"2023-08-24T10:07:33+00:00","breadcrumb":{"@id":"https:\/\/www.vanguardlifesciences.co.uk\/accessibility\/#breadcrumb"},"inLanguage":"es","potentialAction":[{"@type":"ReadAction","target":["https:\/\/www.vanguardlifesciences.co.uk\/accessibility\/"]}]},{"@type":"BreadcrumbList","@id":"https:\/\/www.vanguardlifesciences.co.uk\/accessibility\/#breadcrumb","itemListElement":[{"@type":"ListItem","position":1,"name":"Home","item":"https:\/\/www.vanguardlifesciences.co.uk\/"},{"@type":"ListItem","position":2,"name":"Accessibility"}]},{"@type":"WebSite","@id":"https:\/\/www.vanguardlifesciences.co.uk\/#website","url":"https:\/\/www.vanguardlifesciences.co.uk\/","name":"Vanguard Life Sciences","description":"","potentialAction":[{"@type":"SearchAction","target":{"@type":"EntryPoint","urlTemplate":"https:\/\/www.vanguardlifesciences.co.uk\/?s={search_term_string}"},"query-input":{"@type":"PropertyValueSpecification","valueRequired":true,"valueName":"search_term_string"}}],"inLanguage":"es"}]}},"_links":{"self":[{"href":"https:\/\/www.vanguardlifesciences.co.uk\/es_es\/wp-json\/wp\/v2\/pages\/367","targetHints":{"allow":["GET"]}}],"collection":[{"href":"https:\/\/www.vanguardlifesciences.co.uk\/es_es\/wp-json\/wp\/v2\/pages"}],"about":[{"href":"https:\/\/www.vanguardlifesciences.co.uk\/es_es\/wp-json\/wp\/v2\/types\/page"}],"author":[{"embeddable":true,"href":"https:\/\/www.vanguardlifesciences.co.uk\/es_es\/wp-json\/wp\/v2\/users\/2"}],"replies":[{"embeddable":true,"href":"https:\/\/www.vanguardlifesciences.co.uk\/es_es\/wp-json\/wp\/v2\/comments?post=367"}],"version-history":[{"count":0,"href":"https:\/\/www.vanguardlifesciences.co.uk\/es_es\/wp-json\/wp\/v2\/pages\/367\/revisions"}],"wp:attachment":[{"href":"https:\/\/www.vanguardlifesciences.co.uk\/es_es\/wp-json\/wp\/v2\/media?parent=367"}],"curies":[{"name":"gracias","href":"https:\/\/api.w.org\/{rel}","templated":true}]}}