{"id":366,"date":"2023-06-28T13:13:23","date_gmt":"2023-06-28T13:13:23","guid":{"rendered":"https:\/\/www.vanguardlifesciences.co.uk\/?page_id=366"},"modified":"2025-06-18T10:27:52","modified_gmt":"2025-06-18T10:27:52","slug":"modern-slavery-and-human-trafficking-statement","status":"publish","type":"page","link":"https:\/\/www.vanguardlifesciences.co.uk\/es_es\/modern-slavery-and-human-trafficking-statement\/","title":{"rendered":"Declaraci\u00f3n sobre la esclavitud moderna y la trata de personas"},"content":{"rendered":"<h3 class=\"wp-block-heading\">Pol\u00edtica<\/h3>\n<p>La esclavitud moderna es un crimen y una violaci\u00f3n de los derechos humanos fundamentales. Adopta diversas formas, como la esclavitud, la servidumbre, el trabajo forzoso y obligatorio y la trata de personas, todas las cuales tienen en com\u00fan la privaci\u00f3n de la libertad de una persona por otra para explotarla para beneficio personal o comercial. El Grupo tiene un enfoque de tolerancia cero hacia la esclavitud moderna. Actuaremos de manera \u00e9tica y con integridad en todos nuestros tratos y relaciones comerciales, implementando y haciendo cumplir sistemas y controles efectivos para garantizar que la esclavitud moderna no tenga lugar en ning\u00fan lugar de nuestro Grupo o nuestras cadenas de suministro. Entendemos que la esclavitud y la trata de personas a menudo se utilizan de forma colectiva.<\/p>\n<p>Estamos comprometidos a garantizar que haya transparencia en nuestro Grupo, en nuestras operaciones comerciales y en nuestro enfoque para abordar la esclavitud moderna en todas nuestras cadenas de suministro. Esto es coherente con nuestras obligaciones de divulgaci\u00f3n en virtud de la Ley de Esclavitud Moderna de 2015.<\/p>\n<h4 class=\"wp-block-heading\">Nuestra cadena de suministro y nuestra gente<\/h4>\n<p>Esperamos los mismos altos est\u00e1ndares \u00e9ticos de todos nuestros contratistas, proveedores y otros socios comerciales. Como parte de nuestro proceso de contrataci\u00f3n, estos est\u00e1ndares y requisitos forman parte de nuestro acuerdo con nuestros subcontratistas.<\/p>\n<p>Esta declaraci\u00f3n se aplica a todas las personas que trabajan para nosotros en nuestra cadena de suministro, en nuestro nombre en cualquier capacidad. Esto incluye empleados de todos los niveles, directores, funcionarios, trabajadores de agencias, trabajadores adscritos, voluntarios, agentes, contratistas, consultores externos y representantes de terceros. y socios comerciales.<\/p>\n<p>Trabajamos en estrecha colaboraci\u00f3n con nuestros proveedores, lo que nos permite identificar cualquier riesgo potencial de incumplimiento.<\/p>\n<h4 class=\"wp-block-heading\">Gobernancia<\/h4>\n<p>Desarrollamos continuamente nuestra gobernanza y controles internos para identificar inquietudes o riesgos sobre el uso de trabajo forzoso, obligatorio o traficado, o sobre cualquier persona sometida a esclavitud o servidumbre, ya sean adultos o ni\u00f1os. Hemos establecido controles para mantener la cadena de suministro con los mismos altos est\u00e1ndares. Somos conscientes de los riesgos y tenemos controles para gestionarlos y la seguridad se proporciona a trav\u00e9s de nuestra estructura de gobierno.<\/p>\n<\/p>\n<h3 class=\"wp-block-heading\">Declaraci\u00f3n<\/h3>\n<ol class=\"wp-block-list\">\n<li><strong>Introducci\u00f3n<\/strong><br \/>Esta declaraci\u00f3n se realiza de conformidad con el art\u00edculo 54(6) de la Ley de Esclavitud Moderna de 2015 y describe nuestras acciones para comprender todos los posibles riesgos de esclavitud moderna relacionados con nuestras empresas e implementar controles para garantizar que no exista esclavitud ni trata de personas en nuestras empresas y cadenas de suministro. Esta declaraci\u00f3n se refiere a las acciones y actividades realizadas durante el ejercicio fiscal finalizado el 31 de diciembre de 2024.<\/li>\n<\/ol>\n<ol class=\"wp-block-list\"><\/ol>\n<p>2. <strong>El negocio<\/strong><br \/>Esta declaraci\u00f3n cubre las actividades de las siguientes entidades del Reino Unido en el Grupo Vanguard (\u201cGrupo\u201d):<\/p>\n<ul class=\"wp-block-list\">\n<li>Vanguard Soluciones sanitarias limitadas<\/li>\n<li>Armada Topco Limited <\/li>\n<li>Armada Midco Limited<\/li>\n<li>Armada Bidco Limited <\/li>\n<li>Proyecto Darwin Bidco Limited<\/li>\n<li>Soluciones sanitarias Vanguard (modulares) limitadas<\/li>\n<\/ul>\n<p>El Grupo lleva m\u00e1s de 25 a\u00f1os proporcionando infraestructura cl\u00ednica flexible, incluyendo equipos, personal y servicios auxiliares, tanto para el sector sanitario p\u00fablico como privado, tanto en el Reino Unido como en el extranjero. El Grupo cuenta con oficinas en el Reino Unido y Australia. En 2024, cont\u00e1bamos con una media de 153 empleados, pero, como organizaci\u00f3n, dependemos de trabajadores temporales y contratistas.<\/p>\n<p>3. <strong>La cadena de suministro y nuestra gente<\/strong><br \/>La cadena de suministro involucrada en el funcionamiento y el dise\u00f1o, fabricaci\u00f3n e instalaci\u00f3n de nuestra estructura cl\u00ednica flexible, y la posterior provisi\u00f3n de personal y equipos es compleja. Involucra m\u00faltiples niveles y organizaciones de diferentes tama\u00f1os. Todos nuestros proveedores tienen su sede en el Reino Unido, Europa o Australia. Utilizaremos a nuestros proveedores directos para gestionar los riesgos de la esclavitud moderna y la trata de personas a lo largo de toda la cadena de suministro. Hemos comunicado nuestras expectativas y requisitos sobre los est\u00e1ndares para convertirnos en uno de nuestros proveedores aprobados para nuestro Grupo, transmiti\u00e9ndolos en cascada a trav\u00e9s de la cadena de suministro.<\/p>\n<p>Operamos pol\u00edticas y procedimientos de empleo que est\u00e1n dise\u00f1ados para tratar a todas las personas que trabajan en nuestro negocio con dignidad y respeto. Les recompensamos justamente por su trabajo y no los explotamos. Esto se aplica a los compromisos con trabajadores de agencias y contratistas. Se realizan revisiones anuales para evaluar si los niveles salariales siguen siendo suficientemente superiores al salario digno nacional. Realizamos controles previos al empleo adecuados a todos nuestros empleados. Exigimos que todas las agencias de empleo hagan lo mismo y nuestro equipo de Personas busca garantizar que esto se haya hecho. Mantenemos c\u00f3digos de conducta profesionales para todos nuestros empleados y trabajadores calificados.<\/p>\n<p>A medida que nos desarrollamos, queremos asegurarnos de mantener la cultura adecuada en todo el Grupo. Se anima a los empleados y trabajadores a informar cualquier inquietud de acuerdo con nuestra Pol\u00edtica de libertad para hablar: plantear inquietudes (denuncia de irregularidades). Hemos realizado formaci\u00f3n en Factores Humanos en todo el Grupo. Seguimos construyendo nuestro <em>Cultura Justa<\/em>Garantizamos un entorno seguro donde las personas conf\u00edan en que pueden y deben reportar sus inquietudes sin ser culpadas. Contamos con un Gerente de Salud, Seguridad y Medio Ambiente en nuestro Grupo, quien se encarga de garantizar el mantenimiento de una cultura laboral adecuada. Nuestra estructura de gobernanza implica que las lecciones aprendidas o los errores se reportan a nivel organizacional y se les da seguimiento, lo que contribuye a nuestra mejora continua y a la certificaci\u00f3n ISO 9001.<\/p>\n<p>Contamos con un proceso de precalificaci\u00f3n para nuestra cadena de suministro, que eval\u00faa los riesgos potenciales de esclavitud, trabajo infantil y trata de personas. Dado que la mayor\u00eda de nuestros proveedores tienen su sede en el Reino Unido y Australia, y muchos operan en sectores especializados, nuestras cadenas de suministro se han evaluado, en general, como de bajo riesgo de incumplimiento de la Ley. Sin embargo, monitoreamos los riesgos para nuestra cadena de suministro y actualizamos nuestro proceso de precalificaci\u00f3n seg\u00fan sea necesario.<\/p>\n<p>Solo trabajaremos con organizaciones en nuestra cadena de suministro que tengan compromisos alineados con el Grupo y puedan brindar garant\u00edas de que no est\u00e1n involucradas en la esclavitud moderna o la trata de personas. Si bien es obligaci\u00f3n de esas organizaciones operar sus propias pol\u00edticas y procedimientos para lograr ese objetivo, monitoreamos a trav\u00e9s de nuestro proceso de precalificaci\u00f3n, gesti\u00f3n de contratos y nuestras pr\u00e1cticas existentes para asegurarnos de que tomamos todas las medidas razonables para verificar el cumplimiento de la Ley.<\/p>\n<p>4. <strong>Acciones tomadas en los \u00faltimos 12 meses<\/strong><\/p>\n<p>Tenemos:<\/p>\n<ul class=\"wp-block-list\">\n<li>Revis\u00f3 y mejor\u00f3 los riesgos y mitigaciones relacionados con nuestra cadena de suministro.<\/li>\n<li>Realizamos una revisi\u00f3n de nuestra Cadena de Suministro para garantizar el cumplimiento de la Ley.<\/li>\n<li>Revisamos nuestros est\u00e1ndares de proveedores y se est\u00e1n aplicando a trav\u00e9s de nuestra cadena de suministro, para proveedores existentes y nuevos proveedores.<\/li>\n<li>Evaluamos continuamente la efectividad de nuestra estructura de gobierno y realizamos modificaciones para garantizar que existan controles para cumplir con la Ley.<\/li>\n<li>Se continu\u00f3 creando conciencia sobre la Ley y los riesgos asociados como parte de nuestro proceso de inducci\u00f3n.<\/li>\n<\/ul>\n<p>5. <strong>Planes de mejora<\/strong><\/p>\n<p>Estaremos:<\/p>\n<ul class=\"wp-block-list\">\n<li>Monitorear el progreso de la posible enmienda a la Ley de Esclavitud Moderna y revisar continuamente las disposiciones de la Ley aplicables a nuestras actividades comerciales.<\/li>\n<li>Avanzar en nuestro compromiso corporativo Ambiental, Social y de Gobernanza (ESG) en todo nuestro Grupo.<\/li>\n<li>Actualizar nuestra gobernanza para garantizar que se cumplan y monitoreen los objetivos ESG.<\/li>\n<li>Revisar nuestra cadena de suministro como m\u00ednimo una vez al a\u00f1o o cuando se identifique el riesgo como parte de nuestra gesti\u00f3n de la cadena de suministro.<\/li>\n<li>Realizar una evaluaci\u00f3n del riesgo de esclavitud moderna con nuestras agencias y proveedores cr\u00edticos.<\/li>\n<li>Mantener nuestro est\u00e1ndar de proveedores para garantizar que cumpla con nuestras ambiciones de ESG y Valor Social.<\/li>\n<li>Monitorear los requisitos del est\u00e1ndar de proveedores del NHS para cumplirlos, pero nuestra ambici\u00f3n sigue siendo superarlos.<\/li>\n<li>Habilitar nuestra estructura de gobierno para que apoye la mejora continua para mitigar los riesgos asociados con el incumplimiento de la Ley o las malas pr\u00e1cticas en nuestra cadena de suministro.<\/li>\n<li>Mejorar la conciencia del Grupo sobre el cumplimiento de la Ley, incluidos el soborno, la corrupci\u00f3n y el trabajo infantil.<\/li>\n<li>Establecer controles y una cultura para fomentar acciones para mitigar los riesgos de incumplimiento de la Ley en todo nuestro Grupo.<\/li>\n<\/ul>\n<p>Esta declaraci\u00f3n ha sido aprobada por el Consejo de Administraci\u00f3n el 6 de junio de 2025, quien la revisar\u00e1 y actualizar\u00e1 anualmente.<\/p>\n<p><strong>Chris Blackwell-Frost<br \/>CEO<br \/>6 de junio de 2025<\/strong><\/p>","protected":false},"excerpt":{"rendered":"<p>Policy Modern slavery is a crime and a violation of fundamental human rights. It takes various forms, such as slavery, servitude, forced and compulsory labour and human trafficking, all of which have in common the deprivation of a person\u2019s liberty by another in order to exploit them for personal or commercial gain. The Group has [&hellip;]<\/p>\n","protected":false},"author":2,"featured_media":0,"parent":0,"menu_order":0,"comment_status":"closed","ping_status":"closed","template":"","meta":{"_acf_changed":false,"footnotes":""},"class_list":["post-366","page","type-page","status-publish","format-standard","hentry"],"acf":[],"yoast_head":"<!-- This site is optimized with the Yoast SEO plugin v27.3 - https:\/\/yoast.com\/product\/yoast-seo-wordpress\/ -->\n<title>Modern slavery and human trafficking statement - Vanguard Life Sciences<\/title>\n<meta name=\"robots\" content=\"index, follow, max-snippet:-1, max-image-preview:large, max-video-preview:-1\" \/>\n<link rel=\"canonical\" href=\"https:\/\/www.vanguardlifesciences.co.uk\/es_es\/modern-slavery-and-human-trafficking-statement\/\" \/>\n<meta property=\"og:locale\" content=\"es_ES\" \/>\n<meta property=\"og:type\" content=\"article\" \/>\n<meta property=\"og:title\" content=\"Modern slavery and human trafficking statement - Vanguard Life Sciences\" \/>\n<meta property=\"og:description\" content=\"Policy Modern slavery is a crime and a violation of fundamental human rights. It takes various forms, such as slavery, servitude, forced and compulsory labour and human trafficking, all of which have in common the deprivation of a person\u2019s liberty by another in order to exploit them for personal or commercial gain. The Group has [&hellip;]\" \/>\n<meta property=\"og:url\" content=\"https:\/\/www.vanguardlifesciences.co.uk\/es_es\/modern-slavery-and-human-trafficking-statement\/\" \/>\n<meta property=\"og:site_name\" content=\"Vanguard Life Sciences\" \/>\n<meta property=\"article:modified_time\" content=\"2025-06-18T10:27:52+00:00\" \/>\n<meta name=\"twitter:card\" content=\"summary_large_image\" \/>\n<meta name=\"twitter:label1\" content=\"Tiempo de lectura\" \/>\n\t<meta name=\"twitter:data1\" content=\"6 minutos\" \/>\n<script type=\"application\/ld+json\" class=\"yoast-schema-graph\">{\"@context\":\"https:\\\/\\\/schema.org\",\"@graph\":[{\"@type\":\"WebPage\",\"@id\":\"https:\\\/\\\/www.vanguardlifesciences.co.uk\\\/modern-slavery-and-human-trafficking-statement\\\/\",\"url\":\"https:\\\/\\\/www.vanguardlifesciences.co.uk\\\/modern-slavery-and-human-trafficking-statement\\\/\",\"name\":\"Modern slavery and human trafficking statement - Vanguard Life Sciences\",\"isPartOf\":{\"@id\":\"https:\\\/\\\/www.vanguardlifesciences.co.uk\\\/#website\"},\"datePublished\":\"2023-06-28T13:13:23+00:00\",\"dateModified\":\"2025-06-18T10:27:52+00:00\",\"breadcrumb\":{\"@id\":\"https:\\\/\\\/www.vanguardlifesciences.co.uk\\\/modern-slavery-and-human-trafficking-statement\\\/#breadcrumb\"},\"inLanguage\":\"es\",\"potentialAction\":[{\"@type\":\"ReadAction\",\"target\":[\"https:\\\/\\\/www.vanguardlifesciences.co.uk\\\/modern-slavery-and-human-trafficking-statement\\\/\"]}]},{\"@type\":\"BreadcrumbList\",\"@id\":\"https:\\\/\\\/www.vanguardlifesciences.co.uk\\\/modern-slavery-and-human-trafficking-statement\\\/#breadcrumb\",\"itemListElement\":[{\"@type\":\"ListItem\",\"position\":1,\"name\":\"Home\",\"item\":\"https:\\\/\\\/www.vanguardlifesciences.co.uk\\\/\"},{\"@type\":\"ListItem\",\"position\":2,\"name\":\"Modern slavery and human trafficking statement\"}]},{\"@type\":\"WebSite\",\"@id\":\"https:\\\/\\\/www.vanguardlifesciences.co.uk\\\/#website\",\"url\":\"https:\\\/\\\/www.vanguardlifesciences.co.uk\\\/\",\"name\":\"Vanguard Life Sciences\",\"description\":\"\",\"potentialAction\":[{\"@type\":\"SearchAction\",\"target\":{\"@type\":\"EntryPoint\",\"urlTemplate\":\"https:\\\/\\\/www.vanguardlifesciences.co.uk\\\/?s={search_term_string}\"},\"query-input\":{\"@type\":\"PropertyValueSpecification\",\"valueRequired\":true,\"valueName\":\"search_term_string\"}}],\"inLanguage\":\"es\"}]}<\/script>\n<!-- \/ Yoast SEO plugin. -->","yoast_head_json":{"title":"Modern slavery and human trafficking statement - Vanguard Life Sciences","robots":{"index":"index","follow":"follow","max-snippet":"max-snippet:-1","max-image-preview":"max-image-preview:large","max-video-preview":"max-video-preview:-1"},"canonical":"https:\/\/www.vanguardlifesciences.co.uk\/es_es\/modern-slavery-and-human-trafficking-statement\/","og_locale":"es_ES","og_type":"article","og_title":"Modern slavery and human trafficking statement - Vanguard Life Sciences","og_description":"Policy Modern slavery is a crime and a violation of fundamental human rights. It takes various forms, such as slavery, servitude, forced and compulsory labour and human trafficking, all of which have in common the deprivation of a person\u2019s liberty by another in order to exploit them for personal or commercial gain. The Group has [&hellip;]","og_url":"https:\/\/www.vanguardlifesciences.co.uk\/es_es\/modern-slavery-and-human-trafficking-statement\/","og_site_name":"Vanguard Life Sciences","article_modified_time":"2025-06-18T10:27:52+00:00","twitter_card":"summary_large_image","twitter_misc":{"Tiempo de lectura":"6 minutos"},"schema":{"@context":"https:\/\/schema.org","@graph":[{"@type":"WebPage","@id":"https:\/\/www.vanguardlifesciences.co.uk\/modern-slavery-and-human-trafficking-statement\/","url":"https:\/\/www.vanguardlifesciences.co.uk\/modern-slavery-and-human-trafficking-statement\/","name":"Modern slavery and human trafficking statement - Vanguard Life Sciences","isPartOf":{"@id":"https:\/\/www.vanguardlifesciences.co.uk\/#website"},"datePublished":"2023-06-28T13:13:23+00:00","dateModified":"2025-06-18T10:27:52+00:00","breadcrumb":{"@id":"https:\/\/www.vanguardlifesciences.co.uk\/modern-slavery-and-human-trafficking-statement\/#breadcrumb"},"inLanguage":"es","potentialAction":[{"@type":"ReadAction","target":["https:\/\/www.vanguardlifesciences.co.uk\/modern-slavery-and-human-trafficking-statement\/"]}]},{"@type":"BreadcrumbList","@id":"https:\/\/www.vanguardlifesciences.co.uk\/modern-slavery-and-human-trafficking-statement\/#breadcrumb","itemListElement":[{"@type":"ListItem","position":1,"name":"Home","item":"https:\/\/www.vanguardlifesciences.co.uk\/"},{"@type":"ListItem","position":2,"name":"Modern slavery and human trafficking statement"}]},{"@type":"WebSite","@id":"https:\/\/www.vanguardlifesciences.co.uk\/#website","url":"https:\/\/www.vanguardlifesciences.co.uk\/","name":"Vanguard Life Sciences","description":"","potentialAction":[{"@type":"SearchAction","target":{"@type":"EntryPoint","urlTemplate":"https:\/\/www.vanguardlifesciences.co.uk\/?s={search_term_string}"},"query-input":{"@type":"PropertyValueSpecification","valueRequired":true,"valueName":"search_term_string"}}],"inLanguage":"es"}]}},"_links":{"self":[{"href":"https:\/\/www.vanguardlifesciences.co.uk\/es_es\/wp-json\/wp\/v2\/pages\/366","targetHints":{"allow":["GET"]}}],"collection":[{"href":"https:\/\/www.vanguardlifesciences.co.uk\/es_es\/wp-json\/wp\/v2\/pages"}],"about":[{"href":"https:\/\/www.vanguardlifesciences.co.uk\/es_es\/wp-json\/wp\/v2\/types\/page"}],"author":[{"embeddable":true,"href":"https:\/\/www.vanguardlifesciences.co.uk\/es_es\/wp-json\/wp\/v2\/users\/2"}],"replies":[{"embeddable":true,"href":"https:\/\/www.vanguardlifesciences.co.uk\/es_es\/wp-json\/wp\/v2\/comments?post=366"}],"version-history":[{"count":0,"href":"https:\/\/www.vanguardlifesciences.co.uk\/es_es\/wp-json\/wp\/v2\/pages\/366\/revisions"}],"wp:attachment":[{"href":"https:\/\/www.vanguardlifesciences.co.uk\/es_es\/wp-json\/wp\/v2\/media?parent=366"}],"curies":[{"name":"gracias","href":"https:\/\/api.w.org\/{rel}","templated":true}]}}