{"id":366,"date":"2023-06-28T13:13:23","date_gmt":"2023-06-28T13:13:23","guid":{"rendered":"https:\/\/www.vanguardlifesciences.co.uk\/?page_id=366"},"modified":"2025-06-18T10:27:52","modified_gmt":"2025-06-18T10:27:52","slug":"modern-slavery-and-human-trafficking-statement","status":"publish","type":"page","link":"https:\/\/www.vanguardlifesciences.co.uk\/de_de\/modern-slavery-and-human-trafficking-statement\/","title":{"rendered":"Erkl\u00e4rung zu moderner Sklaverei und Menschenhandel"},"content":{"rendered":"<h3 class=\"wp-block-heading\">Politik<\/h3>\n<p>Moderne Sklaverei ist ein Verbrechen und ein Versto\u00df gegen grundlegende Menschenrechte. Sie nimmt verschiedene Formen an, wie Sklaverei, Leibeigenschaft, Zwangs- und Pflichtarbeit und Menschenhandel. Allen gemeinsam ist, dass einer Person durch eine andere die Freiheit entzogen wird, um sie f\u00fcr pers\u00f6nliche oder kommerzielle Zwecke auszubeuten. Die Gruppe verfolgt einen Null-Toleranz-Ansatz gegen\u00fcber moderner Sklaverei. Wir werden in all unseren Gesch\u00e4ftsbeziehungen und -beziehungen ethisch und integer handeln und wirksame Systeme und Kontrollen implementieren und durchsetzen, um sicherzustellen, dass moderne Sklaverei nirgendwo in unserer Gruppe oder unseren Lieferketten stattfindet. Wir sind uns bewusst, dass Sklaverei und Menschenhandel oft kollektiv eingesetzt werden.<\/p>\n<p>Wir verpflichten uns, Transparenz in unserem Konzern, unseren Gesch\u00e4ftsabl\u00e4ufen und unserem Ansatz zur Bek\u00e4mpfung moderner Sklaverei in unseren Lieferketten sicherzustellen. Dies steht im Einklang mit unseren Offenlegungspflichten gem\u00e4\u00df dem Modern Slavery Act 2015.<\/p>\n<h4 class=\"wp-block-heading\">Unsere Lieferkette und unsere Mitarbeiter<\/h4>\n<p>Wir erwarten von allen unseren Vertragspartnern, Lieferanten und anderen Gesch\u00e4ftspartnern die gleichen hohen ethischen Standards. Im Rahmen unseres Vertragsprozesses sind diese Standards und Anforderungen Bestandteil unserer Vereinbarung mit unseren Subunternehmern.<\/p>\n<p>Diese Erkl\u00e4rung gilt f\u00fcr alle Personen, die in unserer Lieferkette in irgendeiner Funktion in unserem Namen f\u00fcr uns arbeiten. Dazu geh\u00f6ren Mitarbeiter aller Ebenen, Direktoren, leitende Angestellte, Leiharbeiter, entsandte Mitarbeiter, Freiwillige, Agenten, Auftragnehmer, externe Berater, Vertreter Dritter und Gesch\u00e4ftspartner.<\/p>\n<p>Wir arbeiten eng mit unseren Lieferanten zusammen und k\u00f6nnen dadurch potenzielle Risiken einer Nichteinhaltung erkennen.<\/p>\n<h4 class=\"wp-block-heading\">F\u00fchrung<\/h4>\n<p>Wir entwickeln unsere Unternehmensf\u00fchrung und internen Kontrollen kontinuierlich weiter, um Bedenken oder Risiken im Zusammenhang mit Zwangsarbeit, Zwangsarbeit oder Menschenhandel oder der Sklaverei oder Leibeigenschaft von Menschen, ob Erwachsene oder Kinder, zu erkennen. Wir haben Kontrollen eingerichtet, um die Lieferkette an dieselben hohen Standards zu binden. Wir sind uns der Risiken bewusst und verf\u00fcgen \u00fcber Kontrollen, um sie zu managen. Unsere Unternehmensf\u00fchrungsstruktur bietet Sicherheit.<\/p>\n<\/p>\n<h3 class=\"wp-block-heading\">Stellungnahme<\/h3>\n<ol class=\"wp-block-list\">\n<li><strong>Einf\u00fchrung<\/strong><br \/>Diese Erkl\u00e4rung erfolgt gem\u00e4\u00df Abschnitt 54(6) des Modern Slavery Act 2015 und legt unsere Ma\u00dfnahmen dar, um alle potenziellen Risiken moderner Sklaverei in Bezug auf unsere Gesch\u00e4ftst\u00e4tigkeit zu verstehen und Kontrollen einzuf\u00fchren, die sicherstellen sollen, dass es in unseren eigenen Gesch\u00e4ftst\u00e4tigkeiten und Lieferketten weder Sklaverei noch Menschenhandel gibt. Diese Erkl\u00e4rung bezieht sich auf Ma\u00dfnahmen und Aktivit\u00e4ten im Gesch\u00e4ftsjahr zum 31. Dezember 2024.<\/li>\n<\/ol>\n<ol class=\"wp-block-list\"><\/ol>\n<p>2. <strong>Das Gesch\u00e4ft<\/strong><br \/>Diese Erkl\u00e4rung deckt die Aktivit\u00e4ten der folgenden britischen Unternehmen der Vanguard-Gruppe (\u201eGruppe\u201c) ab:<\/p>\n<ul class=\"wp-block-list\">\n<li>Vanguard Healthcare Solutions Limited<\/li>\n<li>Armada Topco Limited <\/li>\n<li>Armada Midco Limited<\/li>\n<li>Armada Bidco Limited <\/li>\n<li>Projekt Darwin Bidco Limited<\/li>\n<li>Vanguard Healthcare Solutions (Modular) Limited<\/li>\n<\/ul>\n<p>Die Gruppe bietet seit \u00fcber 25 Jahren flexible klinische Infrastruktur, einschlie\u00dflich Ausr\u00fcstung, Personal und Zusatzleistungen, f\u00fcr den \u00f6ffentlichen und privaten Gesundheitssektor in Gro\u00dfbritannien und im Ausland an. Die Gruppe verf\u00fcgt \u00fcber Standorte in Gro\u00dfbritannien und Australien. Im Jahr 2024 besch\u00e4ftigten wir durchschnittlich 153 Mitarbeiter, sind aber als Unternehmen auf Leiharbeiter und Vertragspartner angewiesen.<\/p>\n<p>3. <strong>Die Lieferkette und unsere Mitarbeiter<\/strong><br \/>Die Lieferkette, die mit dem Betrieb, der Gestaltung, Herstellung und Installation unserer flexiblen klinischen Struktur sowie der anschlie\u00dfenden Bereitstellung von Personal und Ausr\u00fcstung verbunden ist, ist komplex. Sie umfasst mehrere Ebenen und Organisationen unterschiedlicher Gr\u00f6\u00dfe. Alle unsere Lieferanten sind entweder in Gro\u00dfbritannien, Europa oder Australien ans\u00e4ssig. Wir werden unsere direkten Lieferanten nutzen, um die Risiken moderner Sklaverei und Menschenhandels in der gesamten Lieferkette zu managen. Wir haben unsere Erwartungen und Anforderungen an die Standards kommuniziert, um einer unserer zugelassenen Lieferanten unserer Gruppe zu werden, und dies durch die Lieferkette hindurch weitergegeben.<\/p>\n<p>Wir betreiben Besch\u00e4ftigungsrichtlinien und -verfahren, die darauf ausgerichtet sind, alle Personen, die in unserem Unternehmen arbeiten, mit W\u00fcrde und Respekt zu behandeln. Wir entlohnen sie fair f\u00fcr ihre Arbeit und beuten sie nicht aus. Dies gilt f\u00fcr die Besch\u00e4ftigung von Leiharbeitern und Vertragsarbeitern. J\u00e4hrliche \u00dcberpr\u00fcfungen werden durchgef\u00fchrt, um sicherzustellen, dass das Lohnniveau weiterhin ausreichend \u00fcber dem nationalen Existenzminimum liegt. Wir f\u00fchren bei allen unseren Mitarbeitern vor der Einstellung entsprechende \u00dcberpr\u00fcfungen durch. Wir verlangen von allen Arbeitsvermittlungsagenturen, dasselbe zu tun, und unser Personalteam verlangt eine Best\u00e4tigung, dass dies getan wurde. Wir halten uns an professionelle Verhaltenskodizes f\u00fcr alle unsere qualifizierten Mitarbeiter und Arbeiter.<\/p>\n<p>W\u00e4hrend wir uns weiterentwickeln, wollen wir sicherstellen, dass wir in der gesamten Gruppe die richtige Kultur aufrechterhalten. Mitarbeiter und Arbeiter werden ermutigt, alle Bedenken im Einklang mit unserer Richtlinie \u201eFreiheit, sich zu \u00e4u\u00dfern: Bedenken \u00e4u\u00dfern (Whistleblowing)\u201c zu melden. Wir haben in der gesamten Gruppe Schulungen zum Thema Human Factors durchgef\u00fchrt. Wir bauen unsere <em>Gerechte Kultur<\/em>Wir sorgen f\u00fcr ein sicheres Arbeitsumfeld, in dem Mitarbeiter darauf vertrauen k\u00f6nnen und sollten, Bedenken ohne Schuldzuweisungen zu melden. Wir haben einen Gesundheits-, Sicherheits- und Umweltmanager f\u00fcr unsere Gruppe, der f\u00fcr die Aufrechterhaltung einer guten Arbeitskultur verantwortlich ist. Unsere Governance-Struktur gew\u00e4hrleistet, dass gewonnene Erkenntnisse oder Fehler organisatorisch gemeldet und weiterverfolgt werden, was unsere kontinuierliche Verbesserung und ISO 9001 f\u00f6rdert.<\/p>\n<p>Wir verf\u00fcgen \u00fcber ein Pr\u00e4qualifizierungsverfahren f\u00fcr unsere Lieferkette, das unsere Lieferketten und die potenziellen Risiken f\u00fcr Sklaverei, Kinderarbeit und Menschenhandel bewertet. Da die meisten unserer Lieferanten in Gro\u00dfbritannien und Australien ans\u00e4ssig sind und viele in spezialisierten und nicht in gering qualifizierten Branchen t\u00e4tig sind, wurde das Risiko unserer Lieferketten hinsichtlich der Nichteinhaltung des Gesetzes insgesamt als gering eingestuft. Die Risiken f\u00fcr unsere Lieferkette werden jedoch \u00fcberwacht, und wir aktualisieren unser Pr\u00e4qualifizierungsverfahren bei Bedarf.<\/p>\n<p>Wir arbeiten in unserer Lieferkette nur mit Organisationen zusammen, die Verpflichtungen im Einklang mit der Gruppe haben und garantieren k\u00f6nnen, dass sie nicht in moderne Sklaverei oder Menschenhandel verwickelt sind. Obwohl diese Organisationen verpflichtet sind, ihre eigenen Richtlinien und Verfahren anzuwenden, um dieses Ziel zu erreichen, \u00fcberwachen wir dies durch unseren Vorqualifizierungsprozess, unser Vertragsmanagement und unsere bestehenden Praktiken, um sicherzustellen, dass wir alle angemessenen Schritte unternehmen, um die Einhaltung des Gesetzes zu \u00fcberpr\u00fcfen.<\/p>\n<p>4. <strong>In den letzten 12 Monaten ergriffene Ma\u00dfnahmen<\/strong><\/p>\n<p>Wir haben:<\/p>\n<ul class=\"wp-block-list\">\n<li>Die Risiken und Minderungsma\u00dfnahmen im Zusammenhang mit unserer Lieferkette wurden \u00fcberpr\u00fcft und verbessert.<\/li>\n<li>Wir haben eine \u00dcberpr\u00fcfung unserer Lieferkette durchgef\u00fchrt, um die Einhaltung des Gesetzes sicherzustellen.<\/li>\n<li>Wir haben \u00fcberpr\u00fcft, dass unsere Lieferantenstandards in unserer gesamten Lieferkette sowohl f\u00fcr bestehende als auch f\u00fcr neue Lieferanten gelten.<\/li>\n<li>Wir bewerten kontinuierlich die Wirksamkeit unserer Governance-Struktur und nehmen \u00c4nderungen vor, um sicherzustellen, dass Kontrollen zur Einhaltung des Gesetzes vorhanden sind.<\/li>\n<li>Im Rahmen unseres Einf\u00fchrungsprozesses haben wir weiterhin das Bewusstsein f\u00fcr das Gesetz und die damit verbundenen Risiken gesch\u00e4rft.<\/li>\n<\/ul>\n<p>5. <strong>Verbesserungspl\u00e4ne<\/strong><\/p>\n<p>Wir werden sein:<\/p>\n<ul class=\"wp-block-list\">\n<li>\u00dcberwachung des Fortschritts der m\u00f6glichen \u00c4nderung des Modern Slavery Act und kontinuierliche \u00dcberpr\u00fcfung der Bestimmungen des Gesetzes in Bezug auf unsere Gesch\u00e4ftst\u00e4tigkeiten.<\/li>\n<li>Wir treiben unser Engagement f\u00fcr die Bereiche Umwelt, Soziales und Unternehmensf\u00fchrung (ESG) in der gesamten Gruppe voran.<\/li>\n<li>Aktualisierung unserer Governance, um sicherzustellen, dass ESG-Ziele erreicht und \u00fcberwacht werden.<\/li>\n<li>\u00dcberpr\u00fcfung unserer Lieferkette mindestens einmal j\u00e4hrlich oder wenn im Rahmen unseres Lieferkettenmanagements ein Risiko festgestellt wird.<\/li>\n<li>F\u00fchren Sie mit unseren Agenturen und wichtigen Lieferanten eine Risikobewertung zur modernen Sklaverei durch.<\/li>\n<li>Halten Sie unseren Lieferantenstandard aufrecht, um sicherzustellen, dass er unseren ESG- und Social-Value-Ambitionen entspricht.<\/li>\n<li>Wir \u00fcberwachen die Anforderungen der NHS-Standardanforderungen f\u00fcr Lieferanten, damit wir sie erf\u00fcllen, unser Anspruch besteht jedoch weiterhin darin, sie zu \u00fcbertreffen.<\/li>\n<li>Wir gestalten unsere Governance-Struktur so um, dass sie kontinuierliche Verbesserungen unterst\u00fctzt, um die mit der Nichteinhaltung des Gesetzes oder schlechten Praktiken in unserer Lieferkette verbundenen Risiken zu mindern.<\/li>\n<li>Verbesserung des Bewusstseins der Gruppe f\u00fcr die Einhaltung des Gesetzes, einschlie\u00dflich Bestechung, Korruption und Kinderarbeit.<\/li>\n<li>Einf\u00fchrung von Kontrollen und einer Kultur, die Ma\u00dfnahmen zur Minderung der Risiken einer Nichteinhaltung des Gesetzes in unserer gesamten Gruppe f\u00f6rdert.<\/li>\n<\/ul>\n<p>Diese Erkl\u00e4rung wurde am 6. Juni 2025 vom Vorstand genehmigt, der sie j\u00e4hrlich \u00fcberpr\u00fcfen und aktualisieren wird.<\/p>\n<p><strong>Chris Blackwell-Frost<br \/>CEO<br \/>6. Juni 2025<\/strong><\/p>","protected":false},"excerpt":{"rendered":"<p>Policy Modern slavery is a crime and a violation of fundamental human rights. It takes various forms, such as slavery, servitude, forced and compulsory labour and human trafficking, all of which have in common the deprivation of a person\u2019s liberty by another in order to exploit them for personal or commercial gain. The Group has [&hellip;]<\/p>\n","protected":false},"author":2,"featured_media":0,"parent":0,"menu_order":0,"comment_status":"closed","ping_status":"closed","template":"","meta":{"_acf_changed":false,"footnotes":""},"class_list":["post-366","page","type-page","status-publish","format-standard","hentry"],"acf":[],"yoast_head":"<!-- This site is optimized with the Yoast SEO plugin v27.3 - https:\/\/yoast.com\/product\/yoast-seo-wordpress\/ -->\n<title>Modern slavery and human trafficking statement - Vanguard Life Sciences<\/title>\n<meta name=\"robots\" content=\"index, follow, max-snippet:-1, max-image-preview:large, max-video-preview:-1\" \/>\n<link rel=\"canonical\" href=\"https:\/\/www.vanguardlifesciences.co.uk\/de_de\/modern-slavery-and-human-trafficking-statement\/\" \/>\n<meta property=\"og:locale\" content=\"de_DE\" \/>\n<meta property=\"og:type\" content=\"article\" \/>\n<meta property=\"og:title\" content=\"Modern slavery and human trafficking statement - Vanguard Life Sciences\" \/>\n<meta property=\"og:description\" content=\"Policy Modern slavery is a crime and a violation of fundamental human rights. It takes various forms, such as slavery, servitude, forced and compulsory labour and human trafficking, all of which have in common the deprivation of a person\u2019s liberty by another in order to exploit them for personal or commercial gain. The Group has [&hellip;]\" \/>\n<meta property=\"og:url\" content=\"https:\/\/www.vanguardlifesciences.co.uk\/de_de\/modern-slavery-and-human-trafficking-statement\/\" \/>\n<meta property=\"og:site_name\" content=\"Vanguard Life Sciences\" \/>\n<meta property=\"article:modified_time\" content=\"2025-06-18T10:27:52+00:00\" \/>\n<meta name=\"twitter:card\" content=\"summary_large_image\" \/>\n<meta name=\"twitter:label1\" content=\"Gesch\u00e4tzte Lesezeit\" \/>\n\t<meta name=\"twitter:data1\" content=\"6 Minuten\" \/>\n<script type=\"application\/ld+json\" class=\"yoast-schema-graph\">{\"@context\":\"https:\\\/\\\/schema.org\",\"@graph\":[{\"@type\":\"WebPage\",\"@id\":\"https:\\\/\\\/www.vanguardlifesciences.co.uk\\\/modern-slavery-and-human-trafficking-statement\\\/\",\"url\":\"https:\\\/\\\/www.vanguardlifesciences.co.uk\\\/modern-slavery-and-human-trafficking-statement\\\/\",\"name\":\"Modern slavery and human trafficking statement - Vanguard Life Sciences\",\"isPartOf\":{\"@id\":\"https:\\\/\\\/www.vanguardlifesciences.co.uk\\\/#website\"},\"datePublished\":\"2023-06-28T13:13:23+00:00\",\"dateModified\":\"2025-06-18T10:27:52+00:00\",\"breadcrumb\":{\"@id\":\"https:\\\/\\\/www.vanguardlifesciences.co.uk\\\/modern-slavery-and-human-trafficking-statement\\\/#breadcrumb\"},\"inLanguage\":\"de-DE\",\"potentialAction\":[{\"@type\":\"ReadAction\",\"target\":[\"https:\\\/\\\/www.vanguardlifesciences.co.uk\\\/modern-slavery-and-human-trafficking-statement\\\/\"]}]},{\"@type\":\"BreadcrumbList\",\"@id\":\"https:\\\/\\\/www.vanguardlifesciences.co.uk\\\/modern-slavery-and-human-trafficking-statement\\\/#breadcrumb\",\"itemListElement\":[{\"@type\":\"ListItem\",\"position\":1,\"name\":\"Home\",\"item\":\"https:\\\/\\\/www.vanguardlifesciences.co.uk\\\/\"},{\"@type\":\"ListItem\",\"position\":2,\"name\":\"Modern slavery and human trafficking statement\"}]},{\"@type\":\"WebSite\",\"@id\":\"https:\\\/\\\/www.vanguardlifesciences.co.uk\\\/#website\",\"url\":\"https:\\\/\\\/www.vanguardlifesciences.co.uk\\\/\",\"name\":\"Vanguard Life Sciences\",\"description\":\"\",\"potentialAction\":[{\"@type\":\"SearchAction\",\"target\":{\"@type\":\"EntryPoint\",\"urlTemplate\":\"https:\\\/\\\/www.vanguardlifesciences.co.uk\\\/?s={search_term_string}\"},\"query-input\":{\"@type\":\"PropertyValueSpecification\",\"valueRequired\":true,\"valueName\":\"search_term_string\"}}],\"inLanguage\":\"de-DE\"}]}<\/script>\n<!-- \/ Yoast SEO plugin. -->","yoast_head_json":{"title":"Modern slavery and human trafficking statement - Vanguard Life Sciences","robots":{"index":"index","follow":"follow","max-snippet":"max-snippet:-1","max-image-preview":"max-image-preview:large","max-video-preview":"max-video-preview:-1"},"canonical":"https:\/\/www.vanguardlifesciences.co.uk\/de_de\/modern-slavery-and-human-trafficking-statement\/","og_locale":"de_DE","og_type":"article","og_title":"Modern slavery and human trafficking statement - Vanguard Life Sciences","og_description":"Policy Modern slavery is a crime and a violation of fundamental human rights. It takes various forms, such as slavery, servitude, forced and compulsory labour and human trafficking, all of which have in common the deprivation of a person\u2019s liberty by another in order to exploit them for personal or commercial gain. The Group has [&hellip;]","og_url":"https:\/\/www.vanguardlifesciences.co.uk\/de_de\/modern-slavery-and-human-trafficking-statement\/","og_site_name":"Vanguard Life Sciences","article_modified_time":"2025-06-18T10:27:52+00:00","twitter_card":"summary_large_image","twitter_misc":{"Gesch\u00e4tzte Lesezeit":"6 Minuten"},"schema":{"@context":"https:\/\/schema.org","@graph":[{"@type":"WebPage","@id":"https:\/\/www.vanguardlifesciences.co.uk\/modern-slavery-and-human-trafficking-statement\/","url":"https:\/\/www.vanguardlifesciences.co.uk\/modern-slavery-and-human-trafficking-statement\/","name":"Modern slavery and human trafficking statement - Vanguard Life Sciences","isPartOf":{"@id":"https:\/\/www.vanguardlifesciences.co.uk\/#website"},"datePublished":"2023-06-28T13:13:23+00:00","dateModified":"2025-06-18T10:27:52+00:00","breadcrumb":{"@id":"https:\/\/www.vanguardlifesciences.co.uk\/modern-slavery-and-human-trafficking-statement\/#breadcrumb"},"inLanguage":"de-DE","potentialAction":[{"@type":"ReadAction","target":["https:\/\/www.vanguardlifesciences.co.uk\/modern-slavery-and-human-trafficking-statement\/"]}]},{"@type":"BreadcrumbList","@id":"https:\/\/www.vanguardlifesciences.co.uk\/modern-slavery-and-human-trafficking-statement\/#breadcrumb","itemListElement":[{"@type":"ListItem","position":1,"name":"Home","item":"https:\/\/www.vanguardlifesciences.co.uk\/"},{"@type":"ListItem","position":2,"name":"Modern slavery and human trafficking statement"}]},{"@type":"WebSite","@id":"https:\/\/www.vanguardlifesciences.co.uk\/#website","url":"https:\/\/www.vanguardlifesciences.co.uk\/","name":"Vanguard Life Sciences","description":"","potentialAction":[{"@type":"SearchAction","target":{"@type":"EntryPoint","urlTemplate":"https:\/\/www.vanguardlifesciences.co.uk\/?s={search_term_string}"},"query-input":{"@type":"PropertyValueSpecification","valueRequired":true,"valueName":"search_term_string"}}],"inLanguage":"de-DE"}]}},"_links":{"self":[{"href":"https:\/\/www.vanguardlifesciences.co.uk\/de_de\/wp-json\/wp\/v2\/pages\/366","targetHints":{"allow":["GET"]}}],"collection":[{"href":"https:\/\/www.vanguardlifesciences.co.uk\/de_de\/wp-json\/wp\/v2\/pages"}],"about":[{"href":"https:\/\/www.vanguardlifesciences.co.uk\/de_de\/wp-json\/wp\/v2\/types\/page"}],"author":[{"embeddable":true,"href":"https:\/\/www.vanguardlifesciences.co.uk\/de_de\/wp-json\/wp\/v2\/users\/2"}],"replies":[{"embeddable":true,"href":"https:\/\/www.vanguardlifesciences.co.uk\/de_de\/wp-json\/wp\/v2\/comments?post=366"}],"version-history":[{"count":0,"href":"https:\/\/www.vanguardlifesciences.co.uk\/de_de\/wp-json\/wp\/v2\/pages\/366\/revisions"}],"wp:attachment":[{"href":"https:\/\/www.vanguardlifesciences.co.uk\/de_de\/wp-json\/wp\/v2\/media?parent=366"}],"curies":[{"name":"wp","href":"https:\/\/api.w.org\/{rel}","templated":true}]}}