{"id":366,"date":"2023-06-28T13:13:23","date_gmt":"2023-06-28T13:13:23","guid":{"rendered":"https:\/\/www.vanguardlifesciences.co.uk\/?page_id=366"},"modified":"2025-06-18T10:27:52","modified_gmt":"2025-06-18T10:27:52","slug":"modern-slavery-and-human-trafficking-statement","status":"publish","type":"page","link":"https:\/\/www.vanguardlifesciences.co.uk\/da_dk\/modern-slavery-and-human-trafficking-statement\/","title":{"rendered":"Erkl\u00e6ring om moderne slaveri og menneskehandel"},"content":{"rendered":"<h3 class=\"wp-block-heading\">Politik<\/h3>\n<p>Moderne slaveri er en forbrydelse og en kr\u00e6nkelse af grundl\u00e6ggende menneskerettigheder. Det antager forskellige former, s\u00e5som slaveri, tr\u00e6ldom, tvangs- og tvangsarbejde og menneskehandel, som alle har det til f\u00e6lles, at en anden persons frihedsber\u00f8velse for at udnytte dem til personlig eller kommerciel vinding. Koncernen har en nul-tolerance tilgang til moderne slaveri. Vi vil handle etisk og med integritet i alle vores forretningsforbindelser og relationer, implementere og h\u00e5ndh\u00e6ve effektive systemer og kontroller for at sikre, at moderne slaveri ikke finder sted nogen steder i vores gruppe eller vores forsyningsk\u00e6der. Vi forst\u00e5r, at slaveri og menneskehandel ofte bruges i f\u00e6llesskab.<\/p>\n<p>Vi er forpligtet til at sikre, at der er gennemsigtighed i vores gruppe, forretningsdrift og i vores tilgang til at tackle moderne slaveri gennem vores forsyningsk\u00e6der. Dette er i overensstemmelse med vores oplysningsforpligtelser i henhold til Modern Slavery Act 2015.<\/p>\n<h4 class=\"wp-block-heading\">Vores forsyningsk\u00e6de og mennesker<\/h4>\n<p>Vi forventer de samme h\u00f8je etiske standarder fra alle vores entrepren\u00f8rer, leverand\u00f8rer og andre forretningspartnere. Som en del af vores kontraktproces er disse standarder og krav en del af vores aftale med vores underleverand\u00f8rer.<\/p>\n<p>Denne erkl\u00e6ring g\u00e6lder for alle personer, der arbejder for os i vores forsyningsk\u00e6de, p\u00e5 vores vegne i enhver egenskab. Dette omfatter medarbejdere p\u00e5 alle niveauer, direkt\u00f8rer, officerer, vikarer, udstationerede medarbejdere, frivillige, agenter, entrepren\u00f8rer, eksterne konsulenter, tredjepartsrepr\u00e6sentanter og forretningspartnere.<\/p>\n<p>Vi arbejder t\u00e6t sammen med vores leverand\u00f8rer, hvilket g\u00f8r det muligt for os at identificere eventuelle risici for manglende overholdelse.<\/p>\n<h4 class=\"wp-block-heading\">Governance<\/h4>\n<p>Vi udvikler l\u00f8bende vores styring og interne kontroller for at identificere bekymringer eller risici i forbindelse med brugen af tvangs-, obligatorisk eller handlet arbejdskraft eller nogen, der holdes i slaveri eller tr\u00e6ldom, uanset om det er voksne eller b\u00f8rn. Vi har etableret kontroller for at holde forsyningsk\u00e6den til de samme h\u00f8je standarder. Vi er opm\u00e6rksomme p\u00e5 risiciene og har kontrol til at styre dem, og der gives sikkerhed gennem vores ledelsesstruktur.<\/p>\n<\/p>\n<h3 class=\"wp-block-heading\">Udmelding<\/h3>\n<ol class=\"wp-block-list\">\n<li><strong>Introduktion<\/strong><br \/>Denne erkl\u00e6ring er udarbejdet i henhold til paragraf 54(6) i Modern Slavery Act 2015 og beskriver vores handlinger for at forst\u00e5 alle potentielle risici for moderne slaveri i forbindelse med vores virksomheder og for at indf\u00f8re kontroller, der har til form\u00e5l at sikre, at der ikke forekommer slaveri eller menneskehandel i vores egne virksomheder og forsyningsk\u00e6der. Denne erkl\u00e6ring vedr\u00f8rer handlinger og aktiviteter i l\u00f8bet af regnskabs\u00e5ret, der sluttede den 31. december 2024.<\/li>\n<\/ol>\n<ol class=\"wp-block-list\"><\/ol>\n<p>2. <strong>Firmaet<\/strong><br \/>Denne erkl\u00e6ring d\u00e6kker aktiviteterne i f\u00f8lgende britiske enheder i Vanguard Group (&quot;Group&quot;):<\/p>\n<ul class=\"wp-block-list\">\n<li>Vanguard Healthcare Solutions Limited<\/li>\n<li>Armada Topco Limited <\/li>\n<li>Armada Midco Limited<\/li>\n<li>Armada Bidco Limited <\/li>\n<li>Projekt Darwin Bidco Limited<\/li>\n<li>Vanguard Healthcare Solutions (Modular) Limited<\/li>\n<\/ul>\n<p>Koncernen har leveret fleksibel klinisk infrastruktur i over 25 \u00e5r, herunder udstyr, personale og supplerende tjenester til b\u00e5de den offentlige og private sundhedssektor i Storbritannien og i udlandet. Koncernen har lokationer i Storbritannien og Australien. I 2024 havde vi i gennemsnit 153 ansatte, men som organisation er vi afh\u00e6ngige af vikarer og entrepren\u00f8rer.<\/p>\n<p>3. <strong>Forsyningsk\u00e6den og vores folk<\/strong><br \/>Forsyningsk\u00e6den involveret i driften af og design, fremstilling og installation af vores fleksible kliniske struktur, og den efterf\u00f8lgende levering af personale og udstyr er kompleks. Det involverer flere niveauer og organisationer af forskellig st\u00f8rrelse. Alle vores leverand\u00f8rer er enten baseret i Storbritannien, Europa eller Australien. Vi vil bruge vores direkte leverand\u00f8rer til at styre risiciene ved moderne slaveri og menneskehandel gennem hele forsyningsk\u00e6den. Vi har kommunikeret vores forventninger og krav til standarderne for at blive en af vores godkendte leverand\u00f8rer til vores gruppe, og vi har formidlet dette gennem forsyningsk\u00e6den.<\/p>\n<p>Vi har ans\u00e6ttelsespolitikker og -procedurer, der er designet til at behandle alle personer, der arbejder i vores virksomhed, med v\u00e6rdighed og respekt. Vi bel\u00f8nner dem retf\u00e6rdigt for deres arbejde og udnytter dem ikke. Dette g\u00e6lder for engagementer med vikarer og entrepren\u00f8rer. Der foretages \u00e5rlige unders\u00f8gelser for at vurdere, at l\u00f8nniveauet forbliver tilstr\u00e6kkeligt over den nationale level\u00f8n. Vi foretager passende kontrol f\u00f8r ans\u00e6ttelse af alle vores medarbejdere. Vi kr\u00e6ver, at alle vikarbureauer g\u00f8r det samme, og vores personaleteam s\u00f8ger en forsikring om, at dette er blevet udf\u00f8rt. Vi opretholder professionelle adf\u00e6rdskodekser for alle vores kvalificerede medarbejdere og arbejdere.<\/p>\n<p>Efterh\u00e5nden som vi udvikler os, \u00f8nsker vi at sikre, at vi bevarer den rette kultur p\u00e5 tv\u00e6rs af koncernen. Medarbejdere og arbejdere opfordres til at rapportere eventuelle bekymringer i overensstemmelse med vores frihed til at sige op: at rejse bekymringer (whistleblowing) politik. Vi har gennemf\u00f8rt Human Factors-tr\u00e6ning p\u00e5 tv\u00e6rs af koncernen. Vi forts\u00e6tter med at bygge vores <em>Bare kultur<\/em>, hvilket sikrer et sikkert milj\u00f8, hvor enkeltpersoner har tillid til, at de kan og b\u00f8r rapportere bekymringer uden at bebrejde dem. Vi har en sundheds-, sikkerheds- og milj\u00f8chef for vores gruppe, som er ansvarlig for at sikre, at den rette arbejdskultur opretholdes. Vores ledelsesstruktur betyder, at erfaringer eller fejl rapporteres organisatorisk og f\u00f8lges op, hvilket informerer vores l\u00f8bende forbedringer og ISO9001.<\/p>\n<p>Vi har en pr\u00e6kvalifikationsproces for vores forsyningsk\u00e6de, der vurderer vores forsyningsk\u00e6der og de potentielle risici for slaveri, b\u00f8rnearbejde og menneskehandel. Da de fleste af vores leverand\u00f8rer er baseret i Storbritannien og Australien, og mange opererer i specialiserede snarere end lavtuddannede industrier, er vores forsyningsk\u00e6der samlet set blevet vurderet som v\u00e6rende med lav risiko med hensyn til manglende overholdelse af loven. Risiciene for vores forsyningsk\u00e6de overv\u00e5ges dog, og vi opdaterer vores pr\u00e6kvalifikationsproces efter behov.<\/p>\n<p>Vi vil kun arbejde med organisationer i vores forsyningsk\u00e6de, der har forpligtelser p\u00e5 linje med koncernen og kan give sikkerhed for, at de ikke er involveret i moderne slaveri eller menneskesmugling. Selvom det er disse organisationers forpligtelse at anvende deres egne politikker og procedurer for at n\u00e5 dette m\u00e5l, overv\u00e5ger vi gennem vores pr\u00e6kvalifikationsproces, kontraktstyring og vores eksisterende praksis for at sikre, at vi tager alle rimelige skridt for at verificere overholdelsen af loven.<\/p>\n<p>4. <strong>Handlinger truffet inden for de seneste 12 m\u00e5neder<\/strong><\/p>\n<p>Vi har:<\/p>\n<ul class=\"wp-block-list\">\n<li>Vi har gennemg\u00e5et og forbedret risiciene og afb\u00f8dningerne i forbindelse med vores forsyningsk\u00e6de.<\/li>\n<li>Foretaget en gennemgang af vores forsyningsk\u00e6de for at sikre overholdelse af loven.<\/li>\n<li>Vi har gennemg\u00e5et vores leverand\u00f8rstandarder, som bliver anvendt i hele vores forsyningsk\u00e6de, b\u00e5de for eksisterende og nye leverand\u00f8rer.<\/li>\n<li>Vurder l\u00f8bende effektiviteten af vores ledelsesstruktur og foretaget \u00e6ndringer for at sikre, at der er kontrol p\u00e5 plads for at overholde loven.<\/li>\n<li>Fortsatte med at \u00f8ge bevidstheden om loven og tilknyttede risici som en del af vores introduktionsproces.<\/li>\n<\/ul>\n<p>5. <strong>Forbedringsplaner<\/strong><\/p>\n<p>Vi vil v\u00e6re:<\/p>\n<ul class=\"wp-block-list\">\n<li>Overv\u00e5ge fremskridtene med den potentielle \u00e6ndring af Modern Slavery Act og l\u00f8bende gennemg\u00e5 lovens bestemmelser, som g\u00e6lder for vores forretningsaktiviteter.<\/li>\n<li>Fremskridt vores virksomheds milj\u00f8m\u00e6ssige, sociale og ledelsesforpligtelse (ESG) i hele vores gruppe.<\/li>\n<li>Opdatering af vores governance for at sikre, at ESG-m\u00e5l n\u00e5s og overv\u00e5ges.<\/li>\n<li>Gennemgang af vores forsyningsk\u00e6de mindst \u00e9n gang \u00e5rligt, eller n\u00e5r risikoen identificeres som en del af vores forsyningsk\u00e6destyring.<\/li>\n<li>Foretag en moderne slaveririsikovurdering med vores bureauer og kritiske leverand\u00f8rer.<\/li>\n<li>Vedligehold vores leverand\u00f8rstandard for at sikre, at den lever op til vores ESG- og Social Value-ambitioner.<\/li>\n<li>Overv\u00e5ger kravene i NHS-leverand\u00f8rens standardkrav, s\u00e5 vi opfylder dem, men vores ambition er fortsat at overg\u00e5 dem.<\/li>\n<li>Aktivering af vores ledelsesstruktur, s\u00e5 den underst\u00f8tter l\u00f8bende forbedringer for at mindske risici forbundet med manglende overholdelse af loven eller d\u00e5rlig praksis i vores forsyningsk\u00e6de.<\/li>\n<li>Forbedring af gruppens bevidsthed om overholdelse af loven, herunder bestikkelse og korruption og b\u00f8rnearbejde.<\/li>\n<li>Etablering af kontroller og en kultur for at tilskynde til handling for at mindske risici for manglende overholdelse af loven p\u00e5 tv\u00e6rs af vores gruppe.<\/li>\n<\/ul>\n<p>Denne erkl\u00e6ring blev godkendt af bestyrelsen den 6. juni 2025, som vil gennemg\u00e5 og opdatere den \u00e5rligt.<\/p>\n<p><strong>Chris Blackwell-Frost<br \/>direkt\u00f8r<br \/>6. juni 2025<\/strong><\/p>","protected":false},"excerpt":{"rendered":"<p>Policy Modern slavery is a crime and a violation of fundamental human rights. It takes various forms, such as slavery, servitude, forced and compulsory labour and human trafficking, all of which have in common the deprivation of a person\u2019s liberty by another in order to exploit them for personal or commercial gain. The Group has [&hellip;]<\/p>\n","protected":false},"author":2,"featured_media":0,"parent":0,"menu_order":0,"comment_status":"closed","ping_status":"closed","template":"","meta":{"_acf_changed":false,"footnotes":""},"class_list":["post-366","page","type-page","status-publish","format-standard","hentry"],"acf":[],"yoast_head":"<!-- This site is optimized with the Yoast SEO plugin v27.3 - https:\/\/yoast.com\/product\/yoast-seo-wordpress\/ -->\n<title>Modern slavery and human trafficking statement - Vanguard Life Sciences<\/title>\n<meta name=\"robots\" content=\"index, follow, max-snippet:-1, max-image-preview:large, max-video-preview:-1\" \/>\n<link rel=\"canonical\" href=\"https:\/\/www.vanguardlifesciences.co.uk\/da_dk\/modern-slavery-and-human-trafficking-statement\/\" \/>\n<meta property=\"og:locale\" content=\"da_DK\" \/>\n<meta property=\"og:type\" content=\"article\" \/>\n<meta property=\"og:title\" content=\"Modern slavery and human trafficking statement - Vanguard Life Sciences\" \/>\n<meta property=\"og:description\" content=\"Policy Modern slavery is a crime and a violation of fundamental human rights. It takes various forms, such as slavery, servitude, forced and compulsory labour and human trafficking, all of which have in common the deprivation of a person\u2019s liberty by another in order to exploit them for personal or commercial gain. The Group has [&hellip;]\" \/>\n<meta property=\"og:url\" content=\"https:\/\/www.vanguardlifesciences.co.uk\/da_dk\/modern-slavery-and-human-trafficking-statement\/\" \/>\n<meta property=\"og:site_name\" content=\"Vanguard Life Sciences\" \/>\n<meta property=\"article:modified_time\" content=\"2025-06-18T10:27:52+00:00\" \/>\n<meta name=\"twitter:card\" content=\"summary_large_image\" \/>\n<meta name=\"twitter:label1\" content=\"Estimeret l\u00e6setid\" \/>\n\t<meta name=\"twitter:data1\" content=\"6 minutter\" \/>\n<script type=\"application\/ld+json\" class=\"yoast-schema-graph\">{\"@context\":\"https:\\\/\\\/schema.org\",\"@graph\":[{\"@type\":\"WebPage\",\"@id\":\"https:\\\/\\\/www.vanguardlifesciences.co.uk\\\/modern-slavery-and-human-trafficking-statement\\\/\",\"url\":\"https:\\\/\\\/www.vanguardlifesciences.co.uk\\\/modern-slavery-and-human-trafficking-statement\\\/\",\"name\":\"Modern slavery and human trafficking statement - Vanguard Life Sciences\",\"isPartOf\":{\"@id\":\"https:\\\/\\\/www.vanguardlifesciences.co.uk\\\/#website\"},\"datePublished\":\"2023-06-28T13:13:23+00:00\",\"dateModified\":\"2025-06-18T10:27:52+00:00\",\"breadcrumb\":{\"@id\":\"https:\\\/\\\/www.vanguardlifesciences.co.uk\\\/modern-slavery-and-human-trafficking-statement\\\/#breadcrumb\"},\"inLanguage\":\"da-DK\",\"potentialAction\":[{\"@type\":\"ReadAction\",\"target\":[\"https:\\\/\\\/www.vanguardlifesciences.co.uk\\\/modern-slavery-and-human-trafficking-statement\\\/\"]}]},{\"@type\":\"BreadcrumbList\",\"@id\":\"https:\\\/\\\/www.vanguardlifesciences.co.uk\\\/modern-slavery-and-human-trafficking-statement\\\/#breadcrumb\",\"itemListElement\":[{\"@type\":\"ListItem\",\"position\":1,\"name\":\"Home\",\"item\":\"https:\\\/\\\/www.vanguardlifesciences.co.uk\\\/\"},{\"@type\":\"ListItem\",\"position\":2,\"name\":\"Modern slavery and human trafficking statement\"}]},{\"@type\":\"WebSite\",\"@id\":\"https:\\\/\\\/www.vanguardlifesciences.co.uk\\\/#website\",\"url\":\"https:\\\/\\\/www.vanguardlifesciences.co.uk\\\/\",\"name\":\"Vanguard Life Sciences\",\"description\":\"\",\"potentialAction\":[{\"@type\":\"SearchAction\",\"target\":{\"@type\":\"EntryPoint\",\"urlTemplate\":\"https:\\\/\\\/www.vanguardlifesciences.co.uk\\\/?s={search_term_string}\"},\"query-input\":{\"@type\":\"PropertyValueSpecification\",\"valueRequired\":true,\"valueName\":\"search_term_string\"}}],\"inLanguage\":\"da-DK\"}]}<\/script>\n<!-- \/ Yoast SEO plugin. -->","yoast_head_json":{"title":"Modern slavery and human trafficking statement - Vanguard Life Sciences","robots":{"index":"index","follow":"follow","max-snippet":"max-snippet:-1","max-image-preview":"max-image-preview:large","max-video-preview":"max-video-preview:-1"},"canonical":"https:\/\/www.vanguardlifesciences.co.uk\/da_dk\/modern-slavery-and-human-trafficking-statement\/","og_locale":"da_DK","og_type":"article","og_title":"Modern slavery and human trafficking statement - Vanguard Life Sciences","og_description":"Policy Modern slavery is a crime and a violation of fundamental human rights. It takes various forms, such as slavery, servitude, forced and compulsory labour and human trafficking, all of which have in common the deprivation of a person\u2019s liberty by another in order to exploit them for personal or commercial gain. The Group has [&hellip;]","og_url":"https:\/\/www.vanguardlifesciences.co.uk\/da_dk\/modern-slavery-and-human-trafficking-statement\/","og_site_name":"Vanguard Life Sciences","article_modified_time":"2025-06-18T10:27:52+00:00","twitter_card":"summary_large_image","twitter_misc":{"Estimeret l\u00e6setid":"6 minutter"},"schema":{"@context":"https:\/\/schema.org","@graph":[{"@type":"WebPage","@id":"https:\/\/www.vanguardlifesciences.co.uk\/modern-slavery-and-human-trafficking-statement\/","url":"https:\/\/www.vanguardlifesciences.co.uk\/modern-slavery-and-human-trafficking-statement\/","name":"Modern slavery and human trafficking statement - Vanguard Life Sciences","isPartOf":{"@id":"https:\/\/www.vanguardlifesciences.co.uk\/#website"},"datePublished":"2023-06-28T13:13:23+00:00","dateModified":"2025-06-18T10:27:52+00:00","breadcrumb":{"@id":"https:\/\/www.vanguardlifesciences.co.uk\/modern-slavery-and-human-trafficking-statement\/#breadcrumb"},"inLanguage":"da-DK","potentialAction":[{"@type":"ReadAction","target":["https:\/\/www.vanguardlifesciences.co.uk\/modern-slavery-and-human-trafficking-statement\/"]}]},{"@type":"BreadcrumbList","@id":"https:\/\/www.vanguardlifesciences.co.uk\/modern-slavery-and-human-trafficking-statement\/#breadcrumb","itemListElement":[{"@type":"ListItem","position":1,"name":"Home","item":"https:\/\/www.vanguardlifesciences.co.uk\/"},{"@type":"ListItem","position":2,"name":"Modern slavery and human trafficking statement"}]},{"@type":"WebSite","@id":"https:\/\/www.vanguardlifesciences.co.uk\/#website","url":"https:\/\/www.vanguardlifesciences.co.uk\/","name":"Vanguard Life Sciences","description":"","potentialAction":[{"@type":"SearchAction","target":{"@type":"EntryPoint","urlTemplate":"https:\/\/www.vanguardlifesciences.co.uk\/?s={search_term_string}"},"query-input":{"@type":"PropertyValueSpecification","valueRequired":true,"valueName":"search_term_string"}}],"inLanguage":"da-DK"}]}},"_links":{"self":[{"href":"https:\/\/www.vanguardlifesciences.co.uk\/da_dk\/wp-json\/wp\/v2\/pages\/366","targetHints":{"allow":["GET"]}}],"collection":[{"href":"https:\/\/www.vanguardlifesciences.co.uk\/da_dk\/wp-json\/wp\/v2\/pages"}],"about":[{"href":"https:\/\/www.vanguardlifesciences.co.uk\/da_dk\/wp-json\/wp\/v2\/types\/page"}],"author":[{"embeddable":true,"href":"https:\/\/www.vanguardlifesciences.co.uk\/da_dk\/wp-json\/wp\/v2\/users\/2"}],"replies":[{"embeddable":true,"href":"https:\/\/www.vanguardlifesciences.co.uk\/da_dk\/wp-json\/wp\/v2\/comments?post=366"}],"version-history":[{"count":0,"href":"https:\/\/www.vanguardlifesciences.co.uk\/da_dk\/wp-json\/wp\/v2\/pages\/366\/revisions"}],"wp:attachment":[{"href":"https:\/\/www.vanguardlifesciences.co.uk\/da_dk\/wp-json\/wp\/v2\/media?parent=366"}],"curies":[{"name":"wp","href":"https:\/\/api.w.org\/{rel}","templated":true}]}}