{"id":59,"date":"2023-05-31T14:28:45","date_gmt":"2023-05-31T14:28:45","guid":{"rendered":"https:\/\/www.vanguardlifesciences.co.uk\/?page_id=59"},"modified":"2026-03-03T11:12:45","modified_gmt":"2026-03-03T11:12:45","slug":"our-team","status":"publish","type":"page","link":"https:\/\/www.vanguardlifesciences.co.uk\/cs_cz\/our-team\/","title":{"rendered":"The Team"},"content":{"rendered":"<section id=\"section-2-59\" class=\"ct-section\" style=\"background-image:url(https:\/\/www.vanguardlifesciences.co.uk\/wp-content\/uploads\/sites\/9\/2023\/05\/boulders-right.png);background-size: auto;\" >\n<div class=\"ct-section-inner-wrap\">\n<div id=\"div_block-8-59\" class=\"ct-div-block\" ><a id=\"link_text-6-59\" class=\"ct-link-text\" href=\"\/cs_cz\/\" target=\"_self\"  >Domov<\/a><\/p>\n<h1 id=\"headline-3-59\" class=\"ct-headline\"><span id=\"span-4-59\" class=\"ct-span\" >The Team<\/span><\/h1>\n<\/div>\n<\/div>\n<\/section>\n<section id=\"section-13-59\" class=\"ct-section\" >\n<div class=\"ct-section-inner-wrap\">\n<h2 id=\"headline-14-59\" class=\"ct-headline\">The Team<\/h2>\n<div id=\"_rich_text-70-62\" class=\"oxy-rich-text\" >\n<p>The strength of our life sciences offer is built on the heritage, experience and pedigree of the people behind it. Bringing together leadership from Vanguard Healthcare Solutions and Enbloc, our team combines decades of expertise in regulated infrastructure, cleanroom design and complex project delivery. Their collective background spans pharmaceutical manufacturing, advanced therapies, laboratory environments and large-scale commercial construction. Together, they provide the strategic oversight, technical authority and commercial discipline required to deliver high-performance environments with confidence.<\/p>\n<p>&nbsp;<\/p>\n<\/div>\n<div id=\"_dynamic_list-16-59\" class=\"oxy-dynamic-list\">\n<div id=\"div_block-17-59-1\" class=\"ct-div-block\" data-id=\"div_block-17-59\">\n<div id=\"div_block-115-62-1\" class=\"ct-div-block\" data-id=\"div_block-115-62\"><a id=\"link-141-59-1\" class=\"ct-link\" href=\"https:\/\/www.vanguardlifesciences.co.uk\/cs_cz\/our-team\/lindsay-dransfield\/\" data-id=\"link-141-59\"><img decoding=\"async\" id=\"image-25-59-1\" alt=\"\" src=\"https:\/\/www.vanguardlifesciences.co.uk\/wp-content\/uploads\/sites\/9\/2023\/05\/Lindsay-Dransfield-square-1.jpg\" class=\"ct-image\" data-id=\"image-25-59\"><\/a><\/div>\n<div id=\"div_block-49-59-1\" class=\"ct-div-block\" data-id=\"div_block-49-59\">\n<h3 id=\"headline-34-59-1\" class=\"ct-headline\" data-id=\"headline-34-59\"><span id=\"span-42-59\" class=\"ct-span\" ><a href='https:\/\/www.vanguardlifesciences.co.uk\/cs_cz\/our-team\/lindsay-dransfield\/'>Lindsay Dransfield<\/a><\/span><\/h3>\n<div id=\"text_block-50-59-1\" class=\"ct-text-block\" data-id=\"text_block-50-59\"><span id=\"span-64-59\" class=\"ct-span\" ><\/span><\/div>\n<div id=\"text_block-71-59-1\" class=\"ct-text-block\" data-id=\"text_block-71-59\"><span id=\"span-78-59\" class=\"ct-span\" >Lindsay nastoupila do Vanguard v z\u00e1\u0159\u00ed 2018 a p\u0159in\u00e1\u0161\u00ed do t\u00e9to role zna\u010dn\u00e9 zku\u0161enosti v oblasti prodeje a rozvoje podnik\u00e1n\u00ed.<\/span><\/div>\n<p><a id=\"link_text-86-59-1\" class=\"ct-link-text\" href=\"https:\/\/www.vanguardlifesciences.co.uk\/cs_cz\/our-team\/lindsay-dransfield\/\" target=\"_self\" data-id=\"link_text-86-59\">P\u0159e\u010dt\u011bte si v\u00edce<\/a><\/div>\n<\/div>\n<div id=\"div_block-17-59-2\" class=\"ct-div-block\" data-id=\"div_block-17-59\">\n<div id=\"div_block-115-62-2\" class=\"ct-div-block\" data-id=\"div_block-115-62\"><a id=\"link-141-59-2\" class=\"ct-link\" href=\"https:\/\/www.vanguardlifesciences.co.uk\/cs_cz\/our-team\/brian-macpherson\/\" data-id=\"link-141-59\"><img decoding=\"async\" id=\"image-25-59-2\" alt=\"\" src=\"https:\/\/www.vanguardlifesciences.co.uk\/wp-content\/uploads\/sites\/9\/2026\/02\/Corporate-PPT-Meet-The-Team-12-768x1024.png\" class=\"ct-image\" data-id=\"image-25-59\"><\/a><\/div>\n<div id=\"div_block-49-59-2\" class=\"ct-div-block\" data-id=\"div_block-49-59\">\n<h3 id=\"headline-34-59-2\" class=\"ct-headline\" data-id=\"headline-34-59\"><span id=\"span-42-59\" class=\"ct-span\" ><a href='https:\/\/www.vanguardlifesciences.co.uk\/cs_cz\/our-team\/brian-macpherson\/'>Brian Macpherson<\/a><\/span><\/h3>\n<div id=\"text_block-50-59-2\" class=\"ct-text-block\" data-id=\"text_block-50-59\"><span id=\"span-64-59\" class=\"ct-span\" ><\/span><\/div>\n<div id=\"text_block-71-59-2\" class=\"ct-text-block\" data-id=\"text_block-71-59\"><span id=\"span-78-59\" class=\"ct-span\" >Brian Macpherson is Managing Director of Enbloc, a UK-based specialist in cleanroom design, construction, validation and support for highly controlled environments.<\/span><\/div>\n<p><a id=\"link_text-86-59-2\" class=\"ct-link-text\" href=\"https:\/\/www.vanguardlifesciences.co.uk\/cs_cz\/our-team\/brian-macpherson\/\" target=\"_self\" data-id=\"link_text-86-59\">P\u0159e\u010dt\u011bte si v\u00edce<\/a><\/div>\n<\/div>\n<div id=\"div_block-17-59-3\" class=\"ct-div-block\" data-id=\"div_block-17-59\">\n<div id=\"div_block-115-62-3\" class=\"ct-div-block\" data-id=\"div_block-115-62\"><a id=\"link-141-59-3\" class=\"ct-link\" href=\"https:\/\/www.vanguardlifesciences.co.uk\/cs_cz\/our-team\/mark-ostle\/\" data-id=\"link-141-59\"><img decoding=\"async\" id=\"image-25-59-3\" alt=\"\" src=\"https:\/\/www.vanguardlifesciences.co.uk\/wp-content\/uploads\/sites\/9\/2026\/02\/Corporate-PPT-Meet-The-Team-3-768x1024.png\" class=\"ct-image\" data-id=\"image-25-59\"><\/a><\/div>\n<div id=\"div_block-49-59-3\" class=\"ct-div-block\" data-id=\"div_block-49-59\">\n<h3 id=\"headline-34-59-3\" class=\"ct-headline\" data-id=\"headline-34-59\"><span id=\"span-42-59\" class=\"ct-span\" ><a href='https:\/\/www.vanguardlifesciences.co.uk\/cs_cz\/our-team\/mark-ostle\/'>Mark Ostle<\/a><\/span><\/h3>\n<div id=\"text_block-50-59-3\" class=\"ct-text-block\" data-id=\"text_block-50-59\"><span id=\"span-64-59\" class=\"ct-span\" ><\/span><\/div>\n<div id=\"text_block-71-59-3\" class=\"ct-text-block\" data-id=\"text_block-71-59\"><span id=\"span-78-59\" class=\"ct-span\" >With over two decades of senior leadership experience across healthcare operational, business development and commercial roles, Mark creates innovative business models and collaborative partnerships to deliver facilities that meet a client\u2019s needs exactly, with flexibility for future expansion.<\/span><\/div>\n<p><a id=\"link_text-86-59-3\" class=\"ct-link-text\" href=\"https:\/\/www.vanguardlifesciences.co.uk\/cs_cz\/our-team\/mark-ostle\/\" target=\"_self\" data-id=\"link_text-86-59\">P\u0159e\u010dt\u011bte si v\u00edce<\/a><\/div>\n<\/div>\n<div id=\"div_block-17-59-4\" class=\"ct-div-block\" data-id=\"div_block-17-59\">\n<div id=\"div_block-115-62-4\" class=\"ct-div-block\" data-id=\"div_block-115-62\"><a id=\"link-141-59-4\" class=\"ct-link\" href=\"https:\/\/www.vanguardlifesciences.co.uk\/cs_cz\/our-team\/richard-corker\/\" data-id=\"link-141-59\"><img decoding=\"async\" id=\"image-25-59-4\" alt=\"\" src=\"https:\/\/www.vanguardlifesciences.co.uk\/wp-content\/uploads\/sites\/9\/2026\/02\/Corporate-PPT-Meet-The-Team-8-768x1024.png\" class=\"ct-image\" data-id=\"image-25-59\"><\/a><\/div>\n<div id=\"div_block-49-59-4\" class=\"ct-div-block\" data-id=\"div_block-49-59\">\n<h3 id=\"headline-34-59-4\" class=\"ct-headline\" data-id=\"headline-34-59\"><span id=\"span-42-59\" class=\"ct-span\" ><a href='https:\/\/www.vanguardlifesciences.co.uk\/cs_cz\/our-team\/richard-corker\/'>Richard Corker<\/a><\/span><\/h3>\n<div id=\"text_block-50-59-4\" class=\"ct-text-block\" data-id=\"text_block-50-59\"><span id=\"span-64-59\" class=\"ct-span\" ><\/span><\/div>\n<div id=\"text_block-71-59-4\" class=\"ct-text-block\" data-id=\"text_block-71-59\"><span id=\"span-78-59\" class=\"ct-span\" >Richard Corker is Key Account Manager at Enbloc, bringing more than three decades of international experience in packaging, device development and regulated manufacturing environments.<\/span><\/div>\n<p><a id=\"link_text-86-59-4\" class=\"ct-link-text\" href=\"https:\/\/www.vanguardlifesciences.co.uk\/cs_cz\/our-team\/richard-corker\/\" target=\"_self\" data-id=\"link_text-86-59\">P\u0159e\u010dt\u011bte si v\u00edce<\/a><\/div>\n<\/div>\n<div id=\"div_block-17-59-5\" class=\"ct-div-block\" data-id=\"div_block-17-59\">\n<div id=\"div_block-115-62-5\" class=\"ct-div-block\" data-id=\"div_block-115-62\"><a id=\"link-141-59-5\" class=\"ct-link\" href=\"https:\/\/www.vanguardlifesciences.co.uk\/cs_cz\/our-team\/gareth-case\/\" data-id=\"link-141-59\"><img decoding=\"async\" id=\"image-25-59-5\" alt=\"\" src=\"https:\/\/www.vanguardlifesciences.co.uk\/wp-content\/uploads\/sites\/9\/2026\/02\/Corporate-PPT-Meet-The-Team-11-768x1024.png\" class=\"ct-image\" data-id=\"image-25-59\"><\/a><\/div>\n<div id=\"div_block-49-59-5\" class=\"ct-div-block\" data-id=\"div_block-49-59\">\n<h3 id=\"headline-34-59-5\" class=\"ct-headline\" data-id=\"headline-34-59\"><span id=\"span-42-59\" class=\"ct-span\" ><a href='https:\/\/www.vanguardlifesciences.co.uk\/cs_cz\/our-team\/gareth-case\/'>Gareth Case<\/a><\/span><\/h3>\n<div id=\"text_block-50-59-5\" class=\"ct-text-block\" data-id=\"text_block-50-59\"><span id=\"span-64-59\" class=\"ct-span\" ><\/span><\/div>\n<div id=\"text_block-71-59-5\" class=\"ct-text-block\" data-id=\"text_block-71-59\"><span id=\"span-78-59\" class=\"ct-span\" >Gareth Case is Senior Commercial Manager at Enbloc, where he is responsible for overseeing commercial strategy, risk management and contractual performance across cleanroom and controlled environment projects.<\/span><\/div>\n<p><a id=\"link_text-86-59-5\" class=\"ct-link-text\" href=\"https:\/\/www.vanguardlifesciences.co.uk\/cs_cz\/our-team\/gareth-case\/\" target=\"_self\" data-id=\"link_text-86-59\">P\u0159e\u010dt\u011bte si v\u00edce<\/a><\/div>\n<\/div>\n<div id=\"div_block-17-59-6\" class=\"ct-div-block\" data-id=\"div_block-17-59\">\n<div id=\"div_block-115-62-6\" class=\"ct-div-block\" data-id=\"div_block-115-62\"><a id=\"link-141-59-6\" class=\"ct-link\" href=\"https:\/\/www.vanguardlifesciences.co.uk\/cs_cz\/our-team\/mark-fox\/\" data-id=\"link-141-59\"><img decoding=\"async\" id=\"image-25-59-6\" alt=\"\" src=\"https:\/\/www.vanguardlifesciences.co.uk\/wp-content\/uploads\/sites\/9\/2025\/11\/Mark-Fox-Picture.jpg\" class=\"ct-image\" data-id=\"image-25-59\"><\/a><\/div>\n<div id=\"div_block-49-59-6\" class=\"ct-div-block\" data-id=\"div_block-49-59\">\n<h3 id=\"headline-34-59-6\" class=\"ct-headline\" data-id=\"headline-34-59\"><span id=\"span-42-59\" class=\"ct-span\" ><a href='https:\/\/www.vanguardlifesciences.co.uk\/cs_cz\/our-team\/mark-fox\/'>Mark Fox<\/a><\/span><\/h3>\n<div id=\"text_block-50-59-6\" class=\"ct-text-block\" data-id=\"text_block-50-59\"><span id=\"span-64-59\" class=\"ct-span\" ><\/span><\/div>\n<div id=\"text_block-71-59-6\" class=\"ct-text-block\" data-id=\"text_block-71-59\"><span id=\"span-78-59\" class=\"ct-span\" >Mark nastoupil do spole\u010dnosti Vanguard v listopadu 2023 s v\u00edce ne\u017e dvacetiletou prax\u00ed v oblasti extern\u00ed v\u00fdstavby, v\u00fdroby a rozs\u00e1hl\u00fdch operac\u00ed.  <\/span><\/div>\n<p><a id=\"link_text-86-59-6\" class=\"ct-link-text\" href=\"https:\/\/www.vanguardlifesciences.co.uk\/cs_cz\/our-team\/mark-fox\/\" target=\"_self\" data-id=\"link_text-86-59\">P\u0159e\u010dt\u011bte si v\u00edce<\/a><\/div>\n<\/div><\/div>\n<\/div>\n<\/section>\n<section id=\"section-144-59\" class=\"ct-section\" >\n<div class=\"ct-section-inner-wrap\">\n<div id=\"new_columns-145-59\" class=\"ct-new-columns\" >\n<div id=\"div_block-146-59\" class=\"ct-div-block\" >\n<div id=\"_rich_text-9-63\" class=\"oxy-rich-text\" >\n<p>Finding a solution that works for your life sciences organisation starts here<\/p>\n<\/div>\n<p><a id=\"link_button-149-59\" class=\"ct-link-button\" href=\"\/cs_cz\/contact\/\" target=\"_self\"  >B\u00fdt v kontaktu<\/a><\/div>\n<div id=\"div_block-150-59\" class=\"ct-div-block\" ><img decoding=\"async\"  id=\"image-151-59\" alt=\"\" src=\"https:\/\/www.vanguardlifesciences.co.uk\/wp-content\/uploads\/sites\/9\/2025\/12\/Facility_Images_Low_Res-18.jpg\" class=\"ct-image\"\/><\/div>\n<\/div>\n<\/div>\n<\/section>","protected":false},"excerpt":{"rendered":"","protected":false},"author":2,"featured_media":0,"parent":0,"menu_order":0,"comment_status":"closed","ping_status":"closed","template":"","meta":{"_acf_changed":false,"footnotes":""},"class_list":["post-59","page","type-page","status-publish","format-standard","hentry"],"acf":[],"yoast_head":"<!-- This site is optimized with the Yoast SEO plugin v27.3 - https:\/\/yoast.com\/product\/yoast-seo-wordpress\/ -->\n<title>The Team - Vanguard Life Sciences<\/title>\n<meta name=\"robots\" content=\"index, follow, max-snippet:-1, max-image-preview:large, max-video-preview:-1\" \/>\n<link rel=\"canonical\" href=\"https:\/\/www.vanguardlifesciences.co.uk\/cs_cz\/our-team\/\" \/>\n<meta property=\"og:locale\" content=\"cs_CZ\" \/>\n<meta property=\"og:type\" content=\"article\" \/>\n<meta property=\"og:title\" content=\"The Team - Vanguard Life Sciences\" \/>\n<meta property=\"og:url\" content=\"https:\/\/www.vanguardlifesciences.co.uk\/cs_cz\/our-team\/\" \/>\n<meta property=\"og:site_name\" content=\"Vanguard Life Sciences\" \/>\n<meta property=\"article:modified_time\" content=\"2026-03-03T11:12:45+00:00\" \/>\n<meta name=\"twitter:card\" content=\"summary_large_image\" \/>\n<meta name=\"twitter:label1\" content=\"Odhadovan\u00e1 doba \u010dten\u00ed\" \/>\n\t<meta name=\"twitter:data1\" content=\"1 minuta\" \/>\n<script type=\"application\/ld+json\" class=\"yoast-schema-graph\">{\"@context\":\"https:\\\/\\\/schema.org\",\"@graph\":[{\"@type\":\"WebPage\",\"@id\":\"https:\\\/\\\/www.vanguardlifesciences.co.uk\\\/our-team\\\/\",\"url\":\"https:\\\/\\\/www.vanguardlifesciences.co.uk\\\/our-team\\\/\",\"name\":\"The Team - Vanguard Life Sciences\",\"isPartOf\":{\"@id\":\"https:\\\/\\\/www.vanguardlifesciences.co.uk\\\/#website\"},\"datePublished\":\"2023-05-31T14:28:45+00:00\",\"dateModified\":\"2026-03-03T11:12:45+00:00\",\"breadcrumb\":{\"@id\":\"https:\\\/\\\/www.vanguardlifesciences.co.uk\\\/our-team\\\/#breadcrumb\"},\"inLanguage\":\"cs\",\"potentialAction\":[{\"@type\":\"ReadAction\",\"target\":[\"https:\\\/\\\/www.vanguardlifesciences.co.uk\\\/our-team\\\/\"]}]},{\"@type\":\"BreadcrumbList\",\"@id\":\"https:\\\/\\\/www.vanguardlifesciences.co.uk\\\/our-team\\\/#breadcrumb\",\"itemListElement\":[{\"@type\":\"ListItem\",\"position\":1,\"name\":\"Home\",\"item\":\"https:\\\/\\\/www.vanguardlifesciences.co.uk\\\/\"},{\"@type\":\"ListItem\",\"position\":2,\"name\":\"The Team\"}]},{\"@type\":\"WebSite\",\"@id\":\"https:\\\/\\\/www.vanguardlifesciences.co.uk\\\/#website\",\"url\":\"https:\\\/\\\/www.vanguardlifesciences.co.uk\\\/\",\"name\":\"Vanguard Life Sciences\",\"description\":\"\",\"potentialAction\":[{\"@type\":\"SearchAction\",\"target\":{\"@type\":\"EntryPoint\",\"urlTemplate\":\"https:\\\/\\\/www.vanguardlifesciences.co.uk\\\/?s={search_term_string}\"},\"query-input\":{\"@type\":\"PropertyValueSpecification\",\"valueRequired\":true,\"valueName\":\"search_term_string\"}}],\"inLanguage\":\"cs\"}]}<\/script>\n<!-- \/ Yoast SEO plugin. -->","yoast_head_json":{"title":"The Team - Vanguard Life Sciences","robots":{"index":"index","follow":"follow","max-snippet":"max-snippet:-1","max-image-preview":"max-image-preview:large","max-video-preview":"max-video-preview:-1"},"canonical":"https:\/\/www.vanguardlifesciences.co.uk\/cs_cz\/our-team\/","og_locale":"cs_CZ","og_type":"article","og_title":"The Team - Vanguard Life Sciences","og_url":"https:\/\/www.vanguardlifesciences.co.uk\/cs_cz\/our-team\/","og_site_name":"Vanguard Life Sciences","article_modified_time":"2026-03-03T11:12:45+00:00","twitter_card":"summary_large_image","twitter_misc":{"Odhadovan\u00e1 doba \u010dten\u00ed":"1 minuta"},"schema":{"@context":"https:\/\/schema.org","@graph":[{"@type":"WebPage","@id":"https:\/\/www.vanguardlifesciences.co.uk\/our-team\/","url":"https:\/\/www.vanguardlifesciences.co.uk\/our-team\/","name":"The Team - Vanguard Life Sciences","isPartOf":{"@id":"https:\/\/www.vanguardlifesciences.co.uk\/#website"},"datePublished":"2023-05-31T14:28:45+00:00","dateModified":"2026-03-03T11:12:45+00:00","breadcrumb":{"@id":"https:\/\/www.vanguardlifesciences.co.uk\/our-team\/#breadcrumb"},"inLanguage":"cs","potentialAction":[{"@type":"ReadAction","target":["https:\/\/www.vanguardlifesciences.co.uk\/our-team\/"]}]},{"@type":"BreadcrumbList","@id":"https:\/\/www.vanguardlifesciences.co.uk\/our-team\/#breadcrumb","itemListElement":[{"@type":"ListItem","position":1,"name":"Home","item":"https:\/\/www.vanguardlifesciences.co.uk\/"},{"@type":"ListItem","position":2,"name":"The Team"}]},{"@type":"WebSite","@id":"https:\/\/www.vanguardlifesciences.co.uk\/#website","url":"https:\/\/www.vanguardlifesciences.co.uk\/","name":"Vanguard Life Sciences","description":"","potentialAction":[{"@type":"SearchAction","target":{"@type":"EntryPoint","urlTemplate":"https:\/\/www.vanguardlifesciences.co.uk\/?s={search_term_string}"},"query-input":{"@type":"PropertyValueSpecification","valueRequired":true,"valueName":"search_term_string"}}],"inLanguage":"cs"}]}},"_links":{"self":[{"href":"https:\/\/www.vanguardlifesciences.co.uk\/cs_cz\/wp-json\/wp\/v2\/pages\/59","targetHints":{"allow":["GET"]}}],"collection":[{"href":"https:\/\/www.vanguardlifesciences.co.uk\/cs_cz\/wp-json\/wp\/v2\/pages"}],"about":[{"href":"https:\/\/www.vanguardlifesciences.co.uk\/cs_cz\/wp-json\/wp\/v2\/types\/page"}],"author":[{"embeddable":true,"href":"https:\/\/www.vanguardlifesciences.co.uk\/cs_cz\/wp-json\/wp\/v2\/users\/2"}],"replies":[{"embeddable":true,"href":"https:\/\/www.vanguardlifesciences.co.uk\/cs_cz\/wp-json\/wp\/v2\/comments?post=59"}],"version-history":[{"count":0,"href":"https:\/\/www.vanguardlifesciences.co.uk\/cs_cz\/wp-json\/wp\/v2\/pages\/59\/revisions"}],"wp:attachment":[{"href":"https:\/\/www.vanguardlifesciences.co.uk\/cs_cz\/wp-json\/wp\/v2\/media?parent=59"}],"curies":[{"name":"wp","href":"https:\/\/api.w.org\/{rel}","templated":true}]}}