{"id":368,"date":"2023-06-28T14:02:03","date_gmt":"2023-06-28T14:02:03","guid":{"rendered":"https:\/\/www.vanguardlifesciences.co.uk\/?page_id=368"},"modified":"2023-08-25T15:21:54","modified_gmt":"2023-08-25T15:21:54","slug":"cookie-policy","status":"publish","type":"page","link":"https:\/\/www.vanguardlifesciences.co.uk\/cs_cz\/cookie-policy\/","title":{"rendered":"Z\u00e1sady pou\u017e\u00edv\u00e1n\u00ed soubor\u016f cookie"},"content":{"rendered":"<style>\n    a.cky-banner-element {\n        padding: 8px 30px;\n        background: #F8F9FA;\n        color: #858A8F;\n        border: 1px solid #DEE2E6;\n        box-sizing: border-box;\n        border-radius: 2px;\n        cursor: pointer;\n}\n<\/style>\n<p>\n    Datum \u00fa\u010dinnosti: 24. srpna 2023 <br \/>\n    Posledn\u00ed aktualizace: 24. srpna 2023\n<\/p>\n<p>&nbsp;<\/p>\n<h5>Co jsou cookies?<\/h5>\n<div class=\"cookie-policy-p\">\n<p>Tyto Z\u00e1sady pou\u017e\u00edv\u00e1n\u00ed soubor\u016f cookie vysv\u011btluj\u00ed, co jsou soubory cookie a jak je pou\u017e\u00edv\u00e1me, typy soubor\u016f cookie, kter\u00e9 pou\u017e\u00edv\u00e1me, tj. informace, kter\u00e9 shroma\u017e\u010fujeme pomoc\u00ed soubor\u016f cookie a jak se tyto informace pou\u017e\u00edvaj\u00ed, a jak spravovat nastaven\u00ed soubor\u016f cookie.<\/p>\n<p>Cookies jsou mal\u00e9 textov\u00e9 soubory, kter\u00e9 se pou\u017e\u00edvaj\u00ed k ukl\u00e1d\u00e1n\u00ed mal\u00fdch informac\u00ed. Jsou ulo\u017eeny ve va\u0161em za\u0159\u00edzen\u00ed, kdy\u017e se webov\u00e1 str\u00e1nka na\u010dte do va\u0161eho prohl\u00ed\u017ee\u010de. Tyto soubory cookie n\u00e1m pom\u00e1haj\u00ed, aby webov\u00e9 str\u00e1nky spr\u00e1vn\u011b fungovaly, byly bezpe\u010dn\u011bj\u0161\u00ed, poskytovaly lep\u0161\u00ed u\u017eivatelskou zku\u0161enost a porozum\u011bly tomu, jak web funguje, a analyzovat, co funguje a kde je t\u0159eba zlep\u0161it.<\/p>\n<\/div>\n<p>&nbsp;<\/p>\n<h5>Jak pou\u017e\u00edv\u00e1me soubory cookie?<\/h5>\n<div class=\"cookie-policy-p\">\n<p>Jako v\u011bt\u0161ina online slu\u017eeb pou\u017e\u00edv\u00e1 na\u0161e webov\u00e9 str\u00e1nky soubory cookie prvn\u00ed a t\u0159et\u00ed strany k n\u011bkolika \u00fa\u010del\u016fm. Cookies prvn\u00ed strany jsou v\u011bt\u0161inou nezbytn\u00e9 pro spr\u00e1vn\u00e9 fungov\u00e1n\u00ed webov\u00fdch str\u00e1nek a neshroma\u017e\u010fuj\u00ed \u017e\u00e1dn\u00e9 va\u0161e osobn\u00ed \u00fadaje.<\/p>\n<p>Soubory cookie t\u0159et\u00edch stran pou\u017e\u00edvan\u00e9 na na\u0161em webu slou\u017e\u00ed hlavn\u011b k pochopen\u00ed toho, jak web funguje, jak s na\u0161\u00edm webem komunikujete, k zaji\u0161t\u011bn\u00ed bezpe\u010dnosti na\u0161ich slu\u017eeb, poskytov\u00e1n\u00ed reklam, kter\u00e9 jsou pro v\u00e1s relevantn\u00ed, a celkov\u011b k poskytov\u00e1n\u00ed lep\u0161\u00edho a vylep\u0161en\u00e9ho u\u017eivatele. zku\u0161enosti a pomohou urychlit va\u0161e budouc\u00ed interakce s na\u0161imi webov\u00fdmi str\u00e1nkami.<\/p>\n<\/div>\n<p>&nbsp;<\/p>\n<h5>Typy soubor\u016f cookie, kter\u00e9 pou\u017e\u00edv\u00e1me<\/h5>\n<div class=\"cky-audit-table-element\"><\/div>\n<p>&nbsp;<\/p>\n<h5 style=\"margin-bottom:20px;\">Spravovat p\u0159edvolby soubor\u016f cookie<\/h5>\n<p>    <a class=\"cky-banner-element\">Nastaven\u00ed soubor\u016f cookie<\/a> <\/p>\n<div>\n<p>P\u0159edvolby soubor\u016f cookie m\u016f\u017eete kdykoli zm\u011bnit kliknut\u00edm na tla\u010d\u00edtko v\u00fd\u0161e. To v\u00e1m umo\u017en\u00ed znovu nav\u0161t\u00edvit banner souhlasu se soubory cookie a zm\u011bnit sv\u00e9 preference nebo sv\u016fj souhlas ihned odvolat. <\/p>\n<p>Krom\u011b toho r\u016fzn\u00e9 prohl\u00ed\u017ee\u010de poskytuj\u00ed r\u016fzn\u00e9 zp\u016fsoby blokov\u00e1n\u00ed a maz\u00e1n\u00ed soubor\u016f cookie pou\u017e\u00edvan\u00fdch webov\u00fdmi str\u00e1nkami. M\u016f\u017eete zm\u011bnit nastaven\u00ed sv\u00e9ho prohl\u00ed\u017ee\u010de tak, aby blokoval\/smazal soubory cookie. N\u00ed\u017ee jsou uvedeny odkazy na podp\u016frn\u00e9 dokumenty o tom, jak spravovat a odstra\u0148ovat soubory cookie z hlavn\u00edch webov\u00fdch prohl\u00ed\u017ee\u010d\u016f.<\/p>\n<p>Chrome: <a href=\"https:\/\/support.google.com\/accounts\/answer\/32050\" target=\"_blank\" rel=\"noopener\">https:\/\/support.google.com\/accounts\/answer\/32050<\/a><\/p>\n<p>Safari: <a href=\"https:\/\/support.apple.com\/en-in\/guide\/safari\/sfri11471\/mac\" target=\"_blank\" rel=\"noopener\">https:\/\/support.apple.com\/en-in\/guide\/safari\/sfri11471\/mac<\/a><\/p>\n<p>Firefox: <a href=\"https:\/\/support.mozilla.org\/en-US\/kb\/clear-cookies-and-site-data-firefox?redirectslug=delete-cookies-remove-info-websites-stored&redirectlocale=en-US\" target=\"_blank\" rel=\"noopener\">https:\/\/support.mozilla.org\/en-US\/kb\/clear-cookies-and-site-data-firefox?redirectslug=delete-cookies-remove-info-websites-stored&redirectlocale=en-US<\/a><\/p>\n<p>Internet Explorer: <a href=\"https:\/\/support.microsoft.com\/en-us\/topic\/how-to-delete-cookie-files-in-internet-explorer-bca9446f-d873-78de-77ba-d42645fa52fc\" target=\"_blank\" rel=\"noopener\">https:\/\/support.microsoft.com\/en-us\/topic\/how-to-delete-cookie-files-in-internet-explorer-bca9446f-d873-78de-77ba-d42645fa52fc<\/a><\/p>\n<p>Pokud pou\u017e\u00edv\u00e1te jin\u00fd webov\u00fd prohl\u00ed\u017ee\u010d, nav\u0161tivte pros\u00edm ofici\u00e1ln\u00ed dokumenty podpory va\u0161eho prohl\u00ed\u017ee\u010de.<\/p>\n<\/div>","protected":false},"excerpt":{"rendered":"<p>Effective Date: 24-Aug-2023 Last Updated: 24-Aug-2023 &nbsp; What are cookies? This Cookie Policy explains what cookies are and how we use them, the types of cookies we use i.e, the information we collect using cookies and how that information is used, and how to manage the cookie settings. Cookies are small text files that are [&hellip;]<\/p>\n","protected":false},"author":2,"featured_media":0,"parent":0,"menu_order":0,"comment_status":"closed","ping_status":"closed","template":"","meta":{"_acf_changed":false,"footnotes":""},"class_list":["post-368","page","type-page","status-publish","format-standard","hentry"],"acf":[],"yoast_head":"<!-- This site is optimized with the Yoast SEO plugin v27.3 - https:\/\/yoast.com\/product\/yoast-seo-wordpress\/ -->\n<title>Cookie Policy - Vanguard Life Sciences<\/title>\n<meta name=\"robots\" content=\"index, follow, max-snippet:-1, max-image-preview:large, max-video-preview:-1\" \/>\n<link rel=\"canonical\" href=\"https:\/\/www.vanguardlifesciences.co.uk\/cs_cz\/cookie-policy\/\" \/>\n<meta property=\"og:locale\" content=\"cs_CZ\" \/>\n<meta property=\"og:type\" content=\"article\" \/>\n<meta property=\"og:title\" content=\"Cookie Policy - Vanguard Life Sciences\" \/>\n<meta property=\"og:description\" content=\"Effective Date: 24-Aug-2023 Last Updated: 24-Aug-2023 &nbsp; What are cookies? This Cookie Policy explains what cookies are and how we use them, the types of cookies we use i.e, the information we collect using cookies and how that information is used, and how to manage the cookie settings. Cookies are small text files that are [&hellip;]\" \/>\n<meta property=\"og:url\" content=\"https:\/\/www.vanguardlifesciences.co.uk\/cs_cz\/cookie-policy\/\" \/>\n<meta property=\"og:site_name\" content=\"Vanguard Life Sciences\" \/>\n<meta property=\"article:modified_time\" content=\"2023-08-25T15:21:54+00:00\" \/>\n<meta name=\"twitter:card\" content=\"summary_large_image\" \/>\n<meta name=\"twitter:label1\" content=\"Odhadovan\u00e1 doba \u010dten\u00ed\" \/>\n\t<meta name=\"twitter:data1\" content=\"2 minuty\" \/>\n<script type=\"application\/ld+json\" class=\"yoast-schema-graph\">{\"@context\":\"https:\\\/\\\/schema.org\",\"@graph\":[{\"@type\":\"WebPage\",\"@id\":\"https:\\\/\\\/www.vanguardlifesciences.co.uk\\\/cookie-policy\\\/\",\"url\":\"https:\\\/\\\/www.vanguardlifesciences.co.uk\\\/cookie-policy\\\/\",\"name\":\"Cookie Policy - Vanguard Life Sciences\",\"isPartOf\":{\"@id\":\"https:\\\/\\\/www.vanguardlifesciences.co.uk\\\/#website\"},\"datePublished\":\"2023-06-28T14:02:03+00:00\",\"dateModified\":\"2023-08-25T15:21:54+00:00\",\"breadcrumb\":{\"@id\":\"https:\\\/\\\/www.vanguardlifesciences.co.uk\\\/cookie-policy\\\/#breadcrumb\"},\"inLanguage\":\"cs\",\"potentialAction\":[{\"@type\":\"ReadAction\",\"target\":[\"https:\\\/\\\/www.vanguardlifesciences.co.uk\\\/cookie-policy\\\/\"]}]},{\"@type\":\"BreadcrumbList\",\"@id\":\"https:\\\/\\\/www.vanguardlifesciences.co.uk\\\/cookie-policy\\\/#breadcrumb\",\"itemListElement\":[{\"@type\":\"ListItem\",\"position\":1,\"name\":\"Home\",\"item\":\"https:\\\/\\\/www.vanguardlifesciences.co.uk\\\/\"},{\"@type\":\"ListItem\",\"position\":2,\"name\":\"Cookie Policy\"}]},{\"@type\":\"WebSite\",\"@id\":\"https:\\\/\\\/www.vanguardlifesciences.co.uk\\\/#website\",\"url\":\"https:\\\/\\\/www.vanguardlifesciences.co.uk\\\/\",\"name\":\"Vanguard Life Sciences\",\"description\":\"\",\"potentialAction\":[{\"@type\":\"SearchAction\",\"target\":{\"@type\":\"EntryPoint\",\"urlTemplate\":\"https:\\\/\\\/www.vanguardlifesciences.co.uk\\\/?s={search_term_string}\"},\"query-input\":{\"@type\":\"PropertyValueSpecification\",\"valueRequired\":true,\"valueName\":\"search_term_string\"}}],\"inLanguage\":\"cs\"}]}<\/script>\n<!-- \/ Yoast SEO plugin. -->","yoast_head_json":{"title":"Cookie Policy - Vanguard Life Sciences","robots":{"index":"index","follow":"follow","max-snippet":"max-snippet:-1","max-image-preview":"max-image-preview:large","max-video-preview":"max-video-preview:-1"},"canonical":"https:\/\/www.vanguardlifesciences.co.uk\/cs_cz\/cookie-policy\/","og_locale":"cs_CZ","og_type":"article","og_title":"Cookie Policy - Vanguard Life Sciences","og_description":"Effective Date: 24-Aug-2023 Last Updated: 24-Aug-2023 &nbsp; What are cookies? This Cookie Policy explains what cookies are and how we use them, the types of cookies we use i.e, the information we collect using cookies and how that information is used, and how to manage the cookie settings. Cookies are small text files that are [&hellip;]","og_url":"https:\/\/www.vanguardlifesciences.co.uk\/cs_cz\/cookie-policy\/","og_site_name":"Vanguard Life Sciences","article_modified_time":"2023-08-25T15:21:54+00:00","twitter_card":"summary_large_image","twitter_misc":{"Odhadovan\u00e1 doba \u010dten\u00ed":"2 minuty"},"schema":{"@context":"https:\/\/schema.org","@graph":[{"@type":"WebPage","@id":"https:\/\/www.vanguardlifesciences.co.uk\/cookie-policy\/","url":"https:\/\/www.vanguardlifesciences.co.uk\/cookie-policy\/","name":"Cookie Policy - Vanguard Life Sciences","isPartOf":{"@id":"https:\/\/www.vanguardlifesciences.co.uk\/#website"},"datePublished":"2023-06-28T14:02:03+00:00","dateModified":"2023-08-25T15:21:54+00:00","breadcrumb":{"@id":"https:\/\/www.vanguardlifesciences.co.uk\/cookie-policy\/#breadcrumb"},"inLanguage":"cs","potentialAction":[{"@type":"ReadAction","target":["https:\/\/www.vanguardlifesciences.co.uk\/cookie-policy\/"]}]},{"@type":"BreadcrumbList","@id":"https:\/\/www.vanguardlifesciences.co.uk\/cookie-policy\/#breadcrumb","itemListElement":[{"@type":"ListItem","position":1,"name":"Home","item":"https:\/\/www.vanguardlifesciences.co.uk\/"},{"@type":"ListItem","position":2,"name":"Cookie Policy"}]},{"@type":"WebSite","@id":"https:\/\/www.vanguardlifesciences.co.uk\/#website","url":"https:\/\/www.vanguardlifesciences.co.uk\/","name":"Vanguard Life Sciences","description":"","potentialAction":[{"@type":"SearchAction","target":{"@type":"EntryPoint","urlTemplate":"https:\/\/www.vanguardlifesciences.co.uk\/?s={search_term_string}"},"query-input":{"@type":"PropertyValueSpecification","valueRequired":true,"valueName":"search_term_string"}}],"inLanguage":"cs"}]}},"_links":{"self":[{"href":"https:\/\/www.vanguardlifesciences.co.uk\/cs_cz\/wp-json\/wp\/v2\/pages\/368","targetHints":{"allow":["GET"]}}],"collection":[{"href":"https:\/\/www.vanguardlifesciences.co.uk\/cs_cz\/wp-json\/wp\/v2\/pages"}],"about":[{"href":"https:\/\/www.vanguardlifesciences.co.uk\/cs_cz\/wp-json\/wp\/v2\/types\/page"}],"author":[{"embeddable":true,"href":"https:\/\/www.vanguardlifesciences.co.uk\/cs_cz\/wp-json\/wp\/v2\/users\/2"}],"replies":[{"embeddable":true,"href":"https:\/\/www.vanguardlifesciences.co.uk\/cs_cz\/wp-json\/wp\/v2\/comments?post=368"}],"version-history":[{"count":0,"href":"https:\/\/www.vanguardlifesciences.co.uk\/cs_cz\/wp-json\/wp\/v2\/pages\/368\/revisions"}],"wp:attachment":[{"href":"https:\/\/www.vanguardlifesciences.co.uk\/cs_cz\/wp-json\/wp\/v2\/media?parent=368"}],"curies":[{"name":"wp","href":"https:\/\/api.w.org\/{rel}","templated":true}]}}