{"id":143,"date":"2023-06-05T15:04:05","date_gmt":"2023-06-05T15:04:05","guid":{"rendered":"https:\/\/www.vanguardlifesciences.co.uk\/?page_id=143"},"modified":"2026-01-13T09:27:17","modified_gmt":"2026-01-13T09:27:17","slug":"careers","status":"publish","type":"page","link":"https:\/\/www.vanguardlifesciences.co.uk\/cs_cz\/careers\/","title":{"rendered":"Kari\u00e9ra"},"content":{"rendered":"<section id=\"section-2-14\" class=\"ct-section\" >\n<div class=\"ct-section-inner-wrap\">\n<div id=\"new_columns-3-14\" class=\"ct-new-columns\" >\n<div id=\"div_block-4-14\" class=\"ct-div-block\" >\n<div id=\"div_block-21-223\" class=\"ct-div-block\" ><a id=\"link_text-13-223\" class=\"ct-link-text\" href=\"\/cs_cz\/\" target=\"_self\"  >Domov<\/a><a id=\"link_text-25-223\" class=\"ct-link-text\" href=\"http:\/\/\" target=\"_self\"  >&gt;<\/a><\/p>\n<div id=\"text_block-26-223\" class=\"ct-text-block\" ><span id=\"span-27-223\" class=\"ct-span\" >Kari\u00e9ra<\/span><\/div>\n<\/div>\n<div id=\"div_block-17-223\" class=\"ct-div-block\" >\n<h1 id=\"headline-5-14\" class=\"ct-headline\">Sta\u0148te se sou\u010d\u00e1st\u00ed roz\u0161i\u0159uj\u00edc\u00edho se t\u00fdmu v r\u00e1mci Spojen\u00e9ho kr\u00e1lovstv\u00ed<\/h1>\n<\/div>\n<\/div>\n<div id=\"div_block-9-14\" class=\"ct-div-block\" ><link rel='stylesheet' id='oxygen-unslider-css'  href='https:\/\/www.vanguardlifesciences.co.uk\/wp-content\/plugins\/oxygen\/component-framework\/vendor\/unslider\/unslider.css' type='text\/css' media='all'\/>\n<div id=\"slider-88-14\" class=\"ct-slider ct_unique_slider_9878\" >\n<div class=\"oxygen-unslider-container\">\n<ul>\n<li>\n<div id=\"slide-89-14\" class=\"ct-slide\" ><img decoding=\"async\"  id=\"image-96-14\" alt=\"\" src=\"https:\/\/www.vanguardlifesciences.co.uk\/wp-content\/uploads\/sites\/9\/2025\/11\/Image-62.jpg\" class=\"ct-image\"\/><\/div>\n<\/li>\n<li>\n<div id=\"slide-101-14\" class=\"ct-slide\" ><img decoding=\"async\"  id=\"image-102-14\" alt=\"\" src=\"https:\/\/www.vanguardlifesciences.co.uk\/wp-content\/uploads\/sites\/9\/2025\/11\/Vanguard-Commercial-Photography-202.jpg\" class=\"ct-image\"\/><\/div>\n<\/li>\n<\/ul>\n<\/div>\n<\/div>\n<p><script class=\"ct-slider-script\">jQuery(document).ready(function($){$('#slider-88-14.ct_unique_slider_9878 .oxygen-unslider-container:not(.unslider-horizontal,.unslider-fade)').unslider({autoplay: true, delay: 3000, animation: 'horizontal', speed : 750, arrows: true, nav: false, infinite: true})});<\/script><\/div>\n<\/div>\n<\/div>\n<\/section>\n<section id=\"section-68-14-text-left-white\" class=\"ct-section\" >\n<div class=\"ct-section-inner-wrap\">\n<div id=\"new_columns-69-14text-left-white\" class=\"ct-new-columns\" >\n<div id=\"div_block-70-14\" class=\"ct-div-block\" >\n<h2 id=\"headline-71-14\" class=\"ct-headline\">Jak\u00e9 to je pracovat pro n\u00e1s<\/h2>\n<div id=\"_rich_text-72-14\" class=\"oxy-rich-text\" >\n<p dir=\"ltr\">V\u00e1\u017e\u00edme si na\u0161ich lid\u00ed a poskytujeme jim podp\u016frn\u00e9 prost\u0159ed\u00ed k rozkv\u011btu.&nbsp;<\/p>\n<p dir=\"ltr\">Od pandemie pokra\u010dujeme ve flexibiln\u00ed pr\u00e1ci a uzn\u00e1v\u00e1me pozitivn\u00ed rovnov\u00e1hu hybridn\u00ed pr\u00e1ce pro mnoho na\u0161ich tradi\u010dn\u00edch podp\u016frn\u00fdch kancel\u00e1\u0159sk\u00fdch rol\u00ed.<\/p>\n<p dir=\"ltr\">Jsme podp\u016frn\u00fd a pe\u010duj\u00edc\u00ed t\u00fdm a m\u00e1me vy\u0161kolen\u00e9 osoby poskytuj\u00edc\u00ed prvn\u00ed pomoc v oblasti du\u0161evn\u00edho zdrav\u00ed nap\u0159\u00ed\u010d populac\u00ed na\u0161ich zam\u011bstnanc\u016f a \u0159adu v\u00fdhod, kter\u00e9 podporuj\u00ed na\u0161i pohodu.<\/p>\n<p dir=\"ltr\">R\u00e1di se u\u010d\u00edme a podporujeme rozvoj nap\u0159\u00ed\u010d podnik\u00e1n\u00edm. Ka\u017edoro\u010dn\u011b propl\u00e1c\u00edme profesion\u00e1ln\u00ed \u010dlenstv\u00ed a podporujeme mnoho \u010dlen\u016f na\u0161eho t\u00fdmu v profesn\u00edm studiu v r\u00e1mci jejich kari\u00e9rn\u00edho rozvoje.&nbsp;<\/p>\n<p dir=\"ltr\">S rychle rostouc\u00edm t\u00fdmem v\u00edce ne\u017e 150 koleg\u016f na mezin\u00e1rodn\u00ed \u00farovni na\u0161e hodnoty definuj\u00ed, jak obchodujeme s na\u0161imi z\u00e1kazn\u00edky, intern\u011b i extern\u011b: Zam\u011b\u0159en\u00ed na pacienta; Inova\u010dn\u00ed; Reaguj\u00edc\u00ed; V\u00e1\u0161niv\u00fd; T\u00fdmov\u00e1 pr\u00e1ce.<\/p>\n<p dir=\"ltr\">V\u00fdsledky na\u0161eho pr\u016fzkumu anga\u017eovanosti za rok 2023 prokazuj\u00ed na\u0161i oddanost na\u0161im lidem <strong>82% pozitivn\u00ed zapojen\u00ed<\/strong> nap\u0159\u00ed\u010d podnik\u00e1n\u00edm.<\/p>\n<p dir=\"ltr\">P\u0159es <strong>90%<\/strong> \u0159ekli na\u0161i zam\u011bstnanci ve Spojen\u00e9m kr\u00e1lovstv\u00ed <em>\u201cPr\u00e1ci zde bych doporu\u010dil p\u0159\u00e1tel\u016fm a rodin\u011b\u201d<\/em> a <strong>98%<\/strong> na\u0161\u00ed klinick\u00e9 populace \u0159\u00edkaj\u00ed <em>\u201cChci zde pracovat za 12 m\u011bs\u00edc\u016f\u201d<\/em>.<\/p>\n<\/div>\n<\/div>\n<div id=\"div_block-74-14\" class=\"ct-div-block\" ><img decoding=\"async\"  id=\"image-75-14\" alt=\"\" src=\"https:\/\/www.vanguardlifesciences.co.uk\/wp-content\/uploads\/sites\/9\/2026\/01\/Manria-Brar.jpg\" class=\"ct-image\"\/><\/div>\n<\/div>\n<\/div>\n<\/section>\n<section id=\"section-2-802\" class=\"ct-section\" style=\"background-image:linear-gradient(rgba(0,73,131,0.73), rgba(0,73,131,0.73)), url(https:\/\/www.vanguardlifesciences.co.uk\/wp-content\/uploads\/sites\/9\/2023\/05\/boulders-right.png);background-size:auto,  auto;\" >\n<div class=\"ct-section-inner-wrap\">\n<div id=\"div_block-3-802\" class=\"ct-div-block\" >\n<div id=\"text_block-5-802\" class=\"ct-text-block\" >Na\u0161e vize lid\u00ed je:<\/div>\n<div id=\"_rich_text-4-802\" class=\"oxy-rich-text\" >\n<p>Umo\u017enit na\u0161im lidem dosahovat v\u00fdjime\u010dn\u00fdch v\u00fdsledk\u016f. D\u011bl\u00e1me to tak, \u017ee vytv\u00e1\u0159\u00edme zmocn\u011bn\u00e9 a agiln\u00ed t\u00fdmy podporovan\u00e9 autentick\u00fdm a soucitn\u00fdm veden\u00edm a poskytov\u00e1n\u00edm inkluzivn\u00edho prost\u0159ed\u00ed pro r\u016fst.<\/p>\n<\/div>\n<\/div>\n<\/div>\n<\/section>\n<section id=\"text-left-blue\" class=\"ct-section\" >\n<div class=\"ct-section-inner-wrap\">\n<div id=\"new_columns-107-34-blue\" class=\"ct-new-columns\" >\n<div id=\"div_block-108-34\" class=\"ct-div-block\" >\n<h2 id=\"headline-109-34\" class=\"ct-headline\">Na\u0161e v\u00fdhody<\/h2>\n<div id=\"_rich_text-110-34\" class=\"oxy-rich-text\" >\n<p>Nab\u00edz\u00edme konkuren\u010dn\u00ed platov\u00e9 bal\u00ed\u010dky a v\u0161echny na\u0161e role maj\u00ed n\u00e1sleduj\u00edc\u00ed v\u00fdhody:<\/p>\n<p dir=\"ltr\"><strong>\u017eivotn\u00ed styl&nbsp;<\/strong><\/p>\n<ul>\n<li dir=\"ltr\">\n<p dir=\"ltr\" role=\"presentation\">5 t\u00fddn\u016f dovolen\u00e9 za kalend\u00e1\u0159n\u00ed rok (krom\u011b st\u00e1tn\u00edch sv\u00e1tk\u016f ve Spojen\u00e9m kr\u00e1lovstv\u00ed)<\/p>\n<\/li>\n<li dir=\"ltr\">\n<p dir=\"ltr\" role=\"presentation\">Mo\u017enost koupit\/prodat dodate\u010dn\u00fd 1 t\u00fdden dovolen\u00e9 za kalend\u00e1\u0159n\u00ed rok<\/p>\n<\/li>\n<li dir=\"ltr\">\n<p dir=\"ltr\" role=\"presentation\">Program zam\u011bstnaneck\u00fdch slev \u2013 online slevov\u00fd program pro poskytovatele maloobchodu, zdrav\u00ed, voln\u00e9ho \u010dasu a \u017eivotn\u00edho stylu<\/p>\n<\/li>\n<li dir=\"ltr\">\n<p dir=\"ltr\" role=\"presentation\">Firemn\u00ed penze (p\u0159\u00edsp\u011bvek spole\u010dnosti 5% a p\u0159\u00edsp\u011bvek zam\u011bstnance 5%, kter\u00fd lze kdykoli zv\u00fd\u0161it)<\/p>\n<\/li>\n<\/ul>\n<\/div>\n<\/div>\n<div id=\"div_block-112-34\" class=\"ct-div-block\" ><img decoding=\"async\"  id=\"image-113-34\" alt=\"\" src=\"https:\/\/www.vanguardlifesciences.co.uk\/wp-content\/uploads\/sites\/9\/2023\/07\/team-7-1.jpg\" class=\"ct-image\"\/><\/div>\n<\/div>\n<\/div>\n<\/section>\n<section id=\"section-88-34-blue2\" class=\"ct-section\" >\n<div class=\"ct-section-inner-wrap\">\n<div id=\"new_columns-13-665\" class=\"ct-new-columns\" >\n<div id=\"div_block-14-665\" class=\"ct-div-block\" >\n<div id=\"_rich_text-18-665\" class=\"oxy-rich-text\" >\n<p dir=\"ltr\"><strong>Pohoda<\/strong><\/p>\n<ul>\n<li dir=\"ltr\">\n<p dir=\"ltr\" role=\"presentation\">Zv\u00fd\u0161en\u00e1 nemocensk\u00e1 odm\u011bna ve spole\u010dnosti&nbsp;<\/p>\n<\/li>\n<li dir=\"ltr\">Zv\u00fd\u0161en\u00e1 mzda za mate\u0159skou, otcovskou, adop\u010dn\u00ed a sd\u00edlenou rodi\u010dovskou dovolenou<\/li>\n<li dir=\"ltr\">\n<p dir=\"ltr\" role=\"presentation\">\u00dahrada ch\u0159ipkov\u00e9 injekce&nbsp;<\/p>\n<\/li>\n<li dir=\"ltr\">\n<p dir=\"ltr\" role=\"presentation\">Hotovostn\u00ed pl\u00e1n zdravotn\u00ed p\u00e9\u010de prost\u0159ednictv\u00edm Paycare, v\u010detn\u011b cashbacku za l\u00e9\u010debn\u00e9 v\u00fdlohy, zdravotn\u00ed prohl\u00eddky a alternativn\u00ed terapie<\/p>\n<\/li>\n<li dir=\"ltr\">\n<p dir=\"ltr\" role=\"presentation\">24\/7 p\u0159\u00edstup k praktick\u00e9mu l\u00e9ka\u0159i s celosv\u011btov\u00fdm pokryt\u00edm a soukromou slu\u017ebou na p\u0159edpis<\/p>\n<\/li>\n<li dir=\"ltr\">\n<p dir=\"ltr\" role=\"presentation\">Program asisten\u010dn\u00ed slu\u017eby pro zam\u011bstnance, v\u010detn\u011b d\u016fv\u011brn\u00e9ho poradenstv\u00ed a slu\u017eby linky pomoci<\/p>\n<\/li>\n<li dir=\"ltr\">\n<p dir=\"ltr\" role=\"presentation\">\u017divotn\u00ed poji\u0161t\u011bn\u00ed (odpov\u00edd\u00e1 4x ro\u010dn\u00ed mzd\u011b)&nbsp;<\/p>\n<\/li>\n<li dir=\"ltr\">\n<p dir=\"ltr\" role=\"presentation\">Sch\u00e9ma z cyklu do pr\u00e1ce<\/p>\n<\/li>\n<li dir=\"ltr\">Program Tusker Car Scheme \u2013 benefit v podob\u011b ob\u011bti platu pro zam\u011bstnance, kter\u00fd jim umo\u017e\u0148uje \u0159\u00eddit zcela nov\u00e9, pln\u011b poji\u0161t\u011bn\u00e9 a udr\u017eovan\u00e9 auto za fixn\u00ed m\u011bs\u00ed\u010dn\u00ed poplatek ode\u010d\u00edtan\u00fd z jejich platu.<\/li>\n<li dir=\"ltr\">YellowNest - benefit ve form\u011b ob\u011btov\u00e1n\u00ed platu, kter\u00fd m\u00e1 rodi\u010d\u016fm u\u0161et\u0159it pen\u00edze za poplatky za p\u00e9\u010di o d\u011bti<\/li>\n<li dir=\"ltr\">\n<p dir=\"ltr\" role=\"presentation\">Pracovn\u011bl\u00e9ka\u0159sk\u00e1 slu\u017eba<\/p>\n<\/li>\n<li dir=\"ltr\">\n<p dir=\"ltr\" role=\"presentation\">Prvn\u00ed pomoc v oblasti du\u0161evn\u00edho zdrav\u00ed prost\u0159ednictv\u00edm vy\u0161kolen\u00fdch osob poskytuj\u00edc\u00edch prvn\u00ed pomoc v oblasti du\u0161evn\u00edho zdrav\u00ed v cel\u00e9 organizaci<\/p>\n<\/li>\n<\/ul>\n<p dir=\"ltr\"><strong>Rozvoj<\/strong><\/p>\n<ul>\n<li dir=\"ltr\">\n<p dir=\"ltr\" role=\"presentation\">N\u00e1hrada za ro\u010dn\u00ed profesion\u00e1ln\u00ed \u010dlenstv\u00ed<\/p>\n<\/li>\n<li dir=\"ltr\">\n<p dir=\"ltr\" role=\"presentation\">Profesion\u00e1ln\u00ed studijn\u00ed podpora jako sou\u010d\u00e1st kari\u00e9rn\u00edho rozvoje<\/p>\n<\/li>\n<\/ul>\n<p>&nbsp;<\/p>\n<p>Pokud se p\u0159ipoj\u00edte k na\u0161emu Vanguard Modular businessu, v\u00e1\u0161 bal\u00ed\u010dek v\u00fdhod bude prodiskutov\u00e1n na pohovoru.<\/p>\n<\/div>\n<\/div>\n<div id=\"div_block-16-665\" class=\"ct-div-block\" >\n<div id=\"_rich_text-19-665\" class=\"oxy-rich-text\" >\n<p dir=\"ltr\"><strong>Uzn\u00e1n\u00ed zam\u011bstnanc\u016f<\/strong><\/p>\n<p dir=\"ltr\">Pravideln\u011b oce\u0148ujeme na\u0161e lidi prost\u0159ednictv\u00edm n\u00e1sleduj\u00edc\u00edch aktivit:<\/p>\n<ul>\n<li dir=\"ltr\">\n<p dir=\"ltr\" role=\"presentation\">Dlouh\u00e9 uzn\u00e1n\u00ed slu\u017eby<\/p>\n<\/li>\n<li dir=\"ltr\">\n<p dir=\"ltr\" role=\"presentation\">Vanguard hodnot\u00ed ocen\u011bn\u00ed<\/p>\n<\/li>\n<li dir=\"ltr\">\n<p dir=\"ltr\" role=\"presentation\">Akce zam\u011bstnaneck\u00fdch oslav<\/p>\n<\/li>\n<\/ul>\n<p dir=\"ltr\"><strong>Environment\u00e1ln\u00ed, soci\u00e1ln\u00ed a Governance<\/strong><\/p>\n<ul>\n<li dir=\"ltr\">\n<p dir=\"ltr\" role=\"presentation\">Nab\u00edz\u00edme \u010dlen\u016fm t\u00fdmu p\u0159\u00edle\u017eitosti zapojit se do aktivit a iniciativ v\u010detn\u011b dobrovolnick\u00fdch dn\u016f (1\u20133 placen\u00e9 dny), kter\u00e9 podporuj\u00ed na\u0161e ESG a z\u00e1vazky<\/p>\n<\/li>\n<\/ul>\n<p dir=\"ltr\"><strong>N\u00e1sleduj\u00edc\u00ed v\u00fdhody jsou z\u00e1visl\u00e9 na roli:<\/strong><\/p>\n<ul>\n<li dir=\"ltr\">\n<p dir=\"ltr\" role=\"presentation\">Firemn\u00ed auto nebo p\u0159\u00edsp\u011bvek na auto<\/p>\n<\/li>\n<li dir=\"ltr\">\n<p dir=\"ltr\" role=\"presentation\">Hybridn\u00ed pr\u00e1ce&nbsp;<\/p>\n<\/li>\n<li dir=\"ltr\">\n<p dir=\"ltr\" role=\"presentation\">Parkov\u00e1n\u00ed zdarma \u2013 parkov\u00e1n\u00ed na m\u00edst\u011b v\u010detn\u011b dob\u00edjec\u00edch m\u00edst pro elektromobily<\/p>\n<\/li>\n<li dir=\"ltr\">\n<p dir=\"ltr\" role=\"presentation\">N\u00e1klady na cestu a ubytov\u00e1n\u00ed<\/p>\n<\/li>\n<\/ul>\n<\/div>\n<\/div>\n<\/div>\n<\/div>\n<\/section>\n<section id=\"section-68-14-text-left-white\" class=\"ct-section\" >\n<div class=\"ct-section-inner-wrap\">\n<div id=\"new_columns-69-14text-left-white\" class=\"ct-new-columns\" >\n<div id=\"div_block-70-14\" class=\"ct-div-block\" >\n<h2 id=\"headline-71-14\" class=\"ct-headline\">Na\u0161e hodnoty<\/h2>\n<div id=\"_rich_text-72-14\" class=\"oxy-rich-text\" >\n<p dir=\"ltr\">Na\u0161e hodnoty, zvolen\u00e9 na\u0161imi zam\u011bstnanci, jsou z\u00e1kladem v\u0161eho, co d\u011bl\u00e1me.<\/p>\n<p dir=\"ltr\">Poskytujeme klinickou infrastrukturu a znalosti s rychlost\u00ed pot\u0159ebnou k roz\u0161\u00ed\u0159en\u00ed kapacity, \u0159\u00edzen\u00ed klinick\u00e9 dr\u00e1hy a poskytov\u00e1n\u00ed nep\u0159eru\u0161ovan\u00e9 p\u00e9\u010de zam\u011b\u0159en\u00e9 na pacienta.<\/p>\n<p dir=\"ltr\">The Vanguard Life Sciences values were decided through a consultative engagement programme that included participation by our entire team. We are committed to representing these values through its processes, products, services and interactions with both internal and external customers.<\/p>\n<p dir=\"ltr\">N\u00ed\u017ee uveden\u00e9 hodnoty byly zvoleny na z\u00e1klad\u011b konsenzu. Nejl\u00e9pe vyjad\u0159uj\u00ed zp\u016fsoby, jak\u00fdmi zaji\u0161\u0165ujeme poskytov\u00e1n\u00ed kvality a hodnoty extern\u00edm zainteresovan\u00fdm stran\u00e1m a \u0161ir\u0161\u00ed komunit\u011b pacient\u016f, kter\u00e9 slou\u017e\u00edme.<\/p>\n<\/div>\n<\/div>\n<div id=\"div_block-74-14\" class=\"ct-div-block\" ><img decoding=\"async\"  id=\"image-75-14\" alt=\"\" src=\"https:\/\/www.vanguardlifesciences.co.uk\/wp-content\/uploads\/sites\/9\/2023\/07\/nhs-75-2.jpg\" class=\"ct-image\"\/><\/div>\n<\/div>\n<\/div>\n<\/section>\n<section id=\"section-2-149\" class=\"ct-section\" >\n<div class=\"ct-section-inner-wrap\">\n<div id=\"div_block-5-149\" class=\"ct-div-block\" >\n<div id=\"div_block-10-149\" class=\"ct-div-block\" ><img decoding=\"async\"  id=\"image-11-149\" alt=\"Passionate\" src=\"https:\/\/www.vanguardlifesciences.co.uk\/wp-content\/uploads\/sites\/9\/2023\/06\/passionate.png\" class=\"ct-image\"\/><\/p>\n<div id=\"text_block-12-149\" class=\"ct-text-block\" >V\u00e1\u0161niv\u00fd<\/div>\n<\/div>\n<\/div>\n<div id=\"div_block-6-149\" class=\"ct-div-block\" >\n<div id=\"div_block-13-149\" class=\"ct-div-block\" ><img decoding=\"async\"  id=\"image-14-149\" alt=\"Patient focussed\" src=\"https:\/\/www.vanguardlifesciences.co.uk\/wp-content\/uploads\/sites\/9\/2023\/06\/patient-focussed.png\" class=\"ct-image\"\/><\/p>\n<div id=\"text_block-15-149\" class=\"ct-text-block\" >Zam\u011b\u0159en\u00e9 na pacienta<\/div>\n<\/div>\n<\/div>\n<div id=\"div_block-7-149\" class=\"ct-div-block\" >\n<div id=\"div_block-17-149\" class=\"ct-div-block\" ><img decoding=\"async\"  id=\"image-18-149\" alt=\"Responsive\" src=\"https:\/\/www.vanguardlifesciences.co.uk\/wp-content\/uploads\/sites\/9\/2023\/06\/responsive.png\" class=\"ct-image\"\/><\/p>\n<div id=\"text_block-19-149\" class=\"ct-text-block\" >Responzivn\u00ed<\/div>\n<\/div>\n<\/div>\n<div id=\"div_block-8-149\" class=\"ct-div-block\" >\n<div id=\"div_block-21-149\" class=\"ct-div-block\" ><img decoding=\"async\"  id=\"image-22-149\" alt=\"Teamwork\" src=\"https:\/\/www.vanguardlifesciences.co.uk\/wp-content\/uploads\/sites\/9\/2023\/06\/teamwork.png\" class=\"ct-image\"\/><\/p>\n<div id=\"text_block-23-149\" class=\"ct-text-block\" >T\u00fdmov\u00e1 pr\u00e1ce<\/div>\n<\/div>\n<\/div>\n<div id=\"div_block-9-149\" class=\"ct-div-block\" >\n<div id=\"div_block-25-149\" class=\"ct-div-block\" ><img decoding=\"async\"  id=\"image-26-149\" alt=\"Innovative\" src=\"https:\/\/www.vanguardlifesciences.co.uk\/wp-content\/uploads\/sites\/9\/2023\/06\/innovative.png\" class=\"ct-image\"\/><\/p>\n<div id=\"text_block-27-149\" class=\"ct-text-block\" >Inova\u010dn\u00ed<\/div>\n<\/div>\n<\/div>\n<\/div>\n<\/section>\n<section id=\"section-132-34\" class=\"ct-section\" >\n<div class=\"ct-section-inner-wrap\">\n<div id=\"new_columns-133-34\" class=\"ct-new-columns\" >\n<div id=\"div_block-138-34\" class=\"ct-div-block\" ><img decoding=\"async\"  id=\"image-139-34\" alt=\"\" src=\"https:\/\/www.vanguardlifesciences.co.uk\/wp-content\/uploads\/sites\/9\/2023\/07\/nhs-75-5.jpg\" class=\"ct-image\"\/><\/div>\n<div id=\"div_block-134-34\" class=\"ct-div-block\" >\n<h2 id=\"headline-135-34\" class=\"ct-headline\">Najd\u011bte svou profesn\u00ed dr\u00e1hu<\/h2>\n<div id=\"_rich_text-136-34\" class=\"oxy-rich-text\" >\n<p dir=\"ltr\">A\u0165 u\u017e v\u00e1s bav\u00ed role, kter\u00e9 \u010del\u00edte trp\u011bliv\u011b, nebo role, kter\u00e1 podporuje na\u0161e rostouc\u00ed podnik\u00e1n\u00ed, m\u00e1me \u0159adu p\u0159\u00edle\u017eitost\u00ed, jak se k n\u00e1m p\u0159ipojit na na\u0161\u00ed vzru\u0161uj\u00edc\u00ed cest\u011b, kdy\u017e se posouv\u00e1me do dal\u0161\u00ed f\u00e1ze na\u0161\u00ed budoucnosti p\u0159i pln\u011bn\u00ed na\u0161ich r\u016fstov\u00fdch ambic\u00ed.&nbsp;<\/p>\n<p dir=\"ltr\">Sv\u00fdch c\u00edl\u016f dosahujeme t\u00edm, \u017ee pracujeme spole\u010dn\u011b jako t\u00fdm v souladu s na\u0161imi hodnotami.<\/p>\n<p dir=\"ltr\">Usilujeme o r\u016fznorod\u00e9 a inkluzivn\u00ed pracovi\u0161t\u011b a d\u016frazn\u011b vyz\u00fdv\u00e1me vhodn\u011b kvalifikovan\u00e9 uchaze\u010de z \u0161irok\u00e9 \u0161k\u00e1ly prost\u0159ed\u00ed, aby se p\u0159ihl\u00e1sili do na\u0161eho t\u00fdmu.<\/p>\n<\/div>\n<\/div>\n<\/div>\n<\/div>\n<\/section>","protected":false},"excerpt":{"rendered":"","protected":false},"author":2,"featured_media":0,"parent":0,"menu_order":0,"comment_status":"closed","ping_status":"closed","template":"","meta":{"_acf_changed":false,"footnotes":""},"class_list":["post-143","page","type-page","status-publish","format-standard","hentry"],"acf":[],"yoast_head":"<!-- This site is optimized with the Yoast SEO plugin v27.3 - https:\/\/yoast.com\/product\/yoast-seo-wordpress\/ -->\n<title>Careers - Vanguard Life Sciences<\/title>\n<meta name=\"robots\" content=\"index, follow, max-snippet:-1, max-image-preview:large, max-video-preview:-1\" \/>\n<link rel=\"canonical\" href=\"https:\/\/www.vanguardlifesciences.co.uk\/cs_cz\/careers\/\" \/>\n<meta property=\"og:locale\" content=\"cs_CZ\" \/>\n<meta property=\"og:type\" content=\"article\" \/>\n<meta property=\"og:title\" content=\"Careers - Vanguard Life Sciences\" \/>\n<meta property=\"og:url\" content=\"https:\/\/www.vanguardlifesciences.co.uk\/cs_cz\/careers\/\" \/>\n<meta property=\"og:site_name\" content=\"Vanguard Life Sciences\" \/>\n<meta property=\"article:modified_time\" content=\"2026-01-13T09:27:17+00:00\" \/>\n<meta name=\"twitter:card\" content=\"summary_large_image\" \/>\n<meta name=\"twitter:label1\" content=\"Odhadovan\u00e1 doba \u010dten\u00ed\" \/>\n\t<meta name=\"twitter:data1\" content=\"1 minuta\" \/>\n<script type=\"application\/ld+json\" class=\"yoast-schema-graph\">{\"@context\":\"https:\\\/\\\/schema.org\",\"@graph\":[{\"@type\":\"WebPage\",\"@id\":\"https:\\\/\\\/www.vanguardlifesciences.co.uk\\\/careers\\\/\",\"url\":\"https:\\\/\\\/www.vanguardlifesciences.co.uk\\\/careers\\\/\",\"name\":\"Careers - Vanguard Life Sciences\",\"isPartOf\":{\"@id\":\"https:\\\/\\\/www.vanguardlifesciences.co.uk\\\/#website\"},\"datePublished\":\"2023-06-05T15:04:05+00:00\",\"dateModified\":\"2026-01-13T09:27:17+00:00\",\"breadcrumb\":{\"@id\":\"https:\\\/\\\/www.vanguardlifesciences.co.uk\\\/careers\\\/#breadcrumb\"},\"inLanguage\":\"cs\",\"potentialAction\":[{\"@type\":\"ReadAction\",\"target\":[\"https:\\\/\\\/www.vanguardlifesciences.co.uk\\\/careers\\\/\"]}]},{\"@type\":\"BreadcrumbList\",\"@id\":\"https:\\\/\\\/www.vanguardlifesciences.co.uk\\\/careers\\\/#breadcrumb\",\"itemListElement\":[{\"@type\":\"ListItem\",\"position\":1,\"name\":\"Home\",\"item\":\"https:\\\/\\\/www.vanguardlifesciences.co.uk\\\/\"},{\"@type\":\"ListItem\",\"position\":2,\"name\":\"Careers\"}]},{\"@type\":\"WebSite\",\"@id\":\"https:\\\/\\\/www.vanguardlifesciences.co.uk\\\/#website\",\"url\":\"https:\\\/\\\/www.vanguardlifesciences.co.uk\\\/\",\"name\":\"Vanguard Life Sciences\",\"description\":\"\",\"potentialAction\":[{\"@type\":\"SearchAction\",\"target\":{\"@type\":\"EntryPoint\",\"urlTemplate\":\"https:\\\/\\\/www.vanguardlifesciences.co.uk\\\/?s={search_term_string}\"},\"query-input\":{\"@type\":\"PropertyValueSpecification\",\"valueRequired\":true,\"valueName\":\"search_term_string\"}}],\"inLanguage\":\"cs\"}]}<\/script>\n<!-- \/ Yoast SEO plugin. -->","yoast_head_json":{"title":"Careers - Vanguard Life Sciences","robots":{"index":"index","follow":"follow","max-snippet":"max-snippet:-1","max-image-preview":"max-image-preview:large","max-video-preview":"max-video-preview:-1"},"canonical":"https:\/\/www.vanguardlifesciences.co.uk\/cs_cz\/careers\/","og_locale":"cs_CZ","og_type":"article","og_title":"Careers - Vanguard Life Sciences","og_url":"https:\/\/www.vanguardlifesciences.co.uk\/cs_cz\/careers\/","og_site_name":"Vanguard Life Sciences","article_modified_time":"2026-01-13T09:27:17+00:00","twitter_card":"summary_large_image","twitter_misc":{"Odhadovan\u00e1 doba \u010dten\u00ed":"1 minuta"},"schema":{"@context":"https:\/\/schema.org","@graph":[{"@type":"WebPage","@id":"https:\/\/www.vanguardlifesciences.co.uk\/careers\/","url":"https:\/\/www.vanguardlifesciences.co.uk\/careers\/","name":"Careers - Vanguard Life Sciences","isPartOf":{"@id":"https:\/\/www.vanguardlifesciences.co.uk\/#website"},"datePublished":"2023-06-05T15:04:05+00:00","dateModified":"2026-01-13T09:27:17+00:00","breadcrumb":{"@id":"https:\/\/www.vanguardlifesciences.co.uk\/careers\/#breadcrumb"},"inLanguage":"cs","potentialAction":[{"@type":"ReadAction","target":["https:\/\/www.vanguardlifesciences.co.uk\/careers\/"]}]},{"@type":"BreadcrumbList","@id":"https:\/\/www.vanguardlifesciences.co.uk\/careers\/#breadcrumb","itemListElement":[{"@type":"ListItem","position":1,"name":"Home","item":"https:\/\/www.vanguardlifesciences.co.uk\/"},{"@type":"ListItem","position":2,"name":"Careers"}]},{"@type":"WebSite","@id":"https:\/\/www.vanguardlifesciences.co.uk\/#website","url":"https:\/\/www.vanguardlifesciences.co.uk\/","name":"Vanguard Life Sciences","description":"","potentialAction":[{"@type":"SearchAction","target":{"@type":"EntryPoint","urlTemplate":"https:\/\/www.vanguardlifesciences.co.uk\/?s={search_term_string}"},"query-input":{"@type":"PropertyValueSpecification","valueRequired":true,"valueName":"search_term_string"}}],"inLanguage":"cs"}]}},"_links":{"self":[{"href":"https:\/\/www.vanguardlifesciences.co.uk\/cs_cz\/wp-json\/wp\/v2\/pages\/143","targetHints":{"allow":["GET"]}}],"collection":[{"href":"https:\/\/www.vanguardlifesciences.co.uk\/cs_cz\/wp-json\/wp\/v2\/pages"}],"about":[{"href":"https:\/\/www.vanguardlifesciences.co.uk\/cs_cz\/wp-json\/wp\/v2\/types\/page"}],"author":[{"embeddable":true,"href":"https:\/\/www.vanguardlifesciences.co.uk\/cs_cz\/wp-json\/wp\/v2\/users\/2"}],"replies":[{"embeddable":true,"href":"https:\/\/www.vanguardlifesciences.co.uk\/cs_cz\/wp-json\/wp\/v2\/comments?post=143"}],"version-history":[{"count":0,"href":"https:\/\/www.vanguardlifesciences.co.uk\/cs_cz\/wp-json\/wp\/v2\/pages\/143\/revisions"}],"wp:attachment":[{"href":"https:\/\/www.vanguardlifesciences.co.uk\/cs_cz\/wp-json\/wp\/v2\/media?parent=143"}],"curies":[{"name":"wp","href":"https:\/\/api.w.org\/{rel}","templated":true}]}}