{"id":367,"date":"2023-06-28T13:15:49","date_gmt":"2023-06-28T13:15:49","guid":{"rendered":"https:\/\/www.vanguardlifesciences.co.uk\/?page_id=367"},"modified":"2023-08-24T10:07:33","modified_gmt":"2023-08-24T10:07:33","slug":"accessibility","status":"publish","type":"page","link":"https:\/\/www.vanguardlifesciences.co.uk\/bs_ba\/accessibility\/","title":{"rendered":"Pristupa\u010dnost"},"content":{"rendered":"<p>Ulo\u017eili smo sve napore da ova stranica bude dostupna i laka za kori\u0161tenje za sve.<\/p>\n<\/p>\n<h4 class=\"wp-block-heading\">Glavne uloge<\/h4>\n<p>Slijede\u0107i smjernice koje su postavili Inicijativa za pristupa\u010dnost weba (WAI) i Accessible Rich Internet Applications Suite (ARIA), date su zna\u010dajne uloge kako bi se stranica u\u010dinila dostupnijom. Uloge koje se koriste za identifikaciju specifi\u010dnog sadr\u017eaja ili podru\u010dja navigacije za ma\u0161inske \u010dita\u010de i pomo\u0107ne ure\u0111aje kao \u0161to su \u010dita\u010di ekrana.<\/p>\n<p>Orijentiri su kori\u0161teni za identifikaciju glavnih dijelova stranice, a ARIA atributi odgovaraju njihovim ulogama.<\/p>\n<\/p>\n<h4 class=\"wp-block-heading\">Podr\u0161ka za pretra\u017eiva\u010de i ure\u0111aje<\/h4>\n<p>Stranica je izgra\u0111ena na fleksibilan na\u010din i u potpunosti odgovara kako bi se osiguralo najbolje mogu\u0107e korisni\u010dko iskustvo na desktop, mobilnim i tablet ure\u0111ajima.<\/p>\n<p>Stranica je u potpunosti podr\u017eana (\u0161to zna\u010di optimalno iskustvo gdje se sav sadr\u017eaj isporu\u010duje i pristupa kako je predvi\u0111eno) za najnoviju verziju Chromea, Firefoxa, Safarija i Edge na desktopu, kao i za najnoviju verziju Chromea na Androidu i Safari na iOS-u.<\/p>\n<p>Podr\u0161ka za prethodne dvije verzije gore navedenih pretra\u017eiva\u010da je zastarjela (\u0161to zna\u010di da je sav sadr\u017eaj dostupan, ali korisni\u010dko iskustvo mo\u017ee biti smanjeno. HTML, Javascript i CSS prezentacija \u0107e se graciozno degradirati (tj. ne\u0107e ispu\u0161tati gre\u0161ke) ako pretra\u017eiva\u010d nije u stanju isporu\u010diti funkcionalnost).<\/p>\n<p>Stariji pretra\u017eiva\u010di ili pretra\u017eiva\u010di koji nisu gore navedeni nisu podr\u017eani (\u0161to zna\u010di da pretra\u017eiva\u010d nije testiran i stoga neki sadr\u017eaj mo\u017ee biti nedostupan i iskustvo mo\u017ee biti ozbiljno pogo\u0111eno).<\/p>\n<\/p>\n<h4 class=\"wp-block-heading\">Semantika<\/h4>\n<p>HTML5 oznake se koriste za strukturiranje web stranice s odgovaraju\u0107im elementima koji se koriste za jasnu i logi\u010dnu identifikaciju sadr\u017eaja za pretra\u017eiva\u010de ili \u010dita\u010de ekrana.<\/p>\n<\/p>\n<h4 class=\"wp-block-heading\">JavaScript<\/h4>\n<p>Upotreba JavaScripta \u0107e korisniku dati pobolj\u0161ane karakteristike stranice. Tamo gdje nije dostupan onda su sve stranice i procesi jo\u0161 uvijek dostupni.<\/p>\n<\/p>\n<h4 class=\"wp-block-heading\">Forms<\/h4>\n<p>Sva polja obrazaca slijede logi\u010dki niz kartica kako bi se osigurala laka navigacija. Polja obrasca tako\u0111er imaju atribute &#039;label&#039; i &#039;id&#039; za povezivanje polja obrasca sa njegovom oznakom kako bi se omogu\u0107io lak unos podataka.<\/p>\n<\/p>\n<h4 class=\"wp-block-heading\">Linkovi<\/h4>\n<p>Svi linkovi su napisani da bi imali smisla kada su izvu\u010deni iz konteksta. Tamo gdje je prikladno, dodali smo i atribute naslova veze da bismo detaljnije opisali vezu.<\/p>\n<\/p>\n<h4 class=\"wp-block-heading\">Veli\u010dina slova<\/h4>\n<p>Veli\u010dine fonta koje se koriste na web stranici su potpuno fleksibilne. Mo\u017eete promijeniti veli\u010dinu fonta kako biste ga pove\u0107ali ili smanjili putem postavki va\u0161eg pretra\u017eiva\u010da.<\/p>\n<\/p>\n<h4 class=\"wp-block-heading\">Boje<\/h4>\n<p>Pobrinuli smo se da osiguramo da kombinacije boja i kontrast stranice budu efikasne u osiguravanju da su informacije i dalje jasne kada ih svi gledaju tako \u0161to imamo minimalni omjer kontrasta od 3 na cijeloj web lokaciji.<\/p>\n<\/p>\n<h4 class=\"wp-block-heading\">Preuzimanja<\/h4>\n<p>Koristimo Adobe PDF za dodatne informacije i preuzimanja. Adobe PDF Reader je besplatno dostupan za upotrebu na bilo kom ra\u010dunaru i mo\u017ee se preuzeti <a href=\"https:\/\/get.adobe.com\/uk\/reader\/\" target=\"_blank\" rel=\"noreferrer noopener\">ovdje<\/a>.<\/p>","protected":false},"excerpt":{"rendered":"<p>We have made every effort to make this site accessible and easy to use for everyone. Landmark roles Following guidance set by the Web Accessibility Initiative (WAI) and the Accessible Rich Internet Applications Suite (ARIA), landmark roles are provided to make the site more accessible. Roles used to identify specific content or navigation areas for [&hellip;]<\/p>\n","protected":false},"author":2,"featured_media":0,"parent":0,"menu_order":0,"comment_status":"closed","ping_status":"closed","template":"","meta":{"_acf_changed":false,"footnotes":""},"class_list":["post-367","page","type-page","status-publish","format-standard","hentry"],"acf":[],"yoast_head":"<!-- This site is optimized with the Yoast SEO plugin v27.3 - https:\/\/yoast.com\/product\/yoast-seo-wordpress\/ -->\n<title>Accessibility - Vanguard Life Sciences<\/title>\n<meta name=\"robots\" content=\"index, follow, max-snippet:-1, max-image-preview:large, max-video-preview:-1\" \/>\n<link rel=\"canonical\" href=\"https:\/\/www.vanguardlifesciences.co.uk\/bs_ba\/accessibility\/\" \/>\n<meta property=\"og:locale\" content=\"bs_BA\" \/>\n<meta property=\"og:type\" content=\"article\" \/>\n<meta property=\"og:title\" content=\"Accessibility - Vanguard Life Sciences\" \/>\n<meta property=\"og:description\" content=\"We have made every effort to make this site accessible and easy to use for everyone. Landmark roles Following guidance set by the Web Accessibility Initiative (WAI) and the Accessible Rich Internet Applications Suite (ARIA), landmark roles are provided to make the site more accessible. Roles used to identify specific content or navigation areas for [&hellip;]\" \/>\n<meta property=\"og:url\" content=\"https:\/\/www.vanguardlifesciences.co.uk\/bs_ba\/accessibility\/\" \/>\n<meta property=\"og:site_name\" content=\"Vanguard Life Sciences\" \/>\n<meta property=\"article:modified_time\" content=\"2023-08-24T10:07:33+00:00\" \/>\n<meta name=\"twitter:card\" content=\"summary_large_image\" \/>\n<meta name=\"twitter:label1\" content=\"Est. reading time\" \/>\n\t<meta name=\"twitter:data1\" content=\"2 minute\" \/>\n<script type=\"application\/ld+json\" class=\"yoast-schema-graph\">{\"@context\":\"https:\\\/\\\/schema.org\",\"@graph\":[{\"@type\":\"WebPage\",\"@id\":\"https:\\\/\\\/www.vanguardlifesciences.co.uk\\\/accessibility\\\/\",\"url\":\"https:\\\/\\\/www.vanguardlifesciences.co.uk\\\/accessibility\\\/\",\"name\":\"Accessibility - Vanguard Life Sciences\",\"isPartOf\":{\"@id\":\"https:\\\/\\\/www.vanguardlifesciences.co.uk\\\/#website\"},\"datePublished\":\"2023-06-28T13:15:49+00:00\",\"dateModified\":\"2023-08-24T10:07:33+00:00\",\"breadcrumb\":{\"@id\":\"https:\\\/\\\/www.vanguardlifesciences.co.uk\\\/accessibility\\\/#breadcrumb\"},\"inLanguage\":\"bs-BA\",\"potentialAction\":[{\"@type\":\"ReadAction\",\"target\":[\"https:\\\/\\\/www.vanguardlifesciences.co.uk\\\/accessibility\\\/\"]}]},{\"@type\":\"BreadcrumbList\",\"@id\":\"https:\\\/\\\/www.vanguardlifesciences.co.uk\\\/accessibility\\\/#breadcrumb\",\"itemListElement\":[{\"@type\":\"ListItem\",\"position\":1,\"name\":\"Home\",\"item\":\"https:\\\/\\\/www.vanguardlifesciences.co.uk\\\/\"},{\"@type\":\"ListItem\",\"position\":2,\"name\":\"Accessibility\"}]},{\"@type\":\"WebSite\",\"@id\":\"https:\\\/\\\/www.vanguardlifesciences.co.uk\\\/#website\",\"url\":\"https:\\\/\\\/www.vanguardlifesciences.co.uk\\\/\",\"name\":\"Vanguard Life Sciences\",\"description\":\"\",\"potentialAction\":[{\"@type\":\"SearchAction\",\"target\":{\"@type\":\"EntryPoint\",\"urlTemplate\":\"https:\\\/\\\/www.vanguardlifesciences.co.uk\\\/?s={search_term_string}\"},\"query-input\":{\"@type\":\"PropertyValueSpecification\",\"valueRequired\":true,\"valueName\":\"search_term_string\"}}],\"inLanguage\":\"bs-BA\"}]}<\/script>\n<!-- \/ Yoast SEO plugin. -->","yoast_head_json":{"title":"Accessibility - Vanguard Life Sciences","robots":{"index":"index","follow":"follow","max-snippet":"max-snippet:-1","max-image-preview":"max-image-preview:large","max-video-preview":"max-video-preview:-1"},"canonical":"https:\/\/www.vanguardlifesciences.co.uk\/bs_ba\/accessibility\/","og_locale":"bs_BA","og_type":"article","og_title":"Accessibility - Vanguard Life Sciences","og_description":"We have made every effort to make this site accessible and easy to use for everyone. Landmark roles Following guidance set by the Web Accessibility Initiative (WAI) and the Accessible Rich Internet Applications Suite (ARIA), landmark roles are provided to make the site more accessible. Roles used to identify specific content or navigation areas for [&hellip;]","og_url":"https:\/\/www.vanguardlifesciences.co.uk\/bs_ba\/accessibility\/","og_site_name":"Vanguard Life Sciences","article_modified_time":"2023-08-24T10:07:33+00:00","twitter_card":"summary_large_image","twitter_misc":{"Est. reading time":"2 minute"},"schema":{"@context":"https:\/\/schema.org","@graph":[{"@type":"WebPage","@id":"https:\/\/www.vanguardlifesciences.co.uk\/accessibility\/","url":"https:\/\/www.vanguardlifesciences.co.uk\/accessibility\/","name":"Accessibility - Vanguard Life Sciences","isPartOf":{"@id":"https:\/\/www.vanguardlifesciences.co.uk\/#website"},"datePublished":"2023-06-28T13:15:49+00:00","dateModified":"2023-08-24T10:07:33+00:00","breadcrumb":{"@id":"https:\/\/www.vanguardlifesciences.co.uk\/accessibility\/#breadcrumb"},"inLanguage":"bs-BA","potentialAction":[{"@type":"ReadAction","target":["https:\/\/www.vanguardlifesciences.co.uk\/accessibility\/"]}]},{"@type":"BreadcrumbList","@id":"https:\/\/www.vanguardlifesciences.co.uk\/accessibility\/#breadcrumb","itemListElement":[{"@type":"ListItem","position":1,"name":"Home","item":"https:\/\/www.vanguardlifesciences.co.uk\/"},{"@type":"ListItem","position":2,"name":"Accessibility"}]},{"@type":"WebSite","@id":"https:\/\/www.vanguardlifesciences.co.uk\/#website","url":"https:\/\/www.vanguardlifesciences.co.uk\/","name":"Vanguard Life Sciences","description":"","potentialAction":[{"@type":"SearchAction","target":{"@type":"EntryPoint","urlTemplate":"https:\/\/www.vanguardlifesciences.co.uk\/?s={search_term_string}"},"query-input":{"@type":"PropertyValueSpecification","valueRequired":true,"valueName":"search_term_string"}}],"inLanguage":"bs-BA"}]}},"_links":{"self":[{"href":"https:\/\/www.vanguardlifesciences.co.uk\/bs_ba\/wp-json\/wp\/v2\/pages\/367","targetHints":{"allow":["GET"]}}],"collection":[{"href":"https:\/\/www.vanguardlifesciences.co.uk\/bs_ba\/wp-json\/wp\/v2\/pages"}],"about":[{"href":"https:\/\/www.vanguardlifesciences.co.uk\/bs_ba\/wp-json\/wp\/v2\/types\/page"}],"author":[{"embeddable":true,"href":"https:\/\/www.vanguardlifesciences.co.uk\/bs_ba\/wp-json\/wp\/v2\/users\/2"}],"replies":[{"embeddable":true,"href":"https:\/\/www.vanguardlifesciences.co.uk\/bs_ba\/wp-json\/wp\/v2\/comments?post=367"}],"version-history":[{"count":0,"href":"https:\/\/www.vanguardlifesciences.co.uk\/bs_ba\/wp-json\/wp\/v2\/pages\/367\/revisions"}],"wp:attachment":[{"href":"https:\/\/www.vanguardlifesciences.co.uk\/bs_ba\/wp-json\/wp\/v2\/media?parent=367"}],"curies":[{"name":"radni list","href":"https:\/\/api.w.org\/{rel}","templated":true}]}}