{"id":143,"date":"2023-06-05T15:04:05","date_gmt":"2023-06-05T15:04:05","guid":{"rendered":"https:\/\/www.vanguardlifesciences.co.uk\/?page_id=143"},"modified":"2026-01-13T09:27:17","modified_gmt":"2026-01-13T09:27:17","slug":"careers","status":"publish","type":"page","link":"https:\/\/www.vanguardlifesciences.co.uk\/bs_ba\/careers\/","title":{"rendered":"Karijere"},"content":{"rendered":"<section id=\"section-2-14\" class=\"ct-section\" >\n<div class=\"ct-section-inner-wrap\">\n<div id=\"new_columns-3-14\" class=\"ct-new-columns\" >\n<div id=\"div_block-4-14\" class=\"ct-div-block\" >\n<div id=\"div_block-21-223\" class=\"ct-div-block\" ><a id=\"link_text-13-223\" class=\"ct-link-text\" href=\"\/bs_ba\/\" target=\"_self\"  >Dom<\/a><a id=\"link_text-25-223\" class=\"ct-link-text\" href=\"http:\/\/\" target=\"_self\"  >&gt;<\/a><\/p>\n<div id=\"text_block-26-223\" class=\"ct-text-block\" ><span id=\"span-27-223\" class=\"ct-span\" >Karijere<\/span><\/div>\n<\/div>\n<div id=\"div_block-17-223\" class=\"ct-div-block\" >\n<h1 id=\"headline-5-14\" class=\"ct-headline\">Budite dio tima koji se \u0161iri u Velikoj Britaniji<\/h1>\n<\/div>\n<\/div>\n<div id=\"div_block-9-14\" class=\"ct-div-block\" ><link rel='stylesheet' id='oxygen-unslider-css'  href='https:\/\/www.vanguardlifesciences.co.uk\/wp-content\/plugins\/oxygen\/component-framework\/vendor\/unslider\/unslider.css' type='text\/css' media='all'\/>\n<div id=\"slider-88-14\" class=\"ct-slider ct_unique_slider_7479\" >\n<div class=\"oxygen-unslider-container\">\n<ul>\n<li>\n<div id=\"slide-89-14\" class=\"ct-slide\" ><img decoding=\"async\"  id=\"image-96-14\" alt=\"\" src=\"https:\/\/www.vanguardlifesciences.co.uk\/wp-content\/uploads\/sites\/9\/2025\/11\/Image-62.jpg\" class=\"ct-image\"\/><\/div>\n<\/li>\n<li>\n<div id=\"slide-101-14\" class=\"ct-slide\" ><img decoding=\"async\"  id=\"image-102-14\" alt=\"\" src=\"https:\/\/www.vanguardlifesciences.co.uk\/wp-content\/uploads\/sites\/9\/2025\/11\/Vanguard-Commercial-Photography-202.jpg\" class=\"ct-image\"\/><\/div>\n<\/li>\n<\/ul>\n<\/div>\n<\/div>\n<p><script class=\"ct-slider-script\">jQuery(document).ready(function($){$('#slider-88-14.ct_unique_slider_7479 .oxygen-unslider-container:not(.unslider-horizontal,.unslider-fade)').unslider({autoplay: true, delay: 3000, animation: 'horizontal', speed : 750, arrows: true, nav: false, infinite: true})});<\/script><\/div>\n<\/div>\n<\/div>\n<\/section>\n<section id=\"section-68-14-text-left-white\" class=\"ct-section\" >\n<div class=\"ct-section-inner-wrap\">\n<div id=\"new_columns-69-14text-left-white\" class=\"ct-new-columns\" >\n<div id=\"div_block-70-14\" class=\"ct-div-block\" >\n<h2 id=\"headline-71-14\" class=\"ct-headline\">Kako je raditi za nas<\/h2>\n<div id=\"_rich_text-72-14\" class=\"oxy-rich-text\" >\n<p dir=\"ltr\">Cijenimo na\u0161e ljude i pru\u017eamo im okru\u017eenje podr\u0161ke da napreduju.&nbsp;<\/p>\n<p dir=\"ltr\">Nastavili smo fleksibilno raditi od pandemije i prepoznajemo pozitivan bilans hibridnog rada za mnoge na\u0161e tradicionalne uloge podr\u0161ke u uredima.<\/p>\n<p dir=\"ltr\">Mi smo tim koji pru\u017ea podr\u0161ku i brigu i imamo obu\u010dene prve pomo\u0107i u mentalnom zdravlju za sve na\u0161e zaposlene i niz pogodnosti koje podr\u017eavaju na\u0161u dobrobit.<\/p>\n<p dir=\"ltr\">Volimo u\u010diti i podr\u017eavati razvoj u cijelom poslu. Svake godine obezbje\u0111ujemo nadoknadu za profesionalna \u010dlanstva i podr\u017eavamo mnoge \u010dlanove na\u0161eg tima sa stru\u010dnim studijem kao dijelom njihovog razvoja karijere.&nbsp;<\/p>\n<p dir=\"ltr\">Uz brzo rastu\u0107i tim od preko 150 kolega na me\u0111unarodnom nivou, na\u0161e vrijednosti definiraju na\u010din na koji poslujemo sa na\u0161im klijentima, interno i eksterno: Fokusirani na pacijenta; Inovative; Responsive; Passionate; Timski rad.<\/p>\n<p dir=\"ltr\">Na\u0161i rezultati ankete o anga\u017emanu iz 2023. pokazuju na\u0161u posve\u0107enost na\u0161im ljudima, sa <strong>82% pozitivan anga\u017eman<\/strong> \u0161irom poslovanja.<\/p>\n<p dir=\"ltr\">Gotovo <strong>90%<\/strong> na\u0161e populacije zaposlenih u Velikoj Britaniji, rekao je <em>\u201cPreporu\u010dio bih rad ovdje prijateljima i porodici\u201d<\/em> i <strong>98%<\/strong> na\u0161e Klini\u010dke populacije ka\u017eu <em>\u201c\u017delim raditi ovdje za 12 mjeseci\u201d<\/em>.<\/p>\n<\/div>\n<\/div>\n<div id=\"div_block-74-14\" class=\"ct-div-block\" ><img decoding=\"async\"  id=\"image-75-14\" alt=\"\" src=\"https:\/\/www.vanguardlifesciences.co.uk\/wp-content\/uploads\/sites\/9\/2026\/01\/Manria-Brar.jpg\" class=\"ct-image\"\/><\/div>\n<\/div>\n<\/div>\n<\/section>\n<section id=\"section-2-802\" class=\"ct-section\" style=\"background-image:linear-gradient(rgba(0,73,131,0.73), rgba(0,73,131,0.73)), url(https:\/\/www.vanguardlifesciences.co.uk\/wp-content\/uploads\/sites\/9\/2023\/05\/boulders-right.png);background-size:auto,  auto;\" >\n<div class=\"ct-section-inner-wrap\">\n<div id=\"div_block-3-802\" class=\"ct-div-block\" >\n<div id=\"text_block-5-802\" class=\"ct-text-block\" >Na\u0161a vizija ljudi je:<\/div>\n<div id=\"_rich_text-4-802\" class=\"oxy-rich-text\" >\n<p>Omogu\u0107iti na\u0161im ljudima da postignu izuzetne rezultate. To radimo stvaraju\u0107i osna\u017eene i agilne timove, podr\u017eane autenti\u010dnim i saosje\u0107ajnim vodstvom i osiguravaju\u0107i inkluzivno okru\u017eenje za rast.<\/p>\n<\/div>\n<\/div>\n<\/div>\n<\/section>\n<section id=\"text-left-blue\" class=\"ct-section\" >\n<div class=\"ct-section-inner-wrap\">\n<div id=\"new_columns-107-34-blue\" class=\"ct-new-columns\" >\n<div id=\"div_block-108-34\" class=\"ct-div-block\" >\n<h2 id=\"headline-109-34\" class=\"ct-headline\">Na\u0161e prednosti<\/h2>\n<div id=\"_rich_text-110-34\" class=\"oxy-rich-text\" >\n<p>Nudimo konkurentne pakete plata i sve na\u0161e uloge imaju sljede\u0107e pogodnosti:<\/p>\n<p dir=\"ltr\"><strong>Lifestyle&nbsp;<\/strong><\/p>\n<ul>\n<li dir=\"ltr\">\n<p dir=\"ltr\" role=\"presentation\">5 sedmica godi\u0161njeg odmora (pored dr\u017eavnih praznika u UK)<\/p>\n<\/li>\n<li dir=\"ltr\">\n<p dir=\"ltr\" role=\"presentation\">Mogu\u0107nost kupovine\/prodaje dodatne 1 sedmice godi\u0161njeg odmora<\/p>\n<\/li>\n<li dir=\"ltr\">\n<p dir=\"ltr\" role=\"presentation\">Shema popusta za zaposlene \u2013 shema popusta na mre\u017ei za pru\u017eatelje usluga u maloprodaji, zdravstvu, slobodno vrijeme i \u017eivotnom stilu<\/p>\n<\/li>\n<li dir=\"ltr\">\n<p dir=\"ltr\" role=\"presentation\">Penzija kompanije (doprinos kompanije 5% i doprinos zaposlenih 5%, koji se mo\u017ee pove\u0107ati u bilo kom trenutku)<\/p>\n<\/li>\n<\/ul>\n<\/div>\n<\/div>\n<div id=\"div_block-112-34\" class=\"ct-div-block\" ><img decoding=\"async\"  id=\"image-113-34\" alt=\"\" src=\"https:\/\/www.vanguardlifesciences.co.uk\/wp-content\/uploads\/sites\/9\/2023\/07\/team-7-1.jpg\" class=\"ct-image\"\/><\/div>\n<\/div>\n<\/div>\n<\/section>\n<section id=\"section-88-34-blue2\" class=\"ct-section\" >\n<div class=\"ct-section-inner-wrap\">\n<div id=\"new_columns-13-665\" class=\"ct-new-columns\" >\n<div id=\"div_block-14-665\" class=\"ct-div-block\" >\n<div id=\"_rich_text-18-665\" class=\"oxy-rich-text\" >\n<p dir=\"ltr\"><strong>Dobrobit<\/strong><\/p>\n<ul>\n<li dir=\"ltr\">\n<p dir=\"ltr\" role=\"presentation\">Pove\u0107ana plata za bolovanje u kompaniji&nbsp;<\/p>\n<\/li>\n<li dir=\"ltr\">Pove\u0107ana plata za porodiljsko, o\u010dinsko, usvajaju\u0107e i zajedni\u010dko roditeljsko odsustvo<\/li>\n<li dir=\"ltr\">\n<p dir=\"ltr\" role=\"presentation\">Naknada za vakcinaciju protiv gripe&nbsp;<\/p>\n<\/li>\n<li dir=\"ltr\">\n<p dir=\"ltr\" role=\"presentation\">Nov\u010dani plan zdravstvene za\u0161tite putem Paycarea, uklju\u010duju\u0107i povrat novca za medicinske tro\u0161kove, zdravstvene preglede i alternativne terapije<\/p>\n<\/li>\n<li dir=\"ltr\">\n<p dir=\"ltr\" role=\"presentation\">Pristup ljekaru op\u0161te prakse 24\/7 uz pokri\u0107e \u0161irom svijeta i uslugu izdavanja privatnih recepta<\/p>\n<\/li>\n<li dir=\"ltr\">\n<p dir=\"ltr\" role=\"presentation\">Program pomo\u0107i zaposlenima, uklju\u010duju\u0107i povjerljivo savjetovanje i slu\u017ebu za pomo\u0107<\/p>\n<\/li>\n<li dir=\"ltr\">\n<p dir=\"ltr\" role=\"presentation\">\u017divotno osiguranje (ekvivalentno 4 x godi\u0161nje plate)&nbsp;<\/p>\n<\/li>\n<li dir=\"ltr\">\n<p dir=\"ltr\" role=\"presentation\">\u0160ema od ciklusa do posla<\/p>\n<\/li>\n<li dir=\"ltr\">Tuskerov program za automobile - beneficija \u017ertvovanja plate za zaposlenike kako bi vozili potpuno novi, potpuno osiguran i odr\u017eavan automobil za fiksni mjese\u010dni tro\u0161ak koji se odbija od njihove plate.<\/li>\n<li dir=\"ltr\">YellowNest - beneficija za \u017ertvovanje plate osmi\u0161ljena da u\u0161tedi roditeljima novac na tro\u0161kovima brige o djeci<\/li>\n<li dir=\"ltr\">\n<p dir=\"ltr\" role=\"presentation\">Slu\u017eba medicine rada<\/p>\n<\/li>\n<li dir=\"ltr\">\n<p dir=\"ltr\" role=\"presentation\">Prva pomo\u0107 za mentalno zdravlje kroz obu\u010dene prve pomo\u0107i za mentalno zdravlje u cijeloj organizaciji<\/p>\n<\/li>\n<\/ul>\n<p dir=\"ltr\"><strong>Razvoj<\/strong><\/p>\n<ul>\n<li dir=\"ltr\">\n<p dir=\"ltr\" role=\"presentation\">Naknada za godi\u0161nje profesionalno \u010dlanstvo<\/p>\n<\/li>\n<li dir=\"ltr\">\n<p dir=\"ltr\" role=\"presentation\">Podr\u0161ka profesionalnom studiranju kao dio razvoja karijere<\/p>\n<\/li>\n<\/ul>\n<p>&nbsp;<\/p>\n<p>Ako se pridru\u017eite na\u0161em Vanguard Modularnom poslovanju, o va\u0161em paketu pogodnosti \u0107e se razgovarati na intervjuu.<\/p>\n<\/div>\n<\/div>\n<div id=\"div_block-16-665\" class=\"ct-div-block\" >\n<div id=\"_rich_text-19-665\" class=\"oxy-rich-text\" >\n<p dir=\"ltr\"><strong>Priznanje zaposlenih<\/strong><\/p>\n<p dir=\"ltr\">Redovno prepoznajemo na\u0161e ljude kroz sljede\u0107e aktivnosti prepoznavanja:<\/p>\n<ul>\n<li dir=\"ltr\">\n<p dir=\"ltr\" role=\"presentation\">Dugogodi\u0161nje priznanje<\/p>\n<\/li>\n<li dir=\"ltr\">\n<p dir=\"ltr\" role=\"presentation\">Vanguard cijeni nagrade<\/p>\n<\/li>\n<li dir=\"ltr\">\n<p dir=\"ltr\" role=\"presentation\">Doga\u0111aji za proslave zaposlenih<\/p>\n<\/li>\n<\/ul>\n<p dir=\"ltr\"><strong>Okoli\u0161, dru\u0161tvo i upravljanje<\/strong><\/p>\n<ul>\n<li dir=\"ltr\">\n<p dir=\"ltr\" role=\"presentation\">Nudimo mogu\u0107nosti \u010dlanovima tima da se uklju\u010de u aktivnosti i inicijative, uklju\u010duju\u0107i dane volontiranja (pla\u0107eni 1-3 dana) koji podr\u017eavaju na\u0161 ESG i obaveze<\/p>\n<\/li>\n<\/ul>\n<p dir=\"ltr\"><strong>Sljede\u0107e prednosti zavise od uloge:<\/strong><\/p>\n<ul>\n<li dir=\"ltr\">\n<p dir=\"ltr\" role=\"presentation\">Slu\u017ebeni automobil ili dodatak za automobil<\/p>\n<\/li>\n<li dir=\"ltr\">\n<p dir=\"ltr\" role=\"presentation\">Hibridni rad&nbsp;<\/p>\n<\/li>\n<li dir=\"ltr\">\n<p dir=\"ltr\" role=\"presentation\">Besplatan parking \u2013 parking na licu mesta uklju\u010duju\u0107i punjenja za elektri\u010dne automobile<\/p>\n<\/li>\n<li dir=\"ltr\">\n<p dir=\"ltr\" role=\"presentation\">Putni tro\u0161kovi i tro\u0161kovi smje\u0161taja<\/p>\n<\/li>\n<\/ul>\n<\/div>\n<\/div>\n<\/div>\n<\/div>\n<\/section>\n<section id=\"section-68-14-text-left-white\" class=\"ct-section\" >\n<div class=\"ct-section-inner-wrap\">\n<div id=\"new_columns-69-14text-left-white\" class=\"ct-new-columns\" >\n<div id=\"div_block-70-14\" class=\"ct-div-block\" >\n<h2 id=\"headline-71-14\" class=\"ct-headline\">Na\u0161e vrijednosti<\/h2>\n<div id=\"_rich_text-72-14\" class=\"oxy-rich-text\" >\n<p dir=\"ltr\">Odabrane od strane na\u0161ih zaposlenih, na\u0161e vrijednosti stoje u osnovi svega \u0161to radimo.<\/p>\n<p dir=\"ltr\">Pru\u017eamo klini\u010dku infrastrukturu i znanje brzinom potrebnom za pro\u0161irenje kapaciteta, kontrolu klini\u010dkog puta i pru\u017eanje neprekidne skrbi usmjerene na pacijenta.<\/p>\n<p dir=\"ltr\">The Vanguard Life Sciences values were decided through a consultative engagement programme that included participation by our entire team. We are committed to representing these values through its processes, products, services and interactions with both internal and external customers.<\/p>\n<p dir=\"ltr\">Donje vrijednosti su izabrane konsenzusom. Oni najbolje artikuliraju na\u010dine na koje osiguravamo kvalitet i vrijednost vanjskim dionicima i \u0161iroj zajednici pacijenata kojoj slu\u017eimo.<\/p>\n<\/div>\n<\/div>\n<div id=\"div_block-74-14\" class=\"ct-div-block\" ><img decoding=\"async\"  id=\"image-75-14\" alt=\"\" src=\"https:\/\/www.vanguardlifesciences.co.uk\/wp-content\/uploads\/sites\/9\/2023\/07\/nhs-75-2.jpg\" class=\"ct-image\"\/><\/div>\n<\/div>\n<\/div>\n<\/section>\n<section id=\"section-2-149\" class=\"ct-section\" >\n<div class=\"ct-section-inner-wrap\">\n<div id=\"div_block-5-149\" class=\"ct-div-block\" >\n<div id=\"div_block-10-149\" class=\"ct-div-block\" ><img decoding=\"async\"  id=\"image-11-149\" alt=\"Passionate\" src=\"https:\/\/www.vanguardlifesciences.co.uk\/wp-content\/uploads\/sites\/9\/2023\/06\/passionate.png\" class=\"ct-image\"\/><\/p>\n<div id=\"text_block-12-149\" class=\"ct-text-block\" >Strastveno<\/div>\n<\/div>\n<\/div>\n<div id=\"div_block-6-149\" class=\"ct-div-block\" >\n<div id=\"div_block-13-149\" class=\"ct-div-block\" ><img decoding=\"async\"  id=\"image-14-149\" alt=\"Patient focussed\" src=\"https:\/\/www.vanguardlifesciences.co.uk\/wp-content\/uploads\/sites\/9\/2023\/06\/patient-focussed.png\" class=\"ct-image\"\/><\/p>\n<div id=\"text_block-15-149\" class=\"ct-text-block\" >Fokusiran na pacijenta<\/div>\n<\/div>\n<\/div>\n<div id=\"div_block-7-149\" class=\"ct-div-block\" >\n<div id=\"div_block-17-149\" class=\"ct-div-block\" ><img decoding=\"async\"  id=\"image-18-149\" alt=\"Responsive\" src=\"https:\/\/www.vanguardlifesciences.co.uk\/wp-content\/uploads\/sites\/9\/2023\/06\/responsive.png\" class=\"ct-image\"\/><\/p>\n<div id=\"text_block-19-149\" class=\"ct-text-block\" >Responsive<\/div>\n<\/div>\n<\/div>\n<div id=\"div_block-8-149\" class=\"ct-div-block\" >\n<div id=\"div_block-21-149\" class=\"ct-div-block\" ><img decoding=\"async\"  id=\"image-22-149\" alt=\"Teamwork\" src=\"https:\/\/www.vanguardlifesciences.co.uk\/wp-content\/uploads\/sites\/9\/2023\/06\/teamwork.png\" class=\"ct-image\"\/><\/p>\n<div id=\"text_block-23-149\" class=\"ct-text-block\" >Timski rad<\/div>\n<\/div>\n<\/div>\n<div id=\"div_block-9-149\" class=\"ct-div-block\" >\n<div id=\"div_block-25-149\" class=\"ct-div-block\" ><img decoding=\"async\"  id=\"image-26-149\" alt=\"Innovative\" src=\"https:\/\/www.vanguardlifesciences.co.uk\/wp-content\/uploads\/sites\/9\/2023\/06\/innovative.png\" class=\"ct-image\"\/><\/p>\n<div id=\"text_block-27-149\" class=\"ct-text-block\" >Inovativno<\/div>\n<\/div>\n<\/div>\n<\/div>\n<\/section>\n<section id=\"section-132-34\" class=\"ct-section\" >\n<div class=\"ct-section-inner-wrap\">\n<div id=\"new_columns-133-34\" class=\"ct-new-columns\" >\n<div id=\"div_block-138-34\" class=\"ct-div-block\" ><img decoding=\"async\"  id=\"image-139-34\" alt=\"\" src=\"https:\/\/www.vanguardlifesciences.co.uk\/wp-content\/uploads\/sites\/9\/2023\/07\/nhs-75-5.jpg\" class=\"ct-image\"\/><\/div>\n<div id=\"div_block-134-34\" class=\"ct-div-block\" >\n<h2 id=\"headline-135-34\" class=\"ct-headline\">Prona\u0111ite svoju karijeru<\/h2>\n<div id=\"_rich_text-136-34\" class=\"oxy-rich-text\" >\n<p dir=\"ltr\">Bilo da u\u017eivate u ulozi s kojom se suo\u010davate sa strpljenjem ili u ulozi koja podr\u017eava na\u0161e rastu\u0107e poslovanje, imamo niz prilika da nam se pridru\u017eite na na\u0161em uzbudljivom putovanju dok prelazimo u sljede\u0107u fazu na\u0161e budu\u0107nosti u ostvarivanju na\u0161e ambicije rasta.&nbsp;<\/p>\n<p dir=\"ltr\">Na\u0161e ciljeve posti\u017eemo rade\u0107i zajedno kao tim uskla\u0111en s na\u0161im vrijednostima.<\/p>\n<p dir=\"ltr\">Te\u017eimo da imamo raznoliko i inkluzivno radno mjesto i sna\u017eno poti\u010demo odgovaraju\u0107e kvalifikovane kandidate iz \u0161irokog spektra da se prijave da se pridru\u017ee na\u0161em timu.<\/p>\n<\/div>\n<\/div>\n<\/div>\n<\/div>\n<\/section>","protected":false},"excerpt":{"rendered":"","protected":false},"author":2,"featured_media":0,"parent":0,"menu_order":0,"comment_status":"closed","ping_status":"closed","template":"","meta":{"_acf_changed":false,"footnotes":""},"class_list":["post-143","page","type-page","status-publish","format-standard","hentry"],"acf":[],"yoast_head":"<!-- This site is optimized with the Yoast SEO plugin v27.3 - https:\/\/yoast.com\/product\/yoast-seo-wordpress\/ -->\n<title>Careers - Vanguard Life Sciences<\/title>\n<meta name=\"robots\" content=\"index, follow, max-snippet:-1, max-image-preview:large, max-video-preview:-1\" \/>\n<link rel=\"canonical\" href=\"https:\/\/www.vanguardlifesciences.co.uk\/bs_ba\/careers\/\" \/>\n<meta property=\"og:locale\" content=\"bs_BA\" \/>\n<meta property=\"og:type\" content=\"article\" \/>\n<meta property=\"og:title\" content=\"Careers - Vanguard Life Sciences\" \/>\n<meta property=\"og:url\" content=\"https:\/\/www.vanguardlifesciences.co.uk\/bs_ba\/careers\/\" \/>\n<meta property=\"og:site_name\" content=\"Vanguard Life Sciences\" \/>\n<meta property=\"article:modified_time\" content=\"2026-01-13T09:27:17+00:00\" \/>\n<meta name=\"twitter:card\" content=\"summary_large_image\" \/>\n<meta name=\"twitter:label1\" content=\"Est. reading time\" \/>\n\t<meta name=\"twitter:data1\" content=\"1 minuta\" \/>\n<script type=\"application\/ld+json\" class=\"yoast-schema-graph\">{\"@context\":\"https:\\\/\\\/schema.org\",\"@graph\":[{\"@type\":\"WebPage\",\"@id\":\"https:\\\/\\\/www.vanguardlifesciences.co.uk\\\/careers\\\/\",\"url\":\"https:\\\/\\\/www.vanguardlifesciences.co.uk\\\/careers\\\/\",\"name\":\"Careers - Vanguard Life Sciences\",\"isPartOf\":{\"@id\":\"https:\\\/\\\/www.vanguardlifesciences.co.uk\\\/#website\"},\"datePublished\":\"2023-06-05T15:04:05+00:00\",\"dateModified\":\"2026-01-13T09:27:17+00:00\",\"breadcrumb\":{\"@id\":\"https:\\\/\\\/www.vanguardlifesciences.co.uk\\\/careers\\\/#breadcrumb\"},\"inLanguage\":\"bs-BA\",\"potentialAction\":[{\"@type\":\"ReadAction\",\"target\":[\"https:\\\/\\\/www.vanguardlifesciences.co.uk\\\/careers\\\/\"]}]},{\"@type\":\"BreadcrumbList\",\"@id\":\"https:\\\/\\\/www.vanguardlifesciences.co.uk\\\/careers\\\/#breadcrumb\",\"itemListElement\":[{\"@type\":\"ListItem\",\"position\":1,\"name\":\"Home\",\"item\":\"https:\\\/\\\/www.vanguardlifesciences.co.uk\\\/\"},{\"@type\":\"ListItem\",\"position\":2,\"name\":\"Careers\"}]},{\"@type\":\"WebSite\",\"@id\":\"https:\\\/\\\/www.vanguardlifesciences.co.uk\\\/#website\",\"url\":\"https:\\\/\\\/www.vanguardlifesciences.co.uk\\\/\",\"name\":\"Vanguard Life Sciences\",\"description\":\"\",\"potentialAction\":[{\"@type\":\"SearchAction\",\"target\":{\"@type\":\"EntryPoint\",\"urlTemplate\":\"https:\\\/\\\/www.vanguardlifesciences.co.uk\\\/?s={search_term_string}\"},\"query-input\":{\"@type\":\"PropertyValueSpecification\",\"valueRequired\":true,\"valueName\":\"search_term_string\"}}],\"inLanguage\":\"bs-BA\"}]}<\/script>\n<!-- \/ Yoast SEO plugin. -->","yoast_head_json":{"title":"Careers - Vanguard Life Sciences","robots":{"index":"index","follow":"follow","max-snippet":"max-snippet:-1","max-image-preview":"max-image-preview:large","max-video-preview":"max-video-preview:-1"},"canonical":"https:\/\/www.vanguardlifesciences.co.uk\/bs_ba\/careers\/","og_locale":"bs_BA","og_type":"article","og_title":"Careers - Vanguard Life Sciences","og_url":"https:\/\/www.vanguardlifesciences.co.uk\/bs_ba\/careers\/","og_site_name":"Vanguard Life Sciences","article_modified_time":"2026-01-13T09:27:17+00:00","twitter_card":"summary_large_image","twitter_misc":{"Est. reading time":"1 minuta"},"schema":{"@context":"https:\/\/schema.org","@graph":[{"@type":"WebPage","@id":"https:\/\/www.vanguardlifesciences.co.uk\/careers\/","url":"https:\/\/www.vanguardlifesciences.co.uk\/careers\/","name":"Careers - Vanguard Life Sciences","isPartOf":{"@id":"https:\/\/www.vanguardlifesciences.co.uk\/#website"},"datePublished":"2023-06-05T15:04:05+00:00","dateModified":"2026-01-13T09:27:17+00:00","breadcrumb":{"@id":"https:\/\/www.vanguardlifesciences.co.uk\/careers\/#breadcrumb"},"inLanguage":"bs-BA","potentialAction":[{"@type":"ReadAction","target":["https:\/\/www.vanguardlifesciences.co.uk\/careers\/"]}]},{"@type":"BreadcrumbList","@id":"https:\/\/www.vanguardlifesciences.co.uk\/careers\/#breadcrumb","itemListElement":[{"@type":"ListItem","position":1,"name":"Home","item":"https:\/\/www.vanguardlifesciences.co.uk\/"},{"@type":"ListItem","position":2,"name":"Careers"}]},{"@type":"WebSite","@id":"https:\/\/www.vanguardlifesciences.co.uk\/#website","url":"https:\/\/www.vanguardlifesciences.co.uk\/","name":"Vanguard Life Sciences","description":"","potentialAction":[{"@type":"SearchAction","target":{"@type":"EntryPoint","urlTemplate":"https:\/\/www.vanguardlifesciences.co.uk\/?s={search_term_string}"},"query-input":{"@type":"PropertyValueSpecification","valueRequired":true,"valueName":"search_term_string"}}],"inLanguage":"bs-BA"}]}},"_links":{"self":[{"href":"https:\/\/www.vanguardlifesciences.co.uk\/bs_ba\/wp-json\/wp\/v2\/pages\/143","targetHints":{"allow":["GET"]}}],"collection":[{"href":"https:\/\/www.vanguardlifesciences.co.uk\/bs_ba\/wp-json\/wp\/v2\/pages"}],"about":[{"href":"https:\/\/www.vanguardlifesciences.co.uk\/bs_ba\/wp-json\/wp\/v2\/types\/page"}],"author":[{"embeddable":true,"href":"https:\/\/www.vanguardlifesciences.co.uk\/bs_ba\/wp-json\/wp\/v2\/users\/2"}],"replies":[{"embeddable":true,"href":"https:\/\/www.vanguardlifesciences.co.uk\/bs_ba\/wp-json\/wp\/v2\/comments?post=143"}],"version-history":[{"count":0,"href":"https:\/\/www.vanguardlifesciences.co.uk\/bs_ba\/wp-json\/wp\/v2\/pages\/143\/revisions"}],"wp:attachment":[{"href":"https:\/\/www.vanguardlifesciences.co.uk\/bs_ba\/wp-json\/wp\/v2\/media?parent=143"}],"curies":[{"name":"radni list","href":"https:\/\/api.w.org\/{rel}","templated":true}]}}